{"id":84290,"date":"2026-05-13T11:32:00","date_gmt":"2026-05-13T09:32:00","guid":{"rendered":"https:\/\/www.ancora-shop.de\/?post_type=product&#038;p=84290"},"modified":"2026-05-16T17:22:43","modified_gmt":"2026-05-16T15:22:43","slug":"kleid-modell-valentina","status":"publish","type":"product","link":"https:\/\/www.ancora-shop.de\/de\/produkt\/kleid-modell-valentina\/","title":{"rendered":"Kleid Modell Valentina"},"content":{"rendered":"<ul>\n<li>Kleid VALENTINA aus leichtem Viskose-Polyamid-Mix mit raffinierter Kombination aus zwei harmonisch aufeinander abgestimmten Streifenvarianten<\/li>\n<li>Hemdblusenstil mit klassischem Kragen und durchgehender Knopfleiste f\u00fcr eine moderne, entspannte Ausstrahlung<\/li>\n<li>Feine rote Kn\u00f6pfe und rote Knopfl\u00f6cher setzen besondere Akzente und verleihen dem Kleid eine liebevolle Detailverarbeitung<\/li>\n<li>Dreiviertellanger Arm mit Manschettenabschluss im kontrastierenden Streifenstoff gearbeitet<\/li>\n<li>Kragen und Manschetten ebenfalls im zweiten Streifenbild eingesetzt und dadurch besonders raffiniert gestaltet<\/li>\n<li>Leicht nach unten versetzte Taille, die die Silhouette optisch streckt und besonders schmeichelhaft wirkt<\/li>\n<li>Rockbereich in drei angesetzten Stufen gearbeitet, die durch die wechselnden Streifenbilder eine lebendige, flie\u00dfende Optik erhalten<\/li>\n<li>Locker fallender Schnitt mit angenehmer Weite und sommerlicher Leichtigkeit<\/li>\n<li>Einfach \u00fcberziehen und sofort perfekt angezogen wirken, unkompliziert und dennoch besonders<\/li>\n<li><strong>Besonderheit: Die harmonische Kombination aus unterschiedlichen Streifenbildern, kombiniert mit den feinen roten Details, verleiht dem Kleid eine au\u00dfergew\u00f6hnliche mediterrane Leichtigkeit mit modernem Designer-Charakter<\/strong><\/li>\n<li>Made in Italy<\/li>\n<\/ul>","protected":false},"excerpt":{"rendered":"<p>Kleid VALENTINA aus leichtem Viskose-Polyamid-Mix mit raffinierter Kombination aus zwei harmonisch aufeinander abgestimmten Streifenvarianten Hemdblusenstil mit klassischem Kragen und durchgehender Knopfleiste f\u00fcr eine moderne, entspannte Ausstrahlung Feine rote Kn\u00f6pfe und rote Knopfl\u00f6cher setzen besondere Akzente und verleihen dem Kleid eine liebevolle Detailverarbeitung Dreiviertellanger Arm mit Manschettenabschluss im kontrastierenden Streifenstoff gearbeitet Kragen und Manschetten ebenfalls im [&#8230;]\n","protected":false},"featured_media":84301,"template":"","meta":[],"product_brand":[],"product_cat":[646],"product_tag":[],"class_list":{"0":"post-84290","1":"product","2":"type-product","3":"status-publish","4":"has-post-thumbnail","6":"product_cat-blusen-kleider-tops","8":"first","9":"instock","10":"taxable","11":"shipping-taxable","12":"purchasable","13":"product-type-variable"},"supplier_id":null,"supplier_sku":"","barcode":null,"atum_controlled":true,"out_stock_date":null,"out_stock_threshold":null,"inheritable":true,"inbound_stock":null,"stock_on_hold":2,"sold_today":0,"sales_last_days":0,"reserved_stock":null,"customer_returns":null,"warehouse_damage":null,"lost_in_post":null,"other_logs":null,"out_stock_days":null,"lost_sales":0,"has_location":false,"update_date":"2026-05-16T15:22:45","atum_locations":[],"atum_stock_status":"instock","restock_status":false,"low_stock_amount":"","sales_update_date":"2026-01-29T02:59:46","calc_backorders":null,"yoast_head":"<!-- This site is optimized with the Yoast SEO plugin v27.6 - https:\/\/yoast.com\/product\/yoast-seo-wordpress\/ -->\n<title>Kleid Modell Valentina - ANCORA Onlineshop<\/title>\n<meta name=\"robots\" content=\"index, follow, max-snippet:-1, max-image-preview:large, max-video-preview:-1\" \/>\n<link rel=\"canonical\" href=\"https:\/\/www.ancora-shop.de\/de\/produkt\/kleid-modell-valentina\/\" \/>\n<meta property=\"og:locale\" content=\"de_DE\" \/>\n<meta property=\"og:type\" content=\"article\" \/>\n<meta property=\"og:title\" content=\"Kleid Modell Valentina - ANCORA Onlineshop\" \/>\n<meta property=\"og:description\" content=\"Kleid VALENTINA aus leichtem Viskose-Polyamid-Mix mit raffinierter Kombination aus zwei harmonisch aufeinander abgestimmten Streifenvarianten Hemdblusenstil mit klassischem Kragen und durchgehender Knopfleiste f\u00fcr eine moderne, entspannte Ausstrahlung Feine rote Kn\u00f6pfe und rote Knopfl\u00f6cher setzen besondere Akzente und verleihen dem Kleid eine liebevolle Detailverarbeitung Dreiviertellanger Arm mit Manschettenabschluss im kontrastierenden Streifenstoff gearbeitet Kragen und Manschetten ebenfalls im [...]\" \/>\n<meta property=\"og:url\" content=\"https:\/\/www.ancora-shop.de\/de\/produkt\/kleid-modell-valentina\/\" \/>\n<meta property=\"og:site_name\" content=\"ANCORA Onlineshop\" \/>\n<meta property=\"article:modified_time\" content=\"2026-05-16T15:22:43+00:00\" \/>\n<meta property=\"og:image\" content=\"https:\/\/www.ancora-shop.de\/wp-content\/uploads\/2026\/05\/VALENTINA-RGBL-1.jpg\" \/>\n\t<meta property=\"og:image:width\" content=\"1067\" \/>\n\t<meta property=\"og:image:height\" content=\"1600\" \/>\n\t<meta property=\"og:image:type\" content=\"image\/jpeg\" \/>\n<meta name=\"twitter:card\" content=\"summary_large_image\" \/>\n<meta name=\"twitter:label1\" content=\"Gesch\u00e4tzte Lesezeit\" \/>\n\t<meta name=\"twitter:data1\" content=\"1\u00a0Minute\" \/>\n<script type=\"application\/ld+json\" class=\"yoast-schema-graph\">{\"@context\":\"https:\\\/\\\/schema.org\",\"@graph\":[{\"@type\":\"WebPage\",\"@id\":\"https:\\\/\\\/www.ancora-shop.de\\\/produkt\\\/kleid-modell-valentina\\\/\",\"url\":\"https:\\\/\\\/www.ancora-shop.de\\\/produkt\\\/kleid-modell-valentina\\\/\",\"name\":\"Kleid Modell Valentina - ANCORA Onlineshop\",\"isPartOf\":{\"@id\":\"https:\\\/\\\/www.ancora-shop.de\\\/#website\"},\"primaryImageOfPage\":{\"@id\":\"https:\\\/\\\/www.ancora-shop.de\\\/produkt\\\/kleid-modell-valentina\\\/#primaryimage\"},\"image\":{\"@id\":\"https:\\\/\\\/www.ancora-shop.de\\\/produkt\\\/kleid-modell-valentina\\\/#primaryimage\"},\"thumbnailUrl\":\"https:\\\/\\\/www.ancora-shop.de\\\/wp-content\\\/uploads\\\/2026\\\/05\\\/VALENTINA-RGBL-1.jpg\",\"datePublished\":\"2026-05-13T09:32:00+00:00\",\"dateModified\":\"2026-05-16T15:22:43+00:00\",\"breadcrumb\":{\"@id\":\"https:\\\/\\\/www.ancora-shop.de\\\/produkt\\\/kleid-modell-valentina\\\/#breadcrumb\"},\"inLanguage\":\"de\",\"potentialAction\":[{\"@type\":\"ReadAction\",\"target\":[\"https:\\\/\\\/www.ancora-shop.de\\\/produkt\\\/kleid-modell-valentina\\\/\"]}]},{\"@type\":\"ImageObject\",\"inLanguage\":\"de\",\"@id\":\"https:\\\/\\\/www.ancora-shop.de\\\/produkt\\\/kleid-modell-valentina\\\/#primaryimage\",\"url\":\"https:\\\/\\\/www.ancora-shop.de\\\/wp-content\\\/uploads\\\/2026\\\/05\\\/VALENTINA-RGBL-1.jpg\",\"contentUrl\":\"https:\\\/\\\/www.ancora-shop.de\\\/wp-content\\\/uploads\\\/2026\\\/05\\\/VALENTINA-RGBL-1.jpg\",\"width\":1067,\"height\":1600},{\"@type\":\"BreadcrumbList\",\"@id\":\"https:\\\/\\\/www.ancora-shop.de\\\/produkt\\\/kleid-modell-valentina\\\/#breadcrumb\",\"itemListElement\":[{\"@type\":\"ListItem\",\"position\":1,\"name\":\"Startseite\",\"item\":\"https:\\\/\\\/www.ancora-shop.de\\\/\"},{\"@type\":\"ListItem\",\"position\":2,\"name\":\"Shop\",\"item\":\"https:\\\/\\\/www.ancora-shop.de\\\/shop\\\/\"},{\"@type\":\"ListItem\",\"position\":3,\"name\":\"Kleid Modell Valentina\"}]},{\"@type\":\"WebSite\",\"@id\":\"https:\\\/\\\/www.ancora-shop.de\\\/#website\",\"url\":\"https:\\\/\\\/www.ancora-shop.de\\\/\",\"name\":\"ANCORA Onlineshop\",\"description\":\"\",\"potentialAction\":[{\"@type\":\"SearchAction\",\"target\":{\"@type\":\"EntryPoint\",\"urlTemplate\":\"https:\\\/\\\/www.ancora-shop.de\\\/?s={search_term_string}\"},\"query-input\":{\"@type\":\"PropertyValueSpecification\",\"valueRequired\":true,\"valueName\":\"search_term_string\"}}],\"inLanguage\":\"de\"}]}<\/script>\n<!-- \/ Yoast SEO plugin. -->","yoast_head_json":{"title":"Kleid Modell Valentina - ANCORA Onlineshop","robots":{"index":"index","follow":"follow","max-snippet":"max-snippet:-1","max-image-preview":"max-image-preview:large","max-video-preview":"max-video-preview:-1"},"canonical":"https:\/\/www.ancora-shop.de\/de\/produkt\/kleid-modell-valentina\/","og_locale":"de_DE","og_type":"article","og_title":"Kleid Modell Valentina - ANCORA Onlineshop","og_description":"Kleid VALENTINA aus leichtem Viskose-Polyamid-Mix mit raffinierter Kombination aus zwei harmonisch aufeinander abgestimmten Streifenvarianten Hemdblusenstil mit klassischem Kragen und durchgehender Knopfleiste f\u00fcr eine moderne, entspannte Ausstrahlung Feine rote Kn\u00f6pfe und rote Knopfl\u00f6cher setzen besondere Akzente und verleihen dem Kleid eine liebevolle Detailverarbeitung Dreiviertellanger Arm mit Manschettenabschluss im kontrastierenden Streifenstoff gearbeitet Kragen und Manschetten ebenfalls im [...]","og_url":"https:\/\/www.ancora-shop.de\/de\/produkt\/kleid-modell-valentina\/","og_site_name":"ANCORA Onlineshop","article_modified_time":"2026-05-16T15:22:43+00:00","og_image":[{"width":1067,"height":1600,"url":"https:\/\/www.ancora-shop.de\/wp-content\/uploads\/2026\/05\/VALENTINA-RGBL-1.jpg","type":"image\/jpeg"}],"twitter_card":"summary_large_image","twitter_misc":{"Gesch\u00e4tzte Lesezeit":"1\u00a0Minute"},"schema":{"@context":"https:\/\/schema.org","@graph":[{"@type":"WebPage","@id":"https:\/\/www.ancora-shop.de\/produkt\/kleid-modell-valentina\/","url":"https:\/\/www.ancora-shop.de\/produkt\/kleid-modell-valentina\/","name":"Kleid Modell Valentina - ANCORA Onlineshop","isPartOf":{"@id":"https:\/\/www.ancora-shop.de\/#website"},"primaryImageOfPage":{"@id":"https:\/\/www.ancora-shop.de\/produkt\/kleid-modell-valentina\/#primaryimage"},"image":{"@id":"https:\/\/www.ancora-shop.de\/produkt\/kleid-modell-valentina\/#primaryimage"},"thumbnailUrl":"https:\/\/www.ancora-shop.de\/wp-content\/uploads\/2026\/05\/VALENTINA-RGBL-1.jpg","datePublished":"2026-05-13T09:32:00+00:00","dateModified":"2026-05-16T15:22:43+00:00","breadcrumb":{"@id":"https:\/\/www.ancora-shop.de\/produkt\/kleid-modell-valentina\/#breadcrumb"},"inLanguage":"de","potentialAction":[{"@type":"ReadAction","target":["https:\/\/www.ancora-shop.de\/produkt\/kleid-modell-valentina\/"]}]},{"@type":"ImageObject","inLanguage":"de","@id":"https:\/\/www.ancora-shop.de\/produkt\/kleid-modell-valentina\/#primaryimage","url":"https:\/\/www.ancora-shop.de\/wp-content\/uploads\/2026\/05\/VALENTINA-RGBL-1.jpg","contentUrl":"https:\/\/www.ancora-shop.de\/wp-content\/uploads\/2026\/05\/VALENTINA-RGBL-1.jpg","width":1067,"height":1600},{"@type":"BreadcrumbList","@id":"https:\/\/www.ancora-shop.de\/produkt\/kleid-modell-valentina\/#breadcrumb","itemListElement":[{"@type":"ListItem","position":1,"name":"Startseite","item":"https:\/\/www.ancora-shop.de\/"},{"@type":"ListItem","position":2,"name":"Shop","item":"https:\/\/www.ancora-shop.de\/shop\/"},{"@type":"ListItem","position":3,"name":"Kleid Modell Valentina"}]},{"@type":"WebSite","@id":"https:\/\/www.ancora-shop.de\/#website","url":"https:\/\/www.ancora-shop.de\/","name":"ANCORA Onlineshop","description":"","potentialAction":[{"@type":"SearchAction","target":{"@type":"EntryPoint","urlTemplate":"https:\/\/www.ancora-shop.de\/?s={search_term_string}"},"query-input":{"@type":"PropertyValueSpecification","valueRequired":true,"valueName":"search_term_string"}}],"inLanguage":"de"}]}},"_links":{"self":[{"href":"https:\/\/www.ancora-shop.de\/de\/wp-json\/wp\/v2\/product\/84290","targetHints":{"allow":["GET"]}}],"collection":[{"href":"https:\/\/www.ancora-shop.de\/de\/wp-json\/wp\/v2\/product"}],"about":[{"href":"https:\/\/www.ancora-shop.de\/de\/wp-json\/wp\/v2\/types\/product"}],"wp:featuredmedia":[{"embeddable":true,"href":"https:\/\/www.ancora-shop.de\/de\/wp-json\/wp\/v2\/media\/84301"}],"wp:attachment":[{"href":"https:\/\/www.ancora-shop.de\/de\/wp-json\/wp\/v2\/media?parent=84290"}],"wp:term":[{"taxonomy":"product_brand","embeddable":true,"href":"https:\/\/www.ancora-shop.de\/de\/wp-json\/wp\/v2\/product_brand?post=84290"},{"taxonomy":"product_cat","embeddable":true,"href":"https:\/\/www.ancora-shop.de\/de\/wp-json\/wp\/v2\/product_cat?post=84290"},{"taxonomy":"product_tag","embeddable":true,"href":"https:\/\/www.ancora-shop.de\/de\/wp-json\/wp\/v2\/product_tag?post=84290"}],"curies":[{"name":"wp","href":"https:\/\/api.w.org\/{rel}","templated":true}]}}