{"id":84269,"date":"2026-05-12T14:09:39","date_gmt":"2026-05-12T12:09:39","guid":{"rendered":"https:\/\/www.ancora-shop.de\/?post_type=product&#038;p=84269"},"modified":"2026-05-14T09:05:34","modified_gmt":"2026-05-14T07:05:34","slug":"bluse-modell-melli","status":"publish","type":"product","link":"https:\/\/www.ancora-shop.de\/de\/produkt\/bluse-modell-melli\/","title":{"rendered":"Bluse Modell Melli"},"content":{"rendered":"<ul>\n<li>Bluse MELLI in raffiniertem Mix aus zwei unterschiedlichen Steifenvariantrn, die perfekt miteinander harmonieren<\/li>\n<li>Halsferner Rundhalsausschnitt mit V-Detail und darunter eingelegter Falte<\/li>\n<li>Verschlusslose Form in entspannter Silhouette<\/li>\n<li>\u00dcberschnittene Schulter mit breitem \u00c4rmelabschluss, gearbeitet im kontrastierenden Streifenstoff als besonderer Blickfang<\/li>\n<li>Gerader Saumverlauf<\/li>\n<li>R\u00fccken mit oberer Passe und mittig integrierter Kellerfalte f\u00fcr zus\u00e4tzliche Bewegungsfreiheit und einen sch\u00f6nen Fall<\/li>\n<li>Leicht flie\u00dfendes Material mit angenehmem Tragegef\u00fchl, perfekt f\u00fcr warme Tage<\/li>\n<li><strong>Besonderheit: Die Kombination aus zwei verschiedenen Streifenbildern verleiht der Bluse eine besondere, ausgefallene und kreative Optik und macht sie zu einem besonderen Hingucker mit Designer-Charakter<\/strong><\/li>\n<li>Made in Italy<\/li>\n<\/ul>","protected":false},"excerpt":{"rendered":"<p>Bluse MELLI in raffiniertem Mix aus zwei unterschiedlichen Steifenvariantrn, die perfekt miteinander harmonieren Halsferner Rundhalsausschnitt mit V-Detail und darunter eingelegter Falte Verschlusslose Form in entspannter Silhouette \u00dcberschnittene Schulter mit breitem \u00c4rmelabschluss, gearbeitet im kontrastierenden Streifenstoff als besonderer Blickfang Gerader Saumverlauf R\u00fccken mit oberer Passe und mittig integrierter Kellerfalte f\u00fcr zus\u00e4tzliche Bewegungsfreiheit und einen sch\u00f6nen Fall [&#8230;]\n","protected":false},"featured_media":84280,"template":"","meta":[],"product_brand":[],"product_cat":[646],"product_tag":[],"class_list":{"0":"post-84269","1":"product","2":"type-product","3":"status-publish","4":"has-post-thumbnail","6":"product_cat-blusen-kleider-tops","8":"first","9":"instock","10":"taxable","11":"shipping-taxable","12":"purchasable","13":"product-type-variable"},"supplier_id":null,"supplier_sku":"","barcode":null,"atum_controlled":true,"out_stock_date":null,"out_stock_threshold":null,"inheritable":true,"inbound_stock":null,"stock_on_hold":1,"sold_today":0,"sales_last_days":0,"reserved_stock":null,"customer_returns":null,"warehouse_damage":null,"lost_in_post":null,"other_logs":null,"out_stock_days":null,"lost_sales":0,"has_location":false,"update_date":"2026-05-14T07:05:37","atum_locations":[],"atum_stock_status":"instock","restock_status":false,"low_stock_amount":"","sales_update_date":"2026-01-29T03:59:46","calc_backorders":null,"yoast_head":"<!-- This site is optimized with the Yoast SEO plugin v27.6 - https:\/\/yoast.com\/product\/yoast-seo-wordpress\/ -->\n<title>Bluse Modell Melli - ANCORA Onlineshop<\/title>\n<meta name=\"robots\" content=\"index, follow, max-snippet:-1, max-image-preview:large, max-video-preview:-1\" \/>\n<link rel=\"canonical\" href=\"https:\/\/www.ancora-shop.de\/de\/produkt\/bluse-modell-melli\/\" \/>\n<meta property=\"og:locale\" content=\"de_DE\" \/>\n<meta property=\"og:type\" content=\"article\" \/>\n<meta property=\"og:title\" content=\"Bluse Modell Melli - ANCORA Onlineshop\" \/>\n<meta property=\"og:description\" content=\"Bluse MELLI in raffiniertem Mix aus zwei unterschiedlichen Steifenvariantrn, die perfekt miteinander harmonieren Halsferner Rundhalsausschnitt mit V-Detail und darunter eingelegter Falte Verschlusslose Form in entspannter Silhouette \u00dcberschnittene Schulter mit breitem \u00c4rmelabschluss, gearbeitet im kontrastierenden Streifenstoff als besonderer Blickfang Gerader Saumverlauf R\u00fccken mit oberer Passe und mittig integrierter Kellerfalte f\u00fcr zus\u00e4tzliche Bewegungsfreiheit und einen sch\u00f6nen Fall [...]\" \/>\n<meta property=\"og:url\" content=\"https:\/\/www.ancora-shop.de\/de\/produkt\/bluse-modell-melli\/\" \/>\n<meta property=\"og:site_name\" content=\"ANCORA Onlineshop\" \/>\n<meta property=\"article:modified_time\" content=\"2026-05-14T07:05:34+00:00\" \/>\n<meta property=\"og:image\" content=\"https:\/\/www.ancora-shop.de\/wp-content\/uploads\/2026\/05\/MELLI-RGBL-1.jpg\" \/>\n\t<meta property=\"og:image:width\" content=\"1067\" \/>\n\t<meta property=\"og:image:height\" content=\"1600\" \/>\n\t<meta property=\"og:image:type\" content=\"image\/jpeg\" \/>\n<meta name=\"twitter:card\" content=\"summary_large_image\" \/>\n<meta name=\"twitter:label1\" content=\"Gesch\u00e4tzte Lesezeit\" \/>\n\t<meta name=\"twitter:data1\" content=\"1\u00a0Minute\" \/>\n<script type=\"application\/ld+json\" class=\"yoast-schema-graph\">{\"@context\":\"https:\\\/\\\/schema.org\",\"@graph\":[{\"@type\":\"WebPage\",\"@id\":\"https:\\\/\\\/www.ancora-shop.de\\\/produkt\\\/bluse-modell-melli\\\/\",\"url\":\"https:\\\/\\\/www.ancora-shop.de\\\/produkt\\\/bluse-modell-melli\\\/\",\"name\":\"Bluse Modell Melli - ANCORA Onlineshop\",\"isPartOf\":{\"@id\":\"https:\\\/\\\/www.ancora-shop.de\\\/#website\"},\"primaryImageOfPage\":{\"@id\":\"https:\\\/\\\/www.ancora-shop.de\\\/produkt\\\/bluse-modell-melli\\\/#primaryimage\"},\"image\":{\"@id\":\"https:\\\/\\\/www.ancora-shop.de\\\/produkt\\\/bluse-modell-melli\\\/#primaryimage\"},\"thumbnailUrl\":\"https:\\\/\\\/www.ancora-shop.de\\\/wp-content\\\/uploads\\\/2026\\\/05\\\/MELLI-RGBL-1.jpg\",\"datePublished\":\"2026-05-12T12:09:39+00:00\",\"dateModified\":\"2026-05-14T07:05:34+00:00\",\"breadcrumb\":{\"@id\":\"https:\\\/\\\/www.ancora-shop.de\\\/produkt\\\/bluse-modell-melli\\\/#breadcrumb\"},\"inLanguage\":\"de\",\"potentialAction\":[{\"@type\":\"ReadAction\",\"target\":[\"https:\\\/\\\/www.ancora-shop.de\\\/produkt\\\/bluse-modell-melli\\\/\"]}]},{\"@type\":\"ImageObject\",\"inLanguage\":\"de\",\"@id\":\"https:\\\/\\\/www.ancora-shop.de\\\/produkt\\\/bluse-modell-melli\\\/#primaryimage\",\"url\":\"https:\\\/\\\/www.ancora-shop.de\\\/wp-content\\\/uploads\\\/2026\\\/05\\\/MELLI-RGBL-1.jpg\",\"contentUrl\":\"https:\\\/\\\/www.ancora-shop.de\\\/wp-content\\\/uploads\\\/2026\\\/05\\\/MELLI-RGBL-1.jpg\",\"width\":1067,\"height\":1600},{\"@type\":\"BreadcrumbList\",\"@id\":\"https:\\\/\\\/www.ancora-shop.de\\\/produkt\\\/bluse-modell-melli\\\/#breadcrumb\",\"itemListElement\":[{\"@type\":\"ListItem\",\"position\":1,\"name\":\"Startseite\",\"item\":\"https:\\\/\\\/www.ancora-shop.de\\\/\"},{\"@type\":\"ListItem\",\"position\":2,\"name\":\"Shop\",\"item\":\"https:\\\/\\\/www.ancora-shop.de\\\/shop\\\/\"},{\"@type\":\"ListItem\",\"position\":3,\"name\":\"Bluse Modell Melli\"}]},{\"@type\":\"WebSite\",\"@id\":\"https:\\\/\\\/www.ancora-shop.de\\\/#website\",\"url\":\"https:\\\/\\\/www.ancora-shop.de\\\/\",\"name\":\"ANCORA Onlineshop\",\"description\":\"\",\"potentialAction\":[{\"@type\":\"SearchAction\",\"target\":{\"@type\":\"EntryPoint\",\"urlTemplate\":\"https:\\\/\\\/www.ancora-shop.de\\\/?s={search_term_string}\"},\"query-input\":{\"@type\":\"PropertyValueSpecification\",\"valueRequired\":true,\"valueName\":\"search_term_string\"}}],\"inLanguage\":\"de\"}]}<\/script>\n<!-- \/ Yoast SEO plugin. -->","yoast_head_json":{"title":"Bluse Modell Melli - ANCORA Onlineshop","robots":{"index":"index","follow":"follow","max-snippet":"max-snippet:-1","max-image-preview":"max-image-preview:large","max-video-preview":"max-video-preview:-1"},"canonical":"https:\/\/www.ancora-shop.de\/de\/produkt\/bluse-modell-melli\/","og_locale":"de_DE","og_type":"article","og_title":"Bluse Modell Melli - ANCORA Onlineshop","og_description":"Bluse MELLI in raffiniertem Mix aus zwei unterschiedlichen Steifenvariantrn, die perfekt miteinander harmonieren Halsferner Rundhalsausschnitt mit V-Detail und darunter eingelegter Falte Verschlusslose Form in entspannter Silhouette \u00dcberschnittene Schulter mit breitem \u00c4rmelabschluss, gearbeitet im kontrastierenden Streifenstoff als besonderer Blickfang Gerader Saumverlauf R\u00fccken mit oberer Passe und mittig integrierter Kellerfalte f\u00fcr zus\u00e4tzliche Bewegungsfreiheit und einen sch\u00f6nen Fall [...]","og_url":"https:\/\/www.ancora-shop.de\/de\/produkt\/bluse-modell-melli\/","og_site_name":"ANCORA Onlineshop","article_modified_time":"2026-05-14T07:05:34+00:00","og_image":[{"width":1067,"height":1600,"url":"https:\/\/www.ancora-shop.de\/wp-content\/uploads\/2026\/05\/MELLI-RGBL-1.jpg","type":"image\/jpeg"}],"twitter_card":"summary_large_image","twitter_misc":{"Gesch\u00e4tzte Lesezeit":"1\u00a0Minute"},"schema":{"@context":"https:\/\/schema.org","@graph":[{"@type":"WebPage","@id":"https:\/\/www.ancora-shop.de\/produkt\/bluse-modell-melli\/","url":"https:\/\/www.ancora-shop.de\/produkt\/bluse-modell-melli\/","name":"Bluse Modell Melli - ANCORA Onlineshop","isPartOf":{"@id":"https:\/\/www.ancora-shop.de\/#website"},"primaryImageOfPage":{"@id":"https:\/\/www.ancora-shop.de\/produkt\/bluse-modell-melli\/#primaryimage"},"image":{"@id":"https:\/\/www.ancora-shop.de\/produkt\/bluse-modell-melli\/#primaryimage"},"thumbnailUrl":"https:\/\/www.ancora-shop.de\/wp-content\/uploads\/2026\/05\/MELLI-RGBL-1.jpg","datePublished":"2026-05-12T12:09:39+00:00","dateModified":"2026-05-14T07:05:34+00:00","breadcrumb":{"@id":"https:\/\/www.ancora-shop.de\/produkt\/bluse-modell-melli\/#breadcrumb"},"inLanguage":"de","potentialAction":[{"@type":"ReadAction","target":["https:\/\/www.ancora-shop.de\/produkt\/bluse-modell-melli\/"]}]},{"@type":"ImageObject","inLanguage":"de","@id":"https:\/\/www.ancora-shop.de\/produkt\/bluse-modell-melli\/#primaryimage","url":"https:\/\/www.ancora-shop.de\/wp-content\/uploads\/2026\/05\/MELLI-RGBL-1.jpg","contentUrl":"https:\/\/www.ancora-shop.de\/wp-content\/uploads\/2026\/05\/MELLI-RGBL-1.jpg","width":1067,"height":1600},{"@type":"BreadcrumbList","@id":"https:\/\/www.ancora-shop.de\/produkt\/bluse-modell-melli\/#breadcrumb","itemListElement":[{"@type":"ListItem","position":1,"name":"Startseite","item":"https:\/\/www.ancora-shop.de\/"},{"@type":"ListItem","position":2,"name":"Shop","item":"https:\/\/www.ancora-shop.de\/shop\/"},{"@type":"ListItem","position":3,"name":"Bluse Modell Melli"}]},{"@type":"WebSite","@id":"https:\/\/www.ancora-shop.de\/#website","url":"https:\/\/www.ancora-shop.de\/","name":"ANCORA Onlineshop","description":"","potentialAction":[{"@type":"SearchAction","target":{"@type":"EntryPoint","urlTemplate":"https:\/\/www.ancora-shop.de\/?s={search_term_string}"},"query-input":{"@type":"PropertyValueSpecification","valueRequired":true,"valueName":"search_term_string"}}],"inLanguage":"de"}]}},"_links":{"self":[{"href":"https:\/\/www.ancora-shop.de\/de\/wp-json\/wp\/v2\/product\/84269","targetHints":{"allow":["GET"]}}],"collection":[{"href":"https:\/\/www.ancora-shop.de\/de\/wp-json\/wp\/v2\/product"}],"about":[{"href":"https:\/\/www.ancora-shop.de\/de\/wp-json\/wp\/v2\/types\/product"}],"wp:featuredmedia":[{"embeddable":true,"href":"https:\/\/www.ancora-shop.de\/de\/wp-json\/wp\/v2\/media\/84280"}],"wp:attachment":[{"href":"https:\/\/www.ancora-shop.de\/de\/wp-json\/wp\/v2\/media?parent=84269"}],"wp:term":[{"taxonomy":"product_brand","embeddable":true,"href":"https:\/\/www.ancora-shop.de\/de\/wp-json\/wp\/v2\/product_brand?post=84269"},{"taxonomy":"product_cat","embeddable":true,"href":"https:\/\/www.ancora-shop.de\/de\/wp-json\/wp\/v2\/product_cat?post=84269"},{"taxonomy":"product_tag","embeddable":true,"href":"https:\/\/www.ancora-shop.de\/de\/wp-json\/wp\/v2\/product_tag?post=84269"}],"curies":[{"name":"wp","href":"https:\/\/api.w.org\/{rel}","templated":true}]}}