{"id":84254,"date":"2026-05-12T12:10:37","date_gmt":"2026-05-12T10:10:37","guid":{"rendered":"https:\/\/www.ancora-shop.de\/?post_type=product&#038;p=84254"},"modified":"2026-05-12T12:19:23","modified_gmt":"2026-05-12T10:19:23","slug":"bluse-modell-viola","status":"publish","type":"product","link":"https:\/\/www.ancora-shop.de\/de\/produkt\/bluse-modell-viola\/","title":{"rendered":"Bluse Modell Viola"},"content":{"rendered":"<ul>\n<li>Hemdbluse VIOLA aus leichtem Viskose-Polyamid-Mix mit raffinierter Kombination aus zwei harmonisch aufeinander abgestimmten Streifenvarianten<\/li>\n<li>Klassischer Hemdblusenkragen in kontrastierendem, breiterem Streifenbild gearbeitet<\/li>\n<li>Vorderteil und \u00c4rmel mit feinem Streifenmuster f\u00fcr eine schlanke, moderne Optik<\/li>\n<li>R\u00fcckenbereich, Kragen, Manschetten und aufgesetzte Brusttasche im breiteren Streifenstoff als besonderer Kontrast eingesetzt<\/li>\n<li>Durchgehende Knopfleiste mit roten Knopfl\u00f6chern und Kn\u00f6pfen, die sich auch an den Manschetten wiederfinden und der Bluse einen besonderen Akzent verleihen<\/li>\n<li>Langarm mit Manschettenabschluss<\/li>\n<li>Leicht ausgestellte Form mit angenehmer Weite und hohem Tragekomfort<\/li>\n<li>Abgerundeter Saumabschluss, seitlich leicht hochgezogen, perfekt zum l\u00e4ssigen \u00dcberziehen oder locker in den Bund gestylt<\/li>\n<li>Vielseitig kombinierbar, von l\u00e4ssigen Denim-Looks bis zu eleganten Sommerstyles mit mediterranem Flair<\/li>\n<li><strong>Besonderheit: Die Kombination der zwei harmonischen Streifenstoffe und den raffiniert eingesetzten roten Details an Knopfleiste und Manschetten verleiht der Bluse einen besonderen Designer-Charakter mit mediterraner Leichtigkeit<\/strong><\/li>\n<li>Made in Italy<\/li>\n<\/ul>","protected":false},"excerpt":{"rendered":"<p>Hemdbluse VIOLA aus leichtem Viskose-Polyamid-Mix mit raffinierter Kombination aus zwei harmonisch aufeinander abgestimmten Streifenvarianten Klassischer Hemdblusenkragen in kontrastierendem, breiterem Streifenbild gearbeitet Vorderteil und \u00c4rmel mit feinem Streifenmuster f\u00fcr eine schlanke, moderne Optik R\u00fcckenbereich, Kragen, Manschetten und aufgesetzte Brusttasche im breiteren Streifenstoff als besonderer Kontrast eingesetzt Durchgehende Knopfleiste mit roten Knopfl\u00f6chern und Kn\u00f6pfen, die sich auch [&#8230;]\n","protected":false},"featured_media":84264,"template":"","meta":[],"product_brand":[],"product_cat":[646],"product_tag":[],"class_list":{"0":"post-84254","1":"product","2":"type-product","3":"status-publish","4":"has-post-thumbnail","6":"product_cat-blusen-kleider-tops","8":"first","9":"instock","10":"taxable","11":"shipping-taxable","12":"purchasable","13":"product-type-variable"},"supplier_id":null,"supplier_sku":"","barcode":null,"atum_controlled":true,"out_stock_date":null,"out_stock_threshold":null,"inheritable":true,"inbound_stock":null,"stock_on_hold":null,"sold_today":null,"sales_last_days":null,"reserved_stock":null,"customer_returns":null,"warehouse_damage":null,"lost_in_post":null,"other_logs":null,"out_stock_days":null,"lost_sales":null,"has_location":false,"update_date":"2026-05-12T10:18:48","atum_locations":[],"atum_stock_status":"instock","restock_status":false,"low_stock_amount":"","sales_update_date":"2026-01-29T04:59:46","calc_backorders":null,"yoast_head":"<!-- This site is optimized with the Yoast SEO plugin v27.6 - https:\/\/yoast.com\/product\/yoast-seo-wordpress\/ -->\n<title>Bluse Modell Viola - ANCORA Onlineshop<\/title>\n<meta name=\"robots\" content=\"index, follow, max-snippet:-1, max-image-preview:large, max-video-preview:-1\" \/>\n<link rel=\"canonical\" href=\"https:\/\/www.ancora-shop.de\/de\/produkt\/bluse-modell-viola\/\" \/>\n<meta property=\"og:locale\" content=\"de_DE\" \/>\n<meta property=\"og:type\" content=\"article\" \/>\n<meta property=\"og:title\" content=\"Bluse Modell Viola - ANCORA Onlineshop\" \/>\n<meta property=\"og:description\" content=\"Hemdbluse VIOLA aus leichtem Viskose-Polyamid-Mix mit raffinierter Kombination aus zwei harmonisch aufeinander abgestimmten Streifenvarianten Klassischer Hemdblusenkragen in kontrastierendem, breiterem Streifenbild gearbeitet Vorderteil und \u00c4rmel mit feinem Streifenmuster f\u00fcr eine schlanke, moderne Optik R\u00fcckenbereich, Kragen, Manschetten und aufgesetzte Brusttasche im breiteren Streifenstoff als besonderer Kontrast eingesetzt Durchgehende Knopfleiste mit roten Knopfl\u00f6chern und Kn\u00f6pfen, die sich auch [...]\" \/>\n<meta property=\"og:url\" content=\"https:\/\/www.ancora-shop.de\/de\/produkt\/bluse-modell-viola\/\" \/>\n<meta property=\"og:site_name\" content=\"ANCORA Onlineshop\" \/>\n<meta property=\"article:modified_time\" content=\"2026-05-12T10:19:23+00:00\" \/>\n<meta property=\"og:image\" content=\"https:\/\/www.ancora-shop.de\/wp-content\/uploads\/2026\/05\/VIOLA-RGBL-1.jpg\" \/>\n\t<meta property=\"og:image:width\" content=\"1067\" \/>\n\t<meta property=\"og:image:height\" content=\"1600\" \/>\n\t<meta property=\"og:image:type\" content=\"image\/jpeg\" \/>\n<meta name=\"twitter:card\" content=\"summary_large_image\" \/>\n<meta name=\"twitter:label1\" content=\"Gesch\u00e4tzte Lesezeit\" \/>\n\t<meta name=\"twitter:data1\" content=\"1\u00a0Minute\" \/>\n<script type=\"application\/ld+json\" class=\"yoast-schema-graph\">{\"@context\":\"https:\\\/\\\/schema.org\",\"@graph\":[{\"@type\":\"WebPage\",\"@id\":\"https:\\\/\\\/www.ancora-shop.de\\\/produkt\\\/bluse-modell-viola\\\/\",\"url\":\"https:\\\/\\\/www.ancora-shop.de\\\/produkt\\\/bluse-modell-viola\\\/\",\"name\":\"Bluse Modell Viola - ANCORA Onlineshop\",\"isPartOf\":{\"@id\":\"https:\\\/\\\/www.ancora-shop.de\\\/#website\"},\"primaryImageOfPage\":{\"@id\":\"https:\\\/\\\/www.ancora-shop.de\\\/produkt\\\/bluse-modell-viola\\\/#primaryimage\"},\"image\":{\"@id\":\"https:\\\/\\\/www.ancora-shop.de\\\/produkt\\\/bluse-modell-viola\\\/#primaryimage\"},\"thumbnailUrl\":\"https:\\\/\\\/www.ancora-shop.de\\\/wp-content\\\/uploads\\\/2026\\\/05\\\/VIOLA-RGBL-1.jpg\",\"datePublished\":\"2026-05-12T10:10:37+00:00\",\"dateModified\":\"2026-05-12T10:19:23+00:00\",\"breadcrumb\":{\"@id\":\"https:\\\/\\\/www.ancora-shop.de\\\/produkt\\\/bluse-modell-viola\\\/#breadcrumb\"},\"inLanguage\":\"de\",\"potentialAction\":[{\"@type\":\"ReadAction\",\"target\":[\"https:\\\/\\\/www.ancora-shop.de\\\/produkt\\\/bluse-modell-viola\\\/\"]}]},{\"@type\":\"ImageObject\",\"inLanguage\":\"de\",\"@id\":\"https:\\\/\\\/www.ancora-shop.de\\\/produkt\\\/bluse-modell-viola\\\/#primaryimage\",\"url\":\"https:\\\/\\\/www.ancora-shop.de\\\/wp-content\\\/uploads\\\/2026\\\/05\\\/VIOLA-RGBL-1.jpg\",\"contentUrl\":\"https:\\\/\\\/www.ancora-shop.de\\\/wp-content\\\/uploads\\\/2026\\\/05\\\/VIOLA-RGBL-1.jpg\",\"width\":1067,\"height\":1600},{\"@type\":\"BreadcrumbList\",\"@id\":\"https:\\\/\\\/www.ancora-shop.de\\\/produkt\\\/bluse-modell-viola\\\/#breadcrumb\",\"itemListElement\":[{\"@type\":\"ListItem\",\"position\":1,\"name\":\"Startseite\",\"item\":\"https:\\\/\\\/www.ancora-shop.de\\\/\"},{\"@type\":\"ListItem\",\"position\":2,\"name\":\"Shop\",\"item\":\"https:\\\/\\\/www.ancora-shop.de\\\/shop\\\/\"},{\"@type\":\"ListItem\",\"position\":3,\"name\":\"Bluse Modell Viola\"}]},{\"@type\":\"WebSite\",\"@id\":\"https:\\\/\\\/www.ancora-shop.de\\\/#website\",\"url\":\"https:\\\/\\\/www.ancora-shop.de\\\/\",\"name\":\"ANCORA Onlineshop\",\"description\":\"\",\"potentialAction\":[{\"@type\":\"SearchAction\",\"target\":{\"@type\":\"EntryPoint\",\"urlTemplate\":\"https:\\\/\\\/www.ancora-shop.de\\\/?s={search_term_string}\"},\"query-input\":{\"@type\":\"PropertyValueSpecification\",\"valueRequired\":true,\"valueName\":\"search_term_string\"}}],\"inLanguage\":\"de\"}]}<\/script>\n<!-- \/ Yoast SEO plugin. -->","yoast_head_json":{"title":"Bluse Modell Viola - ANCORA Onlineshop","robots":{"index":"index","follow":"follow","max-snippet":"max-snippet:-1","max-image-preview":"max-image-preview:large","max-video-preview":"max-video-preview:-1"},"canonical":"https:\/\/www.ancora-shop.de\/de\/produkt\/bluse-modell-viola\/","og_locale":"de_DE","og_type":"article","og_title":"Bluse Modell Viola - ANCORA Onlineshop","og_description":"Hemdbluse VIOLA aus leichtem Viskose-Polyamid-Mix mit raffinierter Kombination aus zwei harmonisch aufeinander abgestimmten Streifenvarianten Klassischer Hemdblusenkragen in kontrastierendem, breiterem Streifenbild gearbeitet Vorderteil und \u00c4rmel mit feinem Streifenmuster f\u00fcr eine schlanke, moderne Optik R\u00fcckenbereich, Kragen, Manschetten und aufgesetzte Brusttasche im breiteren Streifenstoff als besonderer Kontrast eingesetzt Durchgehende Knopfleiste mit roten Knopfl\u00f6chern und Kn\u00f6pfen, die sich auch [...]","og_url":"https:\/\/www.ancora-shop.de\/de\/produkt\/bluse-modell-viola\/","og_site_name":"ANCORA Onlineshop","article_modified_time":"2026-05-12T10:19:23+00:00","og_image":[{"width":1067,"height":1600,"url":"https:\/\/www.ancora-shop.de\/wp-content\/uploads\/2026\/05\/VIOLA-RGBL-1.jpg","type":"image\/jpeg"}],"twitter_card":"summary_large_image","twitter_misc":{"Gesch\u00e4tzte Lesezeit":"1\u00a0Minute"},"schema":{"@context":"https:\/\/schema.org","@graph":[{"@type":"WebPage","@id":"https:\/\/www.ancora-shop.de\/produkt\/bluse-modell-viola\/","url":"https:\/\/www.ancora-shop.de\/produkt\/bluse-modell-viola\/","name":"Bluse Modell Viola - ANCORA Onlineshop","isPartOf":{"@id":"https:\/\/www.ancora-shop.de\/#website"},"primaryImageOfPage":{"@id":"https:\/\/www.ancora-shop.de\/produkt\/bluse-modell-viola\/#primaryimage"},"image":{"@id":"https:\/\/www.ancora-shop.de\/produkt\/bluse-modell-viola\/#primaryimage"},"thumbnailUrl":"https:\/\/www.ancora-shop.de\/wp-content\/uploads\/2026\/05\/VIOLA-RGBL-1.jpg","datePublished":"2026-05-12T10:10:37+00:00","dateModified":"2026-05-12T10:19:23+00:00","breadcrumb":{"@id":"https:\/\/www.ancora-shop.de\/produkt\/bluse-modell-viola\/#breadcrumb"},"inLanguage":"de","potentialAction":[{"@type":"ReadAction","target":["https:\/\/www.ancora-shop.de\/produkt\/bluse-modell-viola\/"]}]},{"@type":"ImageObject","inLanguage":"de","@id":"https:\/\/www.ancora-shop.de\/produkt\/bluse-modell-viola\/#primaryimage","url":"https:\/\/www.ancora-shop.de\/wp-content\/uploads\/2026\/05\/VIOLA-RGBL-1.jpg","contentUrl":"https:\/\/www.ancora-shop.de\/wp-content\/uploads\/2026\/05\/VIOLA-RGBL-1.jpg","width":1067,"height":1600},{"@type":"BreadcrumbList","@id":"https:\/\/www.ancora-shop.de\/produkt\/bluse-modell-viola\/#breadcrumb","itemListElement":[{"@type":"ListItem","position":1,"name":"Startseite","item":"https:\/\/www.ancora-shop.de\/"},{"@type":"ListItem","position":2,"name":"Shop","item":"https:\/\/www.ancora-shop.de\/shop\/"},{"@type":"ListItem","position":3,"name":"Bluse Modell Viola"}]},{"@type":"WebSite","@id":"https:\/\/www.ancora-shop.de\/#website","url":"https:\/\/www.ancora-shop.de\/","name":"ANCORA Onlineshop","description":"","potentialAction":[{"@type":"SearchAction","target":{"@type":"EntryPoint","urlTemplate":"https:\/\/www.ancora-shop.de\/?s={search_term_string}"},"query-input":{"@type":"PropertyValueSpecification","valueRequired":true,"valueName":"search_term_string"}}],"inLanguage":"de"}]}},"_links":{"self":[{"href":"https:\/\/www.ancora-shop.de\/de\/wp-json\/wp\/v2\/product\/84254","targetHints":{"allow":["GET"]}}],"collection":[{"href":"https:\/\/www.ancora-shop.de\/de\/wp-json\/wp\/v2\/product"}],"about":[{"href":"https:\/\/www.ancora-shop.de\/de\/wp-json\/wp\/v2\/types\/product"}],"wp:featuredmedia":[{"embeddable":true,"href":"https:\/\/www.ancora-shop.de\/de\/wp-json\/wp\/v2\/media\/84264"}],"wp:attachment":[{"href":"https:\/\/www.ancora-shop.de\/de\/wp-json\/wp\/v2\/media?parent=84254"}],"wp:term":[{"taxonomy":"product_brand","embeddable":true,"href":"https:\/\/www.ancora-shop.de\/de\/wp-json\/wp\/v2\/product_brand?post=84254"},{"taxonomy":"product_cat","embeddable":true,"href":"https:\/\/www.ancora-shop.de\/de\/wp-json\/wp\/v2\/product_cat?post=84254"},{"taxonomy":"product_tag","embeddable":true,"href":"https:\/\/www.ancora-shop.de\/de\/wp-json\/wp\/v2\/product_tag?post=84254"}],"curies":[{"name":"wp","href":"https:\/\/api.w.org\/{rel}","templated":true}]}}