{"id":84107,"date":"2026-05-05T14:51:50","date_gmt":"2026-05-05T12:51:50","guid":{"rendered":"https:\/\/www.ancora-shop.de\/?post_type=product&#038;p=84107"},"modified":"2026-05-05T15:08:10","modified_gmt":"2026-05-05T13:08:10","slug":"top-modell-isadora","status":"publish","type":"product","link":"https:\/\/www.ancora-shop.de\/de\/produkt\/top-modell-isadora\/","title":{"rendered":"Top Modell Isadora"},"content":{"rendered":"<ul>\n<li>Leicht flie\u00dfendes Viskose-Top mit femininen Spaghettitr\u00e4gern, ideal f\u00fcr sommerliche Looks und unkomplizierte Kombinationen<\/li>\n<li>Schmale, verstellbare Tr\u00e4ger und weicher V-Ausschnitt, der das Dekollet\u00e9 dezent betont<\/li>\n<li>Locker fallender Schnitt, umspielt die Figur und sorgt f\u00fcr angenehmen Tragekomfort<\/li>\n<li>Allover-Zebra-Print in soften Braun-Natur sowie Braun-Rose-T\u00f6nen, modern interpretiert und nicht zu laut<\/li>\n<li>Vielseitig kombinierbar, perfekt im Set mit passender Hose oder als Stilbruch zu uni-farbenen Pieces wie Blazern, Strick oder Denim<\/li>\n<li>Eng gekettelter, dezent gewellter Saumabschluss<\/li>\n<li>Pflegeleicht und langlebig bei richtiger Behandlung<\/li>\n<li><strong>Besonderheit: Der flie\u00dfende Fall in Kombination mit dem soften Zebra-Print sorgt f\u00fcr einen edlen, entspannten Look, der sowohl casual als auch angezogen funktioniert und sofort dieses \u201eeasy but chic\u201c-Gef\u00fchl vermittelt<\/strong><\/li>\n<li>Made in Italy<\/li>\n<\/ul>","protected":false},"excerpt":{"rendered":"<p>Leicht flie\u00dfendes Viskose-Top mit femininen Spaghettitr\u00e4gern, ideal f\u00fcr sommerliche Looks und unkomplizierte Kombinationen Schmale, verstellbare Tr\u00e4ger und weicher V-Ausschnitt, der das Dekollet\u00e9 dezent betont Locker fallender Schnitt, umspielt die Figur und sorgt f\u00fcr angenehmen Tragekomfort Allover-Zebra-Print in soften Braun-Natur sowie Braun-Rose-T\u00f6nen, modern interpretiert und nicht zu laut Vielseitig kombinierbar, perfekt im Set mit passender Hose [&#8230;]\n","protected":false},"featured_media":84128,"template":"","meta":[],"product_brand":[],"product_cat":[646],"product_tag":[],"class_list":{"0":"post-84107","1":"product","2":"type-product","3":"status-publish","4":"has-post-thumbnail","6":"product_cat-blusen-tops","8":"first","9":"instock","10":"taxable","11":"shipping-taxable","12":"purchasable","13":"product-type-variable"},"supplier_id":null,"supplier_sku":"","barcode":null,"atum_controlled":true,"out_stock_date":null,"out_stock_threshold":null,"inheritable":true,"inbound_stock":null,"stock_on_hold":null,"sold_today":null,"sales_last_days":null,"reserved_stock":null,"customer_returns":null,"warehouse_damage":null,"lost_in_post":null,"other_logs":null,"out_stock_days":null,"lost_sales":null,"has_location":false,"update_date":"2026-05-05T13:06:55","atum_locations":[],"atum_stock_status":"instock","restock_status":false,"low_stock_amount":"","sales_update_date":"2026-01-29T03:59:46","calc_backorders":null,"yoast_head":"<!-- This site is optimized with the Yoast SEO plugin v27.6 - https:\/\/yoast.com\/product\/yoast-seo-wordpress\/ -->\n<title>Top Modell Isadora - ANCORA Onlineshop<\/title>\n<meta name=\"robots\" content=\"index, follow, max-snippet:-1, max-image-preview:large, max-video-preview:-1\" \/>\n<link rel=\"canonical\" href=\"https:\/\/www.ancora-shop.de\/de\/produkt\/top-modell-isadora\/\" \/>\n<meta property=\"og:locale\" content=\"de_DE\" \/>\n<meta property=\"og:type\" content=\"article\" \/>\n<meta property=\"og:title\" content=\"Top Modell Isadora - ANCORA Onlineshop\" \/>\n<meta property=\"og:description\" content=\"Leicht flie\u00dfendes Viskose-Top mit femininen Spaghettitr\u00e4gern, ideal f\u00fcr sommerliche Looks und unkomplizierte Kombinationen Schmale, verstellbare Tr\u00e4ger und weicher V-Ausschnitt, der das Dekollet\u00e9 dezent betont Locker fallender Schnitt, umspielt die Figur und sorgt f\u00fcr angenehmen Tragekomfort Allover-Zebra-Print in soften Braun-Natur sowie Braun-Rose-T\u00f6nen, modern interpretiert und nicht zu laut Vielseitig kombinierbar, perfekt im Set mit passender Hose [...]\" \/>\n<meta property=\"og:url\" content=\"https:\/\/www.ancora-shop.de\/de\/produkt\/top-modell-isadora\/\" \/>\n<meta property=\"og:site_name\" content=\"ANCORA Onlineshop\" \/>\n<meta property=\"article:modified_time\" content=\"2026-05-05T13:08:10+00:00\" \/>\n<meta property=\"og:image\" content=\"https:\/\/www.ancora-shop.de\/wp-content\/uploads\/2026\/05\/ISADORA-ZECD-1.jpg\" \/>\n\t<meta property=\"og:image:width\" content=\"1067\" \/>\n\t<meta property=\"og:image:height\" content=\"1600\" \/>\n\t<meta property=\"og:image:type\" content=\"image\/jpeg\" \/>\n<meta name=\"twitter:card\" content=\"summary_large_image\" \/>\n<meta name=\"twitter:label1\" content=\"Gesch\u00e4tzte Lesezeit\" \/>\n\t<meta name=\"twitter:data1\" content=\"1\u00a0Minute\" \/>\n<script type=\"application\/ld+json\" class=\"yoast-schema-graph\">{\"@context\":\"https:\\\/\\\/schema.org\",\"@graph\":[{\"@type\":\"WebPage\",\"@id\":\"https:\\\/\\\/www.ancora-shop.de\\\/produkt\\\/top-modell-isadora\\\/\",\"url\":\"https:\\\/\\\/www.ancora-shop.de\\\/produkt\\\/top-modell-isadora\\\/\",\"name\":\"Top Modell Isadora - ANCORA Onlineshop\",\"isPartOf\":{\"@id\":\"https:\\\/\\\/www.ancora-shop.de\\\/#website\"},\"primaryImageOfPage\":{\"@id\":\"https:\\\/\\\/www.ancora-shop.de\\\/produkt\\\/top-modell-isadora\\\/#primaryimage\"},\"image\":{\"@id\":\"https:\\\/\\\/www.ancora-shop.de\\\/produkt\\\/top-modell-isadora\\\/#primaryimage\"},\"thumbnailUrl\":\"https:\\\/\\\/www.ancora-shop.de\\\/wp-content\\\/uploads\\\/2026\\\/05\\\/ISADORA-ZECD-1.jpg\",\"datePublished\":\"2026-05-05T12:51:50+00:00\",\"dateModified\":\"2026-05-05T13:08:10+00:00\",\"breadcrumb\":{\"@id\":\"https:\\\/\\\/www.ancora-shop.de\\\/produkt\\\/top-modell-isadora\\\/#breadcrumb\"},\"inLanguage\":\"de\",\"potentialAction\":[{\"@type\":\"ReadAction\",\"target\":[\"https:\\\/\\\/www.ancora-shop.de\\\/produkt\\\/top-modell-isadora\\\/\"]}]},{\"@type\":\"ImageObject\",\"inLanguage\":\"de\",\"@id\":\"https:\\\/\\\/www.ancora-shop.de\\\/produkt\\\/top-modell-isadora\\\/#primaryimage\",\"url\":\"https:\\\/\\\/www.ancora-shop.de\\\/wp-content\\\/uploads\\\/2026\\\/05\\\/ISADORA-ZECD-1.jpg\",\"contentUrl\":\"https:\\\/\\\/www.ancora-shop.de\\\/wp-content\\\/uploads\\\/2026\\\/05\\\/ISADORA-ZECD-1.jpg\",\"width\":1067,\"height\":1600},{\"@type\":\"BreadcrumbList\",\"@id\":\"https:\\\/\\\/www.ancora-shop.de\\\/produkt\\\/top-modell-isadora\\\/#breadcrumb\",\"itemListElement\":[{\"@type\":\"ListItem\",\"position\":1,\"name\":\"Startseite\",\"item\":\"https:\\\/\\\/www.ancora-shop.de\\\/\"},{\"@type\":\"ListItem\",\"position\":2,\"name\":\"Shop\",\"item\":\"https:\\\/\\\/www.ancora-shop.de\\\/shop\\\/\"},{\"@type\":\"ListItem\",\"position\":3,\"name\":\"Top Modell Isadora\"}]},{\"@type\":\"WebSite\",\"@id\":\"https:\\\/\\\/www.ancora-shop.de\\\/#website\",\"url\":\"https:\\\/\\\/www.ancora-shop.de\\\/\",\"name\":\"ANCORA Onlineshop\",\"description\":\"\",\"potentialAction\":[{\"@type\":\"SearchAction\",\"target\":{\"@type\":\"EntryPoint\",\"urlTemplate\":\"https:\\\/\\\/www.ancora-shop.de\\\/?s={search_term_string}\"},\"query-input\":{\"@type\":\"PropertyValueSpecification\",\"valueRequired\":true,\"valueName\":\"search_term_string\"}}],\"inLanguage\":\"de\"}]}<\/script>\n<!-- \/ Yoast SEO plugin. -->","yoast_head_json":{"title":"Top Modell Isadora - ANCORA Onlineshop","robots":{"index":"index","follow":"follow","max-snippet":"max-snippet:-1","max-image-preview":"max-image-preview:large","max-video-preview":"max-video-preview:-1"},"canonical":"https:\/\/www.ancora-shop.de\/de\/produkt\/top-modell-isadora\/","og_locale":"de_DE","og_type":"article","og_title":"Top Modell Isadora - ANCORA Onlineshop","og_description":"Leicht flie\u00dfendes Viskose-Top mit femininen Spaghettitr\u00e4gern, ideal f\u00fcr sommerliche Looks und unkomplizierte Kombinationen Schmale, verstellbare Tr\u00e4ger und weicher V-Ausschnitt, der das Dekollet\u00e9 dezent betont Locker fallender Schnitt, umspielt die Figur und sorgt f\u00fcr angenehmen Tragekomfort Allover-Zebra-Print in soften Braun-Natur sowie Braun-Rose-T\u00f6nen, modern interpretiert und nicht zu laut Vielseitig kombinierbar, perfekt im Set mit passender Hose [...]","og_url":"https:\/\/www.ancora-shop.de\/de\/produkt\/top-modell-isadora\/","og_site_name":"ANCORA Onlineshop","article_modified_time":"2026-05-05T13:08:10+00:00","og_image":[{"width":1067,"height":1600,"url":"https:\/\/www.ancora-shop.de\/wp-content\/uploads\/2026\/05\/ISADORA-ZECD-1.jpg","type":"image\/jpeg"}],"twitter_card":"summary_large_image","twitter_misc":{"Gesch\u00e4tzte Lesezeit":"1\u00a0Minute"},"schema":{"@context":"https:\/\/schema.org","@graph":[{"@type":"WebPage","@id":"https:\/\/www.ancora-shop.de\/produkt\/top-modell-isadora\/","url":"https:\/\/www.ancora-shop.de\/produkt\/top-modell-isadora\/","name":"Top Modell Isadora - ANCORA Onlineshop","isPartOf":{"@id":"https:\/\/www.ancora-shop.de\/#website"},"primaryImageOfPage":{"@id":"https:\/\/www.ancora-shop.de\/produkt\/top-modell-isadora\/#primaryimage"},"image":{"@id":"https:\/\/www.ancora-shop.de\/produkt\/top-modell-isadora\/#primaryimage"},"thumbnailUrl":"https:\/\/www.ancora-shop.de\/wp-content\/uploads\/2026\/05\/ISADORA-ZECD-1.jpg","datePublished":"2026-05-05T12:51:50+00:00","dateModified":"2026-05-05T13:08:10+00:00","breadcrumb":{"@id":"https:\/\/www.ancora-shop.de\/produkt\/top-modell-isadora\/#breadcrumb"},"inLanguage":"de","potentialAction":[{"@type":"ReadAction","target":["https:\/\/www.ancora-shop.de\/produkt\/top-modell-isadora\/"]}]},{"@type":"ImageObject","inLanguage":"de","@id":"https:\/\/www.ancora-shop.de\/produkt\/top-modell-isadora\/#primaryimage","url":"https:\/\/www.ancora-shop.de\/wp-content\/uploads\/2026\/05\/ISADORA-ZECD-1.jpg","contentUrl":"https:\/\/www.ancora-shop.de\/wp-content\/uploads\/2026\/05\/ISADORA-ZECD-1.jpg","width":1067,"height":1600},{"@type":"BreadcrumbList","@id":"https:\/\/www.ancora-shop.de\/produkt\/top-modell-isadora\/#breadcrumb","itemListElement":[{"@type":"ListItem","position":1,"name":"Startseite","item":"https:\/\/www.ancora-shop.de\/"},{"@type":"ListItem","position":2,"name":"Shop","item":"https:\/\/www.ancora-shop.de\/shop\/"},{"@type":"ListItem","position":3,"name":"Top Modell Isadora"}]},{"@type":"WebSite","@id":"https:\/\/www.ancora-shop.de\/#website","url":"https:\/\/www.ancora-shop.de\/","name":"ANCORA Onlineshop","description":"","potentialAction":[{"@type":"SearchAction","target":{"@type":"EntryPoint","urlTemplate":"https:\/\/www.ancora-shop.de\/?s={search_term_string}"},"query-input":{"@type":"PropertyValueSpecification","valueRequired":true,"valueName":"search_term_string"}}],"inLanguage":"de"}]}},"_links":{"self":[{"href":"https:\/\/www.ancora-shop.de\/de\/wp-json\/wp\/v2\/product\/84107","targetHints":{"allow":["GET"]}}],"collection":[{"href":"https:\/\/www.ancora-shop.de\/de\/wp-json\/wp\/v2\/product"}],"about":[{"href":"https:\/\/www.ancora-shop.de\/de\/wp-json\/wp\/v2\/types\/product"}],"wp:featuredmedia":[{"embeddable":true,"href":"https:\/\/www.ancora-shop.de\/de\/wp-json\/wp\/v2\/media\/84128"}],"wp:attachment":[{"href":"https:\/\/www.ancora-shop.de\/de\/wp-json\/wp\/v2\/media?parent=84107"}],"wp:term":[{"taxonomy":"product_brand","embeddable":true,"href":"https:\/\/www.ancora-shop.de\/de\/wp-json\/wp\/v2\/product_brand?post=84107"},{"taxonomy":"product_cat","embeddable":true,"href":"https:\/\/www.ancora-shop.de\/de\/wp-json\/wp\/v2\/product_cat?post=84107"},{"taxonomy":"product_tag","embeddable":true,"href":"https:\/\/www.ancora-shop.de\/de\/wp-json\/wp\/v2\/product_tag?post=84107"}],"curies":[{"name":"wp","href":"https:\/\/api.w.org\/{rel}","templated":true}]}}