{"id":84064,"date":"2026-05-05T14:01:40","date_gmt":"2026-05-05T12:01:40","guid":{"rendered":"https:\/\/www.ancora-shop.de\/?post_type=product&#038;p=84064"},"modified":"2026-05-05T14:34:38","modified_gmt":"2026-05-05T12:34:38","slug":"bluse-modell-rina","status":"publish","type":"product","link":"https:\/\/www.ancora-shop.de\/de\/produkt\/bluse-modell-rina\/","title":{"rendered":"Bluse Modell Rina"},"content":{"rendered":"<ul>\n<li>Flie\u00dfende Bluse bzw. Blusenjacke im ausdrucksstarken Zebra-Print, perfekt abgestimmt auf das Top Isadora und die Hose Cosma f\u00fcr einen kompletten Look<\/li>\n<li>Kleiner Stehkragen mit offenem V-Ausschnitt, ohne oberen Knopf f\u00fcr eine moderne, entspannte Optik<\/li>\n<li>Dezente Knopfleiste bis in den Brustbereich, sorgt f\u00fcr eine lockere Silhouette und vielseitige Stylingm\u00f6glichkeiten<\/li>\n<li>\u00dcberschnittene Schultern und kastiger Schnitt<\/li>\n<li>Angenehme L\u00e4nge, ideal sowohl geschlossen als Bluse als auch offen getragen als leichtes Blusenj\u00e4ckchen<\/li>\n<li>Vielseitig kombinierbar, l\u00e4ssig \u00fcber Tops oder Kleider geworfen, geknotet tragbar oder als Teil des abgestimmten Sets<\/li>\n<li>Hochwertige Viskose mit leichtem Glanz, weich flie\u00dfend und angenehm auf der Haut<\/li>\n<li>Ausdrucksstarker Allover-Zebra-Print in soften Braun-Natur-\/und Braun-Rosa-T\u00f6nen modern und edel zugleich<\/li>\n<li><strong>Besonderheit: Ob als Bluse oder offen getragenes Blusenj\u00e4ckchen &#8211; dieses Teil bringt Bewegung in jeden Look und macht durch seine Vielseitigkeit und den abgestimmten Print die gesamte Serie komplett und besonders<\/strong><\/li>\n<li>Made in Italy<\/li>\n<\/ul>","protected":false},"excerpt":{"rendered":"<p>Flie\u00dfende Bluse bzw. Blusenjacke im ausdrucksstarken Zebra-Print, perfekt abgestimmt auf das Top Isadora und die Hose Cosma f\u00fcr einen kompletten Look Kleiner Stehkragen mit offenem V-Ausschnitt, ohne oberen Knopf f\u00fcr eine moderne, entspannte Optik Dezente Knopfleiste bis in den Brustbereich, sorgt f\u00fcr eine lockere Silhouette und vielseitige Stylingm\u00f6glichkeiten \u00dcberschnittene Schultern und kastiger Schnitt Angenehme L\u00e4nge, [&#8230;]\n","protected":false},"featured_media":84071,"template":"","meta":[],"product_brand":[],"product_cat":[646],"product_tag":[],"class_list":{"0":"post-84064","1":"product","2":"type-product","3":"status-publish","4":"has-post-thumbnail","6":"product_cat-blusen-tops","8":"first","9":"instock","10":"taxable","11":"shipping-taxable","12":"purchasable","13":"product-type-variable"},"supplier_id":null,"supplier_sku":"","barcode":null,"atum_controlled":true,"out_stock_date":null,"out_stock_threshold":null,"inheritable":true,"inbound_stock":null,"stock_on_hold":null,"sold_today":null,"sales_last_days":null,"reserved_stock":null,"customer_returns":null,"warehouse_damage":null,"lost_in_post":null,"other_logs":null,"out_stock_days":null,"lost_sales":null,"has_location":false,"update_date":"2026-05-05T12:33:11","atum_locations":[],"atum_stock_status":"instock","restock_status":false,"low_stock_amount":"","sales_update_date":"2026-01-29T06:59:46","calc_backorders":null,"yoast_head":"<!-- This site is optimized with the Yoast SEO plugin v27.6 - https:\/\/yoast.com\/product\/yoast-seo-wordpress\/ -->\n<title>Bluse Modell Rina - ANCORA Onlineshop<\/title>\n<meta name=\"robots\" content=\"index, follow, max-snippet:-1, max-image-preview:large, max-video-preview:-1\" \/>\n<link rel=\"canonical\" href=\"https:\/\/www.ancora-shop.de\/de\/produkt\/bluse-modell-rina\/\" \/>\n<meta property=\"og:locale\" content=\"de_DE\" \/>\n<meta property=\"og:type\" content=\"article\" \/>\n<meta property=\"og:title\" content=\"Bluse Modell Rina - ANCORA Onlineshop\" \/>\n<meta property=\"og:description\" content=\"Flie\u00dfende Bluse bzw. Blusenjacke im ausdrucksstarken Zebra-Print, perfekt abgestimmt auf das Top Isadora und die Hose Cosma f\u00fcr einen kompletten Look Kleiner Stehkragen mit offenem V-Ausschnitt, ohne oberen Knopf f\u00fcr eine moderne, entspannte Optik Dezente Knopfleiste bis in den Brustbereich, sorgt f\u00fcr eine lockere Silhouette und vielseitige Stylingm\u00f6glichkeiten \u00dcberschnittene Schultern und kastiger Schnitt Angenehme L\u00e4nge, [...]\" \/>\n<meta property=\"og:url\" content=\"https:\/\/www.ancora-shop.de\/de\/produkt\/bluse-modell-rina\/\" \/>\n<meta property=\"og:site_name\" content=\"ANCORA Onlineshop\" \/>\n<meta property=\"article:modified_time\" content=\"2026-05-05T12:34:38+00:00\" \/>\n<meta property=\"og:image\" content=\"https:\/\/www.ancora-shop.de\/wp-content\/uploads\/2026\/05\/RINA-ZECD-1.jpg\" \/>\n\t<meta property=\"og:image:width\" content=\"1067\" \/>\n\t<meta property=\"og:image:height\" content=\"1591\" \/>\n\t<meta property=\"og:image:type\" content=\"image\/jpeg\" \/>\n<meta name=\"twitter:card\" content=\"summary_large_image\" \/>\n<meta name=\"twitter:label1\" content=\"Gesch\u00e4tzte Lesezeit\" \/>\n\t<meta name=\"twitter:data1\" content=\"1\u00a0Minute\" \/>\n<script type=\"application\/ld+json\" class=\"yoast-schema-graph\">{\"@context\":\"https:\\\/\\\/schema.org\",\"@graph\":[{\"@type\":\"WebPage\",\"@id\":\"https:\\\/\\\/www.ancora-shop.de\\\/produkt\\\/bluse-modell-rina\\\/\",\"url\":\"https:\\\/\\\/www.ancora-shop.de\\\/produkt\\\/bluse-modell-rina\\\/\",\"name\":\"Bluse Modell Rina - ANCORA Onlineshop\",\"isPartOf\":{\"@id\":\"https:\\\/\\\/www.ancora-shop.de\\\/#website\"},\"primaryImageOfPage\":{\"@id\":\"https:\\\/\\\/www.ancora-shop.de\\\/produkt\\\/bluse-modell-rina\\\/#primaryimage\"},\"image\":{\"@id\":\"https:\\\/\\\/www.ancora-shop.de\\\/produkt\\\/bluse-modell-rina\\\/#primaryimage\"},\"thumbnailUrl\":\"https:\\\/\\\/www.ancora-shop.de\\\/wp-content\\\/uploads\\\/2026\\\/05\\\/RINA-ZECD-1.jpg\",\"datePublished\":\"2026-05-05T12:01:40+00:00\",\"dateModified\":\"2026-05-05T12:34:38+00:00\",\"breadcrumb\":{\"@id\":\"https:\\\/\\\/www.ancora-shop.de\\\/produkt\\\/bluse-modell-rina\\\/#breadcrumb\"},\"inLanguage\":\"de\",\"potentialAction\":[{\"@type\":\"ReadAction\",\"target\":[\"https:\\\/\\\/www.ancora-shop.de\\\/produkt\\\/bluse-modell-rina\\\/\"]}]},{\"@type\":\"ImageObject\",\"inLanguage\":\"de\",\"@id\":\"https:\\\/\\\/www.ancora-shop.de\\\/produkt\\\/bluse-modell-rina\\\/#primaryimage\",\"url\":\"https:\\\/\\\/www.ancora-shop.de\\\/wp-content\\\/uploads\\\/2026\\\/05\\\/RINA-ZECD-1.jpg\",\"contentUrl\":\"https:\\\/\\\/www.ancora-shop.de\\\/wp-content\\\/uploads\\\/2026\\\/05\\\/RINA-ZECD-1.jpg\",\"width\":1067,\"height\":1591},{\"@type\":\"BreadcrumbList\",\"@id\":\"https:\\\/\\\/www.ancora-shop.de\\\/produkt\\\/bluse-modell-rina\\\/#breadcrumb\",\"itemListElement\":[{\"@type\":\"ListItem\",\"position\":1,\"name\":\"Startseite\",\"item\":\"https:\\\/\\\/www.ancora-shop.de\\\/\"},{\"@type\":\"ListItem\",\"position\":2,\"name\":\"Shop\",\"item\":\"https:\\\/\\\/www.ancora-shop.de\\\/shop\\\/\"},{\"@type\":\"ListItem\",\"position\":3,\"name\":\"Bluse Modell Rina\"}]},{\"@type\":\"WebSite\",\"@id\":\"https:\\\/\\\/www.ancora-shop.de\\\/#website\",\"url\":\"https:\\\/\\\/www.ancora-shop.de\\\/\",\"name\":\"ANCORA Onlineshop\",\"description\":\"\",\"potentialAction\":[{\"@type\":\"SearchAction\",\"target\":{\"@type\":\"EntryPoint\",\"urlTemplate\":\"https:\\\/\\\/www.ancora-shop.de\\\/?s={search_term_string}\"},\"query-input\":{\"@type\":\"PropertyValueSpecification\",\"valueRequired\":true,\"valueName\":\"search_term_string\"}}],\"inLanguage\":\"de\"}]}<\/script>\n<!-- \/ Yoast SEO plugin. -->","yoast_head_json":{"title":"Bluse Modell Rina - ANCORA Onlineshop","robots":{"index":"index","follow":"follow","max-snippet":"max-snippet:-1","max-image-preview":"max-image-preview:large","max-video-preview":"max-video-preview:-1"},"canonical":"https:\/\/www.ancora-shop.de\/de\/produkt\/bluse-modell-rina\/","og_locale":"de_DE","og_type":"article","og_title":"Bluse Modell Rina - ANCORA Onlineshop","og_description":"Flie\u00dfende Bluse bzw. Blusenjacke im ausdrucksstarken Zebra-Print, perfekt abgestimmt auf das Top Isadora und die Hose Cosma f\u00fcr einen kompletten Look Kleiner Stehkragen mit offenem V-Ausschnitt, ohne oberen Knopf f\u00fcr eine moderne, entspannte Optik Dezente Knopfleiste bis in den Brustbereich, sorgt f\u00fcr eine lockere Silhouette und vielseitige Stylingm\u00f6glichkeiten \u00dcberschnittene Schultern und kastiger Schnitt Angenehme L\u00e4nge, [...]","og_url":"https:\/\/www.ancora-shop.de\/de\/produkt\/bluse-modell-rina\/","og_site_name":"ANCORA Onlineshop","article_modified_time":"2026-05-05T12:34:38+00:00","og_image":[{"width":1067,"height":1591,"url":"https:\/\/www.ancora-shop.de\/wp-content\/uploads\/2026\/05\/RINA-ZECD-1.jpg","type":"image\/jpeg"}],"twitter_card":"summary_large_image","twitter_misc":{"Gesch\u00e4tzte Lesezeit":"1\u00a0Minute"},"schema":{"@context":"https:\/\/schema.org","@graph":[{"@type":"WebPage","@id":"https:\/\/www.ancora-shop.de\/produkt\/bluse-modell-rina\/","url":"https:\/\/www.ancora-shop.de\/produkt\/bluse-modell-rina\/","name":"Bluse Modell Rina - ANCORA Onlineshop","isPartOf":{"@id":"https:\/\/www.ancora-shop.de\/#website"},"primaryImageOfPage":{"@id":"https:\/\/www.ancora-shop.de\/produkt\/bluse-modell-rina\/#primaryimage"},"image":{"@id":"https:\/\/www.ancora-shop.de\/produkt\/bluse-modell-rina\/#primaryimage"},"thumbnailUrl":"https:\/\/www.ancora-shop.de\/wp-content\/uploads\/2026\/05\/RINA-ZECD-1.jpg","datePublished":"2026-05-05T12:01:40+00:00","dateModified":"2026-05-05T12:34:38+00:00","breadcrumb":{"@id":"https:\/\/www.ancora-shop.de\/produkt\/bluse-modell-rina\/#breadcrumb"},"inLanguage":"de","potentialAction":[{"@type":"ReadAction","target":["https:\/\/www.ancora-shop.de\/produkt\/bluse-modell-rina\/"]}]},{"@type":"ImageObject","inLanguage":"de","@id":"https:\/\/www.ancora-shop.de\/produkt\/bluse-modell-rina\/#primaryimage","url":"https:\/\/www.ancora-shop.de\/wp-content\/uploads\/2026\/05\/RINA-ZECD-1.jpg","contentUrl":"https:\/\/www.ancora-shop.de\/wp-content\/uploads\/2026\/05\/RINA-ZECD-1.jpg","width":1067,"height":1591},{"@type":"BreadcrumbList","@id":"https:\/\/www.ancora-shop.de\/produkt\/bluse-modell-rina\/#breadcrumb","itemListElement":[{"@type":"ListItem","position":1,"name":"Startseite","item":"https:\/\/www.ancora-shop.de\/"},{"@type":"ListItem","position":2,"name":"Shop","item":"https:\/\/www.ancora-shop.de\/shop\/"},{"@type":"ListItem","position":3,"name":"Bluse Modell Rina"}]},{"@type":"WebSite","@id":"https:\/\/www.ancora-shop.de\/#website","url":"https:\/\/www.ancora-shop.de\/","name":"ANCORA Onlineshop","description":"","potentialAction":[{"@type":"SearchAction","target":{"@type":"EntryPoint","urlTemplate":"https:\/\/www.ancora-shop.de\/?s={search_term_string}"},"query-input":{"@type":"PropertyValueSpecification","valueRequired":true,"valueName":"search_term_string"}}],"inLanguage":"de"}]}},"_links":{"self":[{"href":"https:\/\/www.ancora-shop.de\/de\/wp-json\/wp\/v2\/product\/84064","targetHints":{"allow":["GET"]}}],"collection":[{"href":"https:\/\/www.ancora-shop.de\/de\/wp-json\/wp\/v2\/product"}],"about":[{"href":"https:\/\/www.ancora-shop.de\/de\/wp-json\/wp\/v2\/types\/product"}],"wp:featuredmedia":[{"embeddable":true,"href":"https:\/\/www.ancora-shop.de\/de\/wp-json\/wp\/v2\/media\/84071"}],"wp:attachment":[{"href":"https:\/\/www.ancora-shop.de\/de\/wp-json\/wp\/v2\/media?parent=84064"}],"wp:term":[{"taxonomy":"product_brand","embeddable":true,"href":"https:\/\/www.ancora-shop.de\/de\/wp-json\/wp\/v2\/product_brand?post=84064"},{"taxonomy":"product_cat","embeddable":true,"href":"https:\/\/www.ancora-shop.de\/de\/wp-json\/wp\/v2\/product_cat?post=84064"},{"taxonomy":"product_tag","embeddable":true,"href":"https:\/\/www.ancora-shop.de\/de\/wp-json\/wp\/v2\/product_tag?post=84064"}],"curies":[{"name":"wp","href":"https:\/\/api.w.org\/{rel}","templated":true}]}}