{"id":82398,"date":"2026-02-09T16:29:39","date_gmt":"2026-02-09T15:29:39","guid":{"rendered":"https:\/\/www.ancora-shop.de\/?post_type=product&#038;p=82398"},"modified":"2026-04-29T10:57:45","modified_gmt":"2026-04-29T08:57:45","slug":"hose-modell-jenny","status":"publish","type":"product","link":"https:\/\/www.ancora-shop.de\/de\/produkt\/hose-modell-jenny\/","title":{"rendered":"Hose Modell Jenny"},"content":{"rendered":"<ul>\n<li><strong>Bitte beachten: Die aktuelle Hose Jenny kommt in einem stabileren Material und mit einer um ca. 6 cm l\u00e4ngeren Beinl\u00e4nge.<\/strong><\/li>\n<li>Eine cleane Wohlf\u00fchlhose mit perfekter Passform: hochwertig im Material, klar im Schnitt und gemacht f\u00fcr einen souver\u00e4nen und doch bequemen Auftritt im Alltag<\/li>\n<li>Komfortabler Bund mit besonderer Passe in leicht dreieckiger Form f\u00fcr eine sch\u00f6ne Linienf\u00fchrung<\/li>\n<li>Hochwertiges Bi-Stretch-Material: elastisch, formstabil und angenehm zu tragen<\/li>\n<li>Die Passe ist mit nicht dehnbarer Vlieseline unterlegt und sorgt so f\u00fcr einen sicheren Sitz und eine glatte Silhouette im Bauchbereich<\/li>\n<li>Unterhalb der Passe zwei schr\u00e4g gesetzte Eingrifftaschen im cleanen Look<\/li>\n<li>R\u00fcckseitig elastischer Bund, durch eine Naht zweigeteilt f\u00fcr optimale Passform und Halt<\/li>\n<li>Verschlusslos gearbeitet: einfach reinschl\u00fcpfen und wohlf\u00fchlen<\/li>\n<li>Gerader, weiter Beinverlauf<\/li>\n<li>Umgelegter Saum f\u00fcr einen ruhigen Abschluss<\/li>\n<li>Dezentes Label-Emblem<\/li>\n<li><strong>Besonderheit: Hose Jenny \u00fcberzeugt durch ihr durchdachtes Passform-Konzept: Die verst\u00e4rkte Passe gibt Halt, formt sanft und sorgt f\u00fcr ein sicheres Tragegef\u00fchl ohne einzuengen. In Kombination mit dem bi-elastischen Material entsteht eine Hose, die bequem ist, perfekt sitzt und dabei immer gepflegt wirkt. Ein echtes Lieblingsst\u00fcck f\u00fcr jeden Tag.<\/strong><\/li>\n<li>Made in Italy<\/li>\n<\/ul>","protected":false},"excerpt":{"rendered":"<p>Bitte beachten: Die aktuelle Hose Jenny kommt in einem stabileren Material und mit einer um ca. 6 cm l\u00e4ngeren Beinl\u00e4nge. Eine cleane Wohlf\u00fchlhose mit perfekter Passform: hochwertig im Material, klar im Schnitt und gemacht f\u00fcr einen souver\u00e4nen und doch bequemen Auftritt im Alltag Komfortabler Bund mit besonderer Passe in leicht dreieckiger Form f\u00fcr eine sch\u00f6ne [&#8230;]\n","protected":false},"featured_media":82883,"template":"","meta":[],"product_brand":[],"product_cat":[36],"product_tag":[],"class_list":{"0":"post-82398","1":"product","2":"type-product","3":"status-publish","4":"has-post-thumbnail","6":"product_cat-hosen","8":"first","9":"instock","10":"taxable","11":"shipping-taxable","12":"purchasable","13":"product-type-variable"},"supplier_id":null,"supplier_sku":"","barcode":null,"atum_controlled":true,"out_stock_date":null,"out_stock_threshold":null,"inheritable":true,"inbound_stock":null,"stock_on_hold":2,"sold_today":0,"sales_last_days":0,"reserved_stock":null,"customer_returns":null,"warehouse_damage":null,"lost_in_post":null,"other_logs":null,"out_stock_days":null,"lost_sales":0,"has_location":false,"update_date":"2026-04-29T08:57:49","atum_locations":[],"atum_stock_status":"instock","restock_status":false,"low_stock_amount":"","sales_update_date":"2025-06-12T04:10:25","calc_backorders":null,"yoast_head":"<!-- This site is optimized with the Yoast SEO plugin v27.6 - https:\/\/yoast.com\/product\/yoast-seo-wordpress\/ -->\n<title>Hose Modell Jenny - ANCORA Onlineshop<\/title>\n<meta name=\"robots\" content=\"index, follow, max-snippet:-1, max-image-preview:large, max-video-preview:-1\" \/>\n<link rel=\"canonical\" href=\"https:\/\/www.ancora-shop.de\/de\/produkt\/hose-modell-jenny\/\" \/>\n<meta property=\"og:locale\" content=\"de_DE\" \/>\n<meta property=\"og:type\" content=\"article\" \/>\n<meta property=\"og:title\" content=\"Hose Modell Jenny - ANCORA Onlineshop\" \/>\n<meta property=\"og:description\" content=\"Bitte beachten: Die aktuelle Hose Jenny kommt in einem stabileren Material und mit einer um ca. 6 cm l\u00e4ngeren Beinl\u00e4nge. Eine cleane Wohlf\u00fchlhose mit perfekter Passform: hochwertig im Material, klar im Schnitt und gemacht f\u00fcr einen souver\u00e4nen und doch bequemen Auftritt im Alltag Komfortabler Bund mit besonderer Passe in leicht dreieckiger Form f\u00fcr eine sch\u00f6ne [...]\" \/>\n<meta property=\"og:url\" content=\"https:\/\/www.ancora-shop.de\/de\/produkt\/hose-modell-jenny\/\" \/>\n<meta property=\"og:site_name\" content=\"ANCORA Onlineshop\" \/>\n<meta property=\"article:modified_time\" content=\"2026-04-29T08:57:45+00:00\" \/>\n<meta property=\"og:image\" content=\"https:\/\/www.ancora-shop.de\/wp-content\/uploads\/2026\/02\/JENNY-BA-1.jpg\" \/>\n\t<meta property=\"og:image:width\" content=\"1067\" \/>\n\t<meta property=\"og:image:height\" content=\"1600\" \/>\n\t<meta property=\"og:image:type\" content=\"image\/jpeg\" \/>\n<meta name=\"twitter:card\" content=\"summary_large_image\" \/>\n<meta name=\"twitter:label1\" content=\"Gesch\u00e4tzte Lesezeit\" \/>\n\t<meta name=\"twitter:data1\" content=\"2\u00a0Minuten\" \/>\n<script type=\"application\/ld+json\" class=\"yoast-schema-graph\">{\"@context\":\"https:\\\/\\\/schema.org\",\"@graph\":[{\"@type\":\"WebPage\",\"@id\":\"https:\\\/\\\/www.ancora-shop.de\\\/produkt\\\/hose-modell-jenny\\\/\",\"url\":\"https:\\\/\\\/www.ancora-shop.de\\\/produkt\\\/hose-modell-jenny\\\/\",\"name\":\"Hose Modell Jenny - ANCORA Onlineshop\",\"isPartOf\":{\"@id\":\"https:\\\/\\\/www.ancora-shop.de\\\/#website\"},\"primaryImageOfPage\":{\"@id\":\"https:\\\/\\\/www.ancora-shop.de\\\/produkt\\\/hose-modell-jenny\\\/#primaryimage\"},\"image\":{\"@id\":\"https:\\\/\\\/www.ancora-shop.de\\\/produkt\\\/hose-modell-jenny\\\/#primaryimage\"},\"thumbnailUrl\":\"https:\\\/\\\/www.ancora-shop.de\\\/wp-content\\\/uploads\\\/2026\\\/02\\\/JENNY-BA-1.jpg\",\"datePublished\":\"2026-02-09T15:29:39+00:00\",\"dateModified\":\"2026-04-29T08:57:45+00:00\",\"breadcrumb\":{\"@id\":\"https:\\\/\\\/www.ancora-shop.de\\\/produkt\\\/hose-modell-jenny\\\/#breadcrumb\"},\"inLanguage\":\"de\",\"potentialAction\":[{\"@type\":\"ReadAction\",\"target\":[\"https:\\\/\\\/www.ancora-shop.de\\\/produkt\\\/hose-modell-jenny\\\/\"]}]},{\"@type\":\"ImageObject\",\"inLanguage\":\"de\",\"@id\":\"https:\\\/\\\/www.ancora-shop.de\\\/produkt\\\/hose-modell-jenny\\\/#primaryimage\",\"url\":\"https:\\\/\\\/www.ancora-shop.de\\\/wp-content\\\/uploads\\\/2026\\\/02\\\/JENNY-BA-1.jpg\",\"contentUrl\":\"https:\\\/\\\/www.ancora-shop.de\\\/wp-content\\\/uploads\\\/2026\\\/02\\\/JENNY-BA-1.jpg\",\"width\":1067,\"height\":1600},{\"@type\":\"BreadcrumbList\",\"@id\":\"https:\\\/\\\/www.ancora-shop.de\\\/produkt\\\/hose-modell-jenny\\\/#breadcrumb\",\"itemListElement\":[{\"@type\":\"ListItem\",\"position\":1,\"name\":\"Startseite\",\"item\":\"https:\\\/\\\/www.ancora-shop.de\\\/\"},{\"@type\":\"ListItem\",\"position\":2,\"name\":\"Shop\",\"item\":\"https:\\\/\\\/www.ancora-shop.de\\\/shop\\\/\"},{\"@type\":\"ListItem\",\"position\":3,\"name\":\"Hose Modell Jenny\"}]},{\"@type\":\"WebSite\",\"@id\":\"https:\\\/\\\/www.ancora-shop.de\\\/#website\",\"url\":\"https:\\\/\\\/www.ancora-shop.de\\\/\",\"name\":\"ANCORA Onlineshop\",\"description\":\"\",\"potentialAction\":[{\"@type\":\"SearchAction\",\"target\":{\"@type\":\"EntryPoint\",\"urlTemplate\":\"https:\\\/\\\/www.ancora-shop.de\\\/?s={search_term_string}\"},\"query-input\":{\"@type\":\"PropertyValueSpecification\",\"valueRequired\":true,\"valueName\":\"search_term_string\"}}],\"inLanguage\":\"de\"}]}<\/script>\n<!-- \/ Yoast SEO plugin. -->","yoast_head_json":{"title":"Hose Modell Jenny - ANCORA Onlineshop","robots":{"index":"index","follow":"follow","max-snippet":"max-snippet:-1","max-image-preview":"max-image-preview:large","max-video-preview":"max-video-preview:-1"},"canonical":"https:\/\/www.ancora-shop.de\/de\/produkt\/hose-modell-jenny\/","og_locale":"de_DE","og_type":"article","og_title":"Hose Modell Jenny - ANCORA Onlineshop","og_description":"Bitte beachten: Die aktuelle Hose Jenny kommt in einem stabileren Material und mit einer um ca. 6 cm l\u00e4ngeren Beinl\u00e4nge. Eine cleane Wohlf\u00fchlhose mit perfekter Passform: hochwertig im Material, klar im Schnitt und gemacht f\u00fcr einen souver\u00e4nen und doch bequemen Auftritt im Alltag Komfortabler Bund mit besonderer Passe in leicht dreieckiger Form f\u00fcr eine sch\u00f6ne [...]","og_url":"https:\/\/www.ancora-shop.de\/de\/produkt\/hose-modell-jenny\/","og_site_name":"ANCORA Onlineshop","article_modified_time":"2026-04-29T08:57:45+00:00","og_image":[{"width":1067,"height":1600,"url":"https:\/\/www.ancora-shop.de\/wp-content\/uploads\/2026\/02\/JENNY-BA-1.jpg","type":"image\/jpeg"}],"twitter_card":"summary_large_image","twitter_misc":{"Gesch\u00e4tzte Lesezeit":"2\u00a0Minuten"},"schema":{"@context":"https:\/\/schema.org","@graph":[{"@type":"WebPage","@id":"https:\/\/www.ancora-shop.de\/produkt\/hose-modell-jenny\/","url":"https:\/\/www.ancora-shop.de\/produkt\/hose-modell-jenny\/","name":"Hose Modell Jenny - ANCORA Onlineshop","isPartOf":{"@id":"https:\/\/www.ancora-shop.de\/#website"},"primaryImageOfPage":{"@id":"https:\/\/www.ancora-shop.de\/produkt\/hose-modell-jenny\/#primaryimage"},"image":{"@id":"https:\/\/www.ancora-shop.de\/produkt\/hose-modell-jenny\/#primaryimage"},"thumbnailUrl":"https:\/\/www.ancora-shop.de\/wp-content\/uploads\/2026\/02\/JENNY-BA-1.jpg","datePublished":"2026-02-09T15:29:39+00:00","dateModified":"2026-04-29T08:57:45+00:00","breadcrumb":{"@id":"https:\/\/www.ancora-shop.de\/produkt\/hose-modell-jenny\/#breadcrumb"},"inLanguage":"de","potentialAction":[{"@type":"ReadAction","target":["https:\/\/www.ancora-shop.de\/produkt\/hose-modell-jenny\/"]}]},{"@type":"ImageObject","inLanguage":"de","@id":"https:\/\/www.ancora-shop.de\/produkt\/hose-modell-jenny\/#primaryimage","url":"https:\/\/www.ancora-shop.de\/wp-content\/uploads\/2026\/02\/JENNY-BA-1.jpg","contentUrl":"https:\/\/www.ancora-shop.de\/wp-content\/uploads\/2026\/02\/JENNY-BA-1.jpg","width":1067,"height":1600},{"@type":"BreadcrumbList","@id":"https:\/\/www.ancora-shop.de\/produkt\/hose-modell-jenny\/#breadcrumb","itemListElement":[{"@type":"ListItem","position":1,"name":"Startseite","item":"https:\/\/www.ancora-shop.de\/"},{"@type":"ListItem","position":2,"name":"Shop","item":"https:\/\/www.ancora-shop.de\/shop\/"},{"@type":"ListItem","position":3,"name":"Hose Modell Jenny"}]},{"@type":"WebSite","@id":"https:\/\/www.ancora-shop.de\/#website","url":"https:\/\/www.ancora-shop.de\/","name":"ANCORA Onlineshop","description":"","potentialAction":[{"@type":"SearchAction","target":{"@type":"EntryPoint","urlTemplate":"https:\/\/www.ancora-shop.de\/?s={search_term_string}"},"query-input":{"@type":"PropertyValueSpecification","valueRequired":true,"valueName":"search_term_string"}}],"inLanguage":"de"}]}},"_links":{"self":[{"href":"https:\/\/www.ancora-shop.de\/de\/wp-json\/wp\/v2\/product\/82398","targetHints":{"allow":["GET"]}}],"collection":[{"href":"https:\/\/www.ancora-shop.de\/de\/wp-json\/wp\/v2\/product"}],"about":[{"href":"https:\/\/www.ancora-shop.de\/de\/wp-json\/wp\/v2\/types\/product"}],"wp:featuredmedia":[{"embeddable":true,"href":"https:\/\/www.ancora-shop.de\/de\/wp-json\/wp\/v2\/media\/82883"}],"wp:attachment":[{"href":"https:\/\/www.ancora-shop.de\/de\/wp-json\/wp\/v2\/media?parent=82398"}],"wp:term":[{"taxonomy":"product_brand","embeddable":true,"href":"https:\/\/www.ancora-shop.de\/de\/wp-json\/wp\/v2\/product_brand?post=82398"},{"taxonomy":"product_cat","embeddable":true,"href":"https:\/\/www.ancora-shop.de\/de\/wp-json\/wp\/v2\/product_cat?post=82398"},{"taxonomy":"product_tag","embeddable":true,"href":"https:\/\/www.ancora-shop.de\/de\/wp-json\/wp\/v2\/product_tag?post=82398"}],"curies":[{"name":"wp","href":"https:\/\/api.w.org\/{rel}","templated":true}]}}