{"id":82202,"date":"2026-02-09T14:29:34","date_gmt":"2026-02-09T13:29:34","guid":{"rendered":"https:\/\/www.ancora-shop.de\/?post_type=product&#038;p=82202"},"modified":"2026-02-15T10:46:07","modified_gmt":"2026-02-15T09:46:07","slug":"shirt-modell-karina","status":"publish","type":"product","link":"https:\/\/www.ancora-shop.de\/de\/produkt\/shirt-modell-karina\/","title":{"rendered":"Shirt Modell Karina"},"content":{"rendered":"<ul>\n<li>Ein entspanntes Wohlf\u00fchl-Oberteil mit modernem Twist: weich fallend, locker geschnitten und vielseitig kombinierbar<\/li>\n<li>Angenehm softe, elastische Materialqualit\u00e4t mit glatter, pfirsichartiger Oberfl\u00e4che<\/li>\n<li>Moderner Ausschnitt in breiter V-Form mit \u00fcbereinandergelegter Borde als dezentes Detail<\/li>\n<li>Locker fallende Silhouette f\u00fcr einen entspannten, zeitgem\u00e4\u00dfen Look<\/li>\n<li>Dreiviertel-Arm-L\u00e4nge, ideal f\u00fcr \u00dcbergang und Layering<\/li>\n<li>Seitlich platzierte, gro\u00dfz\u00fcgige Tasche als l\u00e4ssiges Design-Element<\/li>\n<li>\u00dcberschnittene Schulter f\u00fcr einen soften Fall<\/li>\n<li>Abschlussbund als sportive Optik<\/li>\n<li>Dezentes Label-Emblem<\/li>\n<li><strong>Besonderheit: Dieses Oberteil verbindet Komfort mit modernem Design: entspannt im Tragegef\u00fchl, klar in der Optik und vielseitig kombinierbar. Ob im Set mit der passenden Hose oder als Stilbruch zu Blazer und Denim \u2013 hier kommt ein unkompliziertes Lieblingsst\u00fcck f\u00fcr jeden Tag.<\/strong><\/li>\n<\/ul>\n<ul>\n<li>Made in Italy<\/li>\n<\/ul>\n<p class=\"p1\">Die Taschen findet Ihr im Shop unseres Kooperationspartners: <a href=\"https:\/\/www.bolindersthlm.com\/\"><span class=\"s1\">https:\/\/www.bolindersthlm.com<\/span><\/a><\/p>","protected":false},"excerpt":{"rendered":"<p>Ein entspanntes Wohlf\u00fchl-Oberteil mit modernem Twist: weich fallend, locker geschnitten und vielseitig kombinierbar Angenehm softe, elastische Materialqualit\u00e4t mit glatter, pfirsichartiger Oberfl\u00e4che Moderner Ausschnitt in breiter V-Form mit \u00fcbereinandergelegter Borde als dezentes Detail Locker fallende Silhouette f\u00fcr einen entspannten, zeitgem\u00e4\u00dfen Look Dreiviertel-Arm-L\u00e4nge, ideal f\u00fcr \u00dcbergang und Layering Seitlich platzierte, gro\u00dfz\u00fcgige Tasche als l\u00e4ssiges Design-Element \u00dcberschnittene Schulter [&#8230;]\n","protected":false},"featured_media":83240,"template":"","meta":[],"product_brand":[],"product_cat":[647],"product_tag":[],"class_list":{"0":"post-82202","1":"product","2":"type-product","3":"status-publish","4":"has-post-thumbnail","6":"product_cat-shirts","8":"first","9":"instock","10":"taxable","11":"shipping-taxable","12":"purchasable","13":"product-type-variable"},"supplier_id":null,"supplier_sku":"","barcode":null,"atum_controlled":true,"out_stock_date":null,"out_stock_threshold":null,"inheritable":true,"inbound_stock":null,"stock_on_hold":0,"sold_today":0,"sales_last_days":3,"reserved_stock":null,"customer_returns":null,"warehouse_damage":null,"lost_in_post":null,"other_logs":null,"out_stock_days":null,"lost_sales":0,"has_location":false,"update_date":"2026-02-26T14:26:49","atum_locations":[],"atum_stock_status":"instock","restock_status":false,"low_stock_amount":"","sales_update_date":"2026-01-29T05:59:46","calc_backorders":null,"yoast_head":"<!-- This site is optimized with the Yoast SEO plugin v27.6 - https:\/\/yoast.com\/product\/yoast-seo-wordpress\/ -->\n<title>Shirt Modell Karina - ANCORA Onlineshop<\/title>\n<meta name=\"robots\" content=\"index, follow, max-snippet:-1, max-image-preview:large, max-video-preview:-1\" \/>\n<link rel=\"canonical\" href=\"https:\/\/www.ancora-shop.de\/de\/produkt\/shirt-modell-karina\/\" \/>\n<meta property=\"og:locale\" content=\"de_DE\" \/>\n<meta property=\"og:type\" content=\"article\" \/>\n<meta property=\"og:title\" content=\"Shirt Modell Karina - ANCORA Onlineshop\" \/>\n<meta property=\"og:description\" content=\"Ein entspanntes Wohlf\u00fchl-Oberteil mit modernem Twist: weich fallend, locker geschnitten und vielseitig kombinierbar Angenehm softe, elastische Materialqualit\u00e4t mit glatter, pfirsichartiger Oberfl\u00e4che Moderner Ausschnitt in breiter V-Form mit \u00fcbereinandergelegter Borde als dezentes Detail Locker fallende Silhouette f\u00fcr einen entspannten, zeitgem\u00e4\u00dfen Look Dreiviertel-Arm-L\u00e4nge, ideal f\u00fcr \u00dcbergang und Layering Seitlich platzierte, gro\u00dfz\u00fcgige Tasche als l\u00e4ssiges Design-Element \u00dcberschnittene Schulter [...]\" \/>\n<meta property=\"og:url\" content=\"https:\/\/www.ancora-shop.de\/de\/produkt\/shirt-modell-karina\/\" \/>\n<meta property=\"og:site_name\" content=\"ANCORA Onlineshop\" \/>\n<meta property=\"article:modified_time\" content=\"2026-02-15T09:46:07+00:00\" \/>\n<meta property=\"og:image\" content=\"https:\/\/www.ancora-shop.de\/wp-content\/uploads\/2026\/02\/KARINA-LE-1.jpg\" \/>\n\t<meta property=\"og:image:width\" content=\"1067\" \/>\n\t<meta property=\"og:image:height\" content=\"1600\" \/>\n\t<meta property=\"og:image:type\" content=\"image\/jpeg\" \/>\n<meta name=\"twitter:card\" content=\"summary_large_image\" \/>\n<meta name=\"twitter:label1\" content=\"Gesch\u00e4tzte Lesezeit\" \/>\n\t<meta name=\"twitter:data1\" content=\"1\u00a0Minute\" \/>\n<script type=\"application\/ld+json\" class=\"yoast-schema-graph\">{\"@context\":\"https:\\\/\\\/schema.org\",\"@graph\":[{\"@type\":\"WebPage\",\"@id\":\"https:\\\/\\\/www.ancora-shop.de\\\/produkt\\\/shirt-modell-karina\\\/\",\"url\":\"https:\\\/\\\/www.ancora-shop.de\\\/produkt\\\/shirt-modell-karina\\\/\",\"name\":\"Shirt Modell Karina - ANCORA Onlineshop\",\"isPartOf\":{\"@id\":\"https:\\\/\\\/www.ancora-shop.de\\\/#website\"},\"primaryImageOfPage\":{\"@id\":\"https:\\\/\\\/www.ancora-shop.de\\\/produkt\\\/shirt-modell-karina\\\/#primaryimage\"},\"image\":{\"@id\":\"https:\\\/\\\/www.ancora-shop.de\\\/produkt\\\/shirt-modell-karina\\\/#primaryimage\"},\"thumbnailUrl\":\"https:\\\/\\\/www.ancora-shop.de\\\/wp-content\\\/uploads\\\/2026\\\/02\\\/KARINA-LE-1.jpg\",\"datePublished\":\"2026-02-09T13:29:34+00:00\",\"dateModified\":\"2026-02-15T09:46:07+00:00\",\"breadcrumb\":{\"@id\":\"https:\\\/\\\/www.ancora-shop.de\\\/produkt\\\/shirt-modell-karina\\\/#breadcrumb\"},\"inLanguage\":\"de\",\"potentialAction\":[{\"@type\":\"ReadAction\",\"target\":[\"https:\\\/\\\/www.ancora-shop.de\\\/produkt\\\/shirt-modell-karina\\\/\"]}]},{\"@type\":\"ImageObject\",\"inLanguage\":\"de\",\"@id\":\"https:\\\/\\\/www.ancora-shop.de\\\/produkt\\\/shirt-modell-karina\\\/#primaryimage\",\"url\":\"https:\\\/\\\/www.ancora-shop.de\\\/wp-content\\\/uploads\\\/2026\\\/02\\\/KARINA-LE-1.jpg\",\"contentUrl\":\"https:\\\/\\\/www.ancora-shop.de\\\/wp-content\\\/uploads\\\/2026\\\/02\\\/KARINA-LE-1.jpg\",\"width\":1067,\"height\":1600},{\"@type\":\"BreadcrumbList\",\"@id\":\"https:\\\/\\\/www.ancora-shop.de\\\/produkt\\\/shirt-modell-karina\\\/#breadcrumb\",\"itemListElement\":[{\"@type\":\"ListItem\",\"position\":1,\"name\":\"Startseite\",\"item\":\"https:\\\/\\\/www.ancora-shop.de\\\/\"},{\"@type\":\"ListItem\",\"position\":2,\"name\":\"Shop\",\"item\":\"https:\\\/\\\/www.ancora-shop.de\\\/shop\\\/\"},{\"@type\":\"ListItem\",\"position\":3,\"name\":\"Shirt Modell Karina\"}]},{\"@type\":\"WebSite\",\"@id\":\"https:\\\/\\\/www.ancora-shop.de\\\/#website\",\"url\":\"https:\\\/\\\/www.ancora-shop.de\\\/\",\"name\":\"ANCORA Onlineshop\",\"description\":\"\",\"potentialAction\":[{\"@type\":\"SearchAction\",\"target\":{\"@type\":\"EntryPoint\",\"urlTemplate\":\"https:\\\/\\\/www.ancora-shop.de\\\/?s={search_term_string}\"},\"query-input\":{\"@type\":\"PropertyValueSpecification\",\"valueRequired\":true,\"valueName\":\"search_term_string\"}}],\"inLanguage\":\"de\"}]}<\/script>\n<!-- \/ Yoast SEO plugin. -->","yoast_head_json":{"title":"Shirt Modell Karina - ANCORA Onlineshop","robots":{"index":"index","follow":"follow","max-snippet":"max-snippet:-1","max-image-preview":"max-image-preview:large","max-video-preview":"max-video-preview:-1"},"canonical":"https:\/\/www.ancora-shop.de\/de\/produkt\/shirt-modell-karina\/","og_locale":"de_DE","og_type":"article","og_title":"Shirt Modell Karina - ANCORA Onlineshop","og_description":"Ein entspanntes Wohlf\u00fchl-Oberteil mit modernem Twist: weich fallend, locker geschnitten und vielseitig kombinierbar Angenehm softe, elastische Materialqualit\u00e4t mit glatter, pfirsichartiger Oberfl\u00e4che Moderner Ausschnitt in breiter V-Form mit \u00fcbereinandergelegter Borde als dezentes Detail Locker fallende Silhouette f\u00fcr einen entspannten, zeitgem\u00e4\u00dfen Look Dreiviertel-Arm-L\u00e4nge, ideal f\u00fcr \u00dcbergang und Layering Seitlich platzierte, gro\u00dfz\u00fcgige Tasche als l\u00e4ssiges Design-Element \u00dcberschnittene Schulter [...]","og_url":"https:\/\/www.ancora-shop.de\/de\/produkt\/shirt-modell-karina\/","og_site_name":"ANCORA Onlineshop","article_modified_time":"2026-02-15T09:46:07+00:00","og_image":[{"width":1067,"height":1600,"url":"https:\/\/www.ancora-shop.de\/wp-content\/uploads\/2026\/02\/KARINA-LE-1.jpg","type":"image\/jpeg"}],"twitter_card":"summary_large_image","twitter_misc":{"Gesch\u00e4tzte Lesezeit":"1\u00a0Minute"},"schema":{"@context":"https:\/\/schema.org","@graph":[{"@type":"WebPage","@id":"https:\/\/www.ancora-shop.de\/produkt\/shirt-modell-karina\/","url":"https:\/\/www.ancora-shop.de\/produkt\/shirt-modell-karina\/","name":"Shirt Modell Karina - ANCORA Onlineshop","isPartOf":{"@id":"https:\/\/www.ancora-shop.de\/#website"},"primaryImageOfPage":{"@id":"https:\/\/www.ancora-shop.de\/produkt\/shirt-modell-karina\/#primaryimage"},"image":{"@id":"https:\/\/www.ancora-shop.de\/produkt\/shirt-modell-karina\/#primaryimage"},"thumbnailUrl":"https:\/\/www.ancora-shop.de\/wp-content\/uploads\/2026\/02\/KARINA-LE-1.jpg","datePublished":"2026-02-09T13:29:34+00:00","dateModified":"2026-02-15T09:46:07+00:00","breadcrumb":{"@id":"https:\/\/www.ancora-shop.de\/produkt\/shirt-modell-karina\/#breadcrumb"},"inLanguage":"de","potentialAction":[{"@type":"ReadAction","target":["https:\/\/www.ancora-shop.de\/produkt\/shirt-modell-karina\/"]}]},{"@type":"ImageObject","inLanguage":"de","@id":"https:\/\/www.ancora-shop.de\/produkt\/shirt-modell-karina\/#primaryimage","url":"https:\/\/www.ancora-shop.de\/wp-content\/uploads\/2026\/02\/KARINA-LE-1.jpg","contentUrl":"https:\/\/www.ancora-shop.de\/wp-content\/uploads\/2026\/02\/KARINA-LE-1.jpg","width":1067,"height":1600},{"@type":"BreadcrumbList","@id":"https:\/\/www.ancora-shop.de\/produkt\/shirt-modell-karina\/#breadcrumb","itemListElement":[{"@type":"ListItem","position":1,"name":"Startseite","item":"https:\/\/www.ancora-shop.de\/"},{"@type":"ListItem","position":2,"name":"Shop","item":"https:\/\/www.ancora-shop.de\/shop\/"},{"@type":"ListItem","position":3,"name":"Shirt Modell Karina"}]},{"@type":"WebSite","@id":"https:\/\/www.ancora-shop.de\/#website","url":"https:\/\/www.ancora-shop.de\/","name":"ANCORA Onlineshop","description":"","potentialAction":[{"@type":"SearchAction","target":{"@type":"EntryPoint","urlTemplate":"https:\/\/www.ancora-shop.de\/?s={search_term_string}"},"query-input":{"@type":"PropertyValueSpecification","valueRequired":true,"valueName":"search_term_string"}}],"inLanguage":"de"}]}},"_links":{"self":[{"href":"https:\/\/www.ancora-shop.de\/de\/wp-json\/wp\/v2\/product\/82202","targetHints":{"allow":["GET"]}}],"collection":[{"href":"https:\/\/www.ancora-shop.de\/de\/wp-json\/wp\/v2\/product"}],"about":[{"href":"https:\/\/www.ancora-shop.de\/de\/wp-json\/wp\/v2\/types\/product"}],"wp:featuredmedia":[{"embeddable":true,"href":"https:\/\/www.ancora-shop.de\/de\/wp-json\/wp\/v2\/media\/83240"}],"wp:attachment":[{"href":"https:\/\/www.ancora-shop.de\/de\/wp-json\/wp\/v2\/media?parent=82202"}],"wp:term":[{"taxonomy":"product_brand","embeddable":true,"href":"https:\/\/www.ancora-shop.de\/de\/wp-json\/wp\/v2\/product_brand?post=82202"},{"taxonomy":"product_cat","embeddable":true,"href":"https:\/\/www.ancora-shop.de\/de\/wp-json\/wp\/v2\/product_cat?post=82202"},{"taxonomy":"product_tag","embeddable":true,"href":"https:\/\/www.ancora-shop.de\/de\/wp-json\/wp\/v2\/product_tag?post=82202"}],"curies":[{"name":"wp","href":"https:\/\/api.w.org\/{rel}","templated":true}]}}