{"id":82170,"date":"2026-02-09T13:54:27","date_gmt":"2026-02-09T12:54:27","guid":{"rendered":"https:\/\/www.ancora-shop.de\/?post_type=product&#038;p=82170"},"modified":"2026-03-09T04:00:13","modified_gmt":"2026-03-09T03:00:13","slug":"hoodie-modell-kalea","status":"publish","type":"product","link":"https:\/\/www.ancora-shop.de\/de\/produkt\/hoodie-modell-kalea\/","title":{"rendered":"Hoodie Modell Kalea"},"content":{"rendered":"<ul>\n<li>Ein moderner Sweater f\u00fcr den neuen Alltag: entspannt im Schnitt, weich im Griff und vielseitig kombinierbar von Streetwear bis City<\/li>\n<li>Super softe, elastische Materialqualit\u00e4t mit angenehm glatter, pfirsichartiger Oberfl\u00e4che<\/li>\n<li>Locker geschnittene Silhouette mit \u00fcberschnittener Schulter f\u00fcr einen l\u00e4ssigen Fall<\/li>\n<li>Bequeme Passform durch Doppelgr\u00f6\u00dfen (Gr\u00f6\u00dfe 1 = 36\/38, locker getragen)<\/li>\n<li>Leicht angeschnittener Kragen mit Rei\u00dfverschluss, der geschlossen wie ein Stehkragen wirkt und weich fallend auch offen tragbar ist<\/li>\n<li>Breiter, farblich abgestimmter Rei\u00dfverschluss in hochwertiger Optik als modernes Design-Element<\/li>\n<li>Hoodie-Fronttasche f\u00fcr den typischen Hoodie-Look<\/li>\n<li>\u00c4rmel mit B\u00fcndchen<\/li>\n<li>Unterer Abschlussbund<\/li>\n<li>Dezentes Label-Emblem<\/li>\n<li><strong>Besonderheit: Dieser Sweater steht f\u00fcr einen zeitgem\u00e4\u00dfen Stil, der Komfort und Design verbindet: weich wie ein Wohlf\u00fchlteil, aber klar genug f\u00fcr den Alltag. Der besondere Kragen mit Rei\u00dfverschluss verleiht ihm eine moderne Note und macht ihn vielseitig tragbar: sportlich entspannt, urban kombiniert oder bewusst im Stilbruch zu Blazer oder Mantel.<\/strong><\/li>\n<\/ul>\n<ul>\n<li>Made in Italy<\/li>\n<\/ul>\n<p class=\"p1\">Die Taschen findet Ihr im Shop unseres Kooperationspartners: <a href=\"https:\/\/www.bolindersthlm.com\/\"><span class=\"s1\">https:\/\/www.bolindersthlm.com<\/span><\/a><\/p>","protected":false},"excerpt":{"rendered":"<p>Ein moderner Sweater f\u00fcr den neuen Alltag: entspannt im Schnitt, weich im Griff und vielseitig kombinierbar von Streetwear bis City Super softe, elastische Materialqualit\u00e4t mit angenehm glatter, pfirsichartiger Oberfl\u00e4che Locker geschnittene Silhouette mit \u00fcberschnittener Schulter f\u00fcr einen l\u00e4ssigen Fall Bequeme Passform durch Doppelgr\u00f6\u00dfen (Gr\u00f6\u00dfe 1 = 36\/38, locker getragen) Leicht angeschnittener Kragen mit Rei\u00dfverschluss, der [&#8230;]\n","protected":false},"featured_media":83205,"template":"","meta":[],"product_brand":[],"product_cat":[647],"product_tag":[],"class_list":{"0":"post-82170","1":"product","2":"type-product","3":"status-publish","4":"has-post-thumbnail","6":"product_cat-shirts","8":"first","9":"instock","10":"taxable","11":"shipping-taxable","12":"purchasable","13":"product-type-variable"},"supplier_id":null,"supplier_sku":"","barcode":null,"atum_controlled":true,"out_stock_date":null,"out_stock_threshold":null,"inheritable":true,"inbound_stock":null,"stock_on_hold":1,"sold_today":0,"sales_last_days":1,"reserved_stock":null,"customer_returns":null,"warehouse_damage":null,"lost_in_post":null,"other_logs":null,"out_stock_days":null,"lost_sales":0,"has_location":false,"update_date":"2026-03-27T12:20:09","atum_locations":[],"atum_stock_status":"instock","restock_status":false,"low_stock_amount":"","sales_update_date":"2026-01-29T06:59:46","calc_backorders":null,"yoast_head":"<!-- This site is optimized with the Yoast SEO plugin v27.6 - https:\/\/yoast.com\/product\/yoast-seo-wordpress\/ -->\n<title>Hoodie Modell Kalea - ANCORA Onlineshop<\/title>\n<meta name=\"robots\" content=\"index, follow, max-snippet:-1, max-image-preview:large, max-video-preview:-1\" \/>\n<link rel=\"canonical\" href=\"https:\/\/www.ancora-shop.de\/de\/produkt\/hoodie-modell-kalea\/\" \/>\n<meta property=\"og:locale\" content=\"de_DE\" \/>\n<meta property=\"og:type\" content=\"article\" \/>\n<meta property=\"og:title\" content=\"Hoodie Modell Kalea - ANCORA Onlineshop\" \/>\n<meta property=\"og:description\" content=\"Ein moderner Sweater f\u00fcr den neuen Alltag: entspannt im Schnitt, weich im Griff und vielseitig kombinierbar von Streetwear bis City Super softe, elastische Materialqualit\u00e4t mit angenehm glatter, pfirsichartiger Oberfl\u00e4che Locker geschnittene Silhouette mit \u00fcberschnittener Schulter f\u00fcr einen l\u00e4ssigen Fall Bequeme Passform durch Doppelgr\u00f6\u00dfen (Gr\u00f6\u00dfe 1 = 36\/38, locker getragen) Leicht angeschnittener Kragen mit Rei\u00dfverschluss, der [...]\" \/>\n<meta property=\"og:url\" content=\"https:\/\/www.ancora-shop.de\/de\/produkt\/hoodie-modell-kalea\/\" \/>\n<meta property=\"og:site_name\" content=\"ANCORA Onlineshop\" \/>\n<meta property=\"article:modified_time\" content=\"2026-03-09T03:00:13+00:00\" \/>\n<meta property=\"og:image\" content=\"https:\/\/www.ancora-shop.de\/wp-content\/uploads\/2026\/02\/KALEA-BU-1.jpg\" \/>\n\t<meta property=\"og:image:width\" content=\"1067\" \/>\n\t<meta property=\"og:image:height\" content=\"1599\" \/>\n\t<meta property=\"og:image:type\" content=\"image\/jpeg\" \/>\n<meta name=\"twitter:card\" content=\"summary_large_image\" \/>\n<meta name=\"twitter:label1\" content=\"Gesch\u00e4tzte Lesezeit\" \/>\n\t<meta name=\"twitter:data1\" content=\"2\u00a0Minuten\" \/>\n<script type=\"application\/ld+json\" class=\"yoast-schema-graph\">{\"@context\":\"https:\\\/\\\/schema.org\",\"@graph\":[{\"@type\":\"WebPage\",\"@id\":\"https:\\\/\\\/www.ancora-shop.de\\\/produkt\\\/hoodie-modell-kalea\\\/\",\"url\":\"https:\\\/\\\/www.ancora-shop.de\\\/produkt\\\/hoodie-modell-kalea\\\/\",\"name\":\"Hoodie Modell Kalea - ANCORA Onlineshop\",\"isPartOf\":{\"@id\":\"https:\\\/\\\/www.ancora-shop.de\\\/#website\"},\"primaryImageOfPage\":{\"@id\":\"https:\\\/\\\/www.ancora-shop.de\\\/produkt\\\/hoodie-modell-kalea\\\/#primaryimage\"},\"image\":{\"@id\":\"https:\\\/\\\/www.ancora-shop.de\\\/produkt\\\/hoodie-modell-kalea\\\/#primaryimage\"},\"thumbnailUrl\":\"https:\\\/\\\/www.ancora-shop.de\\\/wp-content\\\/uploads\\\/2026\\\/02\\\/KALEA-BU-1.jpg\",\"datePublished\":\"2026-02-09T12:54:27+00:00\",\"dateModified\":\"2026-03-09T03:00:13+00:00\",\"breadcrumb\":{\"@id\":\"https:\\\/\\\/www.ancora-shop.de\\\/produkt\\\/hoodie-modell-kalea\\\/#breadcrumb\"},\"inLanguage\":\"de\",\"potentialAction\":[{\"@type\":\"ReadAction\",\"target\":[\"https:\\\/\\\/www.ancora-shop.de\\\/produkt\\\/hoodie-modell-kalea\\\/\"]}]},{\"@type\":\"ImageObject\",\"inLanguage\":\"de\",\"@id\":\"https:\\\/\\\/www.ancora-shop.de\\\/produkt\\\/hoodie-modell-kalea\\\/#primaryimage\",\"url\":\"https:\\\/\\\/www.ancora-shop.de\\\/wp-content\\\/uploads\\\/2026\\\/02\\\/KALEA-BU-1.jpg\",\"contentUrl\":\"https:\\\/\\\/www.ancora-shop.de\\\/wp-content\\\/uploads\\\/2026\\\/02\\\/KALEA-BU-1.jpg\",\"width\":1067,\"height\":1599},{\"@type\":\"BreadcrumbList\",\"@id\":\"https:\\\/\\\/www.ancora-shop.de\\\/produkt\\\/hoodie-modell-kalea\\\/#breadcrumb\",\"itemListElement\":[{\"@type\":\"ListItem\",\"position\":1,\"name\":\"Startseite\",\"item\":\"https:\\\/\\\/www.ancora-shop.de\\\/\"},{\"@type\":\"ListItem\",\"position\":2,\"name\":\"Shop\",\"item\":\"https:\\\/\\\/www.ancora-shop.de\\\/shop\\\/\"},{\"@type\":\"ListItem\",\"position\":3,\"name\":\"Hoodie Modell Kalea\"}]},{\"@type\":\"WebSite\",\"@id\":\"https:\\\/\\\/www.ancora-shop.de\\\/#website\",\"url\":\"https:\\\/\\\/www.ancora-shop.de\\\/\",\"name\":\"ANCORA Onlineshop\",\"description\":\"\",\"potentialAction\":[{\"@type\":\"SearchAction\",\"target\":{\"@type\":\"EntryPoint\",\"urlTemplate\":\"https:\\\/\\\/www.ancora-shop.de\\\/?s={search_term_string}\"},\"query-input\":{\"@type\":\"PropertyValueSpecification\",\"valueRequired\":true,\"valueName\":\"search_term_string\"}}],\"inLanguage\":\"de\"}]}<\/script>\n<!-- \/ Yoast SEO plugin. -->","yoast_head_json":{"title":"Hoodie Modell Kalea - ANCORA Onlineshop","robots":{"index":"index","follow":"follow","max-snippet":"max-snippet:-1","max-image-preview":"max-image-preview:large","max-video-preview":"max-video-preview:-1"},"canonical":"https:\/\/www.ancora-shop.de\/de\/produkt\/hoodie-modell-kalea\/","og_locale":"de_DE","og_type":"article","og_title":"Hoodie Modell Kalea - ANCORA Onlineshop","og_description":"Ein moderner Sweater f\u00fcr den neuen Alltag: entspannt im Schnitt, weich im Griff und vielseitig kombinierbar von Streetwear bis City Super softe, elastische Materialqualit\u00e4t mit angenehm glatter, pfirsichartiger Oberfl\u00e4che Locker geschnittene Silhouette mit \u00fcberschnittener Schulter f\u00fcr einen l\u00e4ssigen Fall Bequeme Passform durch Doppelgr\u00f6\u00dfen (Gr\u00f6\u00dfe 1 = 36\/38, locker getragen) Leicht angeschnittener Kragen mit Rei\u00dfverschluss, der [...]","og_url":"https:\/\/www.ancora-shop.de\/de\/produkt\/hoodie-modell-kalea\/","og_site_name":"ANCORA Onlineshop","article_modified_time":"2026-03-09T03:00:13+00:00","og_image":[{"width":1067,"height":1599,"url":"https:\/\/www.ancora-shop.de\/wp-content\/uploads\/2026\/02\/KALEA-BU-1.jpg","type":"image\/jpeg"}],"twitter_card":"summary_large_image","twitter_misc":{"Gesch\u00e4tzte Lesezeit":"2\u00a0Minuten"},"schema":{"@context":"https:\/\/schema.org","@graph":[{"@type":"WebPage","@id":"https:\/\/www.ancora-shop.de\/produkt\/hoodie-modell-kalea\/","url":"https:\/\/www.ancora-shop.de\/produkt\/hoodie-modell-kalea\/","name":"Hoodie Modell Kalea - ANCORA Onlineshop","isPartOf":{"@id":"https:\/\/www.ancora-shop.de\/#website"},"primaryImageOfPage":{"@id":"https:\/\/www.ancora-shop.de\/produkt\/hoodie-modell-kalea\/#primaryimage"},"image":{"@id":"https:\/\/www.ancora-shop.de\/produkt\/hoodie-modell-kalea\/#primaryimage"},"thumbnailUrl":"https:\/\/www.ancora-shop.de\/wp-content\/uploads\/2026\/02\/KALEA-BU-1.jpg","datePublished":"2026-02-09T12:54:27+00:00","dateModified":"2026-03-09T03:00:13+00:00","breadcrumb":{"@id":"https:\/\/www.ancora-shop.de\/produkt\/hoodie-modell-kalea\/#breadcrumb"},"inLanguage":"de","potentialAction":[{"@type":"ReadAction","target":["https:\/\/www.ancora-shop.de\/produkt\/hoodie-modell-kalea\/"]}]},{"@type":"ImageObject","inLanguage":"de","@id":"https:\/\/www.ancora-shop.de\/produkt\/hoodie-modell-kalea\/#primaryimage","url":"https:\/\/www.ancora-shop.de\/wp-content\/uploads\/2026\/02\/KALEA-BU-1.jpg","contentUrl":"https:\/\/www.ancora-shop.de\/wp-content\/uploads\/2026\/02\/KALEA-BU-1.jpg","width":1067,"height":1599},{"@type":"BreadcrumbList","@id":"https:\/\/www.ancora-shop.de\/produkt\/hoodie-modell-kalea\/#breadcrumb","itemListElement":[{"@type":"ListItem","position":1,"name":"Startseite","item":"https:\/\/www.ancora-shop.de\/"},{"@type":"ListItem","position":2,"name":"Shop","item":"https:\/\/www.ancora-shop.de\/shop\/"},{"@type":"ListItem","position":3,"name":"Hoodie Modell Kalea"}]},{"@type":"WebSite","@id":"https:\/\/www.ancora-shop.de\/#website","url":"https:\/\/www.ancora-shop.de\/","name":"ANCORA Onlineshop","description":"","potentialAction":[{"@type":"SearchAction","target":{"@type":"EntryPoint","urlTemplate":"https:\/\/www.ancora-shop.de\/?s={search_term_string}"},"query-input":{"@type":"PropertyValueSpecification","valueRequired":true,"valueName":"search_term_string"}}],"inLanguage":"de"}]}},"_links":{"self":[{"href":"https:\/\/www.ancora-shop.de\/de\/wp-json\/wp\/v2\/product\/82170","targetHints":{"allow":["GET"]}}],"collection":[{"href":"https:\/\/www.ancora-shop.de\/de\/wp-json\/wp\/v2\/product"}],"about":[{"href":"https:\/\/www.ancora-shop.de\/de\/wp-json\/wp\/v2\/types\/product"}],"wp:featuredmedia":[{"embeddable":true,"href":"https:\/\/www.ancora-shop.de\/de\/wp-json\/wp\/v2\/media\/83205"}],"wp:attachment":[{"href":"https:\/\/www.ancora-shop.de\/de\/wp-json\/wp\/v2\/media?parent=82170"}],"wp:term":[{"taxonomy":"product_brand","embeddable":true,"href":"https:\/\/www.ancora-shop.de\/de\/wp-json\/wp\/v2\/product_brand?post=82170"},{"taxonomy":"product_cat","embeddable":true,"href":"https:\/\/www.ancora-shop.de\/de\/wp-json\/wp\/v2\/product_cat?post=82170"},{"taxonomy":"product_tag","embeddable":true,"href":"https:\/\/www.ancora-shop.de\/de\/wp-json\/wp\/v2\/product_tag?post=82170"}],"curies":[{"name":"wp","href":"https:\/\/api.w.org\/{rel}","templated":true}]}}