{"id":82029,"date":"2026-02-09T12:03:41","date_gmt":"2026-02-09T11:03:41","guid":{"rendered":"https:\/\/www.ancora-shop.de\/?post_type=product&#038;p=82029"},"modified":"2026-04-24T14:36:01","modified_gmt":"2026-04-24T12:36:01","slug":"strickpulli-modell-nona","status":"publish","type":"product","link":"https:\/\/www.ancora-shop.de\/de\/produkt\/strickpulli-modell-nona\/","title":{"rendered":"Strickpulli Modell Nona"},"content":{"rendered":"<ul>\n<li>Ein echter Kombi-Star mit grafischer Klarheit: Dieser Grobstrickpulli bringt durch die zweifarbige Aufteilung sofort Ruhe und Stil in jeden Look.<\/li>\n<li>Weit geschnittener Stehkragen mit weichem Fall, ohne am Hals einzuengen<\/li>\n<li>\u00dcberschnittene Schulter mit gerade eingesetztem \u00c4rmel<\/li>\n<li>Grobe, plastische Strickstruktur in kraus rechts \/ Perlfang-Optik<\/li>\n<li>Zweifarbiger Colorblock-Look mit klarer, gerader Kante im Vorderteil, die in die \u00c4rmel \u00fcbergeht<\/li>\n<li>Gerade, entspannte Silhouette<\/li>\n<li>Angenehm griffig &#8211; perfekt zum Layern \u00fcber Tops, Blusen oder Longsleeves<\/li>\n<li><strong>Besonderheit: Die klare zweifarbige Front verleiht dem Pulli eine moderne, grafische Wirkung, w\u00e4hrend die grobe Strickstruktur f\u00fcr Tiefe und Nat\u00fcrlichkeit sorgt. Der weich fallende Stehkragen rundet das Design l\u00e4ssig ab \u2013 ein unkompliziertes Statement-Piece, das sich vielseitig kombinieren l\u00e4sst und trotzdem sofort ins Auge f\u00e4llt<\/strong><\/li>\n<li>Made in Italy<\/li>\n<\/ul>\n<p class=\"p1\">Die Taschen findet Ihr im Shop unseres Kooperationspartners: <a href=\"https:\/\/www.bolindersthlm.com\/\"><span class=\"s1\">https:\/\/www.bolindersthlm.com<\/span><\/a><\/p>","protected":false},"excerpt":{"rendered":"<p>Ein echter Kombi-Star mit grafischer Klarheit: Dieser Grobstrickpulli bringt durch die zweifarbige Aufteilung sofort Ruhe und Stil in jeden Look. Weit geschnittener Stehkragen mit weichem Fall, ohne am Hals einzuengen \u00dcberschnittene Schulter mit gerade eingesetztem \u00c4rmel Grobe, plastische Strickstruktur in kraus rechts \/ Perlfang-Optik Zweifarbiger Colorblock-Look mit klarer, gerader Kante im Vorderteil, die in die [&#8230;]\n","protected":false},"featured_media":82814,"template":"","meta":[],"product_brand":[],"product_cat":[647,405],"product_tag":[],"class_list":{"0":"post-82029","1":"product","2":"type-product","3":"status-publish","4":"has-post-thumbnail","6":"product_cat-shirts","7":"product_cat-strick","9":"first","10":"instock","11":"taxable","12":"shipping-taxable","13":"purchasable","14":"product-type-variable"},"supplier_id":null,"supplier_sku":"","barcode":null,"atum_controlled":true,"out_stock_date":null,"out_stock_threshold":null,"inheritable":true,"inbound_stock":null,"stock_on_hold":6,"sold_today":1,"sales_last_days":5,"reserved_stock":null,"customer_returns":null,"warehouse_damage":null,"lost_in_post":null,"other_logs":null,"out_stock_days":null,"lost_sales":0,"has_location":false,"update_date":"2026-04-24T12:36:04","atum_locations":[],"atum_stock_status":"instock","restock_status":false,"low_stock_amount":"","sales_update_date":"2026-01-29T09:59:46","calc_backorders":null,"yoast_head":"<!-- This site is optimized with the Yoast SEO plugin v27.6 - https:\/\/yoast.com\/product\/yoast-seo-wordpress\/ -->\n<title>Strickpulli Modell Nona - ANCORA Onlineshop<\/title>\n<meta name=\"robots\" content=\"index, follow, max-snippet:-1, max-image-preview:large, max-video-preview:-1\" \/>\n<link rel=\"canonical\" href=\"https:\/\/www.ancora-shop.de\/de\/produkt\/strickpulli-modell-nona\/\" \/>\n<meta property=\"og:locale\" content=\"de_DE\" \/>\n<meta property=\"og:type\" content=\"article\" \/>\n<meta property=\"og:title\" content=\"Strickpulli Modell Nona - ANCORA Onlineshop\" \/>\n<meta property=\"og:description\" content=\"Ein echter Kombi-Star mit grafischer Klarheit: Dieser Grobstrickpulli bringt durch die zweifarbige Aufteilung sofort Ruhe und Stil in jeden Look. Weit geschnittener Stehkragen mit weichem Fall, ohne am Hals einzuengen \u00dcberschnittene Schulter mit gerade eingesetztem \u00c4rmel Grobe, plastische Strickstruktur in kraus rechts \/ Perlfang-Optik Zweifarbiger Colorblock-Look mit klarer, gerader Kante im Vorderteil, die in die [...]\" \/>\n<meta property=\"og:url\" content=\"https:\/\/www.ancora-shop.de\/de\/produkt\/strickpulli-modell-nona\/\" \/>\n<meta property=\"og:site_name\" content=\"ANCORA Onlineshop\" \/>\n<meta property=\"article:modified_time\" content=\"2026-04-24T12:36:01+00:00\" \/>\n<meta property=\"og:image\" content=\"https:\/\/www.ancora-shop.de\/wp-content\/uploads\/2026\/02\/NONA-RAWE-1.jpg\" \/>\n\t<meta property=\"og:image:width\" content=\"1067\" \/>\n\t<meta property=\"og:image:height\" content=\"1600\" \/>\n\t<meta property=\"og:image:type\" content=\"image\/jpeg\" \/>\n<meta name=\"twitter:card\" content=\"summary_large_image\" \/>\n<meta name=\"twitter:label1\" content=\"Gesch\u00e4tzte Lesezeit\" \/>\n\t<meta name=\"twitter:data1\" content=\"1\u00a0Minute\" \/>\n<script type=\"application\/ld+json\" class=\"yoast-schema-graph\">{\"@context\":\"https:\\\/\\\/schema.org\",\"@graph\":[{\"@type\":\"WebPage\",\"@id\":\"https:\\\/\\\/www.ancora-shop.de\\\/produkt\\\/strickpulli-modell-nona\\\/\",\"url\":\"https:\\\/\\\/www.ancora-shop.de\\\/produkt\\\/strickpulli-modell-nona\\\/\",\"name\":\"Strickpulli Modell Nona - ANCORA Onlineshop\",\"isPartOf\":{\"@id\":\"https:\\\/\\\/www.ancora-shop.de\\\/#website\"},\"primaryImageOfPage\":{\"@id\":\"https:\\\/\\\/www.ancora-shop.de\\\/produkt\\\/strickpulli-modell-nona\\\/#primaryimage\"},\"image\":{\"@id\":\"https:\\\/\\\/www.ancora-shop.de\\\/produkt\\\/strickpulli-modell-nona\\\/#primaryimage\"},\"thumbnailUrl\":\"https:\\\/\\\/www.ancora-shop.de\\\/wp-content\\\/uploads\\\/2026\\\/02\\\/NONA-RAWE-1.jpg\",\"datePublished\":\"2026-02-09T11:03:41+00:00\",\"dateModified\":\"2026-04-24T12:36:01+00:00\",\"breadcrumb\":{\"@id\":\"https:\\\/\\\/www.ancora-shop.de\\\/produkt\\\/strickpulli-modell-nona\\\/#breadcrumb\"},\"inLanguage\":\"de\",\"potentialAction\":[{\"@type\":\"ReadAction\",\"target\":[\"https:\\\/\\\/www.ancora-shop.de\\\/produkt\\\/strickpulli-modell-nona\\\/\"]}]},{\"@type\":\"ImageObject\",\"inLanguage\":\"de\",\"@id\":\"https:\\\/\\\/www.ancora-shop.de\\\/produkt\\\/strickpulli-modell-nona\\\/#primaryimage\",\"url\":\"https:\\\/\\\/www.ancora-shop.de\\\/wp-content\\\/uploads\\\/2026\\\/02\\\/NONA-RAWE-1.jpg\",\"contentUrl\":\"https:\\\/\\\/www.ancora-shop.de\\\/wp-content\\\/uploads\\\/2026\\\/02\\\/NONA-RAWE-1.jpg\",\"width\":1067,\"height\":1600},{\"@type\":\"BreadcrumbList\",\"@id\":\"https:\\\/\\\/www.ancora-shop.de\\\/produkt\\\/strickpulli-modell-nona\\\/#breadcrumb\",\"itemListElement\":[{\"@type\":\"ListItem\",\"position\":1,\"name\":\"Startseite\",\"item\":\"https:\\\/\\\/www.ancora-shop.de\\\/\"},{\"@type\":\"ListItem\",\"position\":2,\"name\":\"Shop\",\"item\":\"https:\\\/\\\/www.ancora-shop.de\\\/shop\\\/\"},{\"@type\":\"ListItem\",\"position\":3,\"name\":\"Strickpulli Modell Nona\"}]},{\"@type\":\"WebSite\",\"@id\":\"https:\\\/\\\/www.ancora-shop.de\\\/#website\",\"url\":\"https:\\\/\\\/www.ancora-shop.de\\\/\",\"name\":\"ANCORA Onlineshop\",\"description\":\"\",\"potentialAction\":[{\"@type\":\"SearchAction\",\"target\":{\"@type\":\"EntryPoint\",\"urlTemplate\":\"https:\\\/\\\/www.ancora-shop.de\\\/?s={search_term_string}\"},\"query-input\":{\"@type\":\"PropertyValueSpecification\",\"valueRequired\":true,\"valueName\":\"search_term_string\"}}],\"inLanguage\":\"de\"}]}<\/script>\n<!-- \/ Yoast SEO plugin. -->","yoast_head_json":{"title":"Strickpulli Modell Nona - ANCORA Onlineshop","robots":{"index":"index","follow":"follow","max-snippet":"max-snippet:-1","max-image-preview":"max-image-preview:large","max-video-preview":"max-video-preview:-1"},"canonical":"https:\/\/www.ancora-shop.de\/de\/produkt\/strickpulli-modell-nona\/","og_locale":"de_DE","og_type":"article","og_title":"Strickpulli Modell Nona - ANCORA Onlineshop","og_description":"Ein echter Kombi-Star mit grafischer Klarheit: Dieser Grobstrickpulli bringt durch die zweifarbige Aufteilung sofort Ruhe und Stil in jeden Look. Weit geschnittener Stehkragen mit weichem Fall, ohne am Hals einzuengen \u00dcberschnittene Schulter mit gerade eingesetztem \u00c4rmel Grobe, plastische Strickstruktur in kraus rechts \/ Perlfang-Optik Zweifarbiger Colorblock-Look mit klarer, gerader Kante im Vorderteil, die in die [...]","og_url":"https:\/\/www.ancora-shop.de\/de\/produkt\/strickpulli-modell-nona\/","og_site_name":"ANCORA Onlineshop","article_modified_time":"2026-04-24T12:36:01+00:00","og_image":[{"width":1067,"height":1600,"url":"https:\/\/www.ancora-shop.de\/wp-content\/uploads\/2026\/02\/NONA-RAWE-1.jpg","type":"image\/jpeg"}],"twitter_card":"summary_large_image","twitter_misc":{"Gesch\u00e4tzte Lesezeit":"1\u00a0Minute"},"schema":{"@context":"https:\/\/schema.org","@graph":[{"@type":"WebPage","@id":"https:\/\/www.ancora-shop.de\/produkt\/strickpulli-modell-nona\/","url":"https:\/\/www.ancora-shop.de\/produkt\/strickpulli-modell-nona\/","name":"Strickpulli Modell Nona - ANCORA Onlineshop","isPartOf":{"@id":"https:\/\/www.ancora-shop.de\/#website"},"primaryImageOfPage":{"@id":"https:\/\/www.ancora-shop.de\/produkt\/strickpulli-modell-nona\/#primaryimage"},"image":{"@id":"https:\/\/www.ancora-shop.de\/produkt\/strickpulli-modell-nona\/#primaryimage"},"thumbnailUrl":"https:\/\/www.ancora-shop.de\/wp-content\/uploads\/2026\/02\/NONA-RAWE-1.jpg","datePublished":"2026-02-09T11:03:41+00:00","dateModified":"2026-04-24T12:36:01+00:00","breadcrumb":{"@id":"https:\/\/www.ancora-shop.de\/produkt\/strickpulli-modell-nona\/#breadcrumb"},"inLanguage":"de","potentialAction":[{"@type":"ReadAction","target":["https:\/\/www.ancora-shop.de\/produkt\/strickpulli-modell-nona\/"]}]},{"@type":"ImageObject","inLanguage":"de","@id":"https:\/\/www.ancora-shop.de\/produkt\/strickpulli-modell-nona\/#primaryimage","url":"https:\/\/www.ancora-shop.de\/wp-content\/uploads\/2026\/02\/NONA-RAWE-1.jpg","contentUrl":"https:\/\/www.ancora-shop.de\/wp-content\/uploads\/2026\/02\/NONA-RAWE-1.jpg","width":1067,"height":1600},{"@type":"BreadcrumbList","@id":"https:\/\/www.ancora-shop.de\/produkt\/strickpulli-modell-nona\/#breadcrumb","itemListElement":[{"@type":"ListItem","position":1,"name":"Startseite","item":"https:\/\/www.ancora-shop.de\/"},{"@type":"ListItem","position":2,"name":"Shop","item":"https:\/\/www.ancora-shop.de\/shop\/"},{"@type":"ListItem","position":3,"name":"Strickpulli Modell Nona"}]},{"@type":"WebSite","@id":"https:\/\/www.ancora-shop.de\/#website","url":"https:\/\/www.ancora-shop.de\/","name":"ANCORA Onlineshop","description":"","potentialAction":[{"@type":"SearchAction","target":{"@type":"EntryPoint","urlTemplate":"https:\/\/www.ancora-shop.de\/?s={search_term_string}"},"query-input":{"@type":"PropertyValueSpecification","valueRequired":true,"valueName":"search_term_string"}}],"inLanguage":"de"}]}},"_links":{"self":[{"href":"https:\/\/www.ancora-shop.de\/de\/wp-json\/wp\/v2\/product\/82029","targetHints":{"allow":["GET"]}}],"collection":[{"href":"https:\/\/www.ancora-shop.de\/de\/wp-json\/wp\/v2\/product"}],"about":[{"href":"https:\/\/www.ancora-shop.de\/de\/wp-json\/wp\/v2\/types\/product"}],"wp:featuredmedia":[{"embeddable":true,"href":"https:\/\/www.ancora-shop.de\/de\/wp-json\/wp\/v2\/media\/82814"}],"wp:attachment":[{"href":"https:\/\/www.ancora-shop.de\/de\/wp-json\/wp\/v2\/media?parent=82029"}],"wp:term":[{"taxonomy":"product_brand","embeddable":true,"href":"https:\/\/www.ancora-shop.de\/de\/wp-json\/wp\/v2\/product_brand?post=82029"},{"taxonomy":"product_cat","embeddable":true,"href":"https:\/\/www.ancora-shop.de\/de\/wp-json\/wp\/v2\/product_cat?post=82029"},{"taxonomy":"product_tag","embeddable":true,"href":"https:\/\/www.ancora-shop.de\/de\/wp-json\/wp\/v2\/product_tag?post=82029"}],"curies":[{"name":"wp","href":"https:\/\/api.w.org\/{rel}","templated":true}]}}