{"id":81203,"date":"2025-11-14T11:37:29","date_gmt":"2025-11-14T10:37:29","guid":{"rendered":"https:\/\/www.ancora-shop.de\/?post_type=product&#038;p=81203"},"modified":"2026-02-11T20:48:12","modified_gmt":"2026-02-11T19:48:12","slug":"weste-modell-pia","status":"publish","type":"product","link":"https:\/\/www.ancora-shop.de\/de\/produkt\/weste-modell-pia\/","title":{"rendered":"Weste Modell Pia"},"content":{"rendered":"<p>&nbsp;<\/p>\n<p><strong>\u00a0<\/strong><\/p>\n<ul>\n<li>Glamour zum \u201aWohlf\u00fchlen \u2013 diese Pailletten-Weste bringt Glanz in jedes Outfit<\/li>\n<li>Klassischer V-Ausschnitt mit Knopfleiste<\/li>\n<li>Mit 5 hochgl\u00e4nzenden Kn\u00f6pfen zu schlie\u00dfen<\/li>\n<li>Komplett mit weichen funkelnden Pailletten besetzt<\/li>\n<li>Innen weih mit elastischem Jersey gef\u00fcttert \u2013 kein Kratzen, kein Ziepen<\/li>\n<li>Weich und anschmiegsam mit hohem Tragekomfort durch weiche Mesh-Ware<\/li>\n<li>Perfekt kombinierbar zur passenden Paillettenhose oder unter dem passenden Blouson GINA<\/li>\n<li>Auch solo zu Bluse oder Shirt ein echter Eyecatcher<\/li>\n<\/ul>\n<ul>\n<li>Made in Italy<\/li>\n<\/ul>\n<p><strong>Besonderheit:<\/strong> Diese Weste vereint Glamour und Komfort \u2013 f\u00fcr alle, die es \u00a0\u00a0\u00a0\u00a0\u00a0lieben, stilvoll aufzufallen, ohne auf Bequemlichkeit zu verzichten<\/p>\n<p>&nbsp;<\/p>\n<p>&nbsp;<\/p>","protected":false},"excerpt":{"rendered":"<p>&nbsp; \u00a0 Glamour zum \u201aWohlf\u00fchlen \u2013 diese Pailletten-Weste bringt Glanz in jedes Outfit Klassischer V-Ausschnitt mit Knopfleiste Mit 5 hochgl\u00e4nzenden Kn\u00f6pfen zu schlie\u00dfen Komplett mit weichen funkelnden Pailletten besetzt Innen weih mit elastischem Jersey gef\u00fcttert \u2013 kein Kratzen, kein Ziepen Weich und anschmiegsam mit hohem Tragekomfort durch weiche Mesh-Ware Perfekt kombinierbar zur passenden Paillettenhose oder [&#8230;]\n","protected":false},"featured_media":81219,"template":"","meta":[],"product_brand":[],"product_cat":[87],"product_tag":[],"class_list":{"0":"post-81203","1":"product","2":"type-product","3":"status-publish","4":"has-post-thumbnail","6":"product_cat-sale-h-w","8":"first","9":"instock","10":"sale","11":"taxable","12":"shipping-taxable","13":"purchasable","14":"product-type-variable"},"supplier_id":null,"supplier_sku":"","barcode":null,"atum_controlled":true,"out_stock_date":null,"out_stock_threshold":null,"inheritable":true,"inbound_stock":0,"stock_on_hold":4,"sold_today":0,"sales_last_days":0,"reserved_stock":0,"customer_returns":0,"warehouse_damage":0,"lost_in_post":0,"other_logs":0,"out_stock_days":null,"lost_sales":0,"has_location":false,"update_date":"2026-03-26T12:55:14","atum_locations":[],"atum_stock_status":"instock","restock_status":false,"low_stock_amount":"","sales_update_date":"2026-02-10T13:38:40","calc_backorders":null,"yoast_head":"<!-- This site is optimized with the Yoast SEO plugin v27.6 - https:\/\/yoast.com\/product\/yoast-seo-wordpress\/ -->\n<title>Weste Modell Pia - ANCORA Onlineshop<\/title>\n<meta name=\"robots\" content=\"index, follow, max-snippet:-1, max-image-preview:large, max-video-preview:-1\" \/>\n<link rel=\"canonical\" href=\"https:\/\/www.ancora-shop.de\/de\/produkt\/weste-modell-pia\/\" \/>\n<meta property=\"og:locale\" content=\"de_DE\" \/>\n<meta property=\"og:type\" content=\"article\" \/>\n<meta property=\"og:title\" content=\"Weste Modell Pia - ANCORA Onlineshop\" \/>\n<meta property=\"og:description\" content=\"&nbsp; \u00a0 Glamour zum \u201aWohlf\u00fchlen \u2013 diese Pailletten-Weste bringt Glanz in jedes Outfit Klassischer V-Ausschnitt mit Knopfleiste Mit 5 hochgl\u00e4nzenden Kn\u00f6pfen zu schlie\u00dfen Komplett mit weichen funkelnden Pailletten besetzt Innen weih mit elastischem Jersey gef\u00fcttert \u2013 kein Kratzen, kein Ziepen Weich und anschmiegsam mit hohem Tragekomfort durch weiche Mesh-Ware Perfekt kombinierbar zur passenden Paillettenhose oder [...]\" \/>\n<meta property=\"og:url\" content=\"https:\/\/www.ancora-shop.de\/de\/produkt\/weste-modell-pia\/\" \/>\n<meta property=\"og:site_name\" content=\"ANCORA Onlineshop\" \/>\n<meta property=\"article:modified_time\" content=\"2026-02-11T19:48:12+00:00\" \/>\n<meta property=\"og:image\" content=\"https:\/\/www.ancora-shop.de\/wp-content\/uploads\/2025\/11\/PIA-PANE-01.jpg\" \/>\n\t<meta property=\"og:image:width\" content=\"1067\" \/>\n\t<meta property=\"og:image:height\" content=\"1600\" \/>\n\t<meta property=\"og:image:type\" content=\"image\/jpeg\" \/>\n<meta name=\"twitter:card\" content=\"summary_large_image\" \/>\n<meta name=\"twitter:label1\" content=\"Gesch\u00e4tzte Lesezeit\" \/>\n\t<meta name=\"twitter:data1\" content=\"1\u00a0Minute\" \/>\n<script type=\"application\/ld+json\" class=\"yoast-schema-graph\">{\"@context\":\"https:\\\/\\\/schema.org\",\"@graph\":[{\"@type\":\"WebPage\",\"@id\":\"https:\\\/\\\/www.ancora-shop.de\\\/produkt\\\/weste-modell-pia\\\/\",\"url\":\"https:\\\/\\\/www.ancora-shop.de\\\/produkt\\\/weste-modell-pia\\\/\",\"name\":\"Weste Modell Pia - ANCORA Onlineshop\",\"isPartOf\":{\"@id\":\"https:\\\/\\\/www.ancora-shop.de\\\/#website\"},\"primaryImageOfPage\":{\"@id\":\"https:\\\/\\\/www.ancora-shop.de\\\/produkt\\\/weste-modell-pia\\\/#primaryimage\"},\"image\":{\"@id\":\"https:\\\/\\\/www.ancora-shop.de\\\/produkt\\\/weste-modell-pia\\\/#primaryimage\"},\"thumbnailUrl\":\"https:\\\/\\\/www.ancora-shop.de\\\/wp-content\\\/uploads\\\/2025\\\/11\\\/PIA-PANE-01.jpg\",\"datePublished\":\"2025-11-14T10:37:29+00:00\",\"dateModified\":\"2026-02-11T19:48:12+00:00\",\"breadcrumb\":{\"@id\":\"https:\\\/\\\/www.ancora-shop.de\\\/produkt\\\/weste-modell-pia\\\/#breadcrumb\"},\"inLanguage\":\"de\",\"potentialAction\":[{\"@type\":\"ReadAction\",\"target\":[\"https:\\\/\\\/www.ancora-shop.de\\\/produkt\\\/weste-modell-pia\\\/\"]}]},{\"@type\":\"ImageObject\",\"inLanguage\":\"de\",\"@id\":\"https:\\\/\\\/www.ancora-shop.de\\\/produkt\\\/weste-modell-pia\\\/#primaryimage\",\"url\":\"https:\\\/\\\/www.ancora-shop.de\\\/wp-content\\\/uploads\\\/2025\\\/11\\\/PIA-PANE-01.jpg\",\"contentUrl\":\"https:\\\/\\\/www.ancora-shop.de\\\/wp-content\\\/uploads\\\/2025\\\/11\\\/PIA-PANE-01.jpg\",\"width\":1067,\"height\":1600},{\"@type\":\"BreadcrumbList\",\"@id\":\"https:\\\/\\\/www.ancora-shop.de\\\/produkt\\\/weste-modell-pia\\\/#breadcrumb\",\"itemListElement\":[{\"@type\":\"ListItem\",\"position\":1,\"name\":\"Startseite\",\"item\":\"https:\\\/\\\/www.ancora-shop.de\\\/\"},{\"@type\":\"ListItem\",\"position\":2,\"name\":\"Shop\",\"item\":\"https:\\\/\\\/www.ancora-shop.de\\\/shop\\\/\"},{\"@type\":\"ListItem\",\"position\":3,\"name\":\"Weste Modell Pia\"}]},{\"@type\":\"WebSite\",\"@id\":\"https:\\\/\\\/www.ancora-shop.de\\\/#website\",\"url\":\"https:\\\/\\\/www.ancora-shop.de\\\/\",\"name\":\"ANCORA Onlineshop\",\"description\":\"\",\"potentialAction\":[{\"@type\":\"SearchAction\",\"target\":{\"@type\":\"EntryPoint\",\"urlTemplate\":\"https:\\\/\\\/www.ancora-shop.de\\\/?s={search_term_string}\"},\"query-input\":{\"@type\":\"PropertyValueSpecification\",\"valueRequired\":true,\"valueName\":\"search_term_string\"}}],\"inLanguage\":\"de\"}]}<\/script>\n<!-- \/ Yoast SEO plugin. -->","yoast_head_json":{"title":"Weste Modell Pia - ANCORA Onlineshop","robots":{"index":"index","follow":"follow","max-snippet":"max-snippet:-1","max-image-preview":"max-image-preview:large","max-video-preview":"max-video-preview:-1"},"canonical":"https:\/\/www.ancora-shop.de\/de\/produkt\/weste-modell-pia\/","og_locale":"de_DE","og_type":"article","og_title":"Weste Modell Pia - ANCORA Onlineshop","og_description":"&nbsp; \u00a0 Glamour zum \u201aWohlf\u00fchlen \u2013 diese Pailletten-Weste bringt Glanz in jedes Outfit Klassischer V-Ausschnitt mit Knopfleiste Mit 5 hochgl\u00e4nzenden Kn\u00f6pfen zu schlie\u00dfen Komplett mit weichen funkelnden Pailletten besetzt Innen weih mit elastischem Jersey gef\u00fcttert \u2013 kein Kratzen, kein Ziepen Weich und anschmiegsam mit hohem Tragekomfort durch weiche Mesh-Ware Perfekt kombinierbar zur passenden Paillettenhose oder [...]","og_url":"https:\/\/www.ancora-shop.de\/de\/produkt\/weste-modell-pia\/","og_site_name":"ANCORA Onlineshop","article_modified_time":"2026-02-11T19:48:12+00:00","og_image":[{"width":1067,"height":1600,"url":"https:\/\/www.ancora-shop.de\/wp-content\/uploads\/2025\/11\/PIA-PANE-01.jpg","type":"image\/jpeg"}],"twitter_card":"summary_large_image","twitter_misc":{"Gesch\u00e4tzte Lesezeit":"1\u00a0Minute"},"schema":{"@context":"https:\/\/schema.org","@graph":[{"@type":"WebPage","@id":"https:\/\/www.ancora-shop.de\/produkt\/weste-modell-pia\/","url":"https:\/\/www.ancora-shop.de\/produkt\/weste-modell-pia\/","name":"Weste Modell Pia - ANCORA Onlineshop","isPartOf":{"@id":"https:\/\/www.ancora-shop.de\/#website"},"primaryImageOfPage":{"@id":"https:\/\/www.ancora-shop.de\/produkt\/weste-modell-pia\/#primaryimage"},"image":{"@id":"https:\/\/www.ancora-shop.de\/produkt\/weste-modell-pia\/#primaryimage"},"thumbnailUrl":"https:\/\/www.ancora-shop.de\/wp-content\/uploads\/2025\/11\/PIA-PANE-01.jpg","datePublished":"2025-11-14T10:37:29+00:00","dateModified":"2026-02-11T19:48:12+00:00","breadcrumb":{"@id":"https:\/\/www.ancora-shop.de\/produkt\/weste-modell-pia\/#breadcrumb"},"inLanguage":"de","potentialAction":[{"@type":"ReadAction","target":["https:\/\/www.ancora-shop.de\/produkt\/weste-modell-pia\/"]}]},{"@type":"ImageObject","inLanguage":"de","@id":"https:\/\/www.ancora-shop.de\/produkt\/weste-modell-pia\/#primaryimage","url":"https:\/\/www.ancora-shop.de\/wp-content\/uploads\/2025\/11\/PIA-PANE-01.jpg","contentUrl":"https:\/\/www.ancora-shop.de\/wp-content\/uploads\/2025\/11\/PIA-PANE-01.jpg","width":1067,"height":1600},{"@type":"BreadcrumbList","@id":"https:\/\/www.ancora-shop.de\/produkt\/weste-modell-pia\/#breadcrumb","itemListElement":[{"@type":"ListItem","position":1,"name":"Startseite","item":"https:\/\/www.ancora-shop.de\/"},{"@type":"ListItem","position":2,"name":"Shop","item":"https:\/\/www.ancora-shop.de\/shop\/"},{"@type":"ListItem","position":3,"name":"Weste Modell Pia"}]},{"@type":"WebSite","@id":"https:\/\/www.ancora-shop.de\/#website","url":"https:\/\/www.ancora-shop.de\/","name":"ANCORA Onlineshop","description":"","potentialAction":[{"@type":"SearchAction","target":{"@type":"EntryPoint","urlTemplate":"https:\/\/www.ancora-shop.de\/?s={search_term_string}"},"query-input":{"@type":"PropertyValueSpecification","valueRequired":true,"valueName":"search_term_string"}}],"inLanguage":"de"}]}},"_links":{"self":[{"href":"https:\/\/www.ancora-shop.de\/de\/wp-json\/wp\/v2\/product\/81203","targetHints":{"allow":["GET"]}}],"collection":[{"href":"https:\/\/www.ancora-shop.de\/de\/wp-json\/wp\/v2\/product"}],"about":[{"href":"https:\/\/www.ancora-shop.de\/de\/wp-json\/wp\/v2\/types\/product"}],"wp:featuredmedia":[{"embeddable":true,"href":"https:\/\/www.ancora-shop.de\/de\/wp-json\/wp\/v2\/media\/81219"}],"wp:attachment":[{"href":"https:\/\/www.ancora-shop.de\/de\/wp-json\/wp\/v2\/media?parent=81203"}],"wp:term":[{"taxonomy":"product_brand","embeddable":true,"href":"https:\/\/www.ancora-shop.de\/de\/wp-json\/wp\/v2\/product_brand?post=81203"},{"taxonomy":"product_cat","embeddable":true,"href":"https:\/\/www.ancora-shop.de\/de\/wp-json\/wp\/v2\/product_cat?post=81203"},{"taxonomy":"product_tag","embeddable":true,"href":"https:\/\/www.ancora-shop.de\/de\/wp-json\/wp\/v2\/product_tag?post=81203"}],"curies":[{"name":"wp","href":"https:\/\/api.w.org\/{rel}","templated":true}]}}