{"id":80134,"date":"2025-10-02T16:28:20","date_gmt":"2025-10-02T14:28:20","guid":{"rendered":"https:\/\/www.ancora-shop.de\/?post_type=product&#038;p=80134"},"modified":"2026-02-11T15:26:52","modified_gmt":"2026-02-11T14:26:52","slug":"bluse-modell-vanessa","status":"publish","type":"product","link":"https:\/\/www.ancora-shop.de\/de\/produkt\/bluse-modell-vanessa\/","title":{"rendered":"Bluse Modell Vanessa"},"content":{"rendered":"<ul>\n<li>Locker, l\u00e4ssig, Zebra! Diese weit geschnittene Bluse mit verl\u00e4ngertem R\u00fccken ist das perfekte Key-Piece f\u00fcr moderne, entspannte Looks<\/li>\n<li>Klassischer Hemdblusenkragen<\/li>\n<li>Komplett durchgekn\u00f6pfte Front<\/li>\n<li>Weit geschnittener, Figur umspielender Shape<\/li>\n<li>R\u00fcckenpasse mit mittig eingelegter Falte f\u00fcr zus\u00e4tzliche Weite<\/li>\n<li>Hinten leicht verl\u00e4ngert f\u00fcr eine moderne Silhouette<\/li>\n<li>Seitliche Schlitze bringen Bewegung in den Look und sorgen f\u00fcr einen sch\u00f6nen Schwung beim Tragen<\/li>\n<li>Lange \u00c4rmel mit schmaler Einknopf-Manschette<\/li>\n<li>Flie\u00dfende Viskose-Qualit\u00e4t mit sanftem Schimmer<\/li>\n<li>Besonderheit: Der Oversize-Charakter mit R\u00fcckenpasse und Falte sorgt f\u00fcr maximalen Tragekomfort \u2013 perfekt, um sie \u00fcber schmale Pants oder topmodisch zu weiten Hosen zu stylen<\/li>\n<li>Made in Italy<\/li>\n<\/ul>\n<p class=\"p1\">Die Taschen findet Ihr im Shop unseres Kooperationspartners: <a href=\"https:\/\/www.bolindersthlm.com\/\"><span class=\"s1\">https:\/\/www.bolindersthlm.com<\/span><\/a><\/p>","protected":false},"excerpt":{"rendered":"<p>Locker, l\u00e4ssig, Zebra! Diese weit geschnittene Bluse mit verl\u00e4ngertem R\u00fccken ist das perfekte Key-Piece f\u00fcr moderne, entspannte Looks Klassischer Hemdblusenkragen Komplett durchgekn\u00f6pfte Front Weit geschnittener, Figur umspielender Shape R\u00fcckenpasse mit mittig eingelegter Falte f\u00fcr zus\u00e4tzliche Weite Hinten leicht verl\u00e4ngert f\u00fcr eine moderne Silhouette Seitliche Schlitze bringen Bewegung in den Look und sorgen f\u00fcr einen sch\u00f6nen [&#8230;]\n","protected":false},"featured_media":80144,"template":"","meta":[],"product_brand":[],"product_cat":[87],"product_tag":[],"class_list":{"0":"post-80134","1":"product","2":"type-product","3":"status-publish","4":"has-post-thumbnail","6":"product_cat-sale-h-w","8":"first","9":"instock","10":"taxable","11":"shipping-taxable","12":"product-type-variable"},"supplier_id":null,"supplier_sku":"","barcode":null,"atum_controlled":true,"out_stock_date":null,"out_stock_threshold":null,"inheritable":true,"inbound_stock":0,"stock_on_hold":0,"sold_today":0,"sales_last_days":0,"reserved_stock":0,"customer_returns":0,"warehouse_damage":0,"lost_in_post":0,"other_logs":0,"out_stock_days":null,"lost_sales":0,"has_location":false,"update_date":"2026-02-11T14:26:54","atum_locations":[],"atum_stock_status":"instock","restock_status":false,"low_stock_amount":"","sales_update_date":"2026-02-10T13:38:42","calc_backorders":null,"yoast_head":"<!-- This site is optimized with the Yoast SEO plugin v27.6 - https:\/\/yoast.com\/product\/yoast-seo-wordpress\/ -->\n<title>Bluse Modell Vanessa - ANCORA Onlineshop<\/title>\n<meta name=\"robots\" content=\"index, follow, max-snippet:-1, max-image-preview:large, max-video-preview:-1\" \/>\n<link rel=\"canonical\" href=\"https:\/\/www.ancora-shop.de\/de\/produkt\/bluse-modell-vanessa\/\" \/>\n<meta property=\"og:locale\" content=\"de_DE\" \/>\n<meta property=\"og:type\" content=\"article\" \/>\n<meta property=\"og:title\" content=\"Bluse Modell Vanessa - ANCORA Onlineshop\" \/>\n<meta property=\"og:description\" content=\"Locker, l\u00e4ssig, Zebra! Diese weit geschnittene Bluse mit verl\u00e4ngertem R\u00fccken ist das perfekte Key-Piece f\u00fcr moderne, entspannte Looks Klassischer Hemdblusenkragen Komplett durchgekn\u00f6pfte Front Weit geschnittener, Figur umspielender Shape R\u00fcckenpasse mit mittig eingelegter Falte f\u00fcr zus\u00e4tzliche Weite Hinten leicht verl\u00e4ngert f\u00fcr eine moderne Silhouette Seitliche Schlitze bringen Bewegung in den Look und sorgen f\u00fcr einen sch\u00f6nen [...]\" \/>\n<meta property=\"og:url\" content=\"https:\/\/www.ancora-shop.de\/de\/produkt\/bluse-modell-vanessa\/\" \/>\n<meta property=\"og:site_name\" content=\"ANCORA Onlineshop\" \/>\n<meta property=\"article:modified_time\" content=\"2026-02-11T14:26:52+00:00\" \/>\n<meta property=\"og:image\" content=\"https:\/\/www.ancora-shop.de\/wp-content\/uploads\/2025\/10\/VANESSA-ZEMK-1.jpg\" \/>\n\t<meta property=\"og:image:width\" content=\"1067\" \/>\n\t<meta property=\"og:image:height\" content=\"1600\" \/>\n\t<meta property=\"og:image:type\" content=\"image\/jpeg\" \/>\n<meta name=\"twitter:card\" content=\"summary_large_image\" \/>\n<meta name=\"twitter:label1\" content=\"Gesch\u00e4tzte Lesezeit\" \/>\n\t<meta name=\"twitter:data1\" content=\"1\u00a0Minute\" \/>\n<script type=\"application\/ld+json\" class=\"yoast-schema-graph\">{\"@context\":\"https:\\\/\\\/schema.org\",\"@graph\":[{\"@type\":\"WebPage\",\"@id\":\"https:\\\/\\\/www.ancora-shop.de\\\/produkt\\\/bluse-modell-vanessa\\\/\",\"url\":\"https:\\\/\\\/www.ancora-shop.de\\\/produkt\\\/bluse-modell-vanessa\\\/\",\"name\":\"Bluse Modell Vanessa - ANCORA Onlineshop\",\"isPartOf\":{\"@id\":\"https:\\\/\\\/www.ancora-shop.de\\\/#website\"},\"primaryImageOfPage\":{\"@id\":\"https:\\\/\\\/www.ancora-shop.de\\\/produkt\\\/bluse-modell-vanessa\\\/#primaryimage\"},\"image\":{\"@id\":\"https:\\\/\\\/www.ancora-shop.de\\\/produkt\\\/bluse-modell-vanessa\\\/#primaryimage\"},\"thumbnailUrl\":\"https:\\\/\\\/www.ancora-shop.de\\\/wp-content\\\/uploads\\\/2025\\\/10\\\/VANESSA-ZEMK-1.jpg\",\"datePublished\":\"2025-10-02T14:28:20+00:00\",\"dateModified\":\"2026-02-11T14:26:52+00:00\",\"breadcrumb\":{\"@id\":\"https:\\\/\\\/www.ancora-shop.de\\\/produkt\\\/bluse-modell-vanessa\\\/#breadcrumb\"},\"inLanguage\":\"de\",\"potentialAction\":[{\"@type\":\"ReadAction\",\"target\":[\"https:\\\/\\\/www.ancora-shop.de\\\/produkt\\\/bluse-modell-vanessa\\\/\"]}]},{\"@type\":\"ImageObject\",\"inLanguage\":\"de\",\"@id\":\"https:\\\/\\\/www.ancora-shop.de\\\/produkt\\\/bluse-modell-vanessa\\\/#primaryimage\",\"url\":\"https:\\\/\\\/www.ancora-shop.de\\\/wp-content\\\/uploads\\\/2025\\\/10\\\/VANESSA-ZEMK-1.jpg\",\"contentUrl\":\"https:\\\/\\\/www.ancora-shop.de\\\/wp-content\\\/uploads\\\/2025\\\/10\\\/VANESSA-ZEMK-1.jpg\",\"width\":1067,\"height\":1600},{\"@type\":\"BreadcrumbList\",\"@id\":\"https:\\\/\\\/www.ancora-shop.de\\\/produkt\\\/bluse-modell-vanessa\\\/#breadcrumb\",\"itemListElement\":[{\"@type\":\"ListItem\",\"position\":1,\"name\":\"Startseite\",\"item\":\"https:\\\/\\\/www.ancora-shop.de\\\/\"},{\"@type\":\"ListItem\",\"position\":2,\"name\":\"Shop\",\"item\":\"https:\\\/\\\/www.ancora-shop.de\\\/shop\\\/\"},{\"@type\":\"ListItem\",\"position\":3,\"name\":\"Bluse Modell Vanessa\"}]},{\"@type\":\"WebSite\",\"@id\":\"https:\\\/\\\/www.ancora-shop.de\\\/#website\",\"url\":\"https:\\\/\\\/www.ancora-shop.de\\\/\",\"name\":\"ANCORA Onlineshop\",\"description\":\"\",\"potentialAction\":[{\"@type\":\"SearchAction\",\"target\":{\"@type\":\"EntryPoint\",\"urlTemplate\":\"https:\\\/\\\/www.ancora-shop.de\\\/?s={search_term_string}\"},\"query-input\":{\"@type\":\"PropertyValueSpecification\",\"valueRequired\":true,\"valueName\":\"search_term_string\"}}],\"inLanguage\":\"de\"}]}<\/script>\n<!-- \/ Yoast SEO plugin. -->","yoast_head_json":{"title":"Bluse Modell Vanessa - ANCORA Onlineshop","robots":{"index":"index","follow":"follow","max-snippet":"max-snippet:-1","max-image-preview":"max-image-preview:large","max-video-preview":"max-video-preview:-1"},"canonical":"https:\/\/www.ancora-shop.de\/de\/produkt\/bluse-modell-vanessa\/","og_locale":"de_DE","og_type":"article","og_title":"Bluse Modell Vanessa - ANCORA Onlineshop","og_description":"Locker, l\u00e4ssig, Zebra! Diese weit geschnittene Bluse mit verl\u00e4ngertem R\u00fccken ist das perfekte Key-Piece f\u00fcr moderne, entspannte Looks Klassischer Hemdblusenkragen Komplett durchgekn\u00f6pfte Front Weit geschnittener, Figur umspielender Shape R\u00fcckenpasse mit mittig eingelegter Falte f\u00fcr zus\u00e4tzliche Weite Hinten leicht verl\u00e4ngert f\u00fcr eine moderne Silhouette Seitliche Schlitze bringen Bewegung in den Look und sorgen f\u00fcr einen sch\u00f6nen [...]","og_url":"https:\/\/www.ancora-shop.de\/de\/produkt\/bluse-modell-vanessa\/","og_site_name":"ANCORA Onlineshop","article_modified_time":"2026-02-11T14:26:52+00:00","og_image":[{"width":1067,"height":1600,"url":"https:\/\/www.ancora-shop.de\/wp-content\/uploads\/2025\/10\/VANESSA-ZEMK-1.jpg","type":"image\/jpeg"}],"twitter_card":"summary_large_image","twitter_misc":{"Gesch\u00e4tzte Lesezeit":"1\u00a0Minute"},"schema":{"@context":"https:\/\/schema.org","@graph":[{"@type":"WebPage","@id":"https:\/\/www.ancora-shop.de\/produkt\/bluse-modell-vanessa\/","url":"https:\/\/www.ancora-shop.de\/produkt\/bluse-modell-vanessa\/","name":"Bluse Modell Vanessa - ANCORA Onlineshop","isPartOf":{"@id":"https:\/\/www.ancora-shop.de\/#website"},"primaryImageOfPage":{"@id":"https:\/\/www.ancora-shop.de\/produkt\/bluse-modell-vanessa\/#primaryimage"},"image":{"@id":"https:\/\/www.ancora-shop.de\/produkt\/bluse-modell-vanessa\/#primaryimage"},"thumbnailUrl":"https:\/\/www.ancora-shop.de\/wp-content\/uploads\/2025\/10\/VANESSA-ZEMK-1.jpg","datePublished":"2025-10-02T14:28:20+00:00","dateModified":"2026-02-11T14:26:52+00:00","breadcrumb":{"@id":"https:\/\/www.ancora-shop.de\/produkt\/bluse-modell-vanessa\/#breadcrumb"},"inLanguage":"de","potentialAction":[{"@type":"ReadAction","target":["https:\/\/www.ancora-shop.de\/produkt\/bluse-modell-vanessa\/"]}]},{"@type":"ImageObject","inLanguage":"de","@id":"https:\/\/www.ancora-shop.de\/produkt\/bluse-modell-vanessa\/#primaryimage","url":"https:\/\/www.ancora-shop.de\/wp-content\/uploads\/2025\/10\/VANESSA-ZEMK-1.jpg","contentUrl":"https:\/\/www.ancora-shop.de\/wp-content\/uploads\/2025\/10\/VANESSA-ZEMK-1.jpg","width":1067,"height":1600},{"@type":"BreadcrumbList","@id":"https:\/\/www.ancora-shop.de\/produkt\/bluse-modell-vanessa\/#breadcrumb","itemListElement":[{"@type":"ListItem","position":1,"name":"Startseite","item":"https:\/\/www.ancora-shop.de\/"},{"@type":"ListItem","position":2,"name":"Shop","item":"https:\/\/www.ancora-shop.de\/shop\/"},{"@type":"ListItem","position":3,"name":"Bluse Modell Vanessa"}]},{"@type":"WebSite","@id":"https:\/\/www.ancora-shop.de\/#website","url":"https:\/\/www.ancora-shop.de\/","name":"ANCORA Onlineshop","description":"","potentialAction":[{"@type":"SearchAction","target":{"@type":"EntryPoint","urlTemplate":"https:\/\/www.ancora-shop.de\/?s={search_term_string}"},"query-input":{"@type":"PropertyValueSpecification","valueRequired":true,"valueName":"search_term_string"}}],"inLanguage":"de"}]}},"_links":{"self":[{"href":"https:\/\/www.ancora-shop.de\/de\/wp-json\/wp\/v2\/product\/80134","targetHints":{"allow":["GET"]}}],"collection":[{"href":"https:\/\/www.ancora-shop.de\/de\/wp-json\/wp\/v2\/product"}],"about":[{"href":"https:\/\/www.ancora-shop.de\/de\/wp-json\/wp\/v2\/types\/product"}],"wp:featuredmedia":[{"embeddable":true,"href":"https:\/\/www.ancora-shop.de\/de\/wp-json\/wp\/v2\/media\/80144"}],"wp:attachment":[{"href":"https:\/\/www.ancora-shop.de\/de\/wp-json\/wp\/v2\/media?parent=80134"}],"wp:term":[{"taxonomy":"product_brand","embeddable":true,"href":"https:\/\/www.ancora-shop.de\/de\/wp-json\/wp\/v2\/product_brand?post=80134"},{"taxonomy":"product_cat","embeddable":true,"href":"https:\/\/www.ancora-shop.de\/de\/wp-json\/wp\/v2\/product_cat?post=80134"},{"taxonomy":"product_tag","embeddable":true,"href":"https:\/\/www.ancora-shop.de\/de\/wp-json\/wp\/v2\/product_tag?post=80134"}],"curies":[{"name":"wp","href":"https:\/\/api.w.org\/{rel}","templated":true}]}}