{"id":79617,"date":"2025-09-30T14:59:29","date_gmt":"2025-09-30T12:59:29","guid":{"rendered":"https:\/\/www.ancora-shop.de\/?post_type=product&#038;p=79617"},"modified":"2026-04-16T15:11:41","modified_gmt":"2026-04-16T13:11:41","slug":"jacke-modell-dalia","status":"publish","type":"product","link":"https:\/\/www.ancora-shop.de\/de\/produkt\/jacke-modell-dalia\/","title":{"rendered":"Jacke Modell Dalia"},"content":{"rendered":"<ul>\n<li>Modern, l\u00e4ssig und mit edlem Schimmer \u2013 diese Jacke ist das perfekte Highlight f\u00fcr k\u00fchle Tage<\/li>\n<li>Die Jacke \u00fcberzeigt mit einer Modischen, diagonal wattierten Steppung und einem spannenden Material in mattgl\u00e4nzender, changierender Optik<\/li>\n<li>Stehkragen mit 2 Druckkn\u00f6pfen zu schlie\u00dfen<\/li>\n<li>Langer Doppelrei\u00dfverschluss f\u00fcr flexible Tragem\u00f6glichkeiten<\/li>\n<li>Seitlich gesetzte Eingriffstaschen<\/li>\n<li>Leichte A-Form f\u00fcr eine moderne Silhuette<\/li>\n<li>Weit geschnittene \u00c4rmel mit bequemem Sitz<\/li>\n<li>Gef\u00fcttert f\u00fcr angenehmen Tragekomfort<\/li>\n<li>Besonderheit: die Kombination aus changierendem Material und der diagonalen Steppung macht diese Jacke zu einem echten Eyecatcher. Ein Statement-Piece, das sportive L\u00e4ssigkeit mit femininer Eleganz verbindet.<\/li>\n<li>Made in Italy<\/li>\n<\/ul>\n<p class=\"p1\">Die Taschen findet Ihr im Shop unseres Kooperationspartners: <a href=\"https:\/\/www.bolindersthlm.com\/\"><span class=\"s1\">https:\/\/www.bolindersthlm.com<\/span><\/a><\/p>","protected":false},"excerpt":{"rendered":"<p>Modern, l\u00e4ssig und mit edlem Schimmer \u2013 diese Jacke ist das perfekte Highlight f\u00fcr k\u00fchle Tage Die Jacke \u00fcberzeigt mit einer Modischen, diagonal wattierten Steppung und einem spannenden Material in mattgl\u00e4nzender, changierender Optik Stehkragen mit 2 Druckkn\u00f6pfen zu schlie\u00dfen Langer Doppelrei\u00dfverschluss f\u00fcr flexible Tragem\u00f6glichkeiten Seitlich gesetzte Eingriffstaschen Leichte A-Form f\u00fcr eine moderne Silhuette Weit geschnittene [&#8230;]\n","protected":false},"featured_media":79648,"template":"","meta":[],"product_brand":[],"product_cat":[87],"product_tag":[],"class_list":{"0":"post-79617","1":"product","2":"type-product","3":"status-publish","4":"has-post-thumbnail","6":"product_cat-sale-h-w","8":"first","9":"instock","10":"sale","11":"taxable","12":"shipping-taxable","13":"purchasable","14":"product-type-variable"},"supplier_id":null,"supplier_sku":"","barcode":null,"atum_controlled":true,"out_stock_date":null,"out_stock_threshold":null,"inheritable":true,"inbound_stock":0,"stock_on_hold":5,"sold_today":0,"sales_last_days":0,"reserved_stock":0,"customer_returns":0,"warehouse_damage":0,"lost_in_post":0,"other_logs":0,"out_stock_days":null,"lost_sales":0,"has_location":false,"update_date":"2026-04-16T13:11:42","atum_locations":[],"atum_stock_status":"instock","restock_status":false,"low_stock_amount":"","sales_update_date":"2026-02-10T13:38:43","calc_backorders":null,"yoast_head":"<!-- This site is optimized with the Yoast SEO plugin v27.6 - https:\/\/yoast.com\/product\/yoast-seo-wordpress\/ -->\n<title>Jacke Modell Dalia - ANCORA Onlineshop<\/title>\n<meta name=\"robots\" content=\"index, follow, max-snippet:-1, max-image-preview:large, max-video-preview:-1\" \/>\n<link rel=\"canonical\" href=\"https:\/\/www.ancora-shop.de\/de\/produkt\/jacke-modell-dalia\/\" \/>\n<meta property=\"og:locale\" content=\"de_DE\" \/>\n<meta property=\"og:type\" content=\"article\" \/>\n<meta property=\"og:title\" content=\"Jacke Modell Dalia - ANCORA Onlineshop\" \/>\n<meta property=\"og:description\" content=\"Modern, l\u00e4ssig und mit edlem Schimmer \u2013 diese Jacke ist das perfekte Highlight f\u00fcr k\u00fchle Tage Die Jacke \u00fcberzeigt mit einer Modischen, diagonal wattierten Steppung und einem spannenden Material in mattgl\u00e4nzender, changierender Optik Stehkragen mit 2 Druckkn\u00f6pfen zu schlie\u00dfen Langer Doppelrei\u00dfverschluss f\u00fcr flexible Tragem\u00f6glichkeiten Seitlich gesetzte Eingriffstaschen Leichte A-Form f\u00fcr eine moderne Silhuette Weit geschnittene [...]\" \/>\n<meta property=\"og:url\" content=\"https:\/\/www.ancora-shop.de\/de\/produkt\/jacke-modell-dalia\/\" \/>\n<meta property=\"og:site_name\" content=\"ANCORA Onlineshop\" \/>\n<meta property=\"article:modified_time\" content=\"2026-04-16T13:11:41+00:00\" \/>\n<meta property=\"og:image\" content=\"https:\/\/www.ancora-shop.de\/wp-content\/uploads\/2025\/09\/DALIA-PV-1.jpg\" \/>\n\t<meta property=\"og:image:width\" content=\"1067\" \/>\n\t<meta property=\"og:image:height\" content=\"1600\" \/>\n\t<meta property=\"og:image:type\" content=\"image\/jpeg\" \/>\n<meta name=\"twitter:card\" content=\"summary_large_image\" \/>\n<meta name=\"twitter:label1\" content=\"Gesch\u00e4tzte Lesezeit\" \/>\n\t<meta name=\"twitter:data1\" content=\"1\u00a0Minute\" \/>\n<script type=\"application\/ld+json\" class=\"yoast-schema-graph\">{\"@context\":\"https:\\\/\\\/schema.org\",\"@graph\":[{\"@type\":\"WebPage\",\"@id\":\"https:\\\/\\\/www.ancora-shop.de\\\/produkt\\\/jacke-modell-dalia\\\/\",\"url\":\"https:\\\/\\\/www.ancora-shop.de\\\/produkt\\\/jacke-modell-dalia\\\/\",\"name\":\"Jacke Modell Dalia - ANCORA Onlineshop\",\"isPartOf\":{\"@id\":\"https:\\\/\\\/www.ancora-shop.de\\\/#website\"},\"primaryImageOfPage\":{\"@id\":\"https:\\\/\\\/www.ancora-shop.de\\\/produkt\\\/jacke-modell-dalia\\\/#primaryimage\"},\"image\":{\"@id\":\"https:\\\/\\\/www.ancora-shop.de\\\/produkt\\\/jacke-modell-dalia\\\/#primaryimage\"},\"thumbnailUrl\":\"https:\\\/\\\/www.ancora-shop.de\\\/wp-content\\\/uploads\\\/2025\\\/09\\\/DALIA-PV-1.jpg\",\"datePublished\":\"2025-09-30T12:59:29+00:00\",\"dateModified\":\"2026-04-16T13:11:41+00:00\",\"breadcrumb\":{\"@id\":\"https:\\\/\\\/www.ancora-shop.de\\\/produkt\\\/jacke-modell-dalia\\\/#breadcrumb\"},\"inLanguage\":\"de\",\"potentialAction\":[{\"@type\":\"ReadAction\",\"target\":[\"https:\\\/\\\/www.ancora-shop.de\\\/produkt\\\/jacke-modell-dalia\\\/\"]}]},{\"@type\":\"ImageObject\",\"inLanguage\":\"de\",\"@id\":\"https:\\\/\\\/www.ancora-shop.de\\\/produkt\\\/jacke-modell-dalia\\\/#primaryimage\",\"url\":\"https:\\\/\\\/www.ancora-shop.de\\\/wp-content\\\/uploads\\\/2025\\\/09\\\/DALIA-PV-1.jpg\",\"contentUrl\":\"https:\\\/\\\/www.ancora-shop.de\\\/wp-content\\\/uploads\\\/2025\\\/09\\\/DALIA-PV-1.jpg\",\"width\":1067,\"height\":1600},{\"@type\":\"BreadcrumbList\",\"@id\":\"https:\\\/\\\/www.ancora-shop.de\\\/produkt\\\/jacke-modell-dalia\\\/#breadcrumb\",\"itemListElement\":[{\"@type\":\"ListItem\",\"position\":1,\"name\":\"Startseite\",\"item\":\"https:\\\/\\\/www.ancora-shop.de\\\/\"},{\"@type\":\"ListItem\",\"position\":2,\"name\":\"Shop\",\"item\":\"https:\\\/\\\/www.ancora-shop.de\\\/shop\\\/\"},{\"@type\":\"ListItem\",\"position\":3,\"name\":\"Jacke Modell Dalia\"}]},{\"@type\":\"WebSite\",\"@id\":\"https:\\\/\\\/www.ancora-shop.de\\\/#website\",\"url\":\"https:\\\/\\\/www.ancora-shop.de\\\/\",\"name\":\"ANCORA Onlineshop\",\"description\":\"\",\"potentialAction\":[{\"@type\":\"SearchAction\",\"target\":{\"@type\":\"EntryPoint\",\"urlTemplate\":\"https:\\\/\\\/www.ancora-shop.de\\\/?s={search_term_string}\"},\"query-input\":{\"@type\":\"PropertyValueSpecification\",\"valueRequired\":true,\"valueName\":\"search_term_string\"}}],\"inLanguage\":\"de\"}]}<\/script>\n<!-- \/ Yoast SEO plugin. -->","yoast_head_json":{"title":"Jacke Modell Dalia - ANCORA Onlineshop","robots":{"index":"index","follow":"follow","max-snippet":"max-snippet:-1","max-image-preview":"max-image-preview:large","max-video-preview":"max-video-preview:-1"},"canonical":"https:\/\/www.ancora-shop.de\/de\/produkt\/jacke-modell-dalia\/","og_locale":"de_DE","og_type":"article","og_title":"Jacke Modell Dalia - ANCORA Onlineshop","og_description":"Modern, l\u00e4ssig und mit edlem Schimmer \u2013 diese Jacke ist das perfekte Highlight f\u00fcr k\u00fchle Tage Die Jacke \u00fcberzeigt mit einer Modischen, diagonal wattierten Steppung und einem spannenden Material in mattgl\u00e4nzender, changierender Optik Stehkragen mit 2 Druckkn\u00f6pfen zu schlie\u00dfen Langer Doppelrei\u00dfverschluss f\u00fcr flexible Tragem\u00f6glichkeiten Seitlich gesetzte Eingriffstaschen Leichte A-Form f\u00fcr eine moderne Silhuette Weit geschnittene [...]","og_url":"https:\/\/www.ancora-shop.de\/de\/produkt\/jacke-modell-dalia\/","og_site_name":"ANCORA Onlineshop","article_modified_time":"2026-04-16T13:11:41+00:00","og_image":[{"width":1067,"height":1600,"url":"https:\/\/www.ancora-shop.de\/wp-content\/uploads\/2025\/09\/DALIA-PV-1.jpg","type":"image\/jpeg"}],"twitter_card":"summary_large_image","twitter_misc":{"Gesch\u00e4tzte Lesezeit":"1\u00a0Minute"},"schema":{"@context":"https:\/\/schema.org","@graph":[{"@type":"WebPage","@id":"https:\/\/www.ancora-shop.de\/produkt\/jacke-modell-dalia\/","url":"https:\/\/www.ancora-shop.de\/produkt\/jacke-modell-dalia\/","name":"Jacke Modell Dalia - ANCORA Onlineshop","isPartOf":{"@id":"https:\/\/www.ancora-shop.de\/#website"},"primaryImageOfPage":{"@id":"https:\/\/www.ancora-shop.de\/produkt\/jacke-modell-dalia\/#primaryimage"},"image":{"@id":"https:\/\/www.ancora-shop.de\/produkt\/jacke-modell-dalia\/#primaryimage"},"thumbnailUrl":"https:\/\/www.ancora-shop.de\/wp-content\/uploads\/2025\/09\/DALIA-PV-1.jpg","datePublished":"2025-09-30T12:59:29+00:00","dateModified":"2026-04-16T13:11:41+00:00","breadcrumb":{"@id":"https:\/\/www.ancora-shop.de\/produkt\/jacke-modell-dalia\/#breadcrumb"},"inLanguage":"de","potentialAction":[{"@type":"ReadAction","target":["https:\/\/www.ancora-shop.de\/produkt\/jacke-modell-dalia\/"]}]},{"@type":"ImageObject","inLanguage":"de","@id":"https:\/\/www.ancora-shop.de\/produkt\/jacke-modell-dalia\/#primaryimage","url":"https:\/\/www.ancora-shop.de\/wp-content\/uploads\/2025\/09\/DALIA-PV-1.jpg","contentUrl":"https:\/\/www.ancora-shop.de\/wp-content\/uploads\/2025\/09\/DALIA-PV-1.jpg","width":1067,"height":1600},{"@type":"BreadcrumbList","@id":"https:\/\/www.ancora-shop.de\/produkt\/jacke-modell-dalia\/#breadcrumb","itemListElement":[{"@type":"ListItem","position":1,"name":"Startseite","item":"https:\/\/www.ancora-shop.de\/"},{"@type":"ListItem","position":2,"name":"Shop","item":"https:\/\/www.ancora-shop.de\/shop\/"},{"@type":"ListItem","position":3,"name":"Jacke Modell Dalia"}]},{"@type":"WebSite","@id":"https:\/\/www.ancora-shop.de\/#website","url":"https:\/\/www.ancora-shop.de\/","name":"ANCORA Onlineshop","description":"","potentialAction":[{"@type":"SearchAction","target":{"@type":"EntryPoint","urlTemplate":"https:\/\/www.ancora-shop.de\/?s={search_term_string}"},"query-input":{"@type":"PropertyValueSpecification","valueRequired":true,"valueName":"search_term_string"}}],"inLanguage":"de"}]}},"_links":{"self":[{"href":"https:\/\/www.ancora-shop.de\/de\/wp-json\/wp\/v2\/product\/79617","targetHints":{"allow":["GET"]}}],"collection":[{"href":"https:\/\/www.ancora-shop.de\/de\/wp-json\/wp\/v2\/product"}],"about":[{"href":"https:\/\/www.ancora-shop.de\/de\/wp-json\/wp\/v2\/types\/product"}],"wp:featuredmedia":[{"embeddable":true,"href":"https:\/\/www.ancora-shop.de\/de\/wp-json\/wp\/v2\/media\/79648"}],"wp:attachment":[{"href":"https:\/\/www.ancora-shop.de\/de\/wp-json\/wp\/v2\/media?parent=79617"}],"wp:term":[{"taxonomy":"product_brand","embeddable":true,"href":"https:\/\/www.ancora-shop.de\/de\/wp-json\/wp\/v2\/product_brand?post=79617"},{"taxonomy":"product_cat","embeddable":true,"href":"https:\/\/www.ancora-shop.de\/de\/wp-json\/wp\/v2\/product_cat?post=79617"},{"taxonomy":"product_tag","embeddable":true,"href":"https:\/\/www.ancora-shop.de\/de\/wp-json\/wp\/v2\/product_tag?post=79617"}],"curies":[{"name":"wp","href":"https:\/\/api.w.org\/{rel}","templated":true}]}}