{"id":79586,"date":"2025-09-30T14:32:32","date_gmt":"2025-09-30T12:32:32","guid":{"rendered":"https:\/\/www.ancora-shop.de\/?post_type=product&#038;p=79586"},"modified":"2026-02-11T10:14:40","modified_gmt":"2026-02-11T09:14:40","slug":"strickpulli-modell-cristin-2","status":"publish","type":"product","link":"https:\/\/www.ancora-shop.de\/de\/produkt\/strickpulli-modell-cristin-2\/","title":{"rendered":"Strickpulli Modell Cristin"},"content":{"rendered":"<ul>\n<li>Farben, die die Saison bestimmen \u2013 und ein Garn, das man am liebsten gar nicht mehr ausziehen m\u00f6chte. Dieser Pullover vereint Trend und Kuschelfaktor in einem!<\/li>\n<li>Runder Halsausschnitt mit schmalem Rippenb\u00fcndchen<\/li>\n<li>Weiches, flauschiges Boucl\u00e9-Garn mit lebendiger Oberfl\u00e4che<\/li>\n<li>Vorderseite mit geometrisch gesetzten Farbfeldern im aktuellen Saison-Look<\/li>\n<li>R\u00fccken und \u00c4rmel uni gehalten f\u00fcr einen ruhigen Kontrast<\/li>\n<li>Gerade und legerer Schnitt mit hohem Tragekomfort<\/li>\n<li>Ideal kombinierbar zu Hosen in Braun-, Grau- oder Schwarzt\u00f6nen<\/li>\n<li>Besonderheit: Dieser Pullover ist die perfekte Verbindung aus modischem Farb-Statement und cosy Strick. Ein Teil, das direkt Trendbewusstsein zeigt und gleichzeitig pure Wohlf\u00fchlmomente schenkt<\/li>\n<li>Made in Italy<\/li>\n<\/ul>\n<p class=\"p1\">Die Taschen findet Ihr im Shop unseres Kooperationspartners: <a href=\"https:\/\/www.bolindersthlm.com\/\"><span class=\"s1\">https:\/\/www.bolindersthlm.com<\/span><\/a><\/p>","protected":false},"excerpt":{"rendered":"<p>Farben, die die Saison bestimmen \u2013 und ein Garn, das man am liebsten gar nicht mehr ausziehen m\u00f6chte. Dieser Pullover vereint Trend und Kuschelfaktor in einem! Runder Halsausschnitt mit schmalem Rippenb\u00fcndchen Weiches, flauschiges Boucl\u00e9-Garn mit lebendiger Oberfl\u00e4che Vorderseite mit geometrisch gesetzten Farbfeldern im aktuellen Saison-Look R\u00fccken und \u00c4rmel uni gehalten f\u00fcr einen ruhigen Kontrast Gerade [&#8230;]\n","protected":false},"featured_media":79613,"template":"","meta":[],"product_brand":[],"product_cat":[87],"product_tag":[],"class_list":{"0":"post-79586","1":"product","2":"type-product","3":"status-publish","4":"has-post-thumbnail","6":"product_cat-sale-h-w","8":"first","9":"instock","10":"sale","11":"taxable","12":"shipping-taxable","13":"purchasable","14":"product-type-variable"},"supplier_id":null,"supplier_sku":"","barcode":null,"atum_controlled":true,"out_stock_date":null,"out_stock_threshold":null,"inheritable":true,"inbound_stock":0,"stock_on_hold":2,"sold_today":0,"sales_last_days":0,"reserved_stock":0,"customer_returns":0,"warehouse_damage":0,"lost_in_post":0,"other_logs":0,"out_stock_days":null,"lost_sales":0,"has_location":false,"update_date":"2026-03-12T11:54:05","atum_locations":[],"atum_stock_status":"instock","restock_status":false,"low_stock_amount":"","sales_update_date":"2026-02-10T13:38:44","calc_backorders":null,"yoast_head":"<!-- This site is optimized with the Yoast SEO plugin v27.6 - https:\/\/yoast.com\/product\/yoast-seo-wordpress\/ -->\n<title>Strickpulli Modell Cristin - ANCORA Onlineshop<\/title>\n<meta name=\"robots\" content=\"index, follow, max-snippet:-1, max-image-preview:large, max-video-preview:-1\" \/>\n<link rel=\"canonical\" href=\"https:\/\/www.ancora-shop.de\/de\/produkt\/strickpulli-modell-cristin-2\/\" \/>\n<meta property=\"og:locale\" content=\"de_DE\" \/>\n<meta property=\"og:type\" content=\"article\" \/>\n<meta property=\"og:title\" content=\"Strickpulli Modell Cristin - ANCORA Onlineshop\" \/>\n<meta property=\"og:description\" content=\"Farben, die die Saison bestimmen \u2013 und ein Garn, das man am liebsten gar nicht mehr ausziehen m\u00f6chte. Dieser Pullover vereint Trend und Kuschelfaktor in einem! Runder Halsausschnitt mit schmalem Rippenb\u00fcndchen Weiches, flauschiges Boucl\u00e9-Garn mit lebendiger Oberfl\u00e4che Vorderseite mit geometrisch gesetzten Farbfeldern im aktuellen Saison-Look R\u00fccken und \u00c4rmel uni gehalten f\u00fcr einen ruhigen Kontrast Gerade [...]\" \/>\n<meta property=\"og:url\" content=\"https:\/\/www.ancora-shop.de\/de\/produkt\/strickpulli-modell-cristin-2\/\" \/>\n<meta property=\"og:site_name\" content=\"ANCORA Onlineshop\" \/>\n<meta property=\"article:modified_time\" content=\"2026-02-11T09:14:40+00:00\" \/>\n<meta property=\"og:image\" content=\"https:\/\/www.ancora-shop.de\/wp-content\/uploads\/2025\/09\/CRISTIN-NA-1.jpg\" \/>\n\t<meta property=\"og:image:width\" content=\"1067\" \/>\n\t<meta property=\"og:image:height\" content=\"1600\" \/>\n\t<meta property=\"og:image:type\" content=\"image\/jpeg\" \/>\n<meta name=\"twitter:card\" content=\"summary_large_image\" \/>\n<meta name=\"twitter:label1\" content=\"Gesch\u00e4tzte Lesezeit\" \/>\n\t<meta name=\"twitter:data1\" content=\"1\u00a0Minute\" \/>\n<script type=\"application\/ld+json\" class=\"yoast-schema-graph\">{\"@context\":\"https:\\\/\\\/schema.org\",\"@graph\":[{\"@type\":\"WebPage\",\"@id\":\"https:\\\/\\\/www.ancora-shop.de\\\/produkt\\\/strickpulli-modell-cristin-2\\\/\",\"url\":\"https:\\\/\\\/www.ancora-shop.de\\\/produkt\\\/strickpulli-modell-cristin-2\\\/\",\"name\":\"Strickpulli Modell Cristin - ANCORA Onlineshop\",\"isPartOf\":{\"@id\":\"https:\\\/\\\/www.ancora-shop.de\\\/#website\"},\"primaryImageOfPage\":{\"@id\":\"https:\\\/\\\/www.ancora-shop.de\\\/produkt\\\/strickpulli-modell-cristin-2\\\/#primaryimage\"},\"image\":{\"@id\":\"https:\\\/\\\/www.ancora-shop.de\\\/produkt\\\/strickpulli-modell-cristin-2\\\/#primaryimage\"},\"thumbnailUrl\":\"https:\\\/\\\/www.ancora-shop.de\\\/wp-content\\\/uploads\\\/2025\\\/09\\\/CRISTIN-NA-1.jpg\",\"datePublished\":\"2025-09-30T12:32:32+00:00\",\"dateModified\":\"2026-02-11T09:14:40+00:00\",\"breadcrumb\":{\"@id\":\"https:\\\/\\\/www.ancora-shop.de\\\/produkt\\\/strickpulli-modell-cristin-2\\\/#breadcrumb\"},\"inLanguage\":\"de\",\"potentialAction\":[{\"@type\":\"ReadAction\",\"target\":[\"https:\\\/\\\/www.ancora-shop.de\\\/produkt\\\/strickpulli-modell-cristin-2\\\/\"]}]},{\"@type\":\"ImageObject\",\"inLanguage\":\"de\",\"@id\":\"https:\\\/\\\/www.ancora-shop.de\\\/produkt\\\/strickpulli-modell-cristin-2\\\/#primaryimage\",\"url\":\"https:\\\/\\\/www.ancora-shop.de\\\/wp-content\\\/uploads\\\/2025\\\/09\\\/CRISTIN-NA-1.jpg\",\"contentUrl\":\"https:\\\/\\\/www.ancora-shop.de\\\/wp-content\\\/uploads\\\/2025\\\/09\\\/CRISTIN-NA-1.jpg\",\"width\":1067,\"height\":1600},{\"@type\":\"BreadcrumbList\",\"@id\":\"https:\\\/\\\/www.ancora-shop.de\\\/produkt\\\/strickpulli-modell-cristin-2\\\/#breadcrumb\",\"itemListElement\":[{\"@type\":\"ListItem\",\"position\":1,\"name\":\"Startseite\",\"item\":\"https:\\\/\\\/www.ancora-shop.de\\\/\"},{\"@type\":\"ListItem\",\"position\":2,\"name\":\"Shop\",\"item\":\"https:\\\/\\\/www.ancora-shop.de\\\/shop\\\/\"},{\"@type\":\"ListItem\",\"position\":3,\"name\":\"Strickpulli Modell Cristin\"}]},{\"@type\":\"WebSite\",\"@id\":\"https:\\\/\\\/www.ancora-shop.de\\\/#website\",\"url\":\"https:\\\/\\\/www.ancora-shop.de\\\/\",\"name\":\"ANCORA Onlineshop\",\"description\":\"\",\"potentialAction\":[{\"@type\":\"SearchAction\",\"target\":{\"@type\":\"EntryPoint\",\"urlTemplate\":\"https:\\\/\\\/www.ancora-shop.de\\\/?s={search_term_string}\"},\"query-input\":{\"@type\":\"PropertyValueSpecification\",\"valueRequired\":true,\"valueName\":\"search_term_string\"}}],\"inLanguage\":\"de\"}]}<\/script>\n<!-- \/ Yoast SEO plugin. -->","yoast_head_json":{"title":"Strickpulli Modell Cristin - ANCORA Onlineshop","robots":{"index":"index","follow":"follow","max-snippet":"max-snippet:-1","max-image-preview":"max-image-preview:large","max-video-preview":"max-video-preview:-1"},"canonical":"https:\/\/www.ancora-shop.de\/de\/produkt\/strickpulli-modell-cristin-2\/","og_locale":"de_DE","og_type":"article","og_title":"Strickpulli Modell Cristin - ANCORA Onlineshop","og_description":"Farben, die die Saison bestimmen \u2013 und ein Garn, das man am liebsten gar nicht mehr ausziehen m\u00f6chte. Dieser Pullover vereint Trend und Kuschelfaktor in einem! Runder Halsausschnitt mit schmalem Rippenb\u00fcndchen Weiches, flauschiges Boucl\u00e9-Garn mit lebendiger Oberfl\u00e4che Vorderseite mit geometrisch gesetzten Farbfeldern im aktuellen Saison-Look R\u00fccken und \u00c4rmel uni gehalten f\u00fcr einen ruhigen Kontrast Gerade [...]","og_url":"https:\/\/www.ancora-shop.de\/de\/produkt\/strickpulli-modell-cristin-2\/","og_site_name":"ANCORA Onlineshop","article_modified_time":"2026-02-11T09:14:40+00:00","og_image":[{"width":1067,"height":1600,"url":"https:\/\/www.ancora-shop.de\/wp-content\/uploads\/2025\/09\/CRISTIN-NA-1.jpg","type":"image\/jpeg"}],"twitter_card":"summary_large_image","twitter_misc":{"Gesch\u00e4tzte Lesezeit":"1\u00a0Minute"},"schema":{"@context":"https:\/\/schema.org","@graph":[{"@type":"WebPage","@id":"https:\/\/www.ancora-shop.de\/produkt\/strickpulli-modell-cristin-2\/","url":"https:\/\/www.ancora-shop.de\/produkt\/strickpulli-modell-cristin-2\/","name":"Strickpulli Modell Cristin - ANCORA Onlineshop","isPartOf":{"@id":"https:\/\/www.ancora-shop.de\/#website"},"primaryImageOfPage":{"@id":"https:\/\/www.ancora-shop.de\/produkt\/strickpulli-modell-cristin-2\/#primaryimage"},"image":{"@id":"https:\/\/www.ancora-shop.de\/produkt\/strickpulli-modell-cristin-2\/#primaryimage"},"thumbnailUrl":"https:\/\/www.ancora-shop.de\/wp-content\/uploads\/2025\/09\/CRISTIN-NA-1.jpg","datePublished":"2025-09-30T12:32:32+00:00","dateModified":"2026-02-11T09:14:40+00:00","breadcrumb":{"@id":"https:\/\/www.ancora-shop.de\/produkt\/strickpulli-modell-cristin-2\/#breadcrumb"},"inLanguage":"de","potentialAction":[{"@type":"ReadAction","target":["https:\/\/www.ancora-shop.de\/produkt\/strickpulli-modell-cristin-2\/"]}]},{"@type":"ImageObject","inLanguage":"de","@id":"https:\/\/www.ancora-shop.de\/produkt\/strickpulli-modell-cristin-2\/#primaryimage","url":"https:\/\/www.ancora-shop.de\/wp-content\/uploads\/2025\/09\/CRISTIN-NA-1.jpg","contentUrl":"https:\/\/www.ancora-shop.de\/wp-content\/uploads\/2025\/09\/CRISTIN-NA-1.jpg","width":1067,"height":1600},{"@type":"BreadcrumbList","@id":"https:\/\/www.ancora-shop.de\/produkt\/strickpulli-modell-cristin-2\/#breadcrumb","itemListElement":[{"@type":"ListItem","position":1,"name":"Startseite","item":"https:\/\/www.ancora-shop.de\/"},{"@type":"ListItem","position":2,"name":"Shop","item":"https:\/\/www.ancora-shop.de\/shop\/"},{"@type":"ListItem","position":3,"name":"Strickpulli Modell Cristin"}]},{"@type":"WebSite","@id":"https:\/\/www.ancora-shop.de\/#website","url":"https:\/\/www.ancora-shop.de\/","name":"ANCORA Onlineshop","description":"","potentialAction":[{"@type":"SearchAction","target":{"@type":"EntryPoint","urlTemplate":"https:\/\/www.ancora-shop.de\/?s={search_term_string}"},"query-input":{"@type":"PropertyValueSpecification","valueRequired":true,"valueName":"search_term_string"}}],"inLanguage":"de"}]}},"_links":{"self":[{"href":"https:\/\/www.ancora-shop.de\/de\/wp-json\/wp\/v2\/product\/79586","targetHints":{"allow":["GET"]}}],"collection":[{"href":"https:\/\/www.ancora-shop.de\/de\/wp-json\/wp\/v2\/product"}],"about":[{"href":"https:\/\/www.ancora-shop.de\/de\/wp-json\/wp\/v2\/types\/product"}],"wp:featuredmedia":[{"embeddable":true,"href":"https:\/\/www.ancora-shop.de\/de\/wp-json\/wp\/v2\/media\/79613"}],"wp:attachment":[{"href":"https:\/\/www.ancora-shop.de\/de\/wp-json\/wp\/v2\/media?parent=79586"}],"wp:term":[{"taxonomy":"product_brand","embeddable":true,"href":"https:\/\/www.ancora-shop.de\/de\/wp-json\/wp\/v2\/product_brand?post=79586"},{"taxonomy":"product_cat","embeddable":true,"href":"https:\/\/www.ancora-shop.de\/de\/wp-json\/wp\/v2\/product_cat?post=79586"},{"taxonomy":"product_tag","embeddable":true,"href":"https:\/\/www.ancora-shop.de\/de\/wp-json\/wp\/v2\/product_tag?post=79586"}],"curies":[{"name":"wp","href":"https:\/\/api.w.org\/{rel}","templated":true}]}}