{"id":79494,"date":"2025-09-30T11:47:22","date_gmt":"2025-09-30T09:47:22","guid":{"rendered":"https:\/\/www.ancora-shop.de\/?post_type=product&#038;p=79494"},"modified":"2026-04-16T15:16:20","modified_gmt":"2026-04-16T13:16:20","slug":"strickpulli-modell-yvonne","status":"publish","type":"product","link":"https:\/\/www.ancora-shop.de\/de\/produkt\/strickpulli-modell-yvonne\/","title":{"rendered":"Strickpulli Modell Yvonne"},"content":{"rendered":"<ul>\n<li>Ein Pullover, der Kontraste liebt: vorne schlicht, hinten \u00fcberraschend! Sportiver Chic vereint sich mit modischem Statement und bringt genau die Portion Spannung in den Look, die man sich w\u00fcnscht<\/li>\n<li>Tiefer V-Ausschnitt mit kontrastierendem Rippenstrick \u2013 feminin und sportiv zugleich<\/li>\n<li>L\u00e4ngerer Schnitt f\u00fcr eine moderne, schmeichelnde Silhouette<\/li>\n<li>Asymmetrische \u00c4rmelgestaltung: eine Seite mit Blockstreifen, die andere uni gehalten<\/li>\n<li>Vorderseite clean und zur\u00fcckhaltend, perfekt f\u00fcr unkomplizierte Stylings<\/li>\n<li>R\u00fcckseite mit gro\u00dffl\u00e4chigem Leo-Muster in kontrastierender Farbigkeit. Der unerwartete Eyecatcher<\/li>\n<li>Gerippte B\u00fcndchen an Saum und \u00c4rmeln mit sportiven Streifen-Details<\/li>\n<li>Besonderheit: Dieser Pullover ist ein echtes \u00dcberraschungspaket \u2013 vorne Understatement, hinten wildes Fashion-Statement. Ein Teil, das garantiert Gespr\u00e4chsstoff liefert und beim Ausgehen f\u00fcr den Wow-Moment sorgt<\/li>\n<li>Made in Italy<\/li>\n<\/ul>\n<p class=\"p1\">Die Taschen findet Ihr im Shop unseres Kooperationspartners: <a href=\"https:\/\/www.bolindersthlm.com\/\"><span class=\"s1\">https:\/\/www.bolindersthlm.com<\/span><\/a><\/p>","protected":false},"excerpt":{"rendered":"<p>Ein Pullover, der Kontraste liebt: vorne schlicht, hinten \u00fcberraschend! Sportiver Chic vereint sich mit modischem Statement und bringt genau die Portion Spannung in den Look, die man sich w\u00fcnscht Tiefer V-Ausschnitt mit kontrastierendem Rippenstrick \u2013 feminin und sportiv zugleich L\u00e4ngerer Schnitt f\u00fcr eine moderne, schmeichelnde Silhouette Asymmetrische \u00c4rmelgestaltung: eine Seite mit Blockstreifen, die andere uni [&#8230;]\n","protected":false},"featured_media":80823,"template":"","meta":[],"product_brand":[],"product_cat":[87],"product_tag":[],"class_list":{"0":"post-79494","1":"product","2":"type-product","3":"status-publish","4":"has-post-thumbnail","6":"product_cat-sale-h-w","8":"first","9":"instock","10":"sale","11":"taxable","12":"shipping-taxable","13":"purchasable","14":"product-type-variable"},"supplier_id":null,"supplier_sku":"","barcode":null,"atum_controlled":true,"out_stock_date":null,"out_stock_threshold":null,"inheritable":true,"inbound_stock":0,"stock_on_hold":3,"sold_today":0,"sales_last_days":1,"reserved_stock":0,"customer_returns":0,"warehouse_damage":0,"lost_in_post":0,"other_logs":0,"out_stock_days":null,"lost_sales":0,"has_location":false,"update_date":"2026-04-16T13:16:21","atum_locations":[],"atum_stock_status":"instock","restock_status":false,"low_stock_amount":"","sales_update_date":"2026-02-10T13:38:45","calc_backorders":null,"yoast_head":"<!-- This site is optimized with the Yoast SEO plugin v27.6 - https:\/\/yoast.com\/product\/yoast-seo-wordpress\/ -->\n<title>Strickpulli Modell Yvonne - ANCORA Onlineshop<\/title>\n<meta name=\"robots\" content=\"index, follow, max-snippet:-1, max-image-preview:large, max-video-preview:-1\" \/>\n<link rel=\"canonical\" href=\"https:\/\/www.ancora-shop.de\/de\/produkt\/strickpulli-modell-yvonne\/\" \/>\n<meta property=\"og:locale\" content=\"de_DE\" \/>\n<meta property=\"og:type\" content=\"article\" \/>\n<meta property=\"og:title\" content=\"Strickpulli Modell Yvonne - ANCORA Onlineshop\" \/>\n<meta property=\"og:description\" content=\"Ein Pullover, der Kontraste liebt: vorne schlicht, hinten \u00fcberraschend! Sportiver Chic vereint sich mit modischem Statement und bringt genau die Portion Spannung in den Look, die man sich w\u00fcnscht Tiefer V-Ausschnitt mit kontrastierendem Rippenstrick \u2013 feminin und sportiv zugleich L\u00e4ngerer Schnitt f\u00fcr eine moderne, schmeichelnde Silhouette Asymmetrische \u00c4rmelgestaltung: eine Seite mit Blockstreifen, die andere uni [...]\" \/>\n<meta property=\"og:url\" content=\"https:\/\/www.ancora-shop.de\/de\/produkt\/strickpulli-modell-yvonne\/\" \/>\n<meta property=\"og:site_name\" content=\"ANCORA Onlineshop\" \/>\n<meta property=\"article:modified_time\" content=\"2026-04-16T13:16:20+00:00\" \/>\n<meta property=\"og:image\" content=\"https:\/\/www.ancora-shop.de\/wp-content\/uploads\/2025\/09\/YVONNE_NAGA_2.jpg\" \/>\n\t<meta property=\"og:image:width\" content=\"1067\" \/>\n\t<meta property=\"og:image:height\" content=\"1600\" \/>\n\t<meta property=\"og:image:type\" content=\"image\/jpeg\" \/>\n<meta name=\"twitter:card\" content=\"summary_large_image\" \/>\n<meta name=\"twitter:label1\" content=\"Gesch\u00e4tzte Lesezeit\" \/>\n\t<meta name=\"twitter:data1\" content=\"1\u00a0Minute\" \/>\n<script type=\"application\/ld+json\" class=\"yoast-schema-graph\">{\"@context\":\"https:\\\/\\\/schema.org\",\"@graph\":[{\"@type\":\"WebPage\",\"@id\":\"https:\\\/\\\/www.ancora-shop.de\\\/produkt\\\/strickpulli-modell-yvonne\\\/\",\"url\":\"https:\\\/\\\/www.ancora-shop.de\\\/produkt\\\/strickpulli-modell-yvonne\\\/\",\"name\":\"Strickpulli Modell Yvonne - ANCORA Onlineshop\",\"isPartOf\":{\"@id\":\"https:\\\/\\\/www.ancora-shop.de\\\/#website\"},\"primaryImageOfPage\":{\"@id\":\"https:\\\/\\\/www.ancora-shop.de\\\/produkt\\\/strickpulli-modell-yvonne\\\/#primaryimage\"},\"image\":{\"@id\":\"https:\\\/\\\/www.ancora-shop.de\\\/produkt\\\/strickpulli-modell-yvonne\\\/#primaryimage\"},\"thumbnailUrl\":\"https:\\\/\\\/www.ancora-shop.de\\\/wp-content\\\/uploads\\\/2025\\\/09\\\/YVONNE_NAGA_2.jpg\",\"datePublished\":\"2025-09-30T09:47:22+00:00\",\"dateModified\":\"2026-04-16T13:16:20+00:00\",\"breadcrumb\":{\"@id\":\"https:\\\/\\\/www.ancora-shop.de\\\/produkt\\\/strickpulli-modell-yvonne\\\/#breadcrumb\"},\"inLanguage\":\"de\",\"potentialAction\":[{\"@type\":\"ReadAction\",\"target\":[\"https:\\\/\\\/www.ancora-shop.de\\\/produkt\\\/strickpulli-modell-yvonne\\\/\"]}]},{\"@type\":\"ImageObject\",\"inLanguage\":\"de\",\"@id\":\"https:\\\/\\\/www.ancora-shop.de\\\/produkt\\\/strickpulli-modell-yvonne\\\/#primaryimage\",\"url\":\"https:\\\/\\\/www.ancora-shop.de\\\/wp-content\\\/uploads\\\/2025\\\/09\\\/YVONNE_NAGA_2.jpg\",\"contentUrl\":\"https:\\\/\\\/www.ancora-shop.de\\\/wp-content\\\/uploads\\\/2025\\\/09\\\/YVONNE_NAGA_2.jpg\",\"width\":1067,\"height\":1600},{\"@type\":\"BreadcrumbList\",\"@id\":\"https:\\\/\\\/www.ancora-shop.de\\\/produkt\\\/strickpulli-modell-yvonne\\\/#breadcrumb\",\"itemListElement\":[{\"@type\":\"ListItem\",\"position\":1,\"name\":\"Startseite\",\"item\":\"https:\\\/\\\/www.ancora-shop.de\\\/\"},{\"@type\":\"ListItem\",\"position\":2,\"name\":\"Shop\",\"item\":\"https:\\\/\\\/www.ancora-shop.de\\\/shop\\\/\"},{\"@type\":\"ListItem\",\"position\":3,\"name\":\"Strickpulli Modell Yvonne\"}]},{\"@type\":\"WebSite\",\"@id\":\"https:\\\/\\\/www.ancora-shop.de\\\/#website\",\"url\":\"https:\\\/\\\/www.ancora-shop.de\\\/\",\"name\":\"ANCORA Onlineshop\",\"description\":\"\",\"potentialAction\":[{\"@type\":\"SearchAction\",\"target\":{\"@type\":\"EntryPoint\",\"urlTemplate\":\"https:\\\/\\\/www.ancora-shop.de\\\/?s={search_term_string}\"},\"query-input\":{\"@type\":\"PropertyValueSpecification\",\"valueRequired\":true,\"valueName\":\"search_term_string\"}}],\"inLanguage\":\"de\"}]}<\/script>\n<!-- \/ Yoast SEO plugin. -->","yoast_head_json":{"title":"Strickpulli Modell Yvonne - ANCORA Onlineshop","robots":{"index":"index","follow":"follow","max-snippet":"max-snippet:-1","max-image-preview":"max-image-preview:large","max-video-preview":"max-video-preview:-1"},"canonical":"https:\/\/www.ancora-shop.de\/de\/produkt\/strickpulli-modell-yvonne\/","og_locale":"de_DE","og_type":"article","og_title":"Strickpulli Modell Yvonne - ANCORA Onlineshop","og_description":"Ein Pullover, der Kontraste liebt: vorne schlicht, hinten \u00fcberraschend! Sportiver Chic vereint sich mit modischem Statement und bringt genau die Portion Spannung in den Look, die man sich w\u00fcnscht Tiefer V-Ausschnitt mit kontrastierendem Rippenstrick \u2013 feminin und sportiv zugleich L\u00e4ngerer Schnitt f\u00fcr eine moderne, schmeichelnde Silhouette Asymmetrische \u00c4rmelgestaltung: eine Seite mit Blockstreifen, die andere uni [...]","og_url":"https:\/\/www.ancora-shop.de\/de\/produkt\/strickpulli-modell-yvonne\/","og_site_name":"ANCORA Onlineshop","article_modified_time":"2026-04-16T13:16:20+00:00","og_image":[{"width":1067,"height":1600,"url":"https:\/\/www.ancora-shop.de\/wp-content\/uploads\/2025\/09\/YVONNE_NAGA_2.jpg","type":"image\/jpeg"}],"twitter_card":"summary_large_image","twitter_misc":{"Gesch\u00e4tzte Lesezeit":"1\u00a0Minute"},"schema":{"@context":"https:\/\/schema.org","@graph":[{"@type":"WebPage","@id":"https:\/\/www.ancora-shop.de\/produkt\/strickpulli-modell-yvonne\/","url":"https:\/\/www.ancora-shop.de\/produkt\/strickpulli-modell-yvonne\/","name":"Strickpulli Modell Yvonne - ANCORA Onlineshop","isPartOf":{"@id":"https:\/\/www.ancora-shop.de\/#website"},"primaryImageOfPage":{"@id":"https:\/\/www.ancora-shop.de\/produkt\/strickpulli-modell-yvonne\/#primaryimage"},"image":{"@id":"https:\/\/www.ancora-shop.de\/produkt\/strickpulli-modell-yvonne\/#primaryimage"},"thumbnailUrl":"https:\/\/www.ancora-shop.de\/wp-content\/uploads\/2025\/09\/YVONNE_NAGA_2.jpg","datePublished":"2025-09-30T09:47:22+00:00","dateModified":"2026-04-16T13:16:20+00:00","breadcrumb":{"@id":"https:\/\/www.ancora-shop.de\/produkt\/strickpulli-modell-yvonne\/#breadcrumb"},"inLanguage":"de","potentialAction":[{"@type":"ReadAction","target":["https:\/\/www.ancora-shop.de\/produkt\/strickpulli-modell-yvonne\/"]}]},{"@type":"ImageObject","inLanguage":"de","@id":"https:\/\/www.ancora-shop.de\/produkt\/strickpulli-modell-yvonne\/#primaryimage","url":"https:\/\/www.ancora-shop.de\/wp-content\/uploads\/2025\/09\/YVONNE_NAGA_2.jpg","contentUrl":"https:\/\/www.ancora-shop.de\/wp-content\/uploads\/2025\/09\/YVONNE_NAGA_2.jpg","width":1067,"height":1600},{"@type":"BreadcrumbList","@id":"https:\/\/www.ancora-shop.de\/produkt\/strickpulli-modell-yvonne\/#breadcrumb","itemListElement":[{"@type":"ListItem","position":1,"name":"Startseite","item":"https:\/\/www.ancora-shop.de\/"},{"@type":"ListItem","position":2,"name":"Shop","item":"https:\/\/www.ancora-shop.de\/shop\/"},{"@type":"ListItem","position":3,"name":"Strickpulli Modell Yvonne"}]},{"@type":"WebSite","@id":"https:\/\/www.ancora-shop.de\/#website","url":"https:\/\/www.ancora-shop.de\/","name":"ANCORA Onlineshop","description":"","potentialAction":[{"@type":"SearchAction","target":{"@type":"EntryPoint","urlTemplate":"https:\/\/www.ancora-shop.de\/?s={search_term_string}"},"query-input":{"@type":"PropertyValueSpecification","valueRequired":true,"valueName":"search_term_string"}}],"inLanguage":"de"}]}},"_links":{"self":[{"href":"https:\/\/www.ancora-shop.de\/de\/wp-json\/wp\/v2\/product\/79494","targetHints":{"allow":["GET"]}}],"collection":[{"href":"https:\/\/www.ancora-shop.de\/de\/wp-json\/wp\/v2\/product"}],"about":[{"href":"https:\/\/www.ancora-shop.de\/de\/wp-json\/wp\/v2\/types\/product"}],"wp:featuredmedia":[{"embeddable":true,"href":"https:\/\/www.ancora-shop.de\/de\/wp-json\/wp\/v2\/media\/80823"}],"wp:attachment":[{"href":"https:\/\/www.ancora-shop.de\/de\/wp-json\/wp\/v2\/media?parent=79494"}],"wp:term":[{"taxonomy":"product_brand","embeddable":true,"href":"https:\/\/www.ancora-shop.de\/de\/wp-json\/wp\/v2\/product_brand?post=79494"},{"taxonomy":"product_cat","embeddable":true,"href":"https:\/\/www.ancora-shop.de\/de\/wp-json\/wp\/v2\/product_cat?post=79494"},{"taxonomy":"product_tag","embeddable":true,"href":"https:\/\/www.ancora-shop.de\/de\/wp-json\/wp\/v2\/product_tag?post=79494"}],"curies":[{"name":"wp","href":"https:\/\/api.w.org\/{rel}","templated":true}]}}