{"id":79403,"date":"2025-09-26T12:58:11","date_gmt":"2025-09-26T10:58:11","guid":{"rendered":"https:\/\/www.ancora-shop.de\/?post_type=product&#038;p=79403"},"modified":"2026-04-10T15:46:57","modified_gmt":"2026-04-10T13:46:57","slug":"gilet-modell-melia-2","status":"publish","type":"product","link":"https:\/\/www.ancora-shop.de\/de\/produkt\/gilet-modell-melia-2\/","title":{"rendered":"Gilet Modell Melia"},"content":{"rendered":"<p>&nbsp;<\/p>\n<ul>\n<li>Fashion-Statement deluxe: Dieses Fell-Gilet bringt sofort Catwalk-Vibes in deinen Look \u2013 modern, kuschelig und absolut Eyecatcher-tauglich<\/li>\n<li>Gro\u00dfer, aufliegender Reverskragen f\u00fcr einen modernen Fashion-Touch<\/li>\n<li>Trendgerecht \u00fcberschnittene Schulterpartie<\/li>\n<li>Modische Kurzform, die perfekt zu Kleidern und weiten Hosen passt<\/li>\n<li>Mit einem gro\u00dfen Knopf zu schlie\u00dfen<\/li>\n<li>Seitliche Eingriffstaschen in der Naht \u2013 praktisch, dezent und nicht auftragend<\/li>\n<li>Hochwertiges, langfransiges Fake Fur mit luxuri\u00f6sem Volumen<\/li>\n<li>Glattes Innenfutter f\u00fcr maximalen Tragekomfort<\/li>\n<li>L\u00e4sst sich ideal \u00fcber Blazer oder dicken Pullovern tragen \u2013 perfekt f\u00fcr Layering-Looks<\/li>\n<li>Besonderheit: Das Statement-Gilet der Saison: bringt Sofort-Style in jedes Outfit und macht selbst schlichte Looks zum Hingucker<\/li>\n<li>Made in Italy<\/li>\n<\/ul>\n<p class=\"p1\">Die Taschen findet Ihr im Shop unseres Kooperationspartners: <a href=\"https:\/\/www.bolindersthlm.com\/\"><span class=\"s1\">https:\/\/www.bolindersthlm.com<\/span><\/a><\/p>","protected":false},"excerpt":{"rendered":"<p>&nbsp; Fashion-Statement deluxe: Dieses Fell-Gilet bringt sofort Catwalk-Vibes in deinen Look \u2013 modern, kuschelig und absolut Eyecatcher-tauglich Gro\u00dfer, aufliegender Reverskragen f\u00fcr einen modernen Fashion-Touch Trendgerecht \u00fcberschnittene Schulterpartie Modische Kurzform, die perfekt zu Kleidern und weiten Hosen passt Mit einem gro\u00dfen Knopf zu schlie\u00dfen Seitliche Eingriffstaschen in der Naht \u2013 praktisch, dezent und nicht auftragend Hochwertiges, [&#8230;]\n","protected":false},"featured_media":79951,"template":"","meta":[],"product_brand":[],"product_cat":[87],"product_tag":[],"class_list":{"0":"post-79403","1":"product","2":"type-product","3":"status-publish","4":"has-post-thumbnail","6":"product_cat-sale-h-w","8":"first","9":"instock","10":"sale","11":"featured","12":"taxable","13":"shipping-taxable","14":"purchasable","15":"product-type-variable","16":"has-default-attributes"},"supplier_id":null,"supplier_sku":"","barcode":null,"atum_controlled":true,"out_stock_date":null,"out_stock_threshold":null,"inheritable":true,"inbound_stock":0,"stock_on_hold":1,"sold_today":0,"sales_last_days":0,"reserved_stock":0,"customer_returns":0,"warehouse_damage":0,"lost_in_post":0,"other_logs":0,"out_stock_days":null,"lost_sales":0,"has_location":false,"update_date":"2026-02-24T10:46:05","atum_locations":[],"atum_stock_status":"instock","restock_status":false,"low_stock_amount":"","sales_update_date":"2026-01-07T16:16:54","calc_backorders":null,"yoast_head":"<!-- This site is optimized with the Yoast SEO plugin v27.6 - https:\/\/yoast.com\/product\/yoast-seo-wordpress\/ -->\n<title>Gilet Modell Melia - ANCORA Onlineshop<\/title>\n<meta name=\"robots\" content=\"index, follow, max-snippet:-1, max-image-preview:large, max-video-preview:-1\" \/>\n<link rel=\"canonical\" href=\"https:\/\/www.ancora-shop.de\/de\/produkt\/gilet-modell-melia-2\/\" \/>\n<meta property=\"og:locale\" content=\"de_DE\" \/>\n<meta property=\"og:type\" content=\"article\" \/>\n<meta property=\"og:title\" content=\"Gilet Modell Melia - ANCORA Onlineshop\" \/>\n<meta property=\"og:description\" content=\"&nbsp; Fashion-Statement deluxe: Dieses Fell-Gilet bringt sofort Catwalk-Vibes in deinen Look \u2013 modern, kuschelig und absolut Eyecatcher-tauglich Gro\u00dfer, aufliegender Reverskragen f\u00fcr einen modernen Fashion-Touch Trendgerecht \u00fcberschnittene Schulterpartie Modische Kurzform, die perfekt zu Kleidern und weiten Hosen passt Mit einem gro\u00dfen Knopf zu schlie\u00dfen Seitliche Eingriffstaschen in der Naht \u2013 praktisch, dezent und nicht auftragend Hochwertiges, [...]\" \/>\n<meta property=\"og:url\" content=\"https:\/\/www.ancora-shop.de\/de\/produkt\/gilet-modell-melia-2\/\" \/>\n<meta property=\"og:site_name\" content=\"ANCORA Onlineshop\" \/>\n<meta property=\"article:modified_time\" content=\"2026-04-10T13:46:57+00:00\" \/>\n<meta property=\"og:image\" content=\"https:\/\/www.ancora-shop.de\/wp-content\/uploads\/2025\/09\/MELIA-NE-1.jpg\" \/>\n\t<meta property=\"og:image:width\" content=\"1067\" \/>\n\t<meta property=\"og:image:height\" content=\"1600\" \/>\n\t<meta property=\"og:image:type\" content=\"image\/jpeg\" \/>\n<meta name=\"twitter:card\" content=\"summary_large_image\" \/>\n<meta name=\"twitter:label1\" content=\"Gesch\u00e4tzte Lesezeit\" \/>\n\t<meta name=\"twitter:data1\" content=\"1\u00a0Minute\" \/>\n<script type=\"application\/ld+json\" class=\"yoast-schema-graph\">{\"@context\":\"https:\\\/\\\/schema.org\",\"@graph\":[{\"@type\":\"WebPage\",\"@id\":\"https:\\\/\\\/www.ancora-shop.de\\\/produkt\\\/gilet-modell-melia-2\\\/\",\"url\":\"https:\\\/\\\/www.ancora-shop.de\\\/produkt\\\/gilet-modell-melia-2\\\/\",\"name\":\"Gilet Modell Melia - ANCORA Onlineshop\",\"isPartOf\":{\"@id\":\"https:\\\/\\\/www.ancora-shop.de\\\/#website\"},\"primaryImageOfPage\":{\"@id\":\"https:\\\/\\\/www.ancora-shop.de\\\/produkt\\\/gilet-modell-melia-2\\\/#primaryimage\"},\"image\":{\"@id\":\"https:\\\/\\\/www.ancora-shop.de\\\/produkt\\\/gilet-modell-melia-2\\\/#primaryimage\"},\"thumbnailUrl\":\"https:\\\/\\\/www.ancora-shop.de\\\/wp-content\\\/uploads\\\/2025\\\/09\\\/MELIA-NE-1.jpg\",\"datePublished\":\"2025-09-26T10:58:11+00:00\",\"dateModified\":\"2026-04-10T13:46:57+00:00\",\"breadcrumb\":{\"@id\":\"https:\\\/\\\/www.ancora-shop.de\\\/produkt\\\/gilet-modell-melia-2\\\/#breadcrumb\"},\"inLanguage\":\"de\",\"potentialAction\":[{\"@type\":\"ReadAction\",\"target\":[\"https:\\\/\\\/www.ancora-shop.de\\\/produkt\\\/gilet-modell-melia-2\\\/\"]}]},{\"@type\":\"ImageObject\",\"inLanguage\":\"de\",\"@id\":\"https:\\\/\\\/www.ancora-shop.de\\\/produkt\\\/gilet-modell-melia-2\\\/#primaryimage\",\"url\":\"https:\\\/\\\/www.ancora-shop.de\\\/wp-content\\\/uploads\\\/2025\\\/09\\\/MELIA-NE-1.jpg\",\"contentUrl\":\"https:\\\/\\\/www.ancora-shop.de\\\/wp-content\\\/uploads\\\/2025\\\/09\\\/MELIA-NE-1.jpg\",\"width\":1067,\"height\":1600},{\"@type\":\"BreadcrumbList\",\"@id\":\"https:\\\/\\\/www.ancora-shop.de\\\/produkt\\\/gilet-modell-melia-2\\\/#breadcrumb\",\"itemListElement\":[{\"@type\":\"ListItem\",\"position\":1,\"name\":\"Startseite\",\"item\":\"https:\\\/\\\/www.ancora-shop.de\\\/\"},{\"@type\":\"ListItem\",\"position\":2,\"name\":\"Shop\",\"item\":\"https:\\\/\\\/www.ancora-shop.de\\\/shop\\\/\"},{\"@type\":\"ListItem\",\"position\":3,\"name\":\"Gilet Modell Melia\"}]},{\"@type\":\"WebSite\",\"@id\":\"https:\\\/\\\/www.ancora-shop.de\\\/#website\",\"url\":\"https:\\\/\\\/www.ancora-shop.de\\\/\",\"name\":\"ANCORA Onlineshop\",\"description\":\"\",\"potentialAction\":[{\"@type\":\"SearchAction\",\"target\":{\"@type\":\"EntryPoint\",\"urlTemplate\":\"https:\\\/\\\/www.ancora-shop.de\\\/?s={search_term_string}\"},\"query-input\":{\"@type\":\"PropertyValueSpecification\",\"valueRequired\":true,\"valueName\":\"search_term_string\"}}],\"inLanguage\":\"de\"}]}<\/script>\n<!-- \/ Yoast SEO plugin. -->","yoast_head_json":{"title":"Gilet Modell Melia - ANCORA Onlineshop","robots":{"index":"index","follow":"follow","max-snippet":"max-snippet:-1","max-image-preview":"max-image-preview:large","max-video-preview":"max-video-preview:-1"},"canonical":"https:\/\/www.ancora-shop.de\/de\/produkt\/gilet-modell-melia-2\/","og_locale":"de_DE","og_type":"article","og_title":"Gilet Modell Melia - ANCORA Onlineshop","og_description":"&nbsp; Fashion-Statement deluxe: Dieses Fell-Gilet bringt sofort Catwalk-Vibes in deinen Look \u2013 modern, kuschelig und absolut Eyecatcher-tauglich Gro\u00dfer, aufliegender Reverskragen f\u00fcr einen modernen Fashion-Touch Trendgerecht \u00fcberschnittene Schulterpartie Modische Kurzform, die perfekt zu Kleidern und weiten Hosen passt Mit einem gro\u00dfen Knopf zu schlie\u00dfen Seitliche Eingriffstaschen in der Naht \u2013 praktisch, dezent und nicht auftragend Hochwertiges, [...]","og_url":"https:\/\/www.ancora-shop.de\/de\/produkt\/gilet-modell-melia-2\/","og_site_name":"ANCORA Onlineshop","article_modified_time":"2026-04-10T13:46:57+00:00","og_image":[{"width":1067,"height":1600,"url":"https:\/\/www.ancora-shop.de\/wp-content\/uploads\/2025\/09\/MELIA-NE-1.jpg","type":"image\/jpeg"}],"twitter_card":"summary_large_image","twitter_misc":{"Gesch\u00e4tzte Lesezeit":"1\u00a0Minute"},"schema":{"@context":"https:\/\/schema.org","@graph":[{"@type":"WebPage","@id":"https:\/\/www.ancora-shop.de\/produkt\/gilet-modell-melia-2\/","url":"https:\/\/www.ancora-shop.de\/produkt\/gilet-modell-melia-2\/","name":"Gilet Modell Melia - ANCORA Onlineshop","isPartOf":{"@id":"https:\/\/www.ancora-shop.de\/#website"},"primaryImageOfPage":{"@id":"https:\/\/www.ancora-shop.de\/produkt\/gilet-modell-melia-2\/#primaryimage"},"image":{"@id":"https:\/\/www.ancora-shop.de\/produkt\/gilet-modell-melia-2\/#primaryimage"},"thumbnailUrl":"https:\/\/www.ancora-shop.de\/wp-content\/uploads\/2025\/09\/MELIA-NE-1.jpg","datePublished":"2025-09-26T10:58:11+00:00","dateModified":"2026-04-10T13:46:57+00:00","breadcrumb":{"@id":"https:\/\/www.ancora-shop.de\/produkt\/gilet-modell-melia-2\/#breadcrumb"},"inLanguage":"de","potentialAction":[{"@type":"ReadAction","target":["https:\/\/www.ancora-shop.de\/produkt\/gilet-modell-melia-2\/"]}]},{"@type":"ImageObject","inLanguage":"de","@id":"https:\/\/www.ancora-shop.de\/produkt\/gilet-modell-melia-2\/#primaryimage","url":"https:\/\/www.ancora-shop.de\/wp-content\/uploads\/2025\/09\/MELIA-NE-1.jpg","contentUrl":"https:\/\/www.ancora-shop.de\/wp-content\/uploads\/2025\/09\/MELIA-NE-1.jpg","width":1067,"height":1600},{"@type":"BreadcrumbList","@id":"https:\/\/www.ancora-shop.de\/produkt\/gilet-modell-melia-2\/#breadcrumb","itemListElement":[{"@type":"ListItem","position":1,"name":"Startseite","item":"https:\/\/www.ancora-shop.de\/"},{"@type":"ListItem","position":2,"name":"Shop","item":"https:\/\/www.ancora-shop.de\/shop\/"},{"@type":"ListItem","position":3,"name":"Gilet Modell Melia"}]},{"@type":"WebSite","@id":"https:\/\/www.ancora-shop.de\/#website","url":"https:\/\/www.ancora-shop.de\/","name":"ANCORA Onlineshop","description":"","potentialAction":[{"@type":"SearchAction","target":{"@type":"EntryPoint","urlTemplate":"https:\/\/www.ancora-shop.de\/?s={search_term_string}"},"query-input":{"@type":"PropertyValueSpecification","valueRequired":true,"valueName":"search_term_string"}}],"inLanguage":"de"}]}},"_links":{"self":[{"href":"https:\/\/www.ancora-shop.de\/de\/wp-json\/wp\/v2\/product\/79403","targetHints":{"allow":["GET"]}}],"collection":[{"href":"https:\/\/www.ancora-shop.de\/de\/wp-json\/wp\/v2\/product"}],"about":[{"href":"https:\/\/www.ancora-shop.de\/de\/wp-json\/wp\/v2\/types\/product"}],"wp:featuredmedia":[{"embeddable":true,"href":"https:\/\/www.ancora-shop.de\/de\/wp-json\/wp\/v2\/media\/79951"}],"wp:attachment":[{"href":"https:\/\/www.ancora-shop.de\/de\/wp-json\/wp\/v2\/media?parent=79403"}],"wp:term":[{"taxonomy":"product_brand","embeddable":true,"href":"https:\/\/www.ancora-shop.de\/de\/wp-json\/wp\/v2\/product_brand?post=79403"},{"taxonomy":"product_cat","embeddable":true,"href":"https:\/\/www.ancora-shop.de\/de\/wp-json\/wp\/v2\/product_cat?post=79403"},{"taxonomy":"product_tag","embeddable":true,"href":"https:\/\/www.ancora-shop.de\/de\/wp-json\/wp\/v2\/product_tag?post=79403"}],"curies":[{"name":"wp","href":"https:\/\/api.w.org\/{rel}","templated":true}]}}