{"id":79334,"date":"2025-09-19T12:35:44","date_gmt":"2025-09-19T10:35:44","guid":{"rendered":"https:\/\/www.ancora-shop.de\/?post_type=product&#038;p=79334"},"modified":"2026-02-11T17:32:51","modified_gmt":"2026-02-11T16:32:51","slug":"jacke-modell-tosca","status":"publish","type":"product","link":"https:\/\/www.ancora-shop.de\/de\/produkt\/jacke-modell-tosca\/","title":{"rendered":"Jacke Modell Tosca"},"content":{"rendered":"<ul>\n<li>Sportiv trifft cozy \u2013 TOSCA ist unsere neue Feincordjacke mit l\u00e4ssigem Oversize-Fit und wandelbarem Saum f\u00fcr unz\u00e4hlige Stylingoptionen<\/li>\n<li>Hoher Stehkragen, der sich auch offen umgeschlagen tragen l\u00e4sst<\/li>\n<li>Durchgehende Knopfleiste<\/li>\n<li>\u00dcberschnittene Schulter und entspannter Oversize-Schnitt in Doppelgr\u00f6\u00dfen<\/li>\n<li>Dekorative Patten in schr\u00e4ger Form \u2013 optisches Taschendetail f\u00fcr den coolen Utility-Look<\/li>\n<li>Saum mit Tunnelzug und Bindeb\u00e4ndern \u2013 variabel zu binden, locker oder zur Schleife<\/li>\n<li>L\u00e4nger geschnitten f\u00fcr eine moderne Silhouette<\/li>\n<li>Aus softem Feincord in 100% Baumwolle<\/li>\n<li>Erh\u00e4ltlich in \u201eWhite Swan\u201c und in klassischem Schwarz<\/li>\n<li>Besonderheit: TOSCA l\u00e4sst sich vielseitig stylen \u2013 offen getragen als leichte Jacke, geschlossen fast wie ein Overshirt. Perfekt mit Hose KIMBERLY und Bluse ALBA f\u00fcr einen monochromen Look oder auch zu engen Hosen mit Pullover f\u00fcr einen entspannten Everyday-Style<\/li>\n<li>Made in Italy<\/li>\n<\/ul>\n<p class=\"p1\">Die Taschen findet Ihr im Shop unseres Kooperationspartners: <a href=\"https:\/\/www.bolindersthlm.com\/\"><span class=\"s1\">https:\/\/www.bolindersthlm.com<\/span><\/a><\/p>","protected":false},"excerpt":{"rendered":"<p>Sportiv trifft cozy \u2013 TOSCA ist unsere neue Feincordjacke mit l\u00e4ssigem Oversize-Fit und wandelbarem Saum f\u00fcr unz\u00e4hlige Stylingoptionen Hoher Stehkragen, der sich auch offen umgeschlagen tragen l\u00e4sst Durchgehende Knopfleiste \u00dcberschnittene Schulter und entspannter Oversize-Schnitt in Doppelgr\u00f6\u00dfen Dekorative Patten in schr\u00e4ger Form \u2013 optisches Taschendetail f\u00fcr den coolen Utility-Look Saum mit Tunnelzug und Bindeb\u00e4ndern \u2013 variabel [&#8230;]\n","protected":false},"featured_media":79991,"template":"","meta":[],"product_brand":[],"product_cat":[87],"product_tag":[],"class_list":{"0":"post-79334","1":"product","2":"type-product","3":"status-publish","4":"has-post-thumbnail","6":"product_cat-sale-h-w","8":"first","9":"instock","10":"sale","11":"taxable","12":"shipping-taxable","13":"purchasable","14":"product-type-variable"},"supplier_id":null,"supplier_sku":"","barcode":null,"atum_controlled":true,"out_stock_date":null,"out_stock_threshold":null,"inheritable":true,"inbound_stock":null,"stock_on_hold":0,"sold_today":0,"sales_last_days":1,"reserved_stock":null,"customer_returns":null,"warehouse_damage":null,"lost_in_post":null,"other_logs":null,"out_stock_days":null,"lost_sales":0,"has_location":false,"update_date":"2026-02-11T16:32:52","atum_locations":[],"atum_stock_status":"instock","restock_status":false,"low_stock_amount":"","sales_update_date":"2025-01-19T19:01:04","calc_backorders":null,"yoast_head":"<!-- This site is optimized with the Yoast SEO plugin v27.6 - https:\/\/yoast.com\/product\/yoast-seo-wordpress\/ -->\n<title>Jacke Modell Tosca - ANCORA Onlineshop<\/title>\n<meta name=\"robots\" content=\"index, follow, max-snippet:-1, max-image-preview:large, max-video-preview:-1\" \/>\n<link rel=\"canonical\" href=\"https:\/\/www.ancora-shop.de\/de\/produkt\/jacke-modell-tosca\/\" \/>\n<meta property=\"og:locale\" content=\"de_DE\" \/>\n<meta property=\"og:type\" content=\"article\" \/>\n<meta property=\"og:title\" content=\"Jacke Modell Tosca - ANCORA Onlineshop\" \/>\n<meta property=\"og:description\" content=\"Sportiv trifft cozy \u2013 TOSCA ist unsere neue Feincordjacke mit l\u00e4ssigem Oversize-Fit und wandelbarem Saum f\u00fcr unz\u00e4hlige Stylingoptionen Hoher Stehkragen, der sich auch offen umgeschlagen tragen l\u00e4sst Durchgehende Knopfleiste \u00dcberschnittene Schulter und entspannter Oversize-Schnitt in Doppelgr\u00f6\u00dfen Dekorative Patten in schr\u00e4ger Form \u2013 optisches Taschendetail f\u00fcr den coolen Utility-Look Saum mit Tunnelzug und Bindeb\u00e4ndern \u2013 variabel [...]\" \/>\n<meta property=\"og:url\" content=\"https:\/\/www.ancora-shop.de\/de\/produkt\/jacke-modell-tosca\/\" \/>\n<meta property=\"og:site_name\" content=\"ANCORA Onlineshop\" \/>\n<meta property=\"article:modified_time\" content=\"2026-02-11T16:32:51+00:00\" \/>\n<meta property=\"og:image\" content=\"https:\/\/www.ancora-shop.de\/wp-content\/uploads\/2025\/09\/TOSCA-WS-1.jpg\" \/>\n\t<meta property=\"og:image:width\" content=\"1067\" \/>\n\t<meta property=\"og:image:height\" content=\"1600\" \/>\n\t<meta property=\"og:image:type\" content=\"image\/jpeg\" \/>\n<meta name=\"twitter:card\" content=\"summary_large_image\" \/>\n<meta name=\"twitter:label1\" content=\"Gesch\u00e4tzte Lesezeit\" \/>\n\t<meta name=\"twitter:data1\" content=\"1\u00a0Minute\" \/>\n<script type=\"application\/ld+json\" class=\"yoast-schema-graph\">{\"@context\":\"https:\\\/\\\/schema.org\",\"@graph\":[{\"@type\":\"WebPage\",\"@id\":\"https:\\\/\\\/www.ancora-shop.de\\\/produkt\\\/jacke-modell-tosca\\\/\",\"url\":\"https:\\\/\\\/www.ancora-shop.de\\\/produkt\\\/jacke-modell-tosca\\\/\",\"name\":\"Jacke Modell Tosca - ANCORA Onlineshop\",\"isPartOf\":{\"@id\":\"https:\\\/\\\/www.ancora-shop.de\\\/#website\"},\"primaryImageOfPage\":{\"@id\":\"https:\\\/\\\/www.ancora-shop.de\\\/produkt\\\/jacke-modell-tosca\\\/#primaryimage\"},\"image\":{\"@id\":\"https:\\\/\\\/www.ancora-shop.de\\\/produkt\\\/jacke-modell-tosca\\\/#primaryimage\"},\"thumbnailUrl\":\"https:\\\/\\\/www.ancora-shop.de\\\/wp-content\\\/uploads\\\/2025\\\/09\\\/TOSCA-WS-1.jpg\",\"datePublished\":\"2025-09-19T10:35:44+00:00\",\"dateModified\":\"2026-02-11T16:32:51+00:00\",\"breadcrumb\":{\"@id\":\"https:\\\/\\\/www.ancora-shop.de\\\/produkt\\\/jacke-modell-tosca\\\/#breadcrumb\"},\"inLanguage\":\"de\",\"potentialAction\":[{\"@type\":\"ReadAction\",\"target\":[\"https:\\\/\\\/www.ancora-shop.de\\\/produkt\\\/jacke-modell-tosca\\\/\"]}]},{\"@type\":\"ImageObject\",\"inLanguage\":\"de\",\"@id\":\"https:\\\/\\\/www.ancora-shop.de\\\/produkt\\\/jacke-modell-tosca\\\/#primaryimage\",\"url\":\"https:\\\/\\\/www.ancora-shop.de\\\/wp-content\\\/uploads\\\/2025\\\/09\\\/TOSCA-WS-1.jpg\",\"contentUrl\":\"https:\\\/\\\/www.ancora-shop.de\\\/wp-content\\\/uploads\\\/2025\\\/09\\\/TOSCA-WS-1.jpg\",\"width\":1067,\"height\":1600},{\"@type\":\"BreadcrumbList\",\"@id\":\"https:\\\/\\\/www.ancora-shop.de\\\/produkt\\\/jacke-modell-tosca\\\/#breadcrumb\",\"itemListElement\":[{\"@type\":\"ListItem\",\"position\":1,\"name\":\"Startseite\",\"item\":\"https:\\\/\\\/www.ancora-shop.de\\\/\"},{\"@type\":\"ListItem\",\"position\":2,\"name\":\"Shop\",\"item\":\"https:\\\/\\\/www.ancora-shop.de\\\/shop\\\/\"},{\"@type\":\"ListItem\",\"position\":3,\"name\":\"Jacke Modell Tosca\"}]},{\"@type\":\"WebSite\",\"@id\":\"https:\\\/\\\/www.ancora-shop.de\\\/#website\",\"url\":\"https:\\\/\\\/www.ancora-shop.de\\\/\",\"name\":\"ANCORA Onlineshop\",\"description\":\"\",\"potentialAction\":[{\"@type\":\"SearchAction\",\"target\":{\"@type\":\"EntryPoint\",\"urlTemplate\":\"https:\\\/\\\/www.ancora-shop.de\\\/?s={search_term_string}\"},\"query-input\":{\"@type\":\"PropertyValueSpecification\",\"valueRequired\":true,\"valueName\":\"search_term_string\"}}],\"inLanguage\":\"de\"}]}<\/script>\n<!-- \/ Yoast SEO plugin. -->","yoast_head_json":{"title":"Jacke Modell Tosca - ANCORA Onlineshop","robots":{"index":"index","follow":"follow","max-snippet":"max-snippet:-1","max-image-preview":"max-image-preview:large","max-video-preview":"max-video-preview:-1"},"canonical":"https:\/\/www.ancora-shop.de\/de\/produkt\/jacke-modell-tosca\/","og_locale":"de_DE","og_type":"article","og_title":"Jacke Modell Tosca - ANCORA Onlineshop","og_description":"Sportiv trifft cozy \u2013 TOSCA ist unsere neue Feincordjacke mit l\u00e4ssigem Oversize-Fit und wandelbarem Saum f\u00fcr unz\u00e4hlige Stylingoptionen Hoher Stehkragen, der sich auch offen umgeschlagen tragen l\u00e4sst Durchgehende Knopfleiste \u00dcberschnittene Schulter und entspannter Oversize-Schnitt in Doppelgr\u00f6\u00dfen Dekorative Patten in schr\u00e4ger Form \u2013 optisches Taschendetail f\u00fcr den coolen Utility-Look Saum mit Tunnelzug und Bindeb\u00e4ndern \u2013 variabel [...]","og_url":"https:\/\/www.ancora-shop.de\/de\/produkt\/jacke-modell-tosca\/","og_site_name":"ANCORA Onlineshop","article_modified_time":"2026-02-11T16:32:51+00:00","og_image":[{"width":1067,"height":1600,"url":"https:\/\/www.ancora-shop.de\/wp-content\/uploads\/2025\/09\/TOSCA-WS-1.jpg","type":"image\/jpeg"}],"twitter_card":"summary_large_image","twitter_misc":{"Gesch\u00e4tzte Lesezeit":"1\u00a0Minute"},"schema":{"@context":"https:\/\/schema.org","@graph":[{"@type":"WebPage","@id":"https:\/\/www.ancora-shop.de\/produkt\/jacke-modell-tosca\/","url":"https:\/\/www.ancora-shop.de\/produkt\/jacke-modell-tosca\/","name":"Jacke Modell Tosca - ANCORA Onlineshop","isPartOf":{"@id":"https:\/\/www.ancora-shop.de\/#website"},"primaryImageOfPage":{"@id":"https:\/\/www.ancora-shop.de\/produkt\/jacke-modell-tosca\/#primaryimage"},"image":{"@id":"https:\/\/www.ancora-shop.de\/produkt\/jacke-modell-tosca\/#primaryimage"},"thumbnailUrl":"https:\/\/www.ancora-shop.de\/wp-content\/uploads\/2025\/09\/TOSCA-WS-1.jpg","datePublished":"2025-09-19T10:35:44+00:00","dateModified":"2026-02-11T16:32:51+00:00","breadcrumb":{"@id":"https:\/\/www.ancora-shop.de\/produkt\/jacke-modell-tosca\/#breadcrumb"},"inLanguage":"de","potentialAction":[{"@type":"ReadAction","target":["https:\/\/www.ancora-shop.de\/produkt\/jacke-modell-tosca\/"]}]},{"@type":"ImageObject","inLanguage":"de","@id":"https:\/\/www.ancora-shop.de\/produkt\/jacke-modell-tosca\/#primaryimage","url":"https:\/\/www.ancora-shop.de\/wp-content\/uploads\/2025\/09\/TOSCA-WS-1.jpg","contentUrl":"https:\/\/www.ancora-shop.de\/wp-content\/uploads\/2025\/09\/TOSCA-WS-1.jpg","width":1067,"height":1600},{"@type":"BreadcrumbList","@id":"https:\/\/www.ancora-shop.de\/produkt\/jacke-modell-tosca\/#breadcrumb","itemListElement":[{"@type":"ListItem","position":1,"name":"Startseite","item":"https:\/\/www.ancora-shop.de\/"},{"@type":"ListItem","position":2,"name":"Shop","item":"https:\/\/www.ancora-shop.de\/shop\/"},{"@type":"ListItem","position":3,"name":"Jacke Modell Tosca"}]},{"@type":"WebSite","@id":"https:\/\/www.ancora-shop.de\/#website","url":"https:\/\/www.ancora-shop.de\/","name":"ANCORA Onlineshop","description":"","potentialAction":[{"@type":"SearchAction","target":{"@type":"EntryPoint","urlTemplate":"https:\/\/www.ancora-shop.de\/?s={search_term_string}"},"query-input":{"@type":"PropertyValueSpecification","valueRequired":true,"valueName":"search_term_string"}}],"inLanguage":"de"}]}},"_links":{"self":[{"href":"https:\/\/www.ancora-shop.de\/de\/wp-json\/wp\/v2\/product\/79334","targetHints":{"allow":["GET"]}}],"collection":[{"href":"https:\/\/www.ancora-shop.de\/de\/wp-json\/wp\/v2\/product"}],"about":[{"href":"https:\/\/www.ancora-shop.de\/de\/wp-json\/wp\/v2\/types\/product"}],"wp:featuredmedia":[{"embeddable":true,"href":"https:\/\/www.ancora-shop.de\/de\/wp-json\/wp\/v2\/media\/79991"}],"wp:attachment":[{"href":"https:\/\/www.ancora-shop.de\/de\/wp-json\/wp\/v2\/media?parent=79334"}],"wp:term":[{"taxonomy":"product_brand","embeddable":true,"href":"https:\/\/www.ancora-shop.de\/de\/wp-json\/wp\/v2\/product_brand?post=79334"},{"taxonomy":"product_cat","embeddable":true,"href":"https:\/\/www.ancora-shop.de\/de\/wp-json\/wp\/v2\/product_cat?post=79334"},{"taxonomy":"product_tag","embeddable":true,"href":"https:\/\/www.ancora-shop.de\/de\/wp-json\/wp\/v2\/product_tag?post=79334"}],"curies":[{"name":"wp","href":"https:\/\/api.w.org\/{rel}","templated":true}]}}