{"id":79227,"date":"2025-09-19T11:02:41","date_gmt":"2025-09-19T09:02:41","guid":{"rendered":"https:\/\/www.ancora-shop.de\/?post_type=product&#038;p=79227"},"modified":"2026-02-11T10:41:34","modified_gmt":"2026-02-11T09:41:34","slug":"hose-modell-polina","status":"publish","type":"product","link":"https:\/\/www.ancora-shop.de\/de\/produkt\/hose-modell-polina\/","title":{"rendered":"Hose Modell Polina"},"content":{"rendered":"<ul>\n<li>Trend-Update gef\u00e4llig? Diese Hose kombiniert moderne Knopfdetails mit einer schmeichelnden Bootcut-Silhouette &#8211; ein Must-have f\u00fcr den Herbst<\/li>\n<li>Glatter Bund vorne, hinten mit 3-geteiltem Gummizug f\u00fcr einen bequemen Sitz<\/li>\n<li>Rei\u00dfverschluss und Haken-\/\u00d6senverschluss<\/li>\n<li>Praktisch &amp; clever gel\u00f6st: Die seitlichen Knopfleisten mit je 3 Kn\u00f6pfen und integrierten, kn\u00f6pfbaren Taschen geben der Hose ihren besonderen Look<\/li>\n<li>Clean zugekn\u00f6pft oder l\u00e4ssig mit ge\u00f6ffneten Taschen zu tragen<\/li>\n<li>Zier-Paspeltaschen hinten<\/li>\n<li>Bootcut-Schnitt: schmal am Oberschenkel, leicht ausgestellt zum Saum<\/li>\n<li>Label-Emblem aus Metall<\/li>\n<li>Softer Viskose-Polyester-Mix mit angenehmem Griff<\/li>\n<li>Besonderheit: Die seitlichen Knopfleisten mit Knopf-verschlie\u00dfbaren Taschen bringen Abwechslung in dein Hosensortiment \u2013 subtil im Detail, stark in der Wirkung<\/li>\n<li>Made in Italy<\/li>\n<\/ul>\n<p class=\"p1\">Die Taschen findet Ihr im Shop unseres Kooperationspartners: <a href=\"https:\/\/www.bolindersthlm.com\/\"><span class=\"s1\">https:\/\/www.bolindersthlm.com<\/span><\/a><\/p>","protected":false},"excerpt":{"rendered":"<p>Trend-Update gef\u00e4llig? Diese Hose kombiniert moderne Knopfdetails mit einer schmeichelnden Bootcut-Silhouette &#8211; ein Must-have f\u00fcr den Herbst Glatter Bund vorne, hinten mit 3-geteiltem Gummizug f\u00fcr einen bequemen Sitz Rei\u00dfverschluss und Haken-\/\u00d6senverschluss Praktisch &amp; clever gel\u00f6st: Die seitlichen Knopfleisten mit je 3 Kn\u00f6pfen und integrierten, kn\u00f6pfbaren Taschen geben der Hose ihren besonderen Look Clean zugekn\u00f6pft oder [&#8230;]\n","protected":false},"featured_media":79969,"template":"","meta":[],"product_brand":[],"product_cat":[87],"product_tag":[],"class_list":{"0":"post-79227","1":"product","2":"type-product","3":"status-publish","4":"has-post-thumbnail","6":"product_cat-sale-h-w","8":"first","9":"instock","10":"sale","11":"taxable","12":"shipping-taxable","13":"purchasable","14":"product-type-variable"},"supplier_id":null,"supplier_sku":"","barcode":null,"atum_controlled":true,"out_stock_date":null,"out_stock_threshold":null,"inheritable":true,"inbound_stock":null,"stock_on_hold":6,"sold_today":1,"sales_last_days":5,"reserved_stock":null,"customer_returns":null,"warehouse_damage":null,"lost_in_post":null,"other_logs":null,"out_stock_days":null,"lost_sales":0,"has_location":false,"update_date":"2026-03-24T10:45:49","atum_locations":[],"atum_stock_status":"instock","restock_status":false,"low_stock_amount":"","sales_update_date":"2025-01-19T23:01:04","calc_backorders":null,"yoast_head":"<!-- This site is optimized with the Yoast SEO plugin v27.6 - https:\/\/yoast.com\/product\/yoast-seo-wordpress\/ -->\n<title>Hose Modell Polina - ANCORA Onlineshop<\/title>\n<meta name=\"robots\" content=\"index, follow, max-snippet:-1, max-image-preview:large, max-video-preview:-1\" \/>\n<link rel=\"canonical\" href=\"https:\/\/www.ancora-shop.de\/de\/produkt\/hose-modell-polina\/\" \/>\n<meta property=\"og:locale\" content=\"de_DE\" \/>\n<meta property=\"og:type\" content=\"article\" \/>\n<meta property=\"og:title\" content=\"Hose Modell Polina - ANCORA Onlineshop\" \/>\n<meta property=\"og:description\" content=\"Trend-Update gef\u00e4llig? Diese Hose kombiniert moderne Knopfdetails mit einer schmeichelnden Bootcut-Silhouette &#8211; ein Must-have f\u00fcr den Herbst Glatter Bund vorne, hinten mit 3-geteiltem Gummizug f\u00fcr einen bequemen Sitz Rei\u00dfverschluss und Haken-\/\u00d6senverschluss Praktisch &amp; clever gel\u00f6st: Die seitlichen Knopfleisten mit je 3 Kn\u00f6pfen und integrierten, kn\u00f6pfbaren Taschen geben der Hose ihren besonderen Look Clean zugekn\u00f6pft oder [...]\" \/>\n<meta property=\"og:url\" content=\"https:\/\/www.ancora-shop.de\/de\/produkt\/hose-modell-polina\/\" \/>\n<meta property=\"og:site_name\" content=\"ANCORA Onlineshop\" \/>\n<meta property=\"article:modified_time\" content=\"2026-02-11T09:41:34+00:00\" \/>\n<meta property=\"og:image\" content=\"https:\/\/www.ancora-shop.de\/wp-content\/uploads\/2025\/09\/POLINA-DN-1.jpg\" \/>\n\t<meta property=\"og:image:width\" content=\"1067\" \/>\n\t<meta property=\"og:image:height\" content=\"1600\" \/>\n\t<meta property=\"og:image:type\" content=\"image\/jpeg\" \/>\n<meta name=\"twitter:card\" content=\"summary_large_image\" \/>\n<meta name=\"twitter:label1\" content=\"Gesch\u00e4tzte Lesezeit\" \/>\n\t<meta name=\"twitter:data1\" content=\"1\u00a0Minute\" \/>\n<script type=\"application\/ld+json\" class=\"yoast-schema-graph\">{\"@context\":\"https:\\\/\\\/schema.org\",\"@graph\":[{\"@type\":\"WebPage\",\"@id\":\"https:\\\/\\\/www.ancora-shop.de\\\/produkt\\\/hose-modell-polina\\\/\",\"url\":\"https:\\\/\\\/www.ancora-shop.de\\\/produkt\\\/hose-modell-polina\\\/\",\"name\":\"Hose Modell Polina - ANCORA Onlineshop\",\"isPartOf\":{\"@id\":\"https:\\\/\\\/www.ancora-shop.de\\\/#website\"},\"primaryImageOfPage\":{\"@id\":\"https:\\\/\\\/www.ancora-shop.de\\\/produkt\\\/hose-modell-polina\\\/#primaryimage\"},\"image\":{\"@id\":\"https:\\\/\\\/www.ancora-shop.de\\\/produkt\\\/hose-modell-polina\\\/#primaryimage\"},\"thumbnailUrl\":\"https:\\\/\\\/www.ancora-shop.de\\\/wp-content\\\/uploads\\\/2025\\\/09\\\/POLINA-DN-1.jpg\",\"datePublished\":\"2025-09-19T09:02:41+00:00\",\"dateModified\":\"2026-02-11T09:41:34+00:00\",\"breadcrumb\":{\"@id\":\"https:\\\/\\\/www.ancora-shop.de\\\/produkt\\\/hose-modell-polina\\\/#breadcrumb\"},\"inLanguage\":\"de\",\"potentialAction\":[{\"@type\":\"ReadAction\",\"target\":[\"https:\\\/\\\/www.ancora-shop.de\\\/produkt\\\/hose-modell-polina\\\/\"]}]},{\"@type\":\"ImageObject\",\"inLanguage\":\"de\",\"@id\":\"https:\\\/\\\/www.ancora-shop.de\\\/produkt\\\/hose-modell-polina\\\/#primaryimage\",\"url\":\"https:\\\/\\\/www.ancora-shop.de\\\/wp-content\\\/uploads\\\/2025\\\/09\\\/POLINA-DN-1.jpg\",\"contentUrl\":\"https:\\\/\\\/www.ancora-shop.de\\\/wp-content\\\/uploads\\\/2025\\\/09\\\/POLINA-DN-1.jpg\",\"width\":1067,\"height\":1600},{\"@type\":\"BreadcrumbList\",\"@id\":\"https:\\\/\\\/www.ancora-shop.de\\\/produkt\\\/hose-modell-polina\\\/#breadcrumb\",\"itemListElement\":[{\"@type\":\"ListItem\",\"position\":1,\"name\":\"Startseite\",\"item\":\"https:\\\/\\\/www.ancora-shop.de\\\/\"},{\"@type\":\"ListItem\",\"position\":2,\"name\":\"Shop\",\"item\":\"https:\\\/\\\/www.ancora-shop.de\\\/shop\\\/\"},{\"@type\":\"ListItem\",\"position\":3,\"name\":\"Hose Modell Polina\"}]},{\"@type\":\"WebSite\",\"@id\":\"https:\\\/\\\/www.ancora-shop.de\\\/#website\",\"url\":\"https:\\\/\\\/www.ancora-shop.de\\\/\",\"name\":\"ANCORA Onlineshop\",\"description\":\"\",\"potentialAction\":[{\"@type\":\"SearchAction\",\"target\":{\"@type\":\"EntryPoint\",\"urlTemplate\":\"https:\\\/\\\/www.ancora-shop.de\\\/?s={search_term_string}\"},\"query-input\":{\"@type\":\"PropertyValueSpecification\",\"valueRequired\":true,\"valueName\":\"search_term_string\"}}],\"inLanguage\":\"de\"}]}<\/script>\n<!-- \/ Yoast SEO plugin. -->","yoast_head_json":{"title":"Hose Modell Polina - ANCORA Onlineshop","robots":{"index":"index","follow":"follow","max-snippet":"max-snippet:-1","max-image-preview":"max-image-preview:large","max-video-preview":"max-video-preview:-1"},"canonical":"https:\/\/www.ancora-shop.de\/de\/produkt\/hose-modell-polina\/","og_locale":"de_DE","og_type":"article","og_title":"Hose Modell Polina - ANCORA Onlineshop","og_description":"Trend-Update gef\u00e4llig? Diese Hose kombiniert moderne Knopfdetails mit einer schmeichelnden Bootcut-Silhouette &#8211; ein Must-have f\u00fcr den Herbst Glatter Bund vorne, hinten mit 3-geteiltem Gummizug f\u00fcr einen bequemen Sitz Rei\u00dfverschluss und Haken-\/\u00d6senverschluss Praktisch &amp; clever gel\u00f6st: Die seitlichen Knopfleisten mit je 3 Kn\u00f6pfen und integrierten, kn\u00f6pfbaren Taschen geben der Hose ihren besonderen Look Clean zugekn\u00f6pft oder [...]","og_url":"https:\/\/www.ancora-shop.de\/de\/produkt\/hose-modell-polina\/","og_site_name":"ANCORA Onlineshop","article_modified_time":"2026-02-11T09:41:34+00:00","og_image":[{"width":1067,"height":1600,"url":"https:\/\/www.ancora-shop.de\/wp-content\/uploads\/2025\/09\/POLINA-DN-1.jpg","type":"image\/jpeg"}],"twitter_card":"summary_large_image","twitter_misc":{"Gesch\u00e4tzte Lesezeit":"1\u00a0Minute"},"schema":{"@context":"https:\/\/schema.org","@graph":[{"@type":"WebPage","@id":"https:\/\/www.ancora-shop.de\/produkt\/hose-modell-polina\/","url":"https:\/\/www.ancora-shop.de\/produkt\/hose-modell-polina\/","name":"Hose Modell Polina - ANCORA Onlineshop","isPartOf":{"@id":"https:\/\/www.ancora-shop.de\/#website"},"primaryImageOfPage":{"@id":"https:\/\/www.ancora-shop.de\/produkt\/hose-modell-polina\/#primaryimage"},"image":{"@id":"https:\/\/www.ancora-shop.de\/produkt\/hose-modell-polina\/#primaryimage"},"thumbnailUrl":"https:\/\/www.ancora-shop.de\/wp-content\/uploads\/2025\/09\/POLINA-DN-1.jpg","datePublished":"2025-09-19T09:02:41+00:00","dateModified":"2026-02-11T09:41:34+00:00","breadcrumb":{"@id":"https:\/\/www.ancora-shop.de\/produkt\/hose-modell-polina\/#breadcrumb"},"inLanguage":"de","potentialAction":[{"@type":"ReadAction","target":["https:\/\/www.ancora-shop.de\/produkt\/hose-modell-polina\/"]}]},{"@type":"ImageObject","inLanguage":"de","@id":"https:\/\/www.ancora-shop.de\/produkt\/hose-modell-polina\/#primaryimage","url":"https:\/\/www.ancora-shop.de\/wp-content\/uploads\/2025\/09\/POLINA-DN-1.jpg","contentUrl":"https:\/\/www.ancora-shop.de\/wp-content\/uploads\/2025\/09\/POLINA-DN-1.jpg","width":1067,"height":1600},{"@type":"BreadcrumbList","@id":"https:\/\/www.ancora-shop.de\/produkt\/hose-modell-polina\/#breadcrumb","itemListElement":[{"@type":"ListItem","position":1,"name":"Startseite","item":"https:\/\/www.ancora-shop.de\/"},{"@type":"ListItem","position":2,"name":"Shop","item":"https:\/\/www.ancora-shop.de\/shop\/"},{"@type":"ListItem","position":3,"name":"Hose Modell Polina"}]},{"@type":"WebSite","@id":"https:\/\/www.ancora-shop.de\/#website","url":"https:\/\/www.ancora-shop.de\/","name":"ANCORA Onlineshop","description":"","potentialAction":[{"@type":"SearchAction","target":{"@type":"EntryPoint","urlTemplate":"https:\/\/www.ancora-shop.de\/?s={search_term_string}"},"query-input":{"@type":"PropertyValueSpecification","valueRequired":true,"valueName":"search_term_string"}}],"inLanguage":"de"}]}},"_links":{"self":[{"href":"https:\/\/www.ancora-shop.de\/de\/wp-json\/wp\/v2\/product\/79227","targetHints":{"allow":["GET"]}}],"collection":[{"href":"https:\/\/www.ancora-shop.de\/de\/wp-json\/wp\/v2\/product"}],"about":[{"href":"https:\/\/www.ancora-shop.de\/de\/wp-json\/wp\/v2\/types\/product"}],"wp:featuredmedia":[{"embeddable":true,"href":"https:\/\/www.ancora-shop.de\/de\/wp-json\/wp\/v2\/media\/79969"}],"wp:attachment":[{"href":"https:\/\/www.ancora-shop.de\/de\/wp-json\/wp\/v2\/media?parent=79227"}],"wp:term":[{"taxonomy":"product_brand","embeddable":true,"href":"https:\/\/www.ancora-shop.de\/de\/wp-json\/wp\/v2\/product_brand?post=79227"},{"taxonomy":"product_cat","embeddable":true,"href":"https:\/\/www.ancora-shop.de\/de\/wp-json\/wp\/v2\/product_cat?post=79227"},{"taxonomy":"product_tag","embeddable":true,"href":"https:\/\/www.ancora-shop.de\/de\/wp-json\/wp\/v2\/product_tag?post=79227"}],"curies":[{"name":"wp","href":"https:\/\/api.w.org\/{rel}","templated":true}]}}