{"id":79200,"date":"2025-09-19T10:11:09","date_gmt":"2025-09-19T08:11:09","guid":{"rendered":"https:\/\/www.ancora-shop.de\/?post_type=product&#038;p=79200"},"modified":"2026-04-01T15:27:17","modified_gmt":"2026-04-01T13:27:17","slug":"hose-modell-liane","status":"publish","type":"product","link":"https:\/\/www.ancora-shop.de\/de\/produkt\/hose-modell-liane\/","title":{"rendered":"Hose Modell Liane"},"content":{"rendered":"<ul>\n<li>Cooler Twist f\u00fcr deinen Look! Diese Hose mit schr\u00e4gem Bund-Detail und Wide-Leg-Schnitt macht jeden Look sofort spannender<\/li>\n<li>Bund vorne leicht abgesenkt, mit schr\u00e4g gesetztem Rei\u00dfverschluss und zweifachem Knopfverschluss<\/li>\n<li>6 G\u00fcrtelschlaufen f\u00fcr variable G\u00fcrtelstyles<\/li>\n<li>Runde Eingriffstaschen vorne<\/li>\n<li>Hinten aufgesetzte Ges\u00e4\u00dftaschen<\/li>\n<li>Wild-Leg-Schnitt: gerade und weit fallendes Bein<\/li>\n<li>Label-Emblem aus Metall auf der R\u00fcckseite<\/li>\n<li>Softer Viskose-Polyester-Mix mit angenehmem Griff<\/li>\n<li>Besonderheit: Die schr\u00e4g verlaufende Bundverarbeitung holt dein Outfit aus der Routine \u2013 perfekt zu kurzen Pullis oder in-den-Bund-gesteckten Blusen, um das Detail richtig in Szene zu setzen<\/li>\n<li>Made in Italy<\/li>\n<\/ul>\n<p class=\"p1\">Die Taschen findet Ihr im Shop unseres Kooperationspartners: <a href=\"https:\/\/www.bolindersthlm.com\/\"><span class=\"s1\">https:\/\/www.bolindersthlm.com<\/span><\/a><\/p>","protected":false},"excerpt":{"rendered":"<p>Cooler Twist f\u00fcr deinen Look! Diese Hose mit schr\u00e4gem Bund-Detail und Wide-Leg-Schnitt macht jeden Look sofort spannender Bund vorne leicht abgesenkt, mit schr\u00e4g gesetztem Rei\u00dfverschluss und zweifachem Knopfverschluss 6 G\u00fcrtelschlaufen f\u00fcr variable G\u00fcrtelstyles Runde Eingriffstaschen vorne Hinten aufgesetzte Ges\u00e4\u00dftaschen Wild-Leg-Schnitt: gerade und weit fallendes Bein Label-Emblem aus Metall auf der R\u00fcckseite Softer Viskose-Polyester-Mix mit angenehmem [&#8230;]\n","protected":false},"featured_media":79871,"template":"","meta":[],"product_brand":[],"product_cat":[87],"product_tag":[],"class_list":{"0":"post-79200","1":"product","2":"type-product","3":"status-publish","4":"has-post-thumbnail","6":"product_cat-sale-h-w","8":"first","9":"instock","10":"sale","11":"taxable","12":"shipping-taxable","13":"purchasable","14":"product-type-variable","15":"has-default-attributes"},"supplier_id":null,"supplier_sku":"","barcode":null,"atum_controlled":true,"out_stock_date":null,"out_stock_threshold":null,"inheritable":true,"inbound_stock":null,"stock_on_hold":4,"sold_today":1,"sales_last_days":4,"reserved_stock":null,"customer_returns":null,"warehouse_damage":null,"lost_in_post":null,"other_logs":null,"out_stock_days":null,"lost_sales":0,"has_location":false,"update_date":"2026-04-21T09:19:26","atum_locations":[],"atum_stock_status":"instock","restock_status":false,"low_stock_amount":"","sales_update_date":"2025-01-20T00:01:04","calc_backorders":null,"yoast_head":"<!-- This site is optimized with the Yoast SEO plugin v27.6 - https:\/\/yoast.com\/product\/yoast-seo-wordpress\/ -->\n<title>Hose Modell Liane - ANCORA Onlineshop<\/title>\n<meta name=\"robots\" content=\"index, follow, max-snippet:-1, max-image-preview:large, max-video-preview:-1\" \/>\n<link rel=\"canonical\" href=\"https:\/\/www.ancora-shop.de\/de\/produkt\/hose-modell-liane\/\" \/>\n<meta property=\"og:locale\" content=\"de_DE\" \/>\n<meta property=\"og:type\" content=\"article\" \/>\n<meta property=\"og:title\" content=\"Hose Modell Liane - ANCORA Onlineshop\" \/>\n<meta property=\"og:description\" content=\"Cooler Twist f\u00fcr deinen Look! Diese Hose mit schr\u00e4gem Bund-Detail und Wide-Leg-Schnitt macht jeden Look sofort spannender Bund vorne leicht abgesenkt, mit schr\u00e4g gesetztem Rei\u00dfverschluss und zweifachem Knopfverschluss 6 G\u00fcrtelschlaufen f\u00fcr variable G\u00fcrtelstyles Runde Eingriffstaschen vorne Hinten aufgesetzte Ges\u00e4\u00dftaschen Wild-Leg-Schnitt: gerade und weit fallendes Bein Label-Emblem aus Metall auf der R\u00fcckseite Softer Viskose-Polyester-Mix mit angenehmem [...]\" \/>\n<meta property=\"og:url\" content=\"https:\/\/www.ancora-shop.de\/de\/produkt\/hose-modell-liane\/\" \/>\n<meta property=\"og:site_name\" content=\"ANCORA Onlineshop\" \/>\n<meta property=\"article:modified_time\" content=\"2026-04-01T13:27:17+00:00\" \/>\n<meta property=\"og:image\" content=\"https:\/\/www.ancora-shop.de\/wp-content\/uploads\/2025\/09\/LIANE-DN-1.jpg\" \/>\n\t<meta property=\"og:image:width\" content=\"1067\" \/>\n\t<meta property=\"og:image:height\" content=\"1600\" \/>\n\t<meta property=\"og:image:type\" content=\"image\/jpeg\" \/>\n<meta name=\"twitter:card\" content=\"summary_large_image\" \/>\n<meta name=\"twitter:label1\" content=\"Gesch\u00e4tzte Lesezeit\" \/>\n\t<meta name=\"twitter:data1\" content=\"1\u00a0Minute\" \/>\n<script type=\"application\/ld+json\" class=\"yoast-schema-graph\">{\"@context\":\"https:\\\/\\\/schema.org\",\"@graph\":[{\"@type\":\"WebPage\",\"@id\":\"https:\\\/\\\/www.ancora-shop.de\\\/produkt\\\/hose-modell-liane\\\/\",\"url\":\"https:\\\/\\\/www.ancora-shop.de\\\/produkt\\\/hose-modell-liane\\\/\",\"name\":\"Hose Modell Liane - ANCORA Onlineshop\",\"isPartOf\":{\"@id\":\"https:\\\/\\\/www.ancora-shop.de\\\/#website\"},\"primaryImageOfPage\":{\"@id\":\"https:\\\/\\\/www.ancora-shop.de\\\/produkt\\\/hose-modell-liane\\\/#primaryimage\"},\"image\":{\"@id\":\"https:\\\/\\\/www.ancora-shop.de\\\/produkt\\\/hose-modell-liane\\\/#primaryimage\"},\"thumbnailUrl\":\"https:\\\/\\\/www.ancora-shop.de\\\/wp-content\\\/uploads\\\/2025\\\/09\\\/LIANE-DN-1.jpg\",\"datePublished\":\"2025-09-19T08:11:09+00:00\",\"dateModified\":\"2026-04-01T13:27:17+00:00\",\"breadcrumb\":{\"@id\":\"https:\\\/\\\/www.ancora-shop.de\\\/produkt\\\/hose-modell-liane\\\/#breadcrumb\"},\"inLanguage\":\"de\",\"potentialAction\":[{\"@type\":\"ReadAction\",\"target\":[\"https:\\\/\\\/www.ancora-shop.de\\\/produkt\\\/hose-modell-liane\\\/\"]}]},{\"@type\":\"ImageObject\",\"inLanguage\":\"de\",\"@id\":\"https:\\\/\\\/www.ancora-shop.de\\\/produkt\\\/hose-modell-liane\\\/#primaryimage\",\"url\":\"https:\\\/\\\/www.ancora-shop.de\\\/wp-content\\\/uploads\\\/2025\\\/09\\\/LIANE-DN-1.jpg\",\"contentUrl\":\"https:\\\/\\\/www.ancora-shop.de\\\/wp-content\\\/uploads\\\/2025\\\/09\\\/LIANE-DN-1.jpg\",\"width\":1067,\"height\":1600},{\"@type\":\"BreadcrumbList\",\"@id\":\"https:\\\/\\\/www.ancora-shop.de\\\/produkt\\\/hose-modell-liane\\\/#breadcrumb\",\"itemListElement\":[{\"@type\":\"ListItem\",\"position\":1,\"name\":\"Startseite\",\"item\":\"https:\\\/\\\/www.ancora-shop.de\\\/\"},{\"@type\":\"ListItem\",\"position\":2,\"name\":\"Shop\",\"item\":\"https:\\\/\\\/www.ancora-shop.de\\\/shop\\\/\"},{\"@type\":\"ListItem\",\"position\":3,\"name\":\"Hose Modell Liane\"}]},{\"@type\":\"WebSite\",\"@id\":\"https:\\\/\\\/www.ancora-shop.de\\\/#website\",\"url\":\"https:\\\/\\\/www.ancora-shop.de\\\/\",\"name\":\"ANCORA Onlineshop\",\"description\":\"\",\"potentialAction\":[{\"@type\":\"SearchAction\",\"target\":{\"@type\":\"EntryPoint\",\"urlTemplate\":\"https:\\\/\\\/www.ancora-shop.de\\\/?s={search_term_string}\"},\"query-input\":{\"@type\":\"PropertyValueSpecification\",\"valueRequired\":true,\"valueName\":\"search_term_string\"}}],\"inLanguage\":\"de\"}]}<\/script>\n<!-- \/ Yoast SEO plugin. -->","yoast_head_json":{"title":"Hose Modell Liane - ANCORA Onlineshop","robots":{"index":"index","follow":"follow","max-snippet":"max-snippet:-1","max-image-preview":"max-image-preview:large","max-video-preview":"max-video-preview:-1"},"canonical":"https:\/\/www.ancora-shop.de\/de\/produkt\/hose-modell-liane\/","og_locale":"de_DE","og_type":"article","og_title":"Hose Modell Liane - ANCORA Onlineshop","og_description":"Cooler Twist f\u00fcr deinen Look! Diese Hose mit schr\u00e4gem Bund-Detail und Wide-Leg-Schnitt macht jeden Look sofort spannender Bund vorne leicht abgesenkt, mit schr\u00e4g gesetztem Rei\u00dfverschluss und zweifachem Knopfverschluss 6 G\u00fcrtelschlaufen f\u00fcr variable G\u00fcrtelstyles Runde Eingriffstaschen vorne Hinten aufgesetzte Ges\u00e4\u00dftaschen Wild-Leg-Schnitt: gerade und weit fallendes Bein Label-Emblem aus Metall auf der R\u00fcckseite Softer Viskose-Polyester-Mix mit angenehmem [...]","og_url":"https:\/\/www.ancora-shop.de\/de\/produkt\/hose-modell-liane\/","og_site_name":"ANCORA Onlineshop","article_modified_time":"2026-04-01T13:27:17+00:00","og_image":[{"width":1067,"height":1600,"url":"https:\/\/www.ancora-shop.de\/wp-content\/uploads\/2025\/09\/LIANE-DN-1.jpg","type":"image\/jpeg"}],"twitter_card":"summary_large_image","twitter_misc":{"Gesch\u00e4tzte Lesezeit":"1\u00a0Minute"},"schema":{"@context":"https:\/\/schema.org","@graph":[{"@type":"WebPage","@id":"https:\/\/www.ancora-shop.de\/produkt\/hose-modell-liane\/","url":"https:\/\/www.ancora-shop.de\/produkt\/hose-modell-liane\/","name":"Hose Modell Liane - ANCORA Onlineshop","isPartOf":{"@id":"https:\/\/www.ancora-shop.de\/#website"},"primaryImageOfPage":{"@id":"https:\/\/www.ancora-shop.de\/produkt\/hose-modell-liane\/#primaryimage"},"image":{"@id":"https:\/\/www.ancora-shop.de\/produkt\/hose-modell-liane\/#primaryimage"},"thumbnailUrl":"https:\/\/www.ancora-shop.de\/wp-content\/uploads\/2025\/09\/LIANE-DN-1.jpg","datePublished":"2025-09-19T08:11:09+00:00","dateModified":"2026-04-01T13:27:17+00:00","breadcrumb":{"@id":"https:\/\/www.ancora-shop.de\/produkt\/hose-modell-liane\/#breadcrumb"},"inLanguage":"de","potentialAction":[{"@type":"ReadAction","target":["https:\/\/www.ancora-shop.de\/produkt\/hose-modell-liane\/"]}]},{"@type":"ImageObject","inLanguage":"de","@id":"https:\/\/www.ancora-shop.de\/produkt\/hose-modell-liane\/#primaryimage","url":"https:\/\/www.ancora-shop.de\/wp-content\/uploads\/2025\/09\/LIANE-DN-1.jpg","contentUrl":"https:\/\/www.ancora-shop.de\/wp-content\/uploads\/2025\/09\/LIANE-DN-1.jpg","width":1067,"height":1600},{"@type":"BreadcrumbList","@id":"https:\/\/www.ancora-shop.de\/produkt\/hose-modell-liane\/#breadcrumb","itemListElement":[{"@type":"ListItem","position":1,"name":"Startseite","item":"https:\/\/www.ancora-shop.de\/"},{"@type":"ListItem","position":2,"name":"Shop","item":"https:\/\/www.ancora-shop.de\/shop\/"},{"@type":"ListItem","position":3,"name":"Hose Modell Liane"}]},{"@type":"WebSite","@id":"https:\/\/www.ancora-shop.de\/#website","url":"https:\/\/www.ancora-shop.de\/","name":"ANCORA Onlineshop","description":"","potentialAction":[{"@type":"SearchAction","target":{"@type":"EntryPoint","urlTemplate":"https:\/\/www.ancora-shop.de\/?s={search_term_string}"},"query-input":{"@type":"PropertyValueSpecification","valueRequired":true,"valueName":"search_term_string"}}],"inLanguage":"de"}]}},"_links":{"self":[{"href":"https:\/\/www.ancora-shop.de\/de\/wp-json\/wp\/v2\/product\/79200","targetHints":{"allow":["GET"]}}],"collection":[{"href":"https:\/\/www.ancora-shop.de\/de\/wp-json\/wp\/v2\/product"}],"about":[{"href":"https:\/\/www.ancora-shop.de\/de\/wp-json\/wp\/v2\/types\/product"}],"wp:featuredmedia":[{"embeddable":true,"href":"https:\/\/www.ancora-shop.de\/de\/wp-json\/wp\/v2\/media\/79871"}],"wp:attachment":[{"href":"https:\/\/www.ancora-shop.de\/de\/wp-json\/wp\/v2\/media?parent=79200"}],"wp:term":[{"taxonomy":"product_brand","embeddable":true,"href":"https:\/\/www.ancora-shop.de\/de\/wp-json\/wp\/v2\/product_brand?post=79200"},{"taxonomy":"product_cat","embeddable":true,"href":"https:\/\/www.ancora-shop.de\/de\/wp-json\/wp\/v2\/product_cat?post=79200"},{"taxonomy":"product_tag","embeddable":true,"href":"https:\/\/www.ancora-shop.de\/de\/wp-json\/wp\/v2\/product_tag?post=79200"}],"curies":[{"name":"wp","href":"https:\/\/api.w.org\/{rel}","templated":true}]}}