{"id":79181,"date":"2025-09-19T09:36:24","date_gmt":"2025-09-19T07:36:24","guid":{"rendered":"https:\/\/www.ancora-shop.de\/?post_type=product&#038;p=79181"},"modified":"2026-04-16T15:20:57","modified_gmt":"2026-04-16T13:20:57","slug":"hose-modell-kimberly","status":"publish","type":"product","link":"https:\/\/www.ancora-shop.de\/de\/produkt\/hose-modell-kimberly\/","title":{"rendered":"Hose Modell Kimberly"},"content":{"rendered":"<ul>\n<li>L\u00e4ssig, edel, cozy \u2013 KIMBERLY ist unsere neue flie\u00dfend fallende Feincordhose und bringt mit ihrem warmen Winterton \u201eWhite Swan\u201c Licht in jeden Look. F\u00fcr alle, die es klassisch lieben, gibt\u2019s sie auch in elegantem Schwarz<\/li>\n<li>Breiter Bund mit glatter Vorderseite und Gummizug hinten<\/li>\n<li>Seitliche Eingriffstaschen f\u00fcr l\u00e4ssigen Komfort<\/li>\n<li>Weit geschnittenes Bein f\u00fcr einen flie\u00dfenden, entspannten Fall<\/li>\n<li>Aus softem Feincord in 100% Baumwolle \u2013 super angenehm zu tragen<\/li>\n<li>Erh\u00e4ltlich in \u201eWhite Swan\u201c, einem warmen hellen Winterton und in klassischem Schwarz<\/li>\n<li>Besonderheit: Ob einzeln gestylt oder als Set &#8211; <strong>KIMBERLY<\/strong> bringt immer Style ins Spiel. Mit der Oversize-Bluse <strong>ALBA<\/strong> oder der Jacke <strong>TOSCA <\/strong>entsteht ein moderner Komplett-Look in White Swan oder Schwarz. Und wenn du mixen m\u00f6chtest: <strong>KIMBERLY<\/strong> l\u00e4sst sich easy mit all deinen und unseren Lieblingspullis und Shirts kombinieren.<\/li>\n<li>Made in Italy<\/li>\n<\/ul>\n<p class=\"p1\">Die Taschen findet Ihr im Shop unseres Kooperationspartners: <a href=\"https:\/\/www.bolindersthlm.com\/\"><span class=\"s1\">https:\/\/www.bolindersthlm.com<\/span><\/a><\/p>","protected":false},"excerpt":{"rendered":"<p>L\u00e4ssig, edel, cozy \u2013 KIMBERLY ist unsere neue flie\u00dfend fallende Feincordhose und bringt mit ihrem warmen Winterton \u201eWhite Swan\u201c Licht in jeden Look. F\u00fcr alle, die es klassisch lieben, gibt\u2019s sie auch in elegantem Schwarz Breiter Bund mit glatter Vorderseite und Gummizug hinten Seitliche Eingriffstaschen f\u00fcr l\u00e4ssigen Komfort Weit geschnittenes Bein f\u00fcr einen flie\u00dfenden, entspannten [&#8230;]\n","protected":false},"featured_media":79770,"template":"","meta":[],"product_brand":[],"product_cat":[87],"product_tag":[],"class_list":{"0":"post-79181","1":"product","2":"type-product","3":"status-publish","4":"has-post-thumbnail","6":"product_cat-sale-h-w","8":"first","9":"instock","10":"sale","11":"taxable","12":"shipping-taxable","13":"purchasable","14":"product-type-variable"},"supplier_id":null,"supplier_sku":"","barcode":null,"atum_controlled":true,"out_stock_date":null,"out_stock_threshold":null,"inheritable":true,"inbound_stock":null,"stock_on_hold":0,"sold_today":0,"sales_last_days":4,"reserved_stock":null,"customer_returns":null,"warehouse_damage":null,"lost_in_post":null,"other_logs":null,"out_stock_days":null,"lost_sales":0,"has_location":false,"update_date":"2026-04-16T13:20:59","atum_locations":[],"atum_stock_status":"instock","restock_status":false,"low_stock_amount":"","sales_update_date":"2025-01-20T01:01:04","calc_backorders":null,"yoast_head":"<!-- This site is optimized with the Yoast SEO plugin v27.6 - https:\/\/yoast.com\/product\/yoast-seo-wordpress\/ -->\n<title>Hose Modell Kimberly - ANCORA Onlineshop<\/title>\n<meta name=\"robots\" content=\"index, follow, max-snippet:-1, max-image-preview:large, max-video-preview:-1\" \/>\n<link rel=\"canonical\" href=\"https:\/\/www.ancora-shop.de\/de\/produkt\/hose-modell-kimberly\/\" \/>\n<meta property=\"og:locale\" content=\"de_DE\" \/>\n<meta property=\"og:type\" content=\"article\" \/>\n<meta property=\"og:title\" content=\"Hose Modell Kimberly - ANCORA Onlineshop\" \/>\n<meta property=\"og:description\" content=\"L\u00e4ssig, edel, cozy \u2013 KIMBERLY ist unsere neue flie\u00dfend fallende Feincordhose und bringt mit ihrem warmen Winterton \u201eWhite Swan\u201c Licht in jeden Look. F\u00fcr alle, die es klassisch lieben, gibt\u2019s sie auch in elegantem Schwarz Breiter Bund mit glatter Vorderseite und Gummizug hinten Seitliche Eingriffstaschen f\u00fcr l\u00e4ssigen Komfort Weit geschnittenes Bein f\u00fcr einen flie\u00dfenden, entspannten [...]\" \/>\n<meta property=\"og:url\" content=\"https:\/\/www.ancora-shop.de\/de\/produkt\/hose-modell-kimberly\/\" \/>\n<meta property=\"og:site_name\" content=\"ANCORA Onlineshop\" \/>\n<meta property=\"article:modified_time\" content=\"2026-04-16T13:20:57+00:00\" \/>\n<meta property=\"og:image\" content=\"https:\/\/www.ancora-shop.de\/wp-content\/uploads\/2025\/09\/KIMBERLY-NE-1.jpg\" \/>\n\t<meta property=\"og:image:width\" content=\"1067\" \/>\n\t<meta property=\"og:image:height\" content=\"1599\" \/>\n\t<meta property=\"og:image:type\" content=\"image\/jpeg\" \/>\n<meta name=\"twitter:card\" content=\"summary_large_image\" \/>\n<meta name=\"twitter:label1\" content=\"Gesch\u00e4tzte Lesezeit\" \/>\n\t<meta name=\"twitter:data1\" content=\"1\u00a0Minute\" \/>\n<script type=\"application\/ld+json\" class=\"yoast-schema-graph\">{\"@context\":\"https:\\\/\\\/schema.org\",\"@graph\":[{\"@type\":\"WebPage\",\"@id\":\"https:\\\/\\\/www.ancora-shop.de\\\/produkt\\\/hose-modell-kimberly\\\/\",\"url\":\"https:\\\/\\\/www.ancora-shop.de\\\/produkt\\\/hose-modell-kimberly\\\/\",\"name\":\"Hose Modell Kimberly - ANCORA Onlineshop\",\"isPartOf\":{\"@id\":\"https:\\\/\\\/www.ancora-shop.de\\\/#website\"},\"primaryImageOfPage\":{\"@id\":\"https:\\\/\\\/www.ancora-shop.de\\\/produkt\\\/hose-modell-kimberly\\\/#primaryimage\"},\"image\":{\"@id\":\"https:\\\/\\\/www.ancora-shop.de\\\/produkt\\\/hose-modell-kimberly\\\/#primaryimage\"},\"thumbnailUrl\":\"https:\\\/\\\/www.ancora-shop.de\\\/wp-content\\\/uploads\\\/2025\\\/09\\\/KIMBERLY-NE-1.jpg\",\"datePublished\":\"2025-09-19T07:36:24+00:00\",\"dateModified\":\"2026-04-16T13:20:57+00:00\",\"breadcrumb\":{\"@id\":\"https:\\\/\\\/www.ancora-shop.de\\\/produkt\\\/hose-modell-kimberly\\\/#breadcrumb\"},\"inLanguage\":\"de\",\"potentialAction\":[{\"@type\":\"ReadAction\",\"target\":[\"https:\\\/\\\/www.ancora-shop.de\\\/produkt\\\/hose-modell-kimberly\\\/\"]}]},{\"@type\":\"ImageObject\",\"inLanguage\":\"de\",\"@id\":\"https:\\\/\\\/www.ancora-shop.de\\\/produkt\\\/hose-modell-kimberly\\\/#primaryimage\",\"url\":\"https:\\\/\\\/www.ancora-shop.de\\\/wp-content\\\/uploads\\\/2025\\\/09\\\/KIMBERLY-NE-1.jpg\",\"contentUrl\":\"https:\\\/\\\/www.ancora-shop.de\\\/wp-content\\\/uploads\\\/2025\\\/09\\\/KIMBERLY-NE-1.jpg\",\"width\":1067,\"height\":1599},{\"@type\":\"BreadcrumbList\",\"@id\":\"https:\\\/\\\/www.ancora-shop.de\\\/produkt\\\/hose-modell-kimberly\\\/#breadcrumb\",\"itemListElement\":[{\"@type\":\"ListItem\",\"position\":1,\"name\":\"Startseite\",\"item\":\"https:\\\/\\\/www.ancora-shop.de\\\/\"},{\"@type\":\"ListItem\",\"position\":2,\"name\":\"Shop\",\"item\":\"https:\\\/\\\/www.ancora-shop.de\\\/shop\\\/\"},{\"@type\":\"ListItem\",\"position\":3,\"name\":\"Hose Modell Kimberly\"}]},{\"@type\":\"WebSite\",\"@id\":\"https:\\\/\\\/www.ancora-shop.de\\\/#website\",\"url\":\"https:\\\/\\\/www.ancora-shop.de\\\/\",\"name\":\"ANCORA Onlineshop\",\"description\":\"\",\"potentialAction\":[{\"@type\":\"SearchAction\",\"target\":{\"@type\":\"EntryPoint\",\"urlTemplate\":\"https:\\\/\\\/www.ancora-shop.de\\\/?s={search_term_string}\"},\"query-input\":{\"@type\":\"PropertyValueSpecification\",\"valueRequired\":true,\"valueName\":\"search_term_string\"}}],\"inLanguage\":\"de\"}]}<\/script>\n<!-- \/ Yoast SEO plugin. -->","yoast_head_json":{"title":"Hose Modell Kimberly - ANCORA Onlineshop","robots":{"index":"index","follow":"follow","max-snippet":"max-snippet:-1","max-image-preview":"max-image-preview:large","max-video-preview":"max-video-preview:-1"},"canonical":"https:\/\/www.ancora-shop.de\/de\/produkt\/hose-modell-kimberly\/","og_locale":"de_DE","og_type":"article","og_title":"Hose Modell Kimberly - ANCORA Onlineshop","og_description":"L\u00e4ssig, edel, cozy \u2013 KIMBERLY ist unsere neue flie\u00dfend fallende Feincordhose und bringt mit ihrem warmen Winterton \u201eWhite Swan\u201c Licht in jeden Look. F\u00fcr alle, die es klassisch lieben, gibt\u2019s sie auch in elegantem Schwarz Breiter Bund mit glatter Vorderseite und Gummizug hinten Seitliche Eingriffstaschen f\u00fcr l\u00e4ssigen Komfort Weit geschnittenes Bein f\u00fcr einen flie\u00dfenden, entspannten [...]","og_url":"https:\/\/www.ancora-shop.de\/de\/produkt\/hose-modell-kimberly\/","og_site_name":"ANCORA Onlineshop","article_modified_time":"2026-04-16T13:20:57+00:00","og_image":[{"width":1067,"height":1599,"url":"https:\/\/www.ancora-shop.de\/wp-content\/uploads\/2025\/09\/KIMBERLY-NE-1.jpg","type":"image\/jpeg"}],"twitter_card":"summary_large_image","twitter_misc":{"Gesch\u00e4tzte Lesezeit":"1\u00a0Minute"},"schema":{"@context":"https:\/\/schema.org","@graph":[{"@type":"WebPage","@id":"https:\/\/www.ancora-shop.de\/produkt\/hose-modell-kimberly\/","url":"https:\/\/www.ancora-shop.de\/produkt\/hose-modell-kimberly\/","name":"Hose Modell Kimberly - ANCORA Onlineshop","isPartOf":{"@id":"https:\/\/www.ancora-shop.de\/#website"},"primaryImageOfPage":{"@id":"https:\/\/www.ancora-shop.de\/produkt\/hose-modell-kimberly\/#primaryimage"},"image":{"@id":"https:\/\/www.ancora-shop.de\/produkt\/hose-modell-kimberly\/#primaryimage"},"thumbnailUrl":"https:\/\/www.ancora-shop.de\/wp-content\/uploads\/2025\/09\/KIMBERLY-NE-1.jpg","datePublished":"2025-09-19T07:36:24+00:00","dateModified":"2026-04-16T13:20:57+00:00","breadcrumb":{"@id":"https:\/\/www.ancora-shop.de\/produkt\/hose-modell-kimberly\/#breadcrumb"},"inLanguage":"de","potentialAction":[{"@type":"ReadAction","target":["https:\/\/www.ancora-shop.de\/produkt\/hose-modell-kimberly\/"]}]},{"@type":"ImageObject","inLanguage":"de","@id":"https:\/\/www.ancora-shop.de\/produkt\/hose-modell-kimberly\/#primaryimage","url":"https:\/\/www.ancora-shop.de\/wp-content\/uploads\/2025\/09\/KIMBERLY-NE-1.jpg","contentUrl":"https:\/\/www.ancora-shop.de\/wp-content\/uploads\/2025\/09\/KIMBERLY-NE-1.jpg","width":1067,"height":1599},{"@type":"BreadcrumbList","@id":"https:\/\/www.ancora-shop.de\/produkt\/hose-modell-kimberly\/#breadcrumb","itemListElement":[{"@type":"ListItem","position":1,"name":"Startseite","item":"https:\/\/www.ancora-shop.de\/"},{"@type":"ListItem","position":2,"name":"Shop","item":"https:\/\/www.ancora-shop.de\/shop\/"},{"@type":"ListItem","position":3,"name":"Hose Modell Kimberly"}]},{"@type":"WebSite","@id":"https:\/\/www.ancora-shop.de\/#website","url":"https:\/\/www.ancora-shop.de\/","name":"ANCORA Onlineshop","description":"","potentialAction":[{"@type":"SearchAction","target":{"@type":"EntryPoint","urlTemplate":"https:\/\/www.ancora-shop.de\/?s={search_term_string}"},"query-input":{"@type":"PropertyValueSpecification","valueRequired":true,"valueName":"search_term_string"}}],"inLanguage":"de"}]}},"_links":{"self":[{"href":"https:\/\/www.ancora-shop.de\/de\/wp-json\/wp\/v2\/product\/79181","targetHints":{"allow":["GET"]}}],"collection":[{"href":"https:\/\/www.ancora-shop.de\/de\/wp-json\/wp\/v2\/product"}],"about":[{"href":"https:\/\/www.ancora-shop.de\/de\/wp-json\/wp\/v2\/types\/product"}],"wp:featuredmedia":[{"embeddable":true,"href":"https:\/\/www.ancora-shop.de\/de\/wp-json\/wp\/v2\/media\/79770"}],"wp:attachment":[{"href":"https:\/\/www.ancora-shop.de\/de\/wp-json\/wp\/v2\/media?parent=79181"}],"wp:term":[{"taxonomy":"product_brand","embeddable":true,"href":"https:\/\/www.ancora-shop.de\/de\/wp-json\/wp\/v2\/product_brand?post=79181"},{"taxonomy":"product_cat","embeddable":true,"href":"https:\/\/www.ancora-shop.de\/de\/wp-json\/wp\/v2\/product_cat?post=79181"},{"taxonomy":"product_tag","embeddable":true,"href":"https:\/\/www.ancora-shop.de\/de\/wp-json\/wp\/v2\/product_tag?post=79181"}],"curies":[{"name":"wp","href":"https:\/\/api.w.org\/{rel}","templated":true}]}}