{"id":78100,"date":"2025-07-25T11:33:41","date_gmt":"2025-07-25T09:33:41","guid":{"rendered":"https:\/\/www.ancora-shop.de\/?post_type=product&#038;p=78100"},"modified":"2026-02-11T21:32:54","modified_gmt":"2026-02-11T20:32:54","slug":"jacke-modell-nivara-2","status":"publish","type":"product","link":"https:\/\/www.ancora-shop.de\/de\/produkt\/jacke-modell-nivara-2\/","title":{"rendered":"Jacke Modell Nivara"},"content":{"rendered":"<ul>\n<li>Tailoring mit Twist \u2013 dieser Kurzblazer bringt Klarheit und Charakter ins Outfit<\/li>\n<li>Auf den ersten Blick klassisch, auf den zweiten raffiniert: diese Kurzjacke sorgt mit ihrem modernen Schnitt und besonderen \u00c4rmel-Details f\u00fcr einen stilvollen Auftritt \u2013 nicht nur als Anzug!<\/li>\n<li>Etwas tiefer gesetzter Reverskragen, der so die moderne, leicht maskuline Linienf\u00fchrung betont<\/li>\n<li>Leicht gepolsterte Schultern<\/li>\n<li>Kurz und gerade geschnitten \u2013 ideal zu weiter geschnittenen Hosen wie der passenden Hose AVA<\/li>\n<li>Zwei tiefer gesetzte Taschenklappen vorn schaffen optische L\u00e4nge und bringen Spannung in die Proportion<\/li>\n<li>Ein-Knopf-Verschluss in der Mitte<\/li>\n<li>Die \u00c4rmel \u00fcberraschen mit einem spannenden Aufbau: zum Saum hin verschm\u00e4lert, \u00fcberlappend gearbeitet und mit 4 kleinen Kn\u00f6pfen dekoriert<\/li>\n<li><strong>Besonderheit: Der aufwendig gearbeitete \u00c4rmelabschluss verleiht dem klassischen Design eine raffinierte Note \u2013 feminin, individuell und besonders<\/strong><\/li>\n<li><strong>Material: Formstabil mit angenehmem Stretch-Anteil, dabei glatt im Griff und mit dezentem Schimmer \u2013 eine hochwertige Qualit\u00e4t mit dem typischen Anzug-Charakter<\/strong><\/li>\n<li>Made in Italy<\/li>\n<\/ul>","protected":false},"excerpt":{"rendered":"<p>Tailoring mit Twist \u2013 dieser Kurzblazer bringt Klarheit und Charakter ins Outfit Auf den ersten Blick klassisch, auf den zweiten raffiniert: diese Kurzjacke sorgt mit ihrem modernen Schnitt und besonderen \u00c4rmel-Details f\u00fcr einen stilvollen Auftritt \u2013 nicht nur als Anzug! Etwas tiefer gesetzter Reverskragen, der so die moderne, leicht maskuline Linienf\u00fchrung betont Leicht gepolsterte Schultern [&#8230;]\n","protected":false},"featured_media":78446,"template":"","meta":[],"product_brand":[],"product_cat":[87],"product_tag":[],"class_list":{"0":"post-78100","1":"product","2":"type-product","3":"status-publish","4":"has-post-thumbnail","6":"product_cat-sale-h-w","8":"first","9":"instock","10":"sale","11":"taxable","12":"shipping-taxable","13":"purchasable","14":"product-type-variable"},"supplier_id":null,"supplier_sku":"","barcode":null,"atum_controlled":true,"out_stock_date":null,"out_stock_threshold":null,"inheritable":true,"inbound_stock":null,"stock_on_hold":0,"sold_today":0,"sales_last_days":0,"reserved_stock":null,"customer_returns":null,"warehouse_damage":null,"lost_in_post":null,"other_logs":null,"out_stock_days":null,"lost_sales":0,"has_location":false,"update_date":"2026-02-11T20:32:56","atum_locations":[],"atum_stock_status":"instock","restock_status":false,"low_stock_amount":"","sales_update_date":"2025-06-12T02:10:25","calc_backorders":null,"yoast_head":"<!-- This site is optimized with the Yoast SEO plugin v27.6 - https:\/\/yoast.com\/product\/yoast-seo-wordpress\/ -->\n<title>Jacke Modell Nivara - ANCORA Onlineshop<\/title>\n<meta name=\"robots\" content=\"index, follow, max-snippet:-1, max-image-preview:large, max-video-preview:-1\" \/>\n<link rel=\"canonical\" href=\"https:\/\/www.ancora-shop.de\/de\/produkt\/jacke-modell-nivara-2\/\" \/>\n<meta property=\"og:locale\" content=\"de_DE\" \/>\n<meta property=\"og:type\" content=\"article\" \/>\n<meta property=\"og:title\" content=\"Jacke Modell Nivara - ANCORA Onlineshop\" \/>\n<meta property=\"og:description\" content=\"Tailoring mit Twist \u2013 dieser Kurzblazer bringt Klarheit und Charakter ins Outfit Auf den ersten Blick klassisch, auf den zweiten raffiniert: diese Kurzjacke sorgt mit ihrem modernen Schnitt und besonderen \u00c4rmel-Details f\u00fcr einen stilvollen Auftritt \u2013 nicht nur als Anzug! Etwas tiefer gesetzter Reverskragen, der so die moderne, leicht maskuline Linienf\u00fchrung betont Leicht gepolsterte Schultern [...]\" \/>\n<meta property=\"og:url\" content=\"https:\/\/www.ancora-shop.de\/de\/produkt\/jacke-modell-nivara-2\/\" \/>\n<meta property=\"og:site_name\" content=\"ANCORA Onlineshop\" \/>\n<meta property=\"article:modified_time\" content=\"2026-02-11T20:32:54+00:00\" \/>\n<meta property=\"og:image\" content=\"https:\/\/www.ancora-shop.de\/wp-content\/uploads\/2025\/07\/NIVARA-AZ-1-scaled.jpg\" \/>\n\t<meta property=\"og:image:width\" content=\"1708\" \/>\n\t<meta property=\"og:image:height\" content=\"2560\" \/>\n\t<meta property=\"og:image:type\" content=\"image\/jpeg\" \/>\n<meta name=\"twitter:card\" content=\"summary_large_image\" \/>\n<meta name=\"twitter:label1\" content=\"Gesch\u00e4tzte Lesezeit\" \/>\n\t<meta name=\"twitter:data1\" content=\"1\u00a0Minute\" \/>\n<script type=\"application\/ld+json\" class=\"yoast-schema-graph\">{\"@context\":\"https:\\\/\\\/schema.org\",\"@graph\":[{\"@type\":\"WebPage\",\"@id\":\"https:\\\/\\\/www.ancora-shop.de\\\/produkt\\\/jacke-modell-nivara-2\\\/\",\"url\":\"https:\\\/\\\/www.ancora-shop.de\\\/produkt\\\/jacke-modell-nivara-2\\\/\",\"name\":\"Jacke Modell Nivara - ANCORA Onlineshop\",\"isPartOf\":{\"@id\":\"https:\\\/\\\/www.ancora-shop.de\\\/#website\"},\"primaryImageOfPage\":{\"@id\":\"https:\\\/\\\/www.ancora-shop.de\\\/produkt\\\/jacke-modell-nivara-2\\\/#primaryimage\"},\"image\":{\"@id\":\"https:\\\/\\\/www.ancora-shop.de\\\/produkt\\\/jacke-modell-nivara-2\\\/#primaryimage\"},\"thumbnailUrl\":\"https:\\\/\\\/www.ancora-shop.de\\\/wp-content\\\/uploads\\\/2025\\\/07\\\/NIVARA-AZ-1-scaled.jpg\",\"datePublished\":\"2025-07-25T09:33:41+00:00\",\"dateModified\":\"2026-02-11T20:32:54+00:00\",\"breadcrumb\":{\"@id\":\"https:\\\/\\\/www.ancora-shop.de\\\/produkt\\\/jacke-modell-nivara-2\\\/#breadcrumb\"},\"inLanguage\":\"de\",\"potentialAction\":[{\"@type\":\"ReadAction\",\"target\":[\"https:\\\/\\\/www.ancora-shop.de\\\/produkt\\\/jacke-modell-nivara-2\\\/\"]}]},{\"@type\":\"ImageObject\",\"inLanguage\":\"de\",\"@id\":\"https:\\\/\\\/www.ancora-shop.de\\\/produkt\\\/jacke-modell-nivara-2\\\/#primaryimage\",\"url\":\"https:\\\/\\\/www.ancora-shop.de\\\/wp-content\\\/uploads\\\/2025\\\/07\\\/NIVARA-AZ-1-scaled.jpg\",\"contentUrl\":\"https:\\\/\\\/www.ancora-shop.de\\\/wp-content\\\/uploads\\\/2025\\\/07\\\/NIVARA-AZ-1-scaled.jpg\",\"width\":1708,\"height\":2560},{\"@type\":\"BreadcrumbList\",\"@id\":\"https:\\\/\\\/www.ancora-shop.de\\\/produkt\\\/jacke-modell-nivara-2\\\/#breadcrumb\",\"itemListElement\":[{\"@type\":\"ListItem\",\"position\":1,\"name\":\"Startseite\",\"item\":\"https:\\\/\\\/www.ancora-shop.de\\\/\"},{\"@type\":\"ListItem\",\"position\":2,\"name\":\"Shop\",\"item\":\"https:\\\/\\\/www.ancora-shop.de\\\/shop\\\/\"},{\"@type\":\"ListItem\",\"position\":3,\"name\":\"Jacke Modell Nivara\"}]},{\"@type\":\"WebSite\",\"@id\":\"https:\\\/\\\/www.ancora-shop.de\\\/#website\",\"url\":\"https:\\\/\\\/www.ancora-shop.de\\\/\",\"name\":\"ANCORA Onlineshop\",\"description\":\"\",\"potentialAction\":[{\"@type\":\"SearchAction\",\"target\":{\"@type\":\"EntryPoint\",\"urlTemplate\":\"https:\\\/\\\/www.ancora-shop.de\\\/?s={search_term_string}\"},\"query-input\":{\"@type\":\"PropertyValueSpecification\",\"valueRequired\":true,\"valueName\":\"search_term_string\"}}],\"inLanguage\":\"de\"}]}<\/script>\n<!-- \/ Yoast SEO plugin. -->","yoast_head_json":{"title":"Jacke Modell Nivara - ANCORA Onlineshop","robots":{"index":"index","follow":"follow","max-snippet":"max-snippet:-1","max-image-preview":"max-image-preview:large","max-video-preview":"max-video-preview:-1"},"canonical":"https:\/\/www.ancora-shop.de\/de\/produkt\/jacke-modell-nivara-2\/","og_locale":"de_DE","og_type":"article","og_title":"Jacke Modell Nivara - ANCORA Onlineshop","og_description":"Tailoring mit Twist \u2013 dieser Kurzblazer bringt Klarheit und Charakter ins Outfit Auf den ersten Blick klassisch, auf den zweiten raffiniert: diese Kurzjacke sorgt mit ihrem modernen Schnitt und besonderen \u00c4rmel-Details f\u00fcr einen stilvollen Auftritt \u2013 nicht nur als Anzug! Etwas tiefer gesetzter Reverskragen, der so die moderne, leicht maskuline Linienf\u00fchrung betont Leicht gepolsterte Schultern [...]","og_url":"https:\/\/www.ancora-shop.de\/de\/produkt\/jacke-modell-nivara-2\/","og_site_name":"ANCORA Onlineshop","article_modified_time":"2026-02-11T20:32:54+00:00","og_image":[{"width":1708,"height":2560,"url":"https:\/\/www.ancora-shop.de\/wp-content\/uploads\/2025\/07\/NIVARA-AZ-1-scaled.jpg","type":"image\/jpeg"}],"twitter_card":"summary_large_image","twitter_misc":{"Gesch\u00e4tzte Lesezeit":"1\u00a0Minute"},"schema":{"@context":"https:\/\/schema.org","@graph":[{"@type":"WebPage","@id":"https:\/\/www.ancora-shop.de\/produkt\/jacke-modell-nivara-2\/","url":"https:\/\/www.ancora-shop.de\/produkt\/jacke-modell-nivara-2\/","name":"Jacke Modell Nivara - ANCORA Onlineshop","isPartOf":{"@id":"https:\/\/www.ancora-shop.de\/#website"},"primaryImageOfPage":{"@id":"https:\/\/www.ancora-shop.de\/produkt\/jacke-modell-nivara-2\/#primaryimage"},"image":{"@id":"https:\/\/www.ancora-shop.de\/produkt\/jacke-modell-nivara-2\/#primaryimage"},"thumbnailUrl":"https:\/\/www.ancora-shop.de\/wp-content\/uploads\/2025\/07\/NIVARA-AZ-1-scaled.jpg","datePublished":"2025-07-25T09:33:41+00:00","dateModified":"2026-02-11T20:32:54+00:00","breadcrumb":{"@id":"https:\/\/www.ancora-shop.de\/produkt\/jacke-modell-nivara-2\/#breadcrumb"},"inLanguage":"de","potentialAction":[{"@type":"ReadAction","target":["https:\/\/www.ancora-shop.de\/produkt\/jacke-modell-nivara-2\/"]}]},{"@type":"ImageObject","inLanguage":"de","@id":"https:\/\/www.ancora-shop.de\/produkt\/jacke-modell-nivara-2\/#primaryimage","url":"https:\/\/www.ancora-shop.de\/wp-content\/uploads\/2025\/07\/NIVARA-AZ-1-scaled.jpg","contentUrl":"https:\/\/www.ancora-shop.de\/wp-content\/uploads\/2025\/07\/NIVARA-AZ-1-scaled.jpg","width":1708,"height":2560},{"@type":"BreadcrumbList","@id":"https:\/\/www.ancora-shop.de\/produkt\/jacke-modell-nivara-2\/#breadcrumb","itemListElement":[{"@type":"ListItem","position":1,"name":"Startseite","item":"https:\/\/www.ancora-shop.de\/"},{"@type":"ListItem","position":2,"name":"Shop","item":"https:\/\/www.ancora-shop.de\/shop\/"},{"@type":"ListItem","position":3,"name":"Jacke Modell Nivara"}]},{"@type":"WebSite","@id":"https:\/\/www.ancora-shop.de\/#website","url":"https:\/\/www.ancora-shop.de\/","name":"ANCORA Onlineshop","description":"","potentialAction":[{"@type":"SearchAction","target":{"@type":"EntryPoint","urlTemplate":"https:\/\/www.ancora-shop.de\/?s={search_term_string}"},"query-input":{"@type":"PropertyValueSpecification","valueRequired":true,"valueName":"search_term_string"}}],"inLanguage":"de"}]}},"_links":{"self":[{"href":"https:\/\/www.ancora-shop.de\/de\/wp-json\/wp\/v2\/product\/78100","targetHints":{"allow":["GET"]}}],"collection":[{"href":"https:\/\/www.ancora-shop.de\/de\/wp-json\/wp\/v2\/product"}],"about":[{"href":"https:\/\/www.ancora-shop.de\/de\/wp-json\/wp\/v2\/types\/product"}],"wp:featuredmedia":[{"embeddable":true,"href":"https:\/\/www.ancora-shop.de\/de\/wp-json\/wp\/v2\/media\/78446"}],"wp:attachment":[{"href":"https:\/\/www.ancora-shop.de\/de\/wp-json\/wp\/v2\/media?parent=78100"}],"wp:term":[{"taxonomy":"product_brand","embeddable":true,"href":"https:\/\/www.ancora-shop.de\/de\/wp-json\/wp\/v2\/product_brand?post=78100"},{"taxonomy":"product_cat","embeddable":true,"href":"https:\/\/www.ancora-shop.de\/de\/wp-json\/wp\/v2\/product_cat?post=78100"},{"taxonomy":"product_tag","embeddable":true,"href":"https:\/\/www.ancora-shop.de\/de\/wp-json\/wp\/v2\/product_tag?post=78100"}],"curies":[{"name":"wp","href":"https:\/\/api.w.org\/{rel}","templated":true}]}}