{"id":78067,"date":"2025-07-25T11:19:13","date_gmt":"2025-07-25T09:19:13","guid":{"rendered":"https:\/\/www.ancora-shop.de\/?post_type=product&#038;p=78067"},"modified":"2026-04-16T16:42:56","modified_gmt":"2026-04-16T14:42:56","slug":"hose-modell-ava-2","status":"publish","type":"product","link":"https:\/\/www.ancora-shop.de\/de\/produkt\/hose-modell-ava-2\/","title":{"rendered":"Hose Modell Ava"},"content":{"rendered":"<p><strong>\u00a0<\/strong><\/p>\n<ul>\n<li>So geht Komfort mit Stil \u2013 und das den ganzen Tag<\/li>\n<li>Diese Hose bringt alles mit, was wir im Alltag (und ehrlich gesagt auch im B\u00fcro sowie am Abend) lieben: eine entspannte Passform, cleane Details u ein hochwertiges Material, das sich jeder Bewegung anpasst.<\/li>\n<li>Breiter mit eingearbeitetem Gummi im R\u00fcckteil f\u00fcr bequemen Sitz<\/li>\n<li>Seitiche Eingrifftaschen und doppelt gelegte Bundfalten vorn \u2013 l\u00e4ssig und feminin zugleich<\/li>\n<li>Gerade, weite Silhouette<\/li>\n<li>Glatte R\u00fcckseite ohne Taschen f\u00fcr eine ruhige R\u00fcckenansicht<\/li>\n<li><strong>Besonderheit: Ein kleines Metall-Label am Bund sorgt f\u00fcr ein dezentes Signature-Detail \u2013 subtil, aber mit gewolltem Wiedererkennungswert<\/strong><\/li>\n<li><strong>Material: Hochwertige leicht elastische Ware mit feinem Glanz \u2013 soft im Griff, formstabil im Fall. F\u00fcr alle, die sich auf ihren Look verlassen wollen<\/strong><\/li>\n<li>Made in Italy<\/li>\n<\/ul>","protected":false},"excerpt":{"rendered":"<p>\u00a0 So geht Komfort mit Stil \u2013 und das den ganzen Tag Diese Hose bringt alles mit, was wir im Alltag (und ehrlich gesagt auch im B\u00fcro sowie am Abend) lieben: eine entspannte Passform, cleane Details u ein hochwertiges Material, das sich jeder Bewegung anpasst. Breiter mit eingearbeitetem Gummi im R\u00fcckteil f\u00fcr bequemen Sitz Seitiche [&#8230;]\n","protected":false},"featured_media":78620,"template":"","meta":[],"product_brand":[],"product_cat":[87],"product_tag":[],"class_list":{"0":"post-78067","1":"product","2":"type-product","3":"status-publish","4":"has-post-thumbnail","6":"product_cat-sale-h-w","8":"first","9":"instock","10":"sale","11":"taxable","12":"shipping-taxable","13":"purchasable","14":"product-type-variable"},"supplier_id":null,"supplier_sku":"","barcode":null,"atum_controlled":true,"out_stock_date":null,"out_stock_threshold":null,"inheritable":true,"inbound_stock":null,"stock_on_hold":1,"sold_today":1,"sales_last_days":4,"reserved_stock":null,"customer_returns":null,"warehouse_damage":null,"lost_in_post":null,"other_logs":null,"out_stock_days":null,"lost_sales":0,"has_location":false,"update_date":"2026-04-16T14:42:57","atum_locations":[],"atum_stock_status":"instock","restock_status":false,"low_stock_amount":"","sales_update_date":"2025-06-12T04:10:25","calc_backorders":null,"yoast_head":"<!-- This site is optimized with the Yoast SEO plugin v27.6 - https:\/\/yoast.com\/product\/yoast-seo-wordpress\/ -->\n<title>Hose Modell Ava - ANCORA Onlineshop<\/title>\n<meta name=\"robots\" content=\"index, follow, max-snippet:-1, max-image-preview:large, max-video-preview:-1\" \/>\n<link rel=\"canonical\" href=\"https:\/\/www.ancora-shop.de\/de\/produkt\/hose-modell-ava-2\/\" \/>\n<meta property=\"og:locale\" content=\"de_DE\" \/>\n<meta property=\"og:type\" content=\"article\" \/>\n<meta property=\"og:title\" content=\"Hose Modell Ava - ANCORA Onlineshop\" \/>\n<meta property=\"og:description\" content=\"\u00a0 So geht Komfort mit Stil \u2013 und das den ganzen Tag Diese Hose bringt alles mit, was wir im Alltag (und ehrlich gesagt auch im B\u00fcro sowie am Abend) lieben: eine entspannte Passform, cleane Details u ein hochwertiges Material, das sich jeder Bewegung anpasst. Breiter mit eingearbeitetem Gummi im R\u00fcckteil f\u00fcr bequemen Sitz Seitiche [...]\" \/>\n<meta property=\"og:url\" content=\"https:\/\/www.ancora-shop.de\/de\/produkt\/hose-modell-ava-2\/\" \/>\n<meta property=\"og:site_name\" content=\"ANCORA Onlineshop\" \/>\n<meta property=\"article:modified_time\" content=\"2026-04-16T14:42:56+00:00\" \/>\n<meta property=\"og:image\" content=\"https:\/\/www.ancora-shop.de\/wp-content\/uploads\/2025\/07\/AVA-SY-1.jpg\" \/>\n\t<meta property=\"og:image:width\" content=\"1067\" \/>\n\t<meta property=\"og:image:height\" content=\"1599\" \/>\n\t<meta property=\"og:image:type\" content=\"image\/jpeg\" \/>\n<meta name=\"twitter:card\" content=\"summary_large_image\" \/>\n<meta name=\"twitter:label1\" content=\"Gesch\u00e4tzte Lesezeit\" \/>\n\t<meta name=\"twitter:data1\" content=\"1\u00a0Minute\" \/>\n<script type=\"application\/ld+json\" class=\"yoast-schema-graph\">{\"@context\":\"https:\\\/\\\/schema.org\",\"@graph\":[{\"@type\":\"WebPage\",\"@id\":\"https:\\\/\\\/www.ancora-shop.de\\\/produkt\\\/hose-modell-ava-2\\\/\",\"url\":\"https:\\\/\\\/www.ancora-shop.de\\\/produkt\\\/hose-modell-ava-2\\\/\",\"name\":\"Hose Modell Ava - ANCORA Onlineshop\",\"isPartOf\":{\"@id\":\"https:\\\/\\\/www.ancora-shop.de\\\/#website\"},\"primaryImageOfPage\":{\"@id\":\"https:\\\/\\\/www.ancora-shop.de\\\/produkt\\\/hose-modell-ava-2\\\/#primaryimage\"},\"image\":{\"@id\":\"https:\\\/\\\/www.ancora-shop.de\\\/produkt\\\/hose-modell-ava-2\\\/#primaryimage\"},\"thumbnailUrl\":\"https:\\\/\\\/www.ancora-shop.de\\\/wp-content\\\/uploads\\\/2025\\\/07\\\/AVA-SY-1.jpg\",\"datePublished\":\"2025-07-25T09:19:13+00:00\",\"dateModified\":\"2026-04-16T14:42:56+00:00\",\"breadcrumb\":{\"@id\":\"https:\\\/\\\/www.ancora-shop.de\\\/produkt\\\/hose-modell-ava-2\\\/#breadcrumb\"},\"inLanguage\":\"de\",\"potentialAction\":[{\"@type\":\"ReadAction\",\"target\":[\"https:\\\/\\\/www.ancora-shop.de\\\/produkt\\\/hose-modell-ava-2\\\/\"]}]},{\"@type\":\"ImageObject\",\"inLanguage\":\"de\",\"@id\":\"https:\\\/\\\/www.ancora-shop.de\\\/produkt\\\/hose-modell-ava-2\\\/#primaryimage\",\"url\":\"https:\\\/\\\/www.ancora-shop.de\\\/wp-content\\\/uploads\\\/2025\\\/07\\\/AVA-SY-1.jpg\",\"contentUrl\":\"https:\\\/\\\/www.ancora-shop.de\\\/wp-content\\\/uploads\\\/2025\\\/07\\\/AVA-SY-1.jpg\",\"width\":1067,\"height\":1599},{\"@type\":\"BreadcrumbList\",\"@id\":\"https:\\\/\\\/www.ancora-shop.de\\\/produkt\\\/hose-modell-ava-2\\\/#breadcrumb\",\"itemListElement\":[{\"@type\":\"ListItem\",\"position\":1,\"name\":\"Startseite\",\"item\":\"https:\\\/\\\/www.ancora-shop.de\\\/\"},{\"@type\":\"ListItem\",\"position\":2,\"name\":\"Shop\",\"item\":\"https:\\\/\\\/www.ancora-shop.de\\\/shop\\\/\"},{\"@type\":\"ListItem\",\"position\":3,\"name\":\"Hose Modell Ava\"}]},{\"@type\":\"WebSite\",\"@id\":\"https:\\\/\\\/www.ancora-shop.de\\\/#website\",\"url\":\"https:\\\/\\\/www.ancora-shop.de\\\/\",\"name\":\"ANCORA Onlineshop\",\"description\":\"\",\"potentialAction\":[{\"@type\":\"SearchAction\",\"target\":{\"@type\":\"EntryPoint\",\"urlTemplate\":\"https:\\\/\\\/www.ancora-shop.de\\\/?s={search_term_string}\"},\"query-input\":{\"@type\":\"PropertyValueSpecification\",\"valueRequired\":true,\"valueName\":\"search_term_string\"}}],\"inLanguage\":\"de\"}]}<\/script>\n<!-- \/ Yoast SEO plugin. -->","yoast_head_json":{"title":"Hose Modell Ava - ANCORA Onlineshop","robots":{"index":"index","follow":"follow","max-snippet":"max-snippet:-1","max-image-preview":"max-image-preview:large","max-video-preview":"max-video-preview:-1"},"canonical":"https:\/\/www.ancora-shop.de\/de\/produkt\/hose-modell-ava-2\/","og_locale":"de_DE","og_type":"article","og_title":"Hose Modell Ava - ANCORA Onlineshop","og_description":"\u00a0 So geht Komfort mit Stil \u2013 und das den ganzen Tag Diese Hose bringt alles mit, was wir im Alltag (und ehrlich gesagt auch im B\u00fcro sowie am Abend) lieben: eine entspannte Passform, cleane Details u ein hochwertiges Material, das sich jeder Bewegung anpasst. Breiter mit eingearbeitetem Gummi im R\u00fcckteil f\u00fcr bequemen Sitz Seitiche [...]","og_url":"https:\/\/www.ancora-shop.de\/de\/produkt\/hose-modell-ava-2\/","og_site_name":"ANCORA Onlineshop","article_modified_time":"2026-04-16T14:42:56+00:00","og_image":[{"width":1067,"height":1599,"url":"https:\/\/www.ancora-shop.de\/wp-content\/uploads\/2025\/07\/AVA-SY-1.jpg","type":"image\/jpeg"}],"twitter_card":"summary_large_image","twitter_misc":{"Gesch\u00e4tzte Lesezeit":"1\u00a0Minute"},"schema":{"@context":"https:\/\/schema.org","@graph":[{"@type":"WebPage","@id":"https:\/\/www.ancora-shop.de\/produkt\/hose-modell-ava-2\/","url":"https:\/\/www.ancora-shop.de\/produkt\/hose-modell-ava-2\/","name":"Hose Modell Ava - ANCORA Onlineshop","isPartOf":{"@id":"https:\/\/www.ancora-shop.de\/#website"},"primaryImageOfPage":{"@id":"https:\/\/www.ancora-shop.de\/produkt\/hose-modell-ava-2\/#primaryimage"},"image":{"@id":"https:\/\/www.ancora-shop.de\/produkt\/hose-modell-ava-2\/#primaryimage"},"thumbnailUrl":"https:\/\/www.ancora-shop.de\/wp-content\/uploads\/2025\/07\/AVA-SY-1.jpg","datePublished":"2025-07-25T09:19:13+00:00","dateModified":"2026-04-16T14:42:56+00:00","breadcrumb":{"@id":"https:\/\/www.ancora-shop.de\/produkt\/hose-modell-ava-2\/#breadcrumb"},"inLanguage":"de","potentialAction":[{"@type":"ReadAction","target":["https:\/\/www.ancora-shop.de\/produkt\/hose-modell-ava-2\/"]}]},{"@type":"ImageObject","inLanguage":"de","@id":"https:\/\/www.ancora-shop.de\/produkt\/hose-modell-ava-2\/#primaryimage","url":"https:\/\/www.ancora-shop.de\/wp-content\/uploads\/2025\/07\/AVA-SY-1.jpg","contentUrl":"https:\/\/www.ancora-shop.de\/wp-content\/uploads\/2025\/07\/AVA-SY-1.jpg","width":1067,"height":1599},{"@type":"BreadcrumbList","@id":"https:\/\/www.ancora-shop.de\/produkt\/hose-modell-ava-2\/#breadcrumb","itemListElement":[{"@type":"ListItem","position":1,"name":"Startseite","item":"https:\/\/www.ancora-shop.de\/"},{"@type":"ListItem","position":2,"name":"Shop","item":"https:\/\/www.ancora-shop.de\/shop\/"},{"@type":"ListItem","position":3,"name":"Hose Modell Ava"}]},{"@type":"WebSite","@id":"https:\/\/www.ancora-shop.de\/#website","url":"https:\/\/www.ancora-shop.de\/","name":"ANCORA Onlineshop","description":"","potentialAction":[{"@type":"SearchAction","target":{"@type":"EntryPoint","urlTemplate":"https:\/\/www.ancora-shop.de\/?s={search_term_string}"},"query-input":{"@type":"PropertyValueSpecification","valueRequired":true,"valueName":"search_term_string"}}],"inLanguage":"de"}]}},"_links":{"self":[{"href":"https:\/\/www.ancora-shop.de\/de\/wp-json\/wp\/v2\/product\/78067","targetHints":{"allow":["GET"]}}],"collection":[{"href":"https:\/\/www.ancora-shop.de\/de\/wp-json\/wp\/v2\/product"}],"about":[{"href":"https:\/\/www.ancora-shop.de\/de\/wp-json\/wp\/v2\/types\/product"}],"wp:featuredmedia":[{"embeddable":true,"href":"https:\/\/www.ancora-shop.de\/de\/wp-json\/wp\/v2\/media\/78620"}],"wp:attachment":[{"href":"https:\/\/www.ancora-shop.de\/de\/wp-json\/wp\/v2\/media?parent=78067"}],"wp:term":[{"taxonomy":"product_brand","embeddable":true,"href":"https:\/\/www.ancora-shop.de\/de\/wp-json\/wp\/v2\/product_brand?post=78067"},{"taxonomy":"product_cat","embeddable":true,"href":"https:\/\/www.ancora-shop.de\/de\/wp-json\/wp\/v2\/product_cat?post=78067"},{"taxonomy":"product_tag","embeddable":true,"href":"https:\/\/www.ancora-shop.de\/de\/wp-json\/wp\/v2\/product_tag?post=78067"}],"curies":[{"name":"wp","href":"https:\/\/api.w.org\/{rel}","templated":true}]}}