{"id":77954,"date":"2025-07-18T17:08:28","date_gmt":"2025-07-18T15:08:28","guid":{"rendered":"https:\/\/www.ancora-shop.de\/?post_type=product&#038;p=77954"},"modified":"2026-03-21T19:28:57","modified_gmt":"2026-03-21T18:28:57","slug":"shirt-modell-lilian-druck","status":"publish","type":"product","link":"https:\/\/www.ancora-shop.de\/de\/produkt\/shirt-modell-lilian-druck\/","title":{"rendered":"Shirt Modell Lilian"},"content":{"rendered":"<ul>\n<li>Wunderbar unkompliziert und vielseitig kombinierbar \u2013 dieses Shirt zieht alle Blicke auf sich!<\/li>\n<li>Femininer Carmen-Ausschnitt mit breitem Beleg \u2013 l\u00e4ssig und umspielend zugleich<\/li>\n<li>Weich fallender, ausgestellter Schnitt, perfekt f\u00fcr einen figurschmeichelnden Look<\/li>\n<li>Langarm mit raffiniert gerafftem Detail auf 3\/4-H\u00f6he au\u00dfen als modischer Hingucker mit Komfortfaktor<\/li>\n<li><strong>Besonderheit: Der raffiniert platzierte Gummizug am \u00c4rmel bringt einen modischen Eyecatcher ins Spiel und der Carmen-Ausschnitt unterstreicht mit seiner femininen Linie gekonnt die Schulterpartie<\/strong><\/li>\n<li><strong>Material: Angenehm weicher, elastischer Jersey mit flie\u00dfendem Fall \u2013 pflegeleicht, knitterarm und komfortabel im Alltag<\/strong><\/li>\n<li>Made in Italy<\/li>\n<\/ul>\n<p class=\"p1\" style=\"margin: 0cm;\"><span style=\"font-size: 9.0pt; font-family: 'Helvetica Neue'; color: black;\">Die Taschen findet Ihr im Shop unseres Kooperationspartners:<span class=\"apple-converted-space\">\u00a0<\/span><\/span><a href=\"https:\/\/www.bolindersthlm.com\/\"><span class=\"s1\"><span style=\"font-size: 9.0pt; font-family: 'Helvetica Neue'; color: #dca10d; text-decoration: none; text-underline: none;\">https:\/\/www.bolindersthlm.com<\/span><\/span><\/a><\/p>\n<p>&nbsp;<\/p>","protected":false},"excerpt":{"rendered":"<p>Wunderbar unkompliziert und vielseitig kombinierbar \u2013 dieses Shirt zieht alle Blicke auf sich! Femininer Carmen-Ausschnitt mit breitem Beleg \u2013 l\u00e4ssig und umspielend zugleich Weich fallender, ausgestellter Schnitt, perfekt f\u00fcr einen figurschmeichelnden Look Langarm mit raffiniert gerafftem Detail auf 3\/4-H\u00f6he au\u00dfen als modischer Hingucker mit Komfortfaktor Besonderheit: Der raffiniert platzierte Gummizug am \u00c4rmel bringt einen modischen [&#8230;]\n","protected":false},"featured_media":78330,"template":"","meta":[],"product_brand":[],"product_cat":[87],"product_tag":[],"class_list":{"0":"post-77954","1":"product","2":"type-product","3":"status-publish","4":"has-post-thumbnail","6":"product_cat-sale-h-w","8":"first","9":"instock","10":"sale","11":"taxable","12":"shipping-taxable","13":"purchasable","14":"product-type-variable"},"supplier_id":null,"supplier_sku":"","barcode":null,"atum_controlled":true,"out_stock_date":null,"out_stock_threshold":null,"inheritable":true,"inbound_stock":null,"stock_on_hold":1,"sold_today":0,"sales_last_days":0,"reserved_stock":null,"customer_returns":null,"warehouse_damage":null,"lost_in_post":null,"other_logs":null,"out_stock_days":null,"lost_sales":0,"has_location":false,"update_date":"2026-04-10T13:31:57","atum_locations":[],"atum_stock_status":"instock","restock_status":false,"low_stock_amount":"","sales_update_date":"2025-04-09T11:23:06","calc_backorders":null,"yoast_head":"<!-- This site is optimized with the Yoast SEO plugin v27.6 - https:\/\/yoast.com\/product\/yoast-seo-wordpress\/ -->\n<title>Shirt Modell Lilian - ANCORA Onlineshop<\/title>\n<meta name=\"robots\" content=\"index, follow, max-snippet:-1, max-image-preview:large, max-video-preview:-1\" \/>\n<link rel=\"canonical\" href=\"https:\/\/www.ancora-shop.de\/de\/produkt\/shirt-modell-lilian-druck\/\" \/>\n<meta property=\"og:locale\" content=\"de_DE\" \/>\n<meta property=\"og:type\" content=\"article\" \/>\n<meta property=\"og:title\" content=\"Shirt Modell Lilian - ANCORA Onlineshop\" \/>\n<meta property=\"og:description\" content=\"Wunderbar unkompliziert und vielseitig kombinierbar \u2013 dieses Shirt zieht alle Blicke auf sich! Femininer Carmen-Ausschnitt mit breitem Beleg \u2013 l\u00e4ssig und umspielend zugleich Weich fallender, ausgestellter Schnitt, perfekt f\u00fcr einen figurschmeichelnden Look Langarm mit raffiniert gerafftem Detail auf 3\/4-H\u00f6he au\u00dfen als modischer Hingucker mit Komfortfaktor Besonderheit: Der raffiniert platzierte Gummizug am \u00c4rmel bringt einen modischen [...]\" \/>\n<meta property=\"og:url\" content=\"https:\/\/www.ancora-shop.de\/de\/produkt\/shirt-modell-lilian-druck\/\" \/>\n<meta property=\"og:site_name\" content=\"ANCORA Onlineshop\" \/>\n<meta property=\"article:modified_time\" content=\"2026-03-21T18:28:57+00:00\" \/>\n<meta property=\"og:image\" content=\"https:\/\/www.ancora-shop.de\/wp-content\/uploads\/2025\/07\/LILIAN-PSBL-1.jpg\" \/>\n\t<meta property=\"og:image:width\" content=\"1067\" \/>\n\t<meta property=\"og:image:height\" content=\"1600\" \/>\n\t<meta property=\"og:image:type\" content=\"image\/jpeg\" \/>\n<meta name=\"twitter:card\" content=\"summary_large_image\" \/>\n<meta name=\"twitter:label1\" content=\"Gesch\u00e4tzte Lesezeit\" \/>\n\t<meta name=\"twitter:data1\" content=\"1\u00a0Minute\" \/>\n<script type=\"application\/ld+json\" class=\"yoast-schema-graph\">{\"@context\":\"https:\\\/\\\/schema.org\",\"@graph\":[{\"@type\":\"WebPage\",\"@id\":\"https:\\\/\\\/www.ancora-shop.de\\\/produkt\\\/shirt-modell-lilian-druck\\\/\",\"url\":\"https:\\\/\\\/www.ancora-shop.de\\\/produkt\\\/shirt-modell-lilian-druck\\\/\",\"name\":\"Shirt Modell Lilian - ANCORA Onlineshop\",\"isPartOf\":{\"@id\":\"https:\\\/\\\/www.ancora-shop.de\\\/#website\"},\"primaryImageOfPage\":{\"@id\":\"https:\\\/\\\/www.ancora-shop.de\\\/produkt\\\/shirt-modell-lilian-druck\\\/#primaryimage\"},\"image\":{\"@id\":\"https:\\\/\\\/www.ancora-shop.de\\\/produkt\\\/shirt-modell-lilian-druck\\\/#primaryimage\"},\"thumbnailUrl\":\"https:\\\/\\\/www.ancora-shop.de\\\/wp-content\\\/uploads\\\/2025\\\/07\\\/LILIAN-PSBL-1.jpg\",\"datePublished\":\"2025-07-18T15:08:28+00:00\",\"dateModified\":\"2026-03-21T18:28:57+00:00\",\"breadcrumb\":{\"@id\":\"https:\\\/\\\/www.ancora-shop.de\\\/produkt\\\/shirt-modell-lilian-druck\\\/#breadcrumb\"},\"inLanguage\":\"de\",\"potentialAction\":[{\"@type\":\"ReadAction\",\"target\":[\"https:\\\/\\\/www.ancora-shop.de\\\/produkt\\\/shirt-modell-lilian-druck\\\/\"]}]},{\"@type\":\"ImageObject\",\"inLanguage\":\"de\",\"@id\":\"https:\\\/\\\/www.ancora-shop.de\\\/produkt\\\/shirt-modell-lilian-druck\\\/#primaryimage\",\"url\":\"https:\\\/\\\/www.ancora-shop.de\\\/wp-content\\\/uploads\\\/2025\\\/07\\\/LILIAN-PSBL-1.jpg\",\"contentUrl\":\"https:\\\/\\\/www.ancora-shop.de\\\/wp-content\\\/uploads\\\/2025\\\/07\\\/LILIAN-PSBL-1.jpg\",\"width\":1067,\"height\":1600},{\"@type\":\"BreadcrumbList\",\"@id\":\"https:\\\/\\\/www.ancora-shop.de\\\/produkt\\\/shirt-modell-lilian-druck\\\/#breadcrumb\",\"itemListElement\":[{\"@type\":\"ListItem\",\"position\":1,\"name\":\"Startseite\",\"item\":\"https:\\\/\\\/www.ancora-shop.de\\\/\"},{\"@type\":\"ListItem\",\"position\":2,\"name\":\"Shop\",\"item\":\"https:\\\/\\\/www.ancora-shop.de\\\/shop\\\/\"},{\"@type\":\"ListItem\",\"position\":3,\"name\":\"Shirt Modell Lilian\"}]},{\"@type\":\"WebSite\",\"@id\":\"https:\\\/\\\/www.ancora-shop.de\\\/#website\",\"url\":\"https:\\\/\\\/www.ancora-shop.de\\\/\",\"name\":\"ANCORA Onlineshop\",\"description\":\"\",\"potentialAction\":[{\"@type\":\"SearchAction\",\"target\":{\"@type\":\"EntryPoint\",\"urlTemplate\":\"https:\\\/\\\/www.ancora-shop.de\\\/?s={search_term_string}\"},\"query-input\":{\"@type\":\"PropertyValueSpecification\",\"valueRequired\":true,\"valueName\":\"search_term_string\"}}],\"inLanguage\":\"de\"}]}<\/script>\n<!-- \/ Yoast SEO plugin. -->","yoast_head_json":{"title":"Shirt Modell Lilian - ANCORA Onlineshop","robots":{"index":"index","follow":"follow","max-snippet":"max-snippet:-1","max-image-preview":"max-image-preview:large","max-video-preview":"max-video-preview:-1"},"canonical":"https:\/\/www.ancora-shop.de\/de\/produkt\/shirt-modell-lilian-druck\/","og_locale":"de_DE","og_type":"article","og_title":"Shirt Modell Lilian - ANCORA Onlineshop","og_description":"Wunderbar unkompliziert und vielseitig kombinierbar \u2013 dieses Shirt zieht alle Blicke auf sich! Femininer Carmen-Ausschnitt mit breitem Beleg \u2013 l\u00e4ssig und umspielend zugleich Weich fallender, ausgestellter Schnitt, perfekt f\u00fcr einen figurschmeichelnden Look Langarm mit raffiniert gerafftem Detail auf 3\/4-H\u00f6he au\u00dfen als modischer Hingucker mit Komfortfaktor Besonderheit: Der raffiniert platzierte Gummizug am \u00c4rmel bringt einen modischen [...]","og_url":"https:\/\/www.ancora-shop.de\/de\/produkt\/shirt-modell-lilian-druck\/","og_site_name":"ANCORA Onlineshop","article_modified_time":"2026-03-21T18:28:57+00:00","og_image":[{"width":1067,"height":1600,"url":"https:\/\/www.ancora-shop.de\/wp-content\/uploads\/2025\/07\/LILIAN-PSBL-1.jpg","type":"image\/jpeg"}],"twitter_card":"summary_large_image","twitter_misc":{"Gesch\u00e4tzte Lesezeit":"1\u00a0Minute"},"schema":{"@context":"https:\/\/schema.org","@graph":[{"@type":"WebPage","@id":"https:\/\/www.ancora-shop.de\/produkt\/shirt-modell-lilian-druck\/","url":"https:\/\/www.ancora-shop.de\/produkt\/shirt-modell-lilian-druck\/","name":"Shirt Modell Lilian - ANCORA Onlineshop","isPartOf":{"@id":"https:\/\/www.ancora-shop.de\/#website"},"primaryImageOfPage":{"@id":"https:\/\/www.ancora-shop.de\/produkt\/shirt-modell-lilian-druck\/#primaryimage"},"image":{"@id":"https:\/\/www.ancora-shop.de\/produkt\/shirt-modell-lilian-druck\/#primaryimage"},"thumbnailUrl":"https:\/\/www.ancora-shop.de\/wp-content\/uploads\/2025\/07\/LILIAN-PSBL-1.jpg","datePublished":"2025-07-18T15:08:28+00:00","dateModified":"2026-03-21T18:28:57+00:00","breadcrumb":{"@id":"https:\/\/www.ancora-shop.de\/produkt\/shirt-modell-lilian-druck\/#breadcrumb"},"inLanguage":"de","potentialAction":[{"@type":"ReadAction","target":["https:\/\/www.ancora-shop.de\/produkt\/shirt-modell-lilian-druck\/"]}]},{"@type":"ImageObject","inLanguage":"de","@id":"https:\/\/www.ancora-shop.de\/produkt\/shirt-modell-lilian-druck\/#primaryimage","url":"https:\/\/www.ancora-shop.de\/wp-content\/uploads\/2025\/07\/LILIAN-PSBL-1.jpg","contentUrl":"https:\/\/www.ancora-shop.de\/wp-content\/uploads\/2025\/07\/LILIAN-PSBL-1.jpg","width":1067,"height":1600},{"@type":"BreadcrumbList","@id":"https:\/\/www.ancora-shop.de\/produkt\/shirt-modell-lilian-druck\/#breadcrumb","itemListElement":[{"@type":"ListItem","position":1,"name":"Startseite","item":"https:\/\/www.ancora-shop.de\/"},{"@type":"ListItem","position":2,"name":"Shop","item":"https:\/\/www.ancora-shop.de\/shop\/"},{"@type":"ListItem","position":3,"name":"Shirt Modell Lilian"}]},{"@type":"WebSite","@id":"https:\/\/www.ancora-shop.de\/#website","url":"https:\/\/www.ancora-shop.de\/","name":"ANCORA Onlineshop","description":"","potentialAction":[{"@type":"SearchAction","target":{"@type":"EntryPoint","urlTemplate":"https:\/\/www.ancora-shop.de\/?s={search_term_string}"},"query-input":{"@type":"PropertyValueSpecification","valueRequired":true,"valueName":"search_term_string"}}],"inLanguage":"de"}]}},"_links":{"self":[{"href":"https:\/\/www.ancora-shop.de\/de\/wp-json\/wp\/v2\/product\/77954","targetHints":{"allow":["GET"]}}],"collection":[{"href":"https:\/\/www.ancora-shop.de\/de\/wp-json\/wp\/v2\/product"}],"about":[{"href":"https:\/\/www.ancora-shop.de\/de\/wp-json\/wp\/v2\/types\/product"}],"wp:featuredmedia":[{"embeddable":true,"href":"https:\/\/www.ancora-shop.de\/de\/wp-json\/wp\/v2\/media\/78330"}],"wp:attachment":[{"href":"https:\/\/www.ancora-shop.de\/de\/wp-json\/wp\/v2\/media?parent=77954"}],"wp:term":[{"taxonomy":"product_brand","embeddable":true,"href":"https:\/\/www.ancora-shop.de\/de\/wp-json\/wp\/v2\/product_brand?post=77954"},{"taxonomy":"product_cat","embeddable":true,"href":"https:\/\/www.ancora-shop.de\/de\/wp-json\/wp\/v2\/product_cat?post=77954"},{"taxonomy":"product_tag","embeddable":true,"href":"https:\/\/www.ancora-shop.de\/de\/wp-json\/wp\/v2\/product_tag?post=77954"}],"curies":[{"name":"wp","href":"https:\/\/api.w.org\/{rel}","templated":true}]}}