{"id":77919,"date":"2025-07-17T16:38:58","date_gmt":"2025-07-17T14:38:58","guid":{"rendered":"https:\/\/www.ancora-shop.de\/?post_type=product&#038;p=77919"},"modified":"2026-04-01T15:27:16","modified_gmt":"2026-04-01T13:27:16","slug":"gilet-modell-cindy","status":"publish","type":"product","link":"https:\/\/www.ancora-shop.de\/de\/produkt\/gilet-modell-cindy\/","title":{"rendered":"Gilet Modell Cindy"},"content":{"rendered":"<ul>\n<li>Die Silhouette erinnert an eine kurze Trenchjacke \u2013 aber ohne \u00c4rmel und mit deutlich mehr Stylingfreiheit<\/li>\n<li>Klassischer Hemdkragen<\/li>\n<li>Einseitige Frontblende mit Knopf \u2013 stiltypisches Trench-Detail in moderner Umsetzung<\/li>\n<li>Schulterriegel mit Knopf<\/li>\n<li>Doppelreihige Optik mit Kn\u00f6pfen auf der Front<\/li>\n<li>Gerade Pa\u00dfform, die \u00fcber die seitlichen Riegel in Taillenh\u00f6he individuell angepasst werden kann \u2013 l\u00e4ssig weit oder k\u00f6rpernah getragen<\/li>\n<li>Die Riegel sind zweifach kn\u00f6pfbar und machen die Weste so besonders flexibel<\/li>\n<li><strong>Besonderheit: Dieses Statement-Piece ist mehr als nur eine Weste \u2013 nein Mix aus Funktion, fashion und Raffinesse<\/strong><\/li>\n<li>Angenehmer, technischer Materialmix aus Viskose, Polyester (Nylon) und Elasthan \u2013 formstabil, pflegeleicht du mit feinem Glanzakzent im Kontraststoff<\/li>\n<li>Made in Italy<\/li>\n<\/ul>\n<p>&nbsp;<\/p>\n<p class=\"p1\" style=\"margin: 0cm;\"><span style=\"font-size: 9.0pt; font-family: 'Helvetica Neue'; color: black;\">Die Taschen findet Ihr im Shop unseres Kooperationspartners:<span class=\"apple-converted-space\">\u00a0<\/span><\/span><a href=\"https:\/\/www.bolindersthlm.com\/\"><span class=\"s1\"><span style=\"font-size: 9.0pt; font-family: 'Helvetica Neue'; color: #dca10d; text-decoration: none; text-underline: none;\">https:\/\/www.bolindersthlm.com<\/span><\/span><\/a><\/p>\n<p>&nbsp;<\/p>","protected":false},"excerpt":{"rendered":"<p>Die Silhouette erinnert an eine kurze Trenchjacke \u2013 aber ohne \u00c4rmel und mit deutlich mehr Stylingfreiheit Klassischer Hemdkragen Einseitige Frontblende mit Knopf \u2013 stiltypisches Trench-Detail in moderner Umsetzung Schulterriegel mit Knopf Doppelreihige Optik mit Kn\u00f6pfen auf der Front Gerade Pa\u00dfform, die \u00fcber die seitlichen Riegel in Taillenh\u00f6he individuell angepasst werden kann \u2013 l\u00e4ssig weit oder [&#8230;]\n","protected":false},"featured_media":78531,"template":"","meta":[],"product_brand":[],"product_cat":[87],"product_tag":[],"class_list":{"0":"post-77919","1":"product","2":"type-product","3":"status-publish","4":"has-post-thumbnail","6":"product_cat-sale-h-w","8":"first","9":"instock","10":"sale","11":"taxable","12":"shipping-taxable","13":"purchasable","14":"product-type-variable"},"supplier_id":null,"supplier_sku":"","barcode":null,"atum_controlled":true,"out_stock_date":null,"out_stock_threshold":null,"inheritable":true,"inbound_stock":null,"stock_on_hold":3,"sold_today":0,"sales_last_days":0,"reserved_stock":null,"customer_returns":null,"warehouse_damage":null,"lost_in_post":null,"other_logs":null,"out_stock_days":null,"lost_sales":0,"has_location":false,"update_date":"2026-04-21T09:19:24","atum_locations":[],"atum_stock_status":"instock","restock_status":false,"low_stock_amount":"","sales_update_date":"2025-04-10T03:23:06","calc_backorders":null,"yoast_head":"<!-- This site is optimized with the Yoast SEO plugin v27.6 - https:\/\/yoast.com\/product\/yoast-seo-wordpress\/ -->\n<title>Gilet Modell Cindy - ANCORA Onlineshop<\/title>\n<meta name=\"robots\" content=\"index, follow, max-snippet:-1, max-image-preview:large, max-video-preview:-1\" \/>\n<link rel=\"canonical\" href=\"https:\/\/www.ancora-shop.de\/de\/produkt\/gilet-modell-cindy\/\" \/>\n<meta property=\"og:locale\" content=\"de_DE\" \/>\n<meta property=\"og:type\" content=\"article\" \/>\n<meta property=\"og:title\" content=\"Gilet Modell Cindy - ANCORA Onlineshop\" \/>\n<meta property=\"og:description\" content=\"Die Silhouette erinnert an eine kurze Trenchjacke \u2013 aber ohne \u00c4rmel und mit deutlich mehr Stylingfreiheit Klassischer Hemdkragen Einseitige Frontblende mit Knopf \u2013 stiltypisches Trench-Detail in moderner Umsetzung Schulterriegel mit Knopf Doppelreihige Optik mit Kn\u00f6pfen auf der Front Gerade Pa\u00dfform, die \u00fcber die seitlichen Riegel in Taillenh\u00f6he individuell angepasst werden kann \u2013 l\u00e4ssig weit oder [...]\" \/>\n<meta property=\"og:url\" content=\"https:\/\/www.ancora-shop.de\/de\/produkt\/gilet-modell-cindy\/\" \/>\n<meta property=\"og:site_name\" content=\"ANCORA Onlineshop\" \/>\n<meta property=\"article:modified_time\" content=\"2026-04-01T13:27:16+00:00\" \/>\n<meta property=\"og:image\" content=\"https:\/\/www.ancora-shop.de\/wp-content\/uploads\/2025\/07\/CINDY-NE-5-1.jpg\" \/>\n\t<meta property=\"og:image:width\" content=\"1067\" \/>\n\t<meta property=\"og:image:height\" content=\"1600\" \/>\n\t<meta property=\"og:image:type\" content=\"image\/jpeg\" \/>\n<meta name=\"twitter:card\" content=\"summary_large_image\" \/>\n<meta name=\"twitter:label1\" content=\"Gesch\u00e4tzte Lesezeit\" \/>\n\t<meta name=\"twitter:data1\" content=\"1\u00a0Minute\" \/>\n<script type=\"application\/ld+json\" class=\"yoast-schema-graph\">{\"@context\":\"https:\\\/\\\/schema.org\",\"@graph\":[{\"@type\":\"WebPage\",\"@id\":\"https:\\\/\\\/www.ancora-shop.de\\\/produkt\\\/gilet-modell-cindy\\\/\",\"url\":\"https:\\\/\\\/www.ancora-shop.de\\\/produkt\\\/gilet-modell-cindy\\\/\",\"name\":\"Gilet Modell Cindy - ANCORA Onlineshop\",\"isPartOf\":{\"@id\":\"https:\\\/\\\/www.ancora-shop.de\\\/#website\"},\"primaryImageOfPage\":{\"@id\":\"https:\\\/\\\/www.ancora-shop.de\\\/produkt\\\/gilet-modell-cindy\\\/#primaryimage\"},\"image\":{\"@id\":\"https:\\\/\\\/www.ancora-shop.de\\\/produkt\\\/gilet-modell-cindy\\\/#primaryimage\"},\"thumbnailUrl\":\"https:\\\/\\\/www.ancora-shop.de\\\/wp-content\\\/uploads\\\/2025\\\/07\\\/CINDY-NE-5-1.jpg\",\"datePublished\":\"2025-07-17T14:38:58+00:00\",\"dateModified\":\"2026-04-01T13:27:16+00:00\",\"breadcrumb\":{\"@id\":\"https:\\\/\\\/www.ancora-shop.de\\\/produkt\\\/gilet-modell-cindy\\\/#breadcrumb\"},\"inLanguage\":\"de\",\"potentialAction\":[{\"@type\":\"ReadAction\",\"target\":[\"https:\\\/\\\/www.ancora-shop.de\\\/produkt\\\/gilet-modell-cindy\\\/\"]}]},{\"@type\":\"ImageObject\",\"inLanguage\":\"de\",\"@id\":\"https:\\\/\\\/www.ancora-shop.de\\\/produkt\\\/gilet-modell-cindy\\\/#primaryimage\",\"url\":\"https:\\\/\\\/www.ancora-shop.de\\\/wp-content\\\/uploads\\\/2025\\\/07\\\/CINDY-NE-5-1.jpg\",\"contentUrl\":\"https:\\\/\\\/www.ancora-shop.de\\\/wp-content\\\/uploads\\\/2025\\\/07\\\/CINDY-NE-5-1.jpg\",\"width\":1067,\"height\":1600},{\"@type\":\"BreadcrumbList\",\"@id\":\"https:\\\/\\\/www.ancora-shop.de\\\/produkt\\\/gilet-modell-cindy\\\/#breadcrumb\",\"itemListElement\":[{\"@type\":\"ListItem\",\"position\":1,\"name\":\"Startseite\",\"item\":\"https:\\\/\\\/www.ancora-shop.de\\\/\"},{\"@type\":\"ListItem\",\"position\":2,\"name\":\"Shop\",\"item\":\"https:\\\/\\\/www.ancora-shop.de\\\/shop\\\/\"},{\"@type\":\"ListItem\",\"position\":3,\"name\":\"Gilet Modell Cindy\"}]},{\"@type\":\"WebSite\",\"@id\":\"https:\\\/\\\/www.ancora-shop.de\\\/#website\",\"url\":\"https:\\\/\\\/www.ancora-shop.de\\\/\",\"name\":\"ANCORA Onlineshop\",\"description\":\"\",\"potentialAction\":[{\"@type\":\"SearchAction\",\"target\":{\"@type\":\"EntryPoint\",\"urlTemplate\":\"https:\\\/\\\/www.ancora-shop.de\\\/?s={search_term_string}\"},\"query-input\":{\"@type\":\"PropertyValueSpecification\",\"valueRequired\":true,\"valueName\":\"search_term_string\"}}],\"inLanguage\":\"de\"}]}<\/script>\n<!-- \/ Yoast SEO plugin. -->","yoast_head_json":{"title":"Gilet Modell Cindy - ANCORA Onlineshop","robots":{"index":"index","follow":"follow","max-snippet":"max-snippet:-1","max-image-preview":"max-image-preview:large","max-video-preview":"max-video-preview:-1"},"canonical":"https:\/\/www.ancora-shop.de\/de\/produkt\/gilet-modell-cindy\/","og_locale":"de_DE","og_type":"article","og_title":"Gilet Modell Cindy - ANCORA Onlineshop","og_description":"Die Silhouette erinnert an eine kurze Trenchjacke \u2013 aber ohne \u00c4rmel und mit deutlich mehr Stylingfreiheit Klassischer Hemdkragen Einseitige Frontblende mit Knopf \u2013 stiltypisches Trench-Detail in moderner Umsetzung Schulterriegel mit Knopf Doppelreihige Optik mit Kn\u00f6pfen auf der Front Gerade Pa\u00dfform, die \u00fcber die seitlichen Riegel in Taillenh\u00f6he individuell angepasst werden kann \u2013 l\u00e4ssig weit oder [...]","og_url":"https:\/\/www.ancora-shop.de\/de\/produkt\/gilet-modell-cindy\/","og_site_name":"ANCORA Onlineshop","article_modified_time":"2026-04-01T13:27:16+00:00","og_image":[{"width":1067,"height":1600,"url":"https:\/\/www.ancora-shop.de\/wp-content\/uploads\/2025\/07\/CINDY-NE-5-1.jpg","type":"image\/jpeg"}],"twitter_card":"summary_large_image","twitter_misc":{"Gesch\u00e4tzte Lesezeit":"1\u00a0Minute"},"schema":{"@context":"https:\/\/schema.org","@graph":[{"@type":"WebPage","@id":"https:\/\/www.ancora-shop.de\/produkt\/gilet-modell-cindy\/","url":"https:\/\/www.ancora-shop.de\/produkt\/gilet-modell-cindy\/","name":"Gilet Modell Cindy - ANCORA Onlineshop","isPartOf":{"@id":"https:\/\/www.ancora-shop.de\/#website"},"primaryImageOfPage":{"@id":"https:\/\/www.ancora-shop.de\/produkt\/gilet-modell-cindy\/#primaryimage"},"image":{"@id":"https:\/\/www.ancora-shop.de\/produkt\/gilet-modell-cindy\/#primaryimage"},"thumbnailUrl":"https:\/\/www.ancora-shop.de\/wp-content\/uploads\/2025\/07\/CINDY-NE-5-1.jpg","datePublished":"2025-07-17T14:38:58+00:00","dateModified":"2026-04-01T13:27:16+00:00","breadcrumb":{"@id":"https:\/\/www.ancora-shop.de\/produkt\/gilet-modell-cindy\/#breadcrumb"},"inLanguage":"de","potentialAction":[{"@type":"ReadAction","target":["https:\/\/www.ancora-shop.de\/produkt\/gilet-modell-cindy\/"]}]},{"@type":"ImageObject","inLanguage":"de","@id":"https:\/\/www.ancora-shop.de\/produkt\/gilet-modell-cindy\/#primaryimage","url":"https:\/\/www.ancora-shop.de\/wp-content\/uploads\/2025\/07\/CINDY-NE-5-1.jpg","contentUrl":"https:\/\/www.ancora-shop.de\/wp-content\/uploads\/2025\/07\/CINDY-NE-5-1.jpg","width":1067,"height":1600},{"@type":"BreadcrumbList","@id":"https:\/\/www.ancora-shop.de\/produkt\/gilet-modell-cindy\/#breadcrumb","itemListElement":[{"@type":"ListItem","position":1,"name":"Startseite","item":"https:\/\/www.ancora-shop.de\/"},{"@type":"ListItem","position":2,"name":"Shop","item":"https:\/\/www.ancora-shop.de\/shop\/"},{"@type":"ListItem","position":3,"name":"Gilet Modell Cindy"}]},{"@type":"WebSite","@id":"https:\/\/www.ancora-shop.de\/#website","url":"https:\/\/www.ancora-shop.de\/","name":"ANCORA Onlineshop","description":"","potentialAction":[{"@type":"SearchAction","target":{"@type":"EntryPoint","urlTemplate":"https:\/\/www.ancora-shop.de\/?s={search_term_string}"},"query-input":{"@type":"PropertyValueSpecification","valueRequired":true,"valueName":"search_term_string"}}],"inLanguage":"de"}]}},"_links":{"self":[{"href":"https:\/\/www.ancora-shop.de\/de\/wp-json\/wp\/v2\/product\/77919","targetHints":{"allow":["GET"]}}],"collection":[{"href":"https:\/\/www.ancora-shop.de\/de\/wp-json\/wp\/v2\/product"}],"about":[{"href":"https:\/\/www.ancora-shop.de\/de\/wp-json\/wp\/v2\/types\/product"}],"wp:featuredmedia":[{"embeddable":true,"href":"https:\/\/www.ancora-shop.de\/de\/wp-json\/wp\/v2\/media\/78531"}],"wp:attachment":[{"href":"https:\/\/www.ancora-shop.de\/de\/wp-json\/wp\/v2\/media?parent=77919"}],"wp:term":[{"taxonomy":"product_brand","embeddable":true,"href":"https:\/\/www.ancora-shop.de\/de\/wp-json\/wp\/v2\/product_brand?post=77919"},{"taxonomy":"product_cat","embeddable":true,"href":"https:\/\/www.ancora-shop.de\/de\/wp-json\/wp\/v2\/product_cat?post=77919"},{"taxonomy":"product_tag","embeddable":true,"href":"https:\/\/www.ancora-shop.de\/de\/wp-json\/wp\/v2\/product_tag?post=77919"}],"curies":[{"name":"wp","href":"https:\/\/api.w.org\/{rel}","templated":true}]}}