{"id":77867,"date":"2025-07-17T16:21:28","date_gmt":"2025-07-17T14:21:28","guid":{"rendered":"https:\/\/www.ancora-shop.de\/?post_type=product&#038;p=77867"},"modified":"2026-04-29T10:57:46","modified_gmt":"2026-04-29T08:57:46","slug":"rock-modell-olimpia","status":"publish","type":"product","link":"https:\/\/www.ancora-shop.de\/de\/produkt\/rock-modell-olimpia\/","title":{"rendered":"Rock Modell Olimpia"},"content":{"rendered":"<p><strong>\u00a0<\/strong><\/p>\n<ul>\n<li>Ein Rock, der mehr kann: Klare Form, starke Details \u2013 und genug L\u00e4ssigkeit, um im Alltag ganz gro\u00df rauszukommen. Urban, vielseitig und mit femininer Haltung<\/li>\n<li>Formsch\u00f6ner Bund mit Knopf und Reissverschlu\u00df, elastischer R\u00fcckseite f\u00fcr eine perfekte Passform<\/li>\n<li>Breite G\u00fcrtelschlaufen<\/li>\n<li>Schr\u00e4ge Eingrifftaschen vorn \u2013 l\u00e4ssig und praktisch zugleich<\/li>\n<li>Zwei seitlich aufgesetzte Cargo-Taschen aus Nylon-Kontrastmaterial \u2013 versetzt in der H\u00f6he f\u00fcr eine moderne, asymmetrische Optik<\/li>\n<li>Gerade, kniebedeckende Silhouette in angesagter L\u00e4nge<\/li>\n<li>Gehschlitze vorn und hinten \u2013 f\u00fcr mehr Bewegungsfreiheit und einen femininen Schwung beim Gehen<\/li>\n<li><strong>Besonderheit: Ein sportiv-femininer Rock mit spannender Linienf\u00fchrung und Kontrast-Details \u2013 perfekt solo oder als stylisches Set mit dem passenden Gilet. Der Materialmix sorgt f\u00fcr Komfort<\/strong><\/li>\n<li>Made in Italy<\/li>\n<\/ul>","protected":false},"excerpt":{"rendered":"<p>\u00a0 Ein Rock, der mehr kann: Klare Form, starke Details \u2013 und genug L\u00e4ssigkeit, um im Alltag ganz gro\u00df rauszukommen. Urban, vielseitig und mit femininer Haltung Formsch\u00f6ner Bund mit Knopf und Reissverschlu\u00df, elastischer R\u00fcckseite f\u00fcr eine perfekte Passform Breite G\u00fcrtelschlaufen Schr\u00e4ge Eingrifftaschen vorn \u2013 l\u00e4ssig und praktisch zugleich Zwei seitlich aufgesetzte Cargo-Taschen aus Nylon-Kontrastmaterial \u2013 [&#8230;]\n","protected":false},"featured_media":78595,"template":"","meta":[],"product_brand":[],"product_cat":[87],"product_tag":[],"class_list":{"0":"post-77867","1":"product","2":"type-product","3":"status-publish","4":"has-post-thumbnail","6":"product_cat-sale-h-w","8":"first","9":"instock","10":"sale","11":"taxable","12":"shipping-taxable","13":"purchasable","14":"product-type-variable"},"supplier_id":null,"supplier_sku":"","barcode":null,"atum_controlled":true,"out_stock_date":null,"out_stock_threshold":null,"inheritable":true,"inbound_stock":null,"stock_on_hold":1,"sold_today":0,"sales_last_days":0,"reserved_stock":null,"customer_returns":null,"warehouse_damage":null,"lost_in_post":null,"other_logs":null,"out_stock_days":null,"lost_sales":0,"has_location":false,"update_date":"2026-04-29T08:57:50","atum_locations":[],"atum_stock_status":"instock","restock_status":false,"low_stock_amount":"","sales_update_date":"2025-06-12T04:10:28","calc_backorders":null,"yoast_head":"<!-- This site is optimized with the Yoast SEO plugin v27.6 - https:\/\/yoast.com\/product\/yoast-seo-wordpress\/ -->\n<title>Rock Modell Olimpia - ANCORA Onlineshop<\/title>\n<meta name=\"robots\" content=\"index, follow, max-snippet:-1, max-image-preview:large, max-video-preview:-1\" \/>\n<link rel=\"canonical\" href=\"https:\/\/www.ancora-shop.de\/de\/produkt\/rock-modell-olimpia\/\" \/>\n<meta property=\"og:locale\" content=\"de_DE\" \/>\n<meta property=\"og:type\" content=\"article\" \/>\n<meta property=\"og:title\" content=\"Rock Modell Olimpia - ANCORA Onlineshop\" \/>\n<meta property=\"og:description\" content=\"\u00a0 Ein Rock, der mehr kann: Klare Form, starke Details \u2013 und genug L\u00e4ssigkeit, um im Alltag ganz gro\u00df rauszukommen. Urban, vielseitig und mit femininer Haltung Formsch\u00f6ner Bund mit Knopf und Reissverschlu\u00df, elastischer R\u00fcckseite f\u00fcr eine perfekte Passform Breite G\u00fcrtelschlaufen Schr\u00e4ge Eingrifftaschen vorn \u2013 l\u00e4ssig und praktisch zugleich Zwei seitlich aufgesetzte Cargo-Taschen aus Nylon-Kontrastmaterial \u2013 [...]\" \/>\n<meta property=\"og:url\" content=\"https:\/\/www.ancora-shop.de\/de\/produkt\/rock-modell-olimpia\/\" \/>\n<meta property=\"og:site_name\" content=\"ANCORA Onlineshop\" \/>\n<meta property=\"article:modified_time\" content=\"2026-04-29T08:57:46+00:00\" \/>\n<meta property=\"og:image\" content=\"https:\/\/www.ancora-shop.de\/wp-content\/uploads\/2025\/07\/OLIMPIA-MR-1.jpg\" \/>\n\t<meta property=\"og:image:width\" content=\"1067\" \/>\n\t<meta property=\"og:image:height\" content=\"1600\" \/>\n\t<meta property=\"og:image:type\" content=\"image\/jpeg\" \/>\n<meta name=\"twitter:card\" content=\"summary_large_image\" \/>\n<meta name=\"twitter:label1\" content=\"Gesch\u00e4tzte Lesezeit\" \/>\n\t<meta name=\"twitter:data1\" content=\"1\u00a0Minute\" \/>\n<script type=\"application\/ld+json\" class=\"yoast-schema-graph\">{\"@context\":\"https:\\\/\\\/schema.org\",\"@graph\":[{\"@type\":\"WebPage\",\"@id\":\"https:\\\/\\\/www.ancora-shop.de\\\/produkt\\\/rock-modell-olimpia\\\/\",\"url\":\"https:\\\/\\\/www.ancora-shop.de\\\/produkt\\\/rock-modell-olimpia\\\/\",\"name\":\"Rock Modell Olimpia - ANCORA Onlineshop\",\"isPartOf\":{\"@id\":\"https:\\\/\\\/www.ancora-shop.de\\\/#website\"},\"primaryImageOfPage\":{\"@id\":\"https:\\\/\\\/www.ancora-shop.de\\\/produkt\\\/rock-modell-olimpia\\\/#primaryimage\"},\"image\":{\"@id\":\"https:\\\/\\\/www.ancora-shop.de\\\/produkt\\\/rock-modell-olimpia\\\/#primaryimage\"},\"thumbnailUrl\":\"https:\\\/\\\/www.ancora-shop.de\\\/wp-content\\\/uploads\\\/2025\\\/07\\\/OLIMPIA-MR-1.jpg\",\"datePublished\":\"2025-07-17T14:21:28+00:00\",\"dateModified\":\"2026-04-29T08:57:46+00:00\",\"breadcrumb\":{\"@id\":\"https:\\\/\\\/www.ancora-shop.de\\\/produkt\\\/rock-modell-olimpia\\\/#breadcrumb\"},\"inLanguage\":\"de\",\"potentialAction\":[{\"@type\":\"ReadAction\",\"target\":[\"https:\\\/\\\/www.ancora-shop.de\\\/produkt\\\/rock-modell-olimpia\\\/\"]}]},{\"@type\":\"ImageObject\",\"inLanguage\":\"de\",\"@id\":\"https:\\\/\\\/www.ancora-shop.de\\\/produkt\\\/rock-modell-olimpia\\\/#primaryimage\",\"url\":\"https:\\\/\\\/www.ancora-shop.de\\\/wp-content\\\/uploads\\\/2025\\\/07\\\/OLIMPIA-MR-1.jpg\",\"contentUrl\":\"https:\\\/\\\/www.ancora-shop.de\\\/wp-content\\\/uploads\\\/2025\\\/07\\\/OLIMPIA-MR-1.jpg\",\"width\":1067,\"height\":1600},{\"@type\":\"BreadcrumbList\",\"@id\":\"https:\\\/\\\/www.ancora-shop.de\\\/produkt\\\/rock-modell-olimpia\\\/#breadcrumb\",\"itemListElement\":[{\"@type\":\"ListItem\",\"position\":1,\"name\":\"Startseite\",\"item\":\"https:\\\/\\\/www.ancora-shop.de\\\/\"},{\"@type\":\"ListItem\",\"position\":2,\"name\":\"Shop\",\"item\":\"https:\\\/\\\/www.ancora-shop.de\\\/shop\\\/\"},{\"@type\":\"ListItem\",\"position\":3,\"name\":\"Rock Modell Olimpia\"}]},{\"@type\":\"WebSite\",\"@id\":\"https:\\\/\\\/www.ancora-shop.de\\\/#website\",\"url\":\"https:\\\/\\\/www.ancora-shop.de\\\/\",\"name\":\"ANCORA Onlineshop\",\"description\":\"\",\"potentialAction\":[{\"@type\":\"SearchAction\",\"target\":{\"@type\":\"EntryPoint\",\"urlTemplate\":\"https:\\\/\\\/www.ancora-shop.de\\\/?s={search_term_string}\"},\"query-input\":{\"@type\":\"PropertyValueSpecification\",\"valueRequired\":true,\"valueName\":\"search_term_string\"}}],\"inLanguage\":\"de\"}]}<\/script>\n<!-- \/ Yoast SEO plugin. -->","yoast_head_json":{"title":"Rock Modell Olimpia - ANCORA Onlineshop","robots":{"index":"index","follow":"follow","max-snippet":"max-snippet:-1","max-image-preview":"max-image-preview:large","max-video-preview":"max-video-preview:-1"},"canonical":"https:\/\/www.ancora-shop.de\/de\/produkt\/rock-modell-olimpia\/","og_locale":"de_DE","og_type":"article","og_title":"Rock Modell Olimpia - ANCORA Onlineshop","og_description":"\u00a0 Ein Rock, der mehr kann: Klare Form, starke Details \u2013 und genug L\u00e4ssigkeit, um im Alltag ganz gro\u00df rauszukommen. Urban, vielseitig und mit femininer Haltung Formsch\u00f6ner Bund mit Knopf und Reissverschlu\u00df, elastischer R\u00fcckseite f\u00fcr eine perfekte Passform Breite G\u00fcrtelschlaufen Schr\u00e4ge Eingrifftaschen vorn \u2013 l\u00e4ssig und praktisch zugleich Zwei seitlich aufgesetzte Cargo-Taschen aus Nylon-Kontrastmaterial \u2013 [...]","og_url":"https:\/\/www.ancora-shop.de\/de\/produkt\/rock-modell-olimpia\/","og_site_name":"ANCORA Onlineshop","article_modified_time":"2026-04-29T08:57:46+00:00","og_image":[{"width":1067,"height":1600,"url":"https:\/\/www.ancora-shop.de\/wp-content\/uploads\/2025\/07\/OLIMPIA-MR-1.jpg","type":"image\/jpeg"}],"twitter_card":"summary_large_image","twitter_misc":{"Gesch\u00e4tzte Lesezeit":"1\u00a0Minute"},"schema":{"@context":"https:\/\/schema.org","@graph":[{"@type":"WebPage","@id":"https:\/\/www.ancora-shop.de\/produkt\/rock-modell-olimpia\/","url":"https:\/\/www.ancora-shop.de\/produkt\/rock-modell-olimpia\/","name":"Rock Modell Olimpia - ANCORA Onlineshop","isPartOf":{"@id":"https:\/\/www.ancora-shop.de\/#website"},"primaryImageOfPage":{"@id":"https:\/\/www.ancora-shop.de\/produkt\/rock-modell-olimpia\/#primaryimage"},"image":{"@id":"https:\/\/www.ancora-shop.de\/produkt\/rock-modell-olimpia\/#primaryimage"},"thumbnailUrl":"https:\/\/www.ancora-shop.de\/wp-content\/uploads\/2025\/07\/OLIMPIA-MR-1.jpg","datePublished":"2025-07-17T14:21:28+00:00","dateModified":"2026-04-29T08:57:46+00:00","breadcrumb":{"@id":"https:\/\/www.ancora-shop.de\/produkt\/rock-modell-olimpia\/#breadcrumb"},"inLanguage":"de","potentialAction":[{"@type":"ReadAction","target":["https:\/\/www.ancora-shop.de\/produkt\/rock-modell-olimpia\/"]}]},{"@type":"ImageObject","inLanguage":"de","@id":"https:\/\/www.ancora-shop.de\/produkt\/rock-modell-olimpia\/#primaryimage","url":"https:\/\/www.ancora-shop.de\/wp-content\/uploads\/2025\/07\/OLIMPIA-MR-1.jpg","contentUrl":"https:\/\/www.ancora-shop.de\/wp-content\/uploads\/2025\/07\/OLIMPIA-MR-1.jpg","width":1067,"height":1600},{"@type":"BreadcrumbList","@id":"https:\/\/www.ancora-shop.de\/produkt\/rock-modell-olimpia\/#breadcrumb","itemListElement":[{"@type":"ListItem","position":1,"name":"Startseite","item":"https:\/\/www.ancora-shop.de\/"},{"@type":"ListItem","position":2,"name":"Shop","item":"https:\/\/www.ancora-shop.de\/shop\/"},{"@type":"ListItem","position":3,"name":"Rock Modell Olimpia"}]},{"@type":"WebSite","@id":"https:\/\/www.ancora-shop.de\/#website","url":"https:\/\/www.ancora-shop.de\/","name":"ANCORA Onlineshop","description":"","potentialAction":[{"@type":"SearchAction","target":{"@type":"EntryPoint","urlTemplate":"https:\/\/www.ancora-shop.de\/?s={search_term_string}"},"query-input":{"@type":"PropertyValueSpecification","valueRequired":true,"valueName":"search_term_string"}}],"inLanguage":"de"}]}},"_links":{"self":[{"href":"https:\/\/www.ancora-shop.de\/de\/wp-json\/wp\/v2\/product\/77867","targetHints":{"allow":["GET"]}}],"collection":[{"href":"https:\/\/www.ancora-shop.de\/de\/wp-json\/wp\/v2\/product"}],"about":[{"href":"https:\/\/www.ancora-shop.de\/de\/wp-json\/wp\/v2\/types\/product"}],"wp:featuredmedia":[{"embeddable":true,"href":"https:\/\/www.ancora-shop.de\/de\/wp-json\/wp\/v2\/media\/78595"}],"wp:attachment":[{"href":"https:\/\/www.ancora-shop.de\/de\/wp-json\/wp\/v2\/media?parent=77867"}],"wp:term":[{"taxonomy":"product_brand","embeddable":true,"href":"https:\/\/www.ancora-shop.de\/de\/wp-json\/wp\/v2\/product_brand?post=77867"},{"taxonomy":"product_cat","embeddable":true,"href":"https:\/\/www.ancora-shop.de\/de\/wp-json\/wp\/v2\/product_cat?post=77867"},{"taxonomy":"product_tag","embeddable":true,"href":"https:\/\/www.ancora-shop.de\/de\/wp-json\/wp\/v2\/product_tag?post=77867"}],"curies":[{"name":"wp","href":"https:\/\/api.w.org\/{rel}","templated":true}]}}