{"id":77618,"date":"2025-07-11T13:08:23","date_gmt":"2025-07-11T11:08:23","guid":{"rendered":"https:\/\/www.ancora-shop.de\/?post_type=product&#038;p=77618"},"modified":"2026-02-11T09:42:52","modified_gmt":"2026-02-11T08:42:52","slug":"shirt-modell-maxime-2","status":"publish","type":"product","link":"https:\/\/www.ancora-shop.de\/de\/produkt\/shirt-modell-maxime-2\/","title":{"rendered":"Shirt Modell Maxime"},"content":{"rendered":"<ul>\n<li>Schlicht, aber voller Raffinesse \u2013 dieses Shirt verleiht einem Basic-Look das gewisse Etwas und setzt das Dekollet\u00e9 gekonnt in Szene.<\/li>\n<li>Feminines Design mit elegantem V-Ausschnitt<\/li>\n<li>Raffinierter Drap\u00e9-Effekt im Brustbereich durch feine Raffung<\/li>\n<li>Formgebende Schnittf\u00fchrung mit betonter V-Linie f\u00fcr eine schmeichelhafte Silhouette<\/li>\n<li>R\u00fcckseite schlicht gehalten \u2013 Fokus auf die Vorderansicht<\/li>\n<li>Tief eingesetzte lange, schmale \u00c4rmel<\/li>\n<li>Locker, leicht ausgestellt geschnitten f\u00fcr eine Passform, ohne einzuengen<\/li>\n<li>Seitlich gesetzt Schlitze am Shirtabschluss sorgen f\u00fcr einen lockeren Fall<\/li>\n<li>Weicher, elastischer Viskose-Jersey mit angenehmem Tragegef\u00fchl<\/li>\n<li><strong>Besonderheit: Der raffinierte V-Ausschnitt zaubert ein sch\u00f6nes Dekollet\u00e9 und setzt die Silhouette wirkungsvoll in Szene<\/strong><\/li>\n<li><strong>Material: Weiche Viskose mit Stretch-Anteil f\u00fcr optimalen Tragekomfort<\/strong><\/li>\n<\/ul>\n<ul>\n<li><span style=\"color: #333333;\">Made in Italy<\/span><\/li>\n<\/ul>\n<p class=\"p1\" style=\"margin: 0cm;\"><span style=\"font-size: 9.0pt; font-family: 'Helvetica Neue'; color: black;\">Die Taschen findet Ihr im Shop unseres Kooperationspartners:<span class=\"apple-converted-space\">\u00a0<\/span><\/span><a href=\"https:\/\/www.bolindersthlm.com\/\"><span class=\"s1\"><span style=\"font-size: 9.0pt; font-family: 'Helvetica Neue'; color: #dca10d; text-decoration: none; text-underline: none;\">https:\/\/www.bolindersthlm.com<\/span><\/span><\/a><\/p>\n<p>&nbsp;<\/p>","protected":false},"excerpt":{"rendered":"<p>Schlicht, aber voller Raffinesse \u2013 dieses Shirt verleiht einem Basic-Look das gewisse Etwas und setzt das Dekollet\u00e9 gekonnt in Szene. Feminines Design mit elegantem V-Ausschnitt Raffinierter Drap\u00e9-Effekt im Brustbereich durch feine Raffung Formgebende Schnittf\u00fchrung mit betonter V-Linie f\u00fcr eine schmeichelhafte Silhouette R\u00fcckseite schlicht gehalten \u2013 Fokus auf die Vorderansicht Tief eingesetzte lange, schmale \u00c4rmel Locker, [&#8230;]\n","protected":false},"featured_media":78280,"template":"","meta":[],"product_brand":[],"product_cat":[87],"product_tag":[],"class_list":{"0":"post-77618","1":"product","2":"type-product","3":"status-publish","4":"has-post-thumbnail","6":"product_cat-sale-h-w","8":"first","9":"instock","10":"sale","11":"taxable","12":"shipping-taxable","13":"purchasable","14":"product-type-variable"},"supplier_id":null,"supplier_sku":"","barcode":null,"atum_controlled":true,"out_stock_date":null,"out_stock_threshold":null,"inheritable":true,"inbound_stock":null,"stock_on_hold":0,"sold_today":0,"sales_last_days":2,"reserved_stock":null,"customer_returns":null,"warehouse_damage":null,"lost_in_post":null,"other_logs":null,"out_stock_days":null,"lost_sales":0,"has_location":false,"update_date":"2026-02-11T08:42:54","atum_locations":[],"atum_stock_status":"instock","restock_status":false,"low_stock_amount":"","sales_update_date":"2025-04-09T17:23:06","calc_backorders":null,"yoast_head":"<!-- This site is optimized with the Yoast SEO plugin v27.6 - https:\/\/yoast.com\/product\/yoast-seo-wordpress\/ -->\n<title>Shirt Modell Maxime - ANCORA Onlineshop<\/title>\n<meta name=\"robots\" content=\"index, follow, max-snippet:-1, max-image-preview:large, max-video-preview:-1\" \/>\n<link rel=\"canonical\" href=\"https:\/\/www.ancora-shop.de\/de\/produkt\/shirt-modell-maxime-2\/\" \/>\n<meta property=\"og:locale\" content=\"de_DE\" \/>\n<meta property=\"og:type\" content=\"article\" \/>\n<meta property=\"og:title\" content=\"Shirt Modell Maxime - ANCORA Onlineshop\" \/>\n<meta property=\"og:description\" content=\"Schlicht, aber voller Raffinesse \u2013 dieses Shirt verleiht einem Basic-Look das gewisse Etwas und setzt das Dekollet\u00e9 gekonnt in Szene. Feminines Design mit elegantem V-Ausschnitt Raffinierter Drap\u00e9-Effekt im Brustbereich durch feine Raffung Formgebende Schnittf\u00fchrung mit betonter V-Linie f\u00fcr eine schmeichelhafte Silhouette R\u00fcckseite schlicht gehalten \u2013 Fokus auf die Vorderansicht Tief eingesetzte lange, schmale \u00c4rmel Locker, [...]\" \/>\n<meta property=\"og:url\" content=\"https:\/\/www.ancora-shop.de\/de\/produkt\/shirt-modell-maxime-2\/\" \/>\n<meta property=\"og:site_name\" content=\"ANCORA Onlineshop\" \/>\n<meta property=\"article:modified_time\" content=\"2026-02-11T08:42:52+00:00\" \/>\n<meta property=\"og:image\" content=\"https:\/\/www.ancora-shop.de\/wp-content\/uploads\/2025\/07\/MAXIME-NE-1.jpg\" \/>\n\t<meta property=\"og:image:width\" content=\"1067\" \/>\n\t<meta property=\"og:image:height\" content=\"1600\" \/>\n\t<meta property=\"og:image:type\" content=\"image\/jpeg\" \/>\n<meta name=\"twitter:card\" content=\"summary_large_image\" \/>\n<meta name=\"twitter:label1\" content=\"Gesch\u00e4tzte Lesezeit\" \/>\n\t<meta name=\"twitter:data1\" content=\"1\u00a0Minute\" \/>\n<script type=\"application\/ld+json\" class=\"yoast-schema-graph\">{\"@context\":\"https:\\\/\\\/schema.org\",\"@graph\":[{\"@type\":\"WebPage\",\"@id\":\"https:\\\/\\\/www.ancora-shop.de\\\/produkt\\\/shirt-modell-maxime-2\\\/\",\"url\":\"https:\\\/\\\/www.ancora-shop.de\\\/produkt\\\/shirt-modell-maxime-2\\\/\",\"name\":\"Shirt Modell Maxime - ANCORA Onlineshop\",\"isPartOf\":{\"@id\":\"https:\\\/\\\/www.ancora-shop.de\\\/#website\"},\"primaryImageOfPage\":{\"@id\":\"https:\\\/\\\/www.ancora-shop.de\\\/produkt\\\/shirt-modell-maxime-2\\\/#primaryimage\"},\"image\":{\"@id\":\"https:\\\/\\\/www.ancora-shop.de\\\/produkt\\\/shirt-modell-maxime-2\\\/#primaryimage\"},\"thumbnailUrl\":\"https:\\\/\\\/www.ancora-shop.de\\\/wp-content\\\/uploads\\\/2025\\\/07\\\/MAXIME-NE-1.jpg\",\"datePublished\":\"2025-07-11T11:08:23+00:00\",\"dateModified\":\"2026-02-11T08:42:52+00:00\",\"breadcrumb\":{\"@id\":\"https:\\\/\\\/www.ancora-shop.de\\\/produkt\\\/shirt-modell-maxime-2\\\/#breadcrumb\"},\"inLanguage\":\"de\",\"potentialAction\":[{\"@type\":\"ReadAction\",\"target\":[\"https:\\\/\\\/www.ancora-shop.de\\\/produkt\\\/shirt-modell-maxime-2\\\/\"]}]},{\"@type\":\"ImageObject\",\"inLanguage\":\"de\",\"@id\":\"https:\\\/\\\/www.ancora-shop.de\\\/produkt\\\/shirt-modell-maxime-2\\\/#primaryimage\",\"url\":\"https:\\\/\\\/www.ancora-shop.de\\\/wp-content\\\/uploads\\\/2025\\\/07\\\/MAXIME-NE-1.jpg\",\"contentUrl\":\"https:\\\/\\\/www.ancora-shop.de\\\/wp-content\\\/uploads\\\/2025\\\/07\\\/MAXIME-NE-1.jpg\",\"width\":1067,\"height\":1600},{\"@type\":\"BreadcrumbList\",\"@id\":\"https:\\\/\\\/www.ancora-shop.de\\\/produkt\\\/shirt-modell-maxime-2\\\/#breadcrumb\",\"itemListElement\":[{\"@type\":\"ListItem\",\"position\":1,\"name\":\"Startseite\",\"item\":\"https:\\\/\\\/www.ancora-shop.de\\\/\"},{\"@type\":\"ListItem\",\"position\":2,\"name\":\"Shop\",\"item\":\"https:\\\/\\\/www.ancora-shop.de\\\/shop\\\/\"},{\"@type\":\"ListItem\",\"position\":3,\"name\":\"Shirt Modell Maxime\"}]},{\"@type\":\"WebSite\",\"@id\":\"https:\\\/\\\/www.ancora-shop.de\\\/#website\",\"url\":\"https:\\\/\\\/www.ancora-shop.de\\\/\",\"name\":\"ANCORA Onlineshop\",\"description\":\"\",\"potentialAction\":[{\"@type\":\"SearchAction\",\"target\":{\"@type\":\"EntryPoint\",\"urlTemplate\":\"https:\\\/\\\/www.ancora-shop.de\\\/?s={search_term_string}\"},\"query-input\":{\"@type\":\"PropertyValueSpecification\",\"valueRequired\":true,\"valueName\":\"search_term_string\"}}],\"inLanguage\":\"de\"}]}<\/script>\n<!-- \/ Yoast SEO plugin. -->","yoast_head_json":{"title":"Shirt Modell Maxime - ANCORA Onlineshop","robots":{"index":"index","follow":"follow","max-snippet":"max-snippet:-1","max-image-preview":"max-image-preview:large","max-video-preview":"max-video-preview:-1"},"canonical":"https:\/\/www.ancora-shop.de\/de\/produkt\/shirt-modell-maxime-2\/","og_locale":"de_DE","og_type":"article","og_title":"Shirt Modell Maxime - ANCORA Onlineshop","og_description":"Schlicht, aber voller Raffinesse \u2013 dieses Shirt verleiht einem Basic-Look das gewisse Etwas und setzt das Dekollet\u00e9 gekonnt in Szene. Feminines Design mit elegantem V-Ausschnitt Raffinierter Drap\u00e9-Effekt im Brustbereich durch feine Raffung Formgebende Schnittf\u00fchrung mit betonter V-Linie f\u00fcr eine schmeichelhafte Silhouette R\u00fcckseite schlicht gehalten \u2013 Fokus auf die Vorderansicht Tief eingesetzte lange, schmale \u00c4rmel Locker, [...]","og_url":"https:\/\/www.ancora-shop.de\/de\/produkt\/shirt-modell-maxime-2\/","og_site_name":"ANCORA Onlineshop","article_modified_time":"2026-02-11T08:42:52+00:00","og_image":[{"width":1067,"height":1600,"url":"https:\/\/www.ancora-shop.de\/wp-content\/uploads\/2025\/07\/MAXIME-NE-1.jpg","type":"image\/jpeg"}],"twitter_card":"summary_large_image","twitter_misc":{"Gesch\u00e4tzte Lesezeit":"1\u00a0Minute"},"schema":{"@context":"https:\/\/schema.org","@graph":[{"@type":"WebPage","@id":"https:\/\/www.ancora-shop.de\/produkt\/shirt-modell-maxime-2\/","url":"https:\/\/www.ancora-shop.de\/produkt\/shirt-modell-maxime-2\/","name":"Shirt Modell Maxime - ANCORA Onlineshop","isPartOf":{"@id":"https:\/\/www.ancora-shop.de\/#website"},"primaryImageOfPage":{"@id":"https:\/\/www.ancora-shop.de\/produkt\/shirt-modell-maxime-2\/#primaryimage"},"image":{"@id":"https:\/\/www.ancora-shop.de\/produkt\/shirt-modell-maxime-2\/#primaryimage"},"thumbnailUrl":"https:\/\/www.ancora-shop.de\/wp-content\/uploads\/2025\/07\/MAXIME-NE-1.jpg","datePublished":"2025-07-11T11:08:23+00:00","dateModified":"2026-02-11T08:42:52+00:00","breadcrumb":{"@id":"https:\/\/www.ancora-shop.de\/produkt\/shirt-modell-maxime-2\/#breadcrumb"},"inLanguage":"de","potentialAction":[{"@type":"ReadAction","target":["https:\/\/www.ancora-shop.de\/produkt\/shirt-modell-maxime-2\/"]}]},{"@type":"ImageObject","inLanguage":"de","@id":"https:\/\/www.ancora-shop.de\/produkt\/shirt-modell-maxime-2\/#primaryimage","url":"https:\/\/www.ancora-shop.de\/wp-content\/uploads\/2025\/07\/MAXIME-NE-1.jpg","contentUrl":"https:\/\/www.ancora-shop.de\/wp-content\/uploads\/2025\/07\/MAXIME-NE-1.jpg","width":1067,"height":1600},{"@type":"BreadcrumbList","@id":"https:\/\/www.ancora-shop.de\/produkt\/shirt-modell-maxime-2\/#breadcrumb","itemListElement":[{"@type":"ListItem","position":1,"name":"Startseite","item":"https:\/\/www.ancora-shop.de\/"},{"@type":"ListItem","position":2,"name":"Shop","item":"https:\/\/www.ancora-shop.de\/shop\/"},{"@type":"ListItem","position":3,"name":"Shirt Modell Maxime"}]},{"@type":"WebSite","@id":"https:\/\/www.ancora-shop.de\/#website","url":"https:\/\/www.ancora-shop.de\/","name":"ANCORA Onlineshop","description":"","potentialAction":[{"@type":"SearchAction","target":{"@type":"EntryPoint","urlTemplate":"https:\/\/www.ancora-shop.de\/?s={search_term_string}"},"query-input":{"@type":"PropertyValueSpecification","valueRequired":true,"valueName":"search_term_string"}}],"inLanguage":"de"}]}},"_links":{"self":[{"href":"https:\/\/www.ancora-shop.de\/de\/wp-json\/wp\/v2\/product\/77618","targetHints":{"allow":["GET"]}}],"collection":[{"href":"https:\/\/www.ancora-shop.de\/de\/wp-json\/wp\/v2\/product"}],"about":[{"href":"https:\/\/www.ancora-shop.de\/de\/wp-json\/wp\/v2\/types\/product"}],"wp:featuredmedia":[{"embeddable":true,"href":"https:\/\/www.ancora-shop.de\/de\/wp-json\/wp\/v2\/media\/78280"}],"wp:attachment":[{"href":"https:\/\/www.ancora-shop.de\/de\/wp-json\/wp\/v2\/media?parent=77618"}],"wp:term":[{"taxonomy":"product_brand","embeddable":true,"href":"https:\/\/www.ancora-shop.de\/de\/wp-json\/wp\/v2\/product_brand?post=77618"},{"taxonomy":"product_cat","embeddable":true,"href":"https:\/\/www.ancora-shop.de\/de\/wp-json\/wp\/v2\/product_cat?post=77618"},{"taxonomy":"product_tag","embeddable":true,"href":"https:\/\/www.ancora-shop.de\/de\/wp-json\/wp\/v2\/product_tag?post=77618"}],"curies":[{"name":"wp","href":"https:\/\/api.w.org\/{rel}","templated":true}]}}