{"id":77605,"date":"2025-07-11T13:00:23","date_gmt":"2025-07-11T11:00:23","guid":{"rendered":"https:\/\/www.ancora-shop.de\/?post_type=product&#038;p=77605"},"modified":"2026-02-11T17:43:15","modified_gmt":"2026-02-11T16:43:15","slug":"bluse-modell-sabry","status":"publish","type":"product","link":"https:\/\/www.ancora-shop.de\/de\/produkt\/bluse-modell-sabry\/","title":{"rendered":"Bluse Modell Sabry"},"content":{"rendered":"<ul>\n<li>Ein Hauch Luxus, ein Hauch Wildheit \u2013 Diese Bluse aus gecrashter Seiden-Viskose-Mischung verf\u00fchrt mit kunstvollem Zebra-Brush-Print und flie\u00dfender Leichtigkeit<\/li>\n<li>Gro\u00dfer Rundausschnitt mit zart gelegten Falten und feiner Raffung im Schulterbereich f\u00fcr einen optimalen Sitz<\/li>\n<li>Lange, weite \u00c4rmel mit elastischem Saumabschluss f\u00fcr luftige Bewegungsfreiheit<\/li>\n<li>Hinten leicht verl\u00e4ngert f\u00fcr einen modernen, schmeichelnden Fall<\/li>\n<li>Vorder- und R\u00fcckenteil sind mit weicher Jerseyware unterf\u00fcttert \u2013 f\u00fcr Blickdichte und angenehmen Tragekomfort<\/li>\n<li>Femininer, unangestrengter Look durch locker und flie\u00dfende Schnittf\u00fchrung<\/li>\n<li>Das extravagante Zebra-Brush-Design sorgt f\u00fcr einen markanten Auftritt mit k\u00fcnstlerischem Twist<\/li>\n<li><strong>Besonderheit: Die Kombination aus Seiden-Viskose-Stretch, Statement-Muster und femininer Silhouette macht diese Bluse zum Eyecatcher \u2013 ob l\u00e4ssig oder elegant kombiniert<\/strong><\/li>\n<li><strong>Material: Oberstoff aus gecrashtem Seiden-Viskosemix, semi-transparent und edel matt schimmernd \u2013 Futter aus elastischer Viskose-Jerseyqualit\u00e4t<\/strong><\/li>\n<li>Made in Italy<\/li>\n<\/ul>\n<p class=\"p1\" style=\"margin: 0cm;\"><span style=\"font-size: 9.0pt; font-family: 'Helvetica Neue'; color: black;\">Die Taschen findet Ihr im Shop unseres Kooperationspartners:<span class=\"apple-converted-space\">\u00a0<\/span><\/span><a href=\"https:\/\/www.bolindersthlm.com\/\"><span class=\"s1\"><span style=\"font-size: 9.0pt; font-family: 'Helvetica Neue'; color: #dca10d; text-decoration: none; text-underline: none;\">https:\/\/www.bolindersthlm.com<\/span><\/span><\/a><\/p>\n<p>&nbsp;<\/p>","protected":false},"excerpt":{"rendered":"<p>Ein Hauch Luxus, ein Hauch Wildheit \u2013 Diese Bluse aus gecrashter Seiden-Viskose-Mischung verf\u00fchrt mit kunstvollem Zebra-Brush-Print und flie\u00dfender Leichtigkeit Gro\u00dfer Rundausschnitt mit zart gelegten Falten und feiner Raffung im Schulterbereich f\u00fcr einen optimalen Sitz Lange, weite \u00c4rmel mit elastischem Saumabschluss f\u00fcr luftige Bewegungsfreiheit Hinten leicht verl\u00e4ngert f\u00fcr einen modernen, schmeichelnden Fall Vorder- und R\u00fcckenteil sind [&#8230;]\n","protected":false},"featured_media":78484,"template":"","meta":[],"product_brand":[],"product_cat":[87],"product_tag":[],"class_list":{"0":"post-77605","1":"product","2":"type-product","3":"status-publish","4":"has-post-thumbnail","6":"product_cat-sale-h-w","8":"first","9":"instock","10":"sale","11":"taxable","12":"shipping-taxable","13":"purchasable","14":"product-type-variable"},"supplier_id":null,"supplier_sku":"","barcode":null,"atum_controlled":true,"out_stock_date":null,"out_stock_threshold":null,"inheritable":true,"inbound_stock":null,"stock_on_hold":0,"sold_today":0,"sales_last_days":0,"reserved_stock":null,"customer_returns":null,"warehouse_damage":null,"lost_in_post":null,"other_logs":null,"out_stock_days":null,"lost_sales":0,"has_location":false,"update_date":"2026-02-11T16:43:16","atum_locations":[],"atum_stock_status":"instock","restock_status":false,"low_stock_amount":"","sales_update_date":"2025-04-09T19:23:06","calc_backorders":null,"yoast_head":"<!-- This site is optimized with the Yoast SEO plugin v27.6 - https:\/\/yoast.com\/product\/yoast-seo-wordpress\/ -->\n<title>Bluse Modell Sabry - ANCORA Onlineshop<\/title>\n<meta name=\"robots\" content=\"index, follow, max-snippet:-1, max-image-preview:large, max-video-preview:-1\" \/>\n<link rel=\"canonical\" href=\"https:\/\/www.ancora-shop.de\/de\/produkt\/bluse-modell-sabry\/\" \/>\n<meta property=\"og:locale\" content=\"de_DE\" \/>\n<meta property=\"og:type\" content=\"article\" \/>\n<meta property=\"og:title\" content=\"Bluse Modell Sabry - ANCORA Onlineshop\" \/>\n<meta property=\"og:description\" content=\"Ein Hauch Luxus, ein Hauch Wildheit \u2013 Diese Bluse aus gecrashter Seiden-Viskose-Mischung verf\u00fchrt mit kunstvollem Zebra-Brush-Print und flie\u00dfender Leichtigkeit Gro\u00dfer Rundausschnitt mit zart gelegten Falten und feiner Raffung im Schulterbereich f\u00fcr einen optimalen Sitz Lange, weite \u00c4rmel mit elastischem Saumabschluss f\u00fcr luftige Bewegungsfreiheit Hinten leicht verl\u00e4ngert f\u00fcr einen modernen, schmeichelnden Fall Vorder- und R\u00fcckenteil sind [...]\" \/>\n<meta property=\"og:url\" content=\"https:\/\/www.ancora-shop.de\/de\/produkt\/bluse-modell-sabry\/\" \/>\n<meta property=\"og:site_name\" content=\"ANCORA Onlineshop\" \/>\n<meta property=\"article:modified_time\" content=\"2026-02-11T16:43:15+00:00\" \/>\n<meta property=\"og:image\" content=\"https:\/\/www.ancora-shop.de\/wp-content\/uploads\/2025\/07\/Ancora__1215.jpg\" \/>\n\t<meta property=\"og:image:width\" content=\"1067\" \/>\n\t<meta property=\"og:image:height\" content=\"1600\" \/>\n\t<meta property=\"og:image:type\" content=\"image\/jpeg\" \/>\n<meta name=\"twitter:card\" content=\"summary_large_image\" \/>\n<meta name=\"twitter:label1\" content=\"Gesch\u00e4tzte Lesezeit\" \/>\n\t<meta name=\"twitter:data1\" content=\"1\u00a0Minute\" \/>\n<script type=\"application\/ld+json\" class=\"yoast-schema-graph\">{\"@context\":\"https:\\\/\\\/schema.org\",\"@graph\":[{\"@type\":\"WebPage\",\"@id\":\"https:\\\/\\\/www.ancora-shop.de\\\/produkt\\\/bluse-modell-sabry\\\/\",\"url\":\"https:\\\/\\\/www.ancora-shop.de\\\/produkt\\\/bluse-modell-sabry\\\/\",\"name\":\"Bluse Modell Sabry - ANCORA Onlineshop\",\"isPartOf\":{\"@id\":\"https:\\\/\\\/www.ancora-shop.de\\\/#website\"},\"primaryImageOfPage\":{\"@id\":\"https:\\\/\\\/www.ancora-shop.de\\\/produkt\\\/bluse-modell-sabry\\\/#primaryimage\"},\"image\":{\"@id\":\"https:\\\/\\\/www.ancora-shop.de\\\/produkt\\\/bluse-modell-sabry\\\/#primaryimage\"},\"thumbnailUrl\":\"https:\\\/\\\/www.ancora-shop.de\\\/wp-content\\\/uploads\\\/2025\\\/07\\\/Ancora__1215.jpg\",\"datePublished\":\"2025-07-11T11:00:23+00:00\",\"dateModified\":\"2026-02-11T16:43:15+00:00\",\"breadcrumb\":{\"@id\":\"https:\\\/\\\/www.ancora-shop.de\\\/produkt\\\/bluse-modell-sabry\\\/#breadcrumb\"},\"inLanguage\":\"de\",\"potentialAction\":[{\"@type\":\"ReadAction\",\"target\":[\"https:\\\/\\\/www.ancora-shop.de\\\/produkt\\\/bluse-modell-sabry\\\/\"]}]},{\"@type\":\"ImageObject\",\"inLanguage\":\"de\",\"@id\":\"https:\\\/\\\/www.ancora-shop.de\\\/produkt\\\/bluse-modell-sabry\\\/#primaryimage\",\"url\":\"https:\\\/\\\/www.ancora-shop.de\\\/wp-content\\\/uploads\\\/2025\\\/07\\\/Ancora__1215.jpg\",\"contentUrl\":\"https:\\\/\\\/www.ancora-shop.de\\\/wp-content\\\/uploads\\\/2025\\\/07\\\/Ancora__1215.jpg\",\"width\":1067,\"height\":1600},{\"@type\":\"BreadcrumbList\",\"@id\":\"https:\\\/\\\/www.ancora-shop.de\\\/produkt\\\/bluse-modell-sabry\\\/#breadcrumb\",\"itemListElement\":[{\"@type\":\"ListItem\",\"position\":1,\"name\":\"Startseite\",\"item\":\"https:\\\/\\\/www.ancora-shop.de\\\/\"},{\"@type\":\"ListItem\",\"position\":2,\"name\":\"Shop\",\"item\":\"https:\\\/\\\/www.ancora-shop.de\\\/shop\\\/\"},{\"@type\":\"ListItem\",\"position\":3,\"name\":\"Bluse Modell Sabry\"}]},{\"@type\":\"WebSite\",\"@id\":\"https:\\\/\\\/www.ancora-shop.de\\\/#website\",\"url\":\"https:\\\/\\\/www.ancora-shop.de\\\/\",\"name\":\"ANCORA Onlineshop\",\"description\":\"\",\"potentialAction\":[{\"@type\":\"SearchAction\",\"target\":{\"@type\":\"EntryPoint\",\"urlTemplate\":\"https:\\\/\\\/www.ancora-shop.de\\\/?s={search_term_string}\"},\"query-input\":{\"@type\":\"PropertyValueSpecification\",\"valueRequired\":true,\"valueName\":\"search_term_string\"}}],\"inLanguage\":\"de\"}]}<\/script>\n<!-- \/ Yoast SEO plugin. -->","yoast_head_json":{"title":"Bluse Modell Sabry - ANCORA Onlineshop","robots":{"index":"index","follow":"follow","max-snippet":"max-snippet:-1","max-image-preview":"max-image-preview:large","max-video-preview":"max-video-preview:-1"},"canonical":"https:\/\/www.ancora-shop.de\/de\/produkt\/bluse-modell-sabry\/","og_locale":"de_DE","og_type":"article","og_title":"Bluse Modell Sabry - ANCORA Onlineshop","og_description":"Ein Hauch Luxus, ein Hauch Wildheit \u2013 Diese Bluse aus gecrashter Seiden-Viskose-Mischung verf\u00fchrt mit kunstvollem Zebra-Brush-Print und flie\u00dfender Leichtigkeit Gro\u00dfer Rundausschnitt mit zart gelegten Falten und feiner Raffung im Schulterbereich f\u00fcr einen optimalen Sitz Lange, weite \u00c4rmel mit elastischem Saumabschluss f\u00fcr luftige Bewegungsfreiheit Hinten leicht verl\u00e4ngert f\u00fcr einen modernen, schmeichelnden Fall Vorder- und R\u00fcckenteil sind [...]","og_url":"https:\/\/www.ancora-shop.de\/de\/produkt\/bluse-modell-sabry\/","og_site_name":"ANCORA Onlineshop","article_modified_time":"2026-02-11T16:43:15+00:00","og_image":[{"width":1067,"height":1600,"url":"https:\/\/www.ancora-shop.de\/wp-content\/uploads\/2025\/07\/Ancora__1215.jpg","type":"image\/jpeg"}],"twitter_card":"summary_large_image","twitter_misc":{"Gesch\u00e4tzte Lesezeit":"1\u00a0Minute"},"schema":{"@context":"https:\/\/schema.org","@graph":[{"@type":"WebPage","@id":"https:\/\/www.ancora-shop.de\/produkt\/bluse-modell-sabry\/","url":"https:\/\/www.ancora-shop.de\/produkt\/bluse-modell-sabry\/","name":"Bluse Modell Sabry - ANCORA Onlineshop","isPartOf":{"@id":"https:\/\/www.ancora-shop.de\/#website"},"primaryImageOfPage":{"@id":"https:\/\/www.ancora-shop.de\/produkt\/bluse-modell-sabry\/#primaryimage"},"image":{"@id":"https:\/\/www.ancora-shop.de\/produkt\/bluse-modell-sabry\/#primaryimage"},"thumbnailUrl":"https:\/\/www.ancora-shop.de\/wp-content\/uploads\/2025\/07\/Ancora__1215.jpg","datePublished":"2025-07-11T11:00:23+00:00","dateModified":"2026-02-11T16:43:15+00:00","breadcrumb":{"@id":"https:\/\/www.ancora-shop.de\/produkt\/bluse-modell-sabry\/#breadcrumb"},"inLanguage":"de","potentialAction":[{"@type":"ReadAction","target":["https:\/\/www.ancora-shop.de\/produkt\/bluse-modell-sabry\/"]}]},{"@type":"ImageObject","inLanguage":"de","@id":"https:\/\/www.ancora-shop.de\/produkt\/bluse-modell-sabry\/#primaryimage","url":"https:\/\/www.ancora-shop.de\/wp-content\/uploads\/2025\/07\/Ancora__1215.jpg","contentUrl":"https:\/\/www.ancora-shop.de\/wp-content\/uploads\/2025\/07\/Ancora__1215.jpg","width":1067,"height":1600},{"@type":"BreadcrumbList","@id":"https:\/\/www.ancora-shop.de\/produkt\/bluse-modell-sabry\/#breadcrumb","itemListElement":[{"@type":"ListItem","position":1,"name":"Startseite","item":"https:\/\/www.ancora-shop.de\/"},{"@type":"ListItem","position":2,"name":"Shop","item":"https:\/\/www.ancora-shop.de\/shop\/"},{"@type":"ListItem","position":3,"name":"Bluse Modell Sabry"}]},{"@type":"WebSite","@id":"https:\/\/www.ancora-shop.de\/#website","url":"https:\/\/www.ancora-shop.de\/","name":"ANCORA Onlineshop","description":"","potentialAction":[{"@type":"SearchAction","target":{"@type":"EntryPoint","urlTemplate":"https:\/\/www.ancora-shop.de\/?s={search_term_string}"},"query-input":{"@type":"PropertyValueSpecification","valueRequired":true,"valueName":"search_term_string"}}],"inLanguage":"de"}]}},"_links":{"self":[{"href":"https:\/\/www.ancora-shop.de\/de\/wp-json\/wp\/v2\/product\/77605","targetHints":{"allow":["GET"]}}],"collection":[{"href":"https:\/\/www.ancora-shop.de\/de\/wp-json\/wp\/v2\/product"}],"about":[{"href":"https:\/\/www.ancora-shop.de\/de\/wp-json\/wp\/v2\/types\/product"}],"wp:featuredmedia":[{"embeddable":true,"href":"https:\/\/www.ancora-shop.de\/de\/wp-json\/wp\/v2\/media\/78484"}],"wp:attachment":[{"href":"https:\/\/www.ancora-shop.de\/de\/wp-json\/wp\/v2\/media?parent=77605"}],"wp:term":[{"taxonomy":"product_brand","embeddable":true,"href":"https:\/\/www.ancora-shop.de\/de\/wp-json\/wp\/v2\/product_brand?post=77605"},{"taxonomy":"product_cat","embeddable":true,"href":"https:\/\/www.ancora-shop.de\/de\/wp-json\/wp\/v2\/product_cat?post=77605"},{"taxonomy":"product_tag","embeddable":true,"href":"https:\/\/www.ancora-shop.de\/de\/wp-json\/wp\/v2\/product_tag?post=77605"}],"curies":[{"name":"wp","href":"https:\/\/api.w.org\/{rel}","templated":true}]}}