{"id":77493,"date":"2025-07-10T13:30:32","date_gmt":"2025-07-10T11:30:32","guid":{"rendered":"https:\/\/www.ancora-shop.de\/?post_type=product&#038;p=77493"},"modified":"2026-02-11T10:57:41","modified_gmt":"2026-02-11T09:57:41","slug":"strickpulli-modell-joy","status":"publish","type":"product","link":"https:\/\/www.ancora-shop.de\/de\/produkt\/strickpulli-modell-joy\/","title":{"rendered":"Strickpulli Modell Joy"},"content":{"rendered":"<p><strong>Kuschelig trifft cool \u2013 dieser Pullover kombiniert soften Grobstrick mit angesagtem Destroyed-Look und macht jeden Style zum Statement!<\/strong><\/p>\n<p><strong>\u00a0<\/strong><\/p>\n<ul>\n<li>Tiefer V-Ausschnitt mit breiter, gerippter Blende im Grobstrick \u2013 ideal f\u00fcr Layering<\/li>\n<li>Auff\u00e4llige Destroyed-Details auch am Ausschnitt \u2013 l\u00e4ssiger Used-Look mit modischer Kante<\/li>\n<li>Lange \u00c4rmel mit Zopfmuster und leicht \u00fcberschnittener Schulter<\/li>\n<li>Verk\u00fcrzter, kastiger Schnitt mit modernem Fall<\/li>\n<li>Vorder- und R\u00fcckseite im klassischen Zopfstrick, durchzogen von locker gestrickten Partien mit luftiger Struktur<\/li>\n<li>Saum und \u00c4rmel mit bewusst eingearbeiteten Destroyed-Details \u2013 edgy und stylisch zugleich<\/li>\n<li>Breite Rippb\u00fcndchen an Saum und \u00c4rmeln f\u00fcr Formstabilit\u00e4t<\/li>\n<li>Besonderheit: Trendiger Kontrast aus kuscheliger Struktur und rockigem Laufmaschen-Effekt<\/li>\n<li>Material: Weicher, flauschiger Strick \u2013 leicht, cozy und ein echter Hingucker<\/li>\n<\/ul>\n<ul>\n<li>Made in Italy<\/li>\n<\/ul>\n<p class=\"p1\" style=\"margin: 0cm;\"><span style=\"font-size: 9.0pt; font-family: 'Helvetica Neue'; color: black;\">Die Taschen findet Ihr im Shop unseres Kooperationspartners:<span class=\"apple-converted-space\">\u00a0<\/span><\/span><a href=\"https:\/\/www.bolindersthlm.com\/\"><span class=\"s1\"><span style=\"font-size: 9.0pt; font-family: 'Helvetica Neue'; color: #dca10d; text-decoration: none; text-underline: none;\">https:\/\/www.bolindersthlm.com<\/span><\/span><\/a><\/p>\n<p>&nbsp;<\/p>","protected":false},"excerpt":{"rendered":"<p>Kuschelig trifft cool \u2013 dieser Pullover kombiniert soften Grobstrick mit angesagtem Destroyed-Look und macht jeden Style zum Statement! \u00a0 Tiefer V-Ausschnitt mit breiter, gerippter Blende im Grobstrick \u2013 ideal f\u00fcr Layering Auff\u00e4llige Destroyed-Details auch am Ausschnitt \u2013 l\u00e4ssiger Used-Look mit modischer Kante Lange \u00c4rmel mit Zopfmuster und leicht \u00fcberschnittener Schulter Verk\u00fcrzter, kastiger Schnitt mit modernem [&#8230;]\n","protected":false},"featured_media":78424,"template":"","meta":[],"product_brand":[],"product_cat":[87],"product_tag":[],"class_list":{"0":"post-77493","1":"product","2":"type-product","3":"status-publish","4":"has-post-thumbnail","6":"product_cat-sale-h-w","8":"first","9":"instock","10":"sale","11":"taxable","12":"shipping-taxable","13":"purchasable","14":"product-type-variable"},"supplier_id":null,"supplier_sku":"","barcode":null,"atum_controlled":true,"out_stock_date":null,"out_stock_threshold":null,"inheritable":true,"inbound_stock":null,"stock_on_hold":2,"sold_today":2,"sales_last_days":2,"reserved_stock":null,"customer_returns":null,"warehouse_damage":null,"lost_in_post":null,"other_logs":null,"out_stock_days":null,"lost_sales":0,"has_location":false,"update_date":"2026-02-11T09:57:43","atum_locations":[],"atum_stock_status":"instock","restock_status":false,"low_stock_amount":"","sales_update_date":"2025-04-09T17:23:06","calc_backorders":null,"yoast_head":"<!-- This site is optimized with the Yoast SEO plugin v27.6 - https:\/\/yoast.com\/product\/yoast-seo-wordpress\/ -->\n<title>Strickpulli Modell Joy - ANCORA Onlineshop<\/title>\n<meta name=\"robots\" content=\"index, follow, max-snippet:-1, max-image-preview:large, max-video-preview:-1\" \/>\n<link rel=\"canonical\" href=\"https:\/\/www.ancora-shop.de\/de\/produkt\/strickpulli-modell-joy\/\" \/>\n<meta property=\"og:locale\" content=\"de_DE\" \/>\n<meta property=\"og:type\" content=\"article\" \/>\n<meta property=\"og:title\" content=\"Strickpulli Modell Joy - ANCORA Onlineshop\" \/>\n<meta property=\"og:description\" content=\"Kuschelig trifft cool \u2013 dieser Pullover kombiniert soften Grobstrick mit angesagtem Destroyed-Look und macht jeden Style zum Statement! \u00a0 Tiefer V-Ausschnitt mit breiter, gerippter Blende im Grobstrick \u2013 ideal f\u00fcr Layering Auff\u00e4llige Destroyed-Details auch am Ausschnitt \u2013 l\u00e4ssiger Used-Look mit modischer Kante Lange \u00c4rmel mit Zopfmuster und leicht \u00fcberschnittener Schulter Verk\u00fcrzter, kastiger Schnitt mit modernem [...]\" \/>\n<meta property=\"og:url\" content=\"https:\/\/www.ancora-shop.de\/de\/produkt\/strickpulli-modell-joy\/\" \/>\n<meta property=\"og:site_name\" content=\"ANCORA Onlineshop\" \/>\n<meta property=\"article:modified_time\" content=\"2026-02-11T09:57:41+00:00\" \/>\n<meta property=\"og:image\" content=\"https:\/\/www.ancora-shop.de\/wp-content\/uploads\/2025\/07\/JOY-NP-1.jpg\" \/>\n\t<meta property=\"og:image:width\" content=\"1030\" \/>\n\t<meta property=\"og:image:height\" content=\"1600\" \/>\n\t<meta property=\"og:image:type\" content=\"image\/jpeg\" \/>\n<meta name=\"twitter:card\" content=\"summary_large_image\" \/>\n<meta name=\"twitter:label1\" content=\"Gesch\u00e4tzte Lesezeit\" \/>\n\t<meta name=\"twitter:data1\" content=\"1\u00a0Minute\" \/>\n<script type=\"application\/ld+json\" class=\"yoast-schema-graph\">{\"@context\":\"https:\\\/\\\/schema.org\",\"@graph\":[{\"@type\":\"WebPage\",\"@id\":\"https:\\\/\\\/www.ancora-shop.de\\\/produkt\\\/strickpulli-modell-joy\\\/\",\"url\":\"https:\\\/\\\/www.ancora-shop.de\\\/produkt\\\/strickpulli-modell-joy\\\/\",\"name\":\"Strickpulli Modell Joy - ANCORA Onlineshop\",\"isPartOf\":{\"@id\":\"https:\\\/\\\/www.ancora-shop.de\\\/#website\"},\"primaryImageOfPage\":{\"@id\":\"https:\\\/\\\/www.ancora-shop.de\\\/produkt\\\/strickpulli-modell-joy\\\/#primaryimage\"},\"image\":{\"@id\":\"https:\\\/\\\/www.ancora-shop.de\\\/produkt\\\/strickpulli-modell-joy\\\/#primaryimage\"},\"thumbnailUrl\":\"https:\\\/\\\/www.ancora-shop.de\\\/wp-content\\\/uploads\\\/2025\\\/07\\\/JOY-NP-1.jpg\",\"datePublished\":\"2025-07-10T11:30:32+00:00\",\"dateModified\":\"2026-02-11T09:57:41+00:00\",\"breadcrumb\":{\"@id\":\"https:\\\/\\\/www.ancora-shop.de\\\/produkt\\\/strickpulli-modell-joy\\\/#breadcrumb\"},\"inLanguage\":\"de\",\"potentialAction\":[{\"@type\":\"ReadAction\",\"target\":[\"https:\\\/\\\/www.ancora-shop.de\\\/produkt\\\/strickpulli-modell-joy\\\/\"]}]},{\"@type\":\"ImageObject\",\"inLanguage\":\"de\",\"@id\":\"https:\\\/\\\/www.ancora-shop.de\\\/produkt\\\/strickpulli-modell-joy\\\/#primaryimage\",\"url\":\"https:\\\/\\\/www.ancora-shop.de\\\/wp-content\\\/uploads\\\/2025\\\/07\\\/JOY-NP-1.jpg\",\"contentUrl\":\"https:\\\/\\\/www.ancora-shop.de\\\/wp-content\\\/uploads\\\/2025\\\/07\\\/JOY-NP-1.jpg\",\"width\":1030,\"height\":1600},{\"@type\":\"BreadcrumbList\",\"@id\":\"https:\\\/\\\/www.ancora-shop.de\\\/produkt\\\/strickpulli-modell-joy\\\/#breadcrumb\",\"itemListElement\":[{\"@type\":\"ListItem\",\"position\":1,\"name\":\"Startseite\",\"item\":\"https:\\\/\\\/www.ancora-shop.de\\\/\"},{\"@type\":\"ListItem\",\"position\":2,\"name\":\"Shop\",\"item\":\"https:\\\/\\\/www.ancora-shop.de\\\/shop\\\/\"},{\"@type\":\"ListItem\",\"position\":3,\"name\":\"Strickpulli Modell Joy\"}]},{\"@type\":\"WebSite\",\"@id\":\"https:\\\/\\\/www.ancora-shop.de\\\/#website\",\"url\":\"https:\\\/\\\/www.ancora-shop.de\\\/\",\"name\":\"ANCORA Onlineshop\",\"description\":\"\",\"potentialAction\":[{\"@type\":\"SearchAction\",\"target\":{\"@type\":\"EntryPoint\",\"urlTemplate\":\"https:\\\/\\\/www.ancora-shop.de\\\/?s={search_term_string}\"},\"query-input\":{\"@type\":\"PropertyValueSpecification\",\"valueRequired\":true,\"valueName\":\"search_term_string\"}}],\"inLanguage\":\"de\"}]}<\/script>\n<!-- \/ Yoast SEO plugin. -->","yoast_head_json":{"title":"Strickpulli Modell Joy - ANCORA Onlineshop","robots":{"index":"index","follow":"follow","max-snippet":"max-snippet:-1","max-image-preview":"max-image-preview:large","max-video-preview":"max-video-preview:-1"},"canonical":"https:\/\/www.ancora-shop.de\/de\/produkt\/strickpulli-modell-joy\/","og_locale":"de_DE","og_type":"article","og_title":"Strickpulli Modell Joy - ANCORA Onlineshop","og_description":"Kuschelig trifft cool \u2013 dieser Pullover kombiniert soften Grobstrick mit angesagtem Destroyed-Look und macht jeden Style zum Statement! \u00a0 Tiefer V-Ausschnitt mit breiter, gerippter Blende im Grobstrick \u2013 ideal f\u00fcr Layering Auff\u00e4llige Destroyed-Details auch am Ausschnitt \u2013 l\u00e4ssiger Used-Look mit modischer Kante Lange \u00c4rmel mit Zopfmuster und leicht \u00fcberschnittener Schulter Verk\u00fcrzter, kastiger Schnitt mit modernem [...]","og_url":"https:\/\/www.ancora-shop.de\/de\/produkt\/strickpulli-modell-joy\/","og_site_name":"ANCORA Onlineshop","article_modified_time":"2026-02-11T09:57:41+00:00","og_image":[{"width":1030,"height":1600,"url":"https:\/\/www.ancora-shop.de\/wp-content\/uploads\/2025\/07\/JOY-NP-1.jpg","type":"image\/jpeg"}],"twitter_card":"summary_large_image","twitter_misc":{"Gesch\u00e4tzte Lesezeit":"1\u00a0Minute"},"schema":{"@context":"https:\/\/schema.org","@graph":[{"@type":"WebPage","@id":"https:\/\/www.ancora-shop.de\/produkt\/strickpulli-modell-joy\/","url":"https:\/\/www.ancora-shop.de\/produkt\/strickpulli-modell-joy\/","name":"Strickpulli Modell Joy - ANCORA Onlineshop","isPartOf":{"@id":"https:\/\/www.ancora-shop.de\/#website"},"primaryImageOfPage":{"@id":"https:\/\/www.ancora-shop.de\/produkt\/strickpulli-modell-joy\/#primaryimage"},"image":{"@id":"https:\/\/www.ancora-shop.de\/produkt\/strickpulli-modell-joy\/#primaryimage"},"thumbnailUrl":"https:\/\/www.ancora-shop.de\/wp-content\/uploads\/2025\/07\/JOY-NP-1.jpg","datePublished":"2025-07-10T11:30:32+00:00","dateModified":"2026-02-11T09:57:41+00:00","breadcrumb":{"@id":"https:\/\/www.ancora-shop.de\/produkt\/strickpulli-modell-joy\/#breadcrumb"},"inLanguage":"de","potentialAction":[{"@type":"ReadAction","target":["https:\/\/www.ancora-shop.de\/produkt\/strickpulli-modell-joy\/"]}]},{"@type":"ImageObject","inLanguage":"de","@id":"https:\/\/www.ancora-shop.de\/produkt\/strickpulli-modell-joy\/#primaryimage","url":"https:\/\/www.ancora-shop.de\/wp-content\/uploads\/2025\/07\/JOY-NP-1.jpg","contentUrl":"https:\/\/www.ancora-shop.de\/wp-content\/uploads\/2025\/07\/JOY-NP-1.jpg","width":1030,"height":1600},{"@type":"BreadcrumbList","@id":"https:\/\/www.ancora-shop.de\/produkt\/strickpulli-modell-joy\/#breadcrumb","itemListElement":[{"@type":"ListItem","position":1,"name":"Startseite","item":"https:\/\/www.ancora-shop.de\/"},{"@type":"ListItem","position":2,"name":"Shop","item":"https:\/\/www.ancora-shop.de\/shop\/"},{"@type":"ListItem","position":3,"name":"Strickpulli Modell Joy"}]},{"@type":"WebSite","@id":"https:\/\/www.ancora-shop.de\/#website","url":"https:\/\/www.ancora-shop.de\/","name":"ANCORA Onlineshop","description":"","potentialAction":[{"@type":"SearchAction","target":{"@type":"EntryPoint","urlTemplate":"https:\/\/www.ancora-shop.de\/?s={search_term_string}"},"query-input":{"@type":"PropertyValueSpecification","valueRequired":true,"valueName":"search_term_string"}}],"inLanguage":"de"}]}},"_links":{"self":[{"href":"https:\/\/www.ancora-shop.de\/de\/wp-json\/wp\/v2\/product\/77493","targetHints":{"allow":["GET"]}}],"collection":[{"href":"https:\/\/www.ancora-shop.de\/de\/wp-json\/wp\/v2\/product"}],"about":[{"href":"https:\/\/www.ancora-shop.de\/de\/wp-json\/wp\/v2\/types\/product"}],"wp:featuredmedia":[{"embeddable":true,"href":"https:\/\/www.ancora-shop.de\/de\/wp-json\/wp\/v2\/media\/78424"}],"wp:attachment":[{"href":"https:\/\/www.ancora-shop.de\/de\/wp-json\/wp\/v2\/media?parent=77493"}],"wp:term":[{"taxonomy":"product_brand","embeddable":true,"href":"https:\/\/www.ancora-shop.de\/de\/wp-json\/wp\/v2\/product_brand?post=77493"},{"taxonomy":"product_cat","embeddable":true,"href":"https:\/\/www.ancora-shop.de\/de\/wp-json\/wp\/v2\/product_cat?post=77493"},{"taxonomy":"product_tag","embeddable":true,"href":"https:\/\/www.ancora-shop.de\/de\/wp-json\/wp\/v2\/product_tag?post=77493"}],"curies":[{"name":"wp","href":"https:\/\/api.w.org\/{rel}","templated":true}]}}