{"id":77306,"date":"2025-07-08T11:44:57","date_gmt":"2025-07-08T09:44:57","guid":{"rendered":"https:\/\/www.ancora-shop.de\/?post_type=product&#038;p=77306"},"modified":"2026-03-17T15:05:12","modified_gmt":"2026-03-17T14:05:12","slug":"top-modell-mira-2","status":"publish","type":"product","link":"https:\/\/www.ancora-shop.de\/de\/produkt\/top-modell-mira-2\/","title":{"rendered":"Top Modell Mira"},"content":{"rendered":"<h2><strong>PRODUKTBESCHREIBUNG<\/strong><\/h2>\n<ul>\n<li>Premium-Upgrade f\u00fcr unser bew\u00e4hrtes Top MIA:<\/li>\n<li>Bequemer Stretch-Anteil in hochwertigem Viscose-Satin f\u00fcr optimale Bewegungsfreiheit und perfekten Sitz!<\/li>\n<li>Identische Passform und Design wie das urspr\u00fcngliche Modell<\/li>\n<li>Perfekter Sitz durch schr\u00e4gen Fadenlauf<\/li>\n<li>Mit schmaler Borde eingefasster Ausschnitt<\/li>\n<li>Verstellbare Spagettitr\u00e4ger<\/li>\n<li>Eng gekettelt sowie leicht gewellter Saumabschluss<\/li>\n<li>Ideal f\u00fcr besondere Anl\u00e4sse oder f\u00fcr stilvolle Alltagslooks<\/li>\n<li>Pflegeleicht und langlebig bei richtiger Behandlung<\/li>\n<li>Made in Italy<\/li>\n<\/ul>\n<p class=\"p1\">Die Taschen findet Ihr im Shop unseres Kooperationspartners: <a href=\"https:\/\/www.bolindersthlm.com\/\"><span class=\"s1\">https:\/\/www.bolindersthlm.com<\/span><\/a><\/p>\n<p>&nbsp;<\/p>","protected":false},"excerpt":{"rendered":"<p>PRODUKTBESCHREIBUNG Premium-Upgrade f\u00fcr unser bew\u00e4hrtes Top MIA: Bequemer Stretch-Anteil in hochwertigem Viscose-Satin f\u00fcr optimale Bewegungsfreiheit und perfekten Sitz! Identische Passform und Design wie das urspr\u00fcngliche Modell Perfekter Sitz durch schr\u00e4gen Fadenlauf Mit schmaler Borde eingefasster Ausschnitt Verstellbare Spagettitr\u00e4ger Eng gekettelt sowie leicht gewellter Saumabschluss Ideal f\u00fcr besondere Anl\u00e4sse oder f\u00fcr stilvolle Alltagslooks Pflegeleicht und langlebig [&#8230;]\n","protected":false},"featured_media":78238,"template":"","meta":[],"product_brand":[],"product_cat":[646],"product_tag":[],"class_list":{"0":"post-77306","1":"product","2":"type-product","3":"status-publish","4":"has-post-thumbnail","6":"product_cat-blusen-tops","8":"first","9":"instock","10":"taxable","11":"shipping-taxable","12":"purchasable","13":"product-type-variable"},"supplier_id":null,"supplier_sku":"","barcode":null,"atum_controlled":true,"out_stock_date":null,"out_stock_threshold":null,"inheritable":true,"inbound_stock":null,"stock_on_hold":2,"sold_today":1,"sales_last_days":3,"reserved_stock":null,"customer_returns":null,"warehouse_damage":null,"lost_in_post":null,"other_logs":null,"out_stock_days":null,"lost_sales":0,"has_location":false,"update_date":"2026-03-17T14:05:13","atum_locations":[],"atum_stock_status":"instock","restock_status":false,"low_stock_amount":"","sales_update_date":"2025-04-08T09:43:04","calc_backorders":null,"yoast_head":"<!-- This site is optimized with the Yoast SEO plugin v27.6 - https:\/\/yoast.com\/product\/yoast-seo-wordpress\/ -->\n<title>Top Modell Mira - ANCORA Onlineshop<\/title>\n<meta name=\"robots\" content=\"index, follow, max-snippet:-1, max-image-preview:large, max-video-preview:-1\" \/>\n<link rel=\"canonical\" href=\"https:\/\/www.ancora-shop.de\/de\/produkt\/top-modell-mira-2\/\" \/>\n<meta property=\"og:locale\" content=\"de_DE\" \/>\n<meta property=\"og:type\" content=\"article\" \/>\n<meta property=\"og:title\" content=\"Top Modell Mira - ANCORA Onlineshop\" \/>\n<meta property=\"og:description\" content=\"PRODUKTBESCHREIBUNG Premium-Upgrade f\u00fcr unser bew\u00e4hrtes Top MIA: Bequemer Stretch-Anteil in hochwertigem Viscose-Satin f\u00fcr optimale Bewegungsfreiheit und perfekten Sitz! Identische Passform und Design wie das urspr\u00fcngliche Modell Perfekter Sitz durch schr\u00e4gen Fadenlauf Mit schmaler Borde eingefasster Ausschnitt Verstellbare Spagettitr\u00e4ger Eng gekettelt sowie leicht gewellter Saumabschluss Ideal f\u00fcr besondere Anl\u00e4sse oder f\u00fcr stilvolle Alltagslooks Pflegeleicht und langlebig [...]\" \/>\n<meta property=\"og:url\" content=\"https:\/\/www.ancora-shop.de\/de\/produkt\/top-modell-mira-2\/\" \/>\n<meta property=\"og:site_name\" content=\"ANCORA Onlineshop\" \/>\n<meta property=\"article:modified_time\" content=\"2026-03-17T14:05:12+00:00\" \/>\n<meta property=\"og:image\" content=\"https:\/\/www.ancora-shop.de\/wp-content\/uploads\/2025\/07\/MIRA-PO-1.jpg\" \/>\n\t<meta property=\"og:image:width\" content=\"1067\" \/>\n\t<meta property=\"og:image:height\" content=\"1600\" \/>\n\t<meta property=\"og:image:type\" content=\"image\/jpeg\" \/>\n<meta name=\"twitter:card\" content=\"summary_large_image\" \/>\n<meta name=\"twitter:label1\" content=\"Gesch\u00e4tzte Lesezeit\" \/>\n\t<meta name=\"twitter:data1\" content=\"1\u00a0Minute\" \/>\n<script type=\"application\/ld+json\" class=\"yoast-schema-graph\">{\"@context\":\"https:\\\/\\\/schema.org\",\"@graph\":[{\"@type\":\"WebPage\",\"@id\":\"https:\\\/\\\/www.ancora-shop.de\\\/produkt\\\/top-modell-mira-2\\\/\",\"url\":\"https:\\\/\\\/www.ancora-shop.de\\\/produkt\\\/top-modell-mira-2\\\/\",\"name\":\"Top Modell Mira - ANCORA Onlineshop\",\"isPartOf\":{\"@id\":\"https:\\\/\\\/www.ancora-shop.de\\\/#website\"},\"primaryImageOfPage\":{\"@id\":\"https:\\\/\\\/www.ancora-shop.de\\\/produkt\\\/top-modell-mira-2\\\/#primaryimage\"},\"image\":{\"@id\":\"https:\\\/\\\/www.ancora-shop.de\\\/produkt\\\/top-modell-mira-2\\\/#primaryimage\"},\"thumbnailUrl\":\"https:\\\/\\\/www.ancora-shop.de\\\/wp-content\\\/uploads\\\/2025\\\/07\\\/MIRA-PO-1.jpg\",\"datePublished\":\"2025-07-08T09:44:57+00:00\",\"dateModified\":\"2026-03-17T14:05:12+00:00\",\"breadcrumb\":{\"@id\":\"https:\\\/\\\/www.ancora-shop.de\\\/produkt\\\/top-modell-mira-2\\\/#breadcrumb\"},\"inLanguage\":\"de\",\"potentialAction\":[{\"@type\":\"ReadAction\",\"target\":[\"https:\\\/\\\/www.ancora-shop.de\\\/produkt\\\/top-modell-mira-2\\\/\"]}]},{\"@type\":\"ImageObject\",\"inLanguage\":\"de\",\"@id\":\"https:\\\/\\\/www.ancora-shop.de\\\/produkt\\\/top-modell-mira-2\\\/#primaryimage\",\"url\":\"https:\\\/\\\/www.ancora-shop.de\\\/wp-content\\\/uploads\\\/2025\\\/07\\\/MIRA-PO-1.jpg\",\"contentUrl\":\"https:\\\/\\\/www.ancora-shop.de\\\/wp-content\\\/uploads\\\/2025\\\/07\\\/MIRA-PO-1.jpg\",\"width\":1067,\"height\":1600},{\"@type\":\"BreadcrumbList\",\"@id\":\"https:\\\/\\\/www.ancora-shop.de\\\/produkt\\\/top-modell-mira-2\\\/#breadcrumb\",\"itemListElement\":[{\"@type\":\"ListItem\",\"position\":1,\"name\":\"Startseite\",\"item\":\"https:\\\/\\\/www.ancora-shop.de\\\/\"},{\"@type\":\"ListItem\",\"position\":2,\"name\":\"Shop\",\"item\":\"https:\\\/\\\/www.ancora-shop.de\\\/shop\\\/\"},{\"@type\":\"ListItem\",\"position\":3,\"name\":\"Top Modell Mira\"}]},{\"@type\":\"WebSite\",\"@id\":\"https:\\\/\\\/www.ancora-shop.de\\\/#website\",\"url\":\"https:\\\/\\\/www.ancora-shop.de\\\/\",\"name\":\"ANCORA Onlineshop\",\"description\":\"\",\"potentialAction\":[{\"@type\":\"SearchAction\",\"target\":{\"@type\":\"EntryPoint\",\"urlTemplate\":\"https:\\\/\\\/www.ancora-shop.de\\\/?s={search_term_string}\"},\"query-input\":{\"@type\":\"PropertyValueSpecification\",\"valueRequired\":true,\"valueName\":\"search_term_string\"}}],\"inLanguage\":\"de\"}]}<\/script>\n<!-- \/ Yoast SEO plugin. -->","yoast_head_json":{"title":"Top Modell Mira - ANCORA Onlineshop","robots":{"index":"index","follow":"follow","max-snippet":"max-snippet:-1","max-image-preview":"max-image-preview:large","max-video-preview":"max-video-preview:-1"},"canonical":"https:\/\/www.ancora-shop.de\/de\/produkt\/top-modell-mira-2\/","og_locale":"de_DE","og_type":"article","og_title":"Top Modell Mira - ANCORA Onlineshop","og_description":"PRODUKTBESCHREIBUNG Premium-Upgrade f\u00fcr unser bew\u00e4hrtes Top MIA: Bequemer Stretch-Anteil in hochwertigem Viscose-Satin f\u00fcr optimale Bewegungsfreiheit und perfekten Sitz! Identische Passform und Design wie das urspr\u00fcngliche Modell Perfekter Sitz durch schr\u00e4gen Fadenlauf Mit schmaler Borde eingefasster Ausschnitt Verstellbare Spagettitr\u00e4ger Eng gekettelt sowie leicht gewellter Saumabschluss Ideal f\u00fcr besondere Anl\u00e4sse oder f\u00fcr stilvolle Alltagslooks Pflegeleicht und langlebig [...]","og_url":"https:\/\/www.ancora-shop.de\/de\/produkt\/top-modell-mira-2\/","og_site_name":"ANCORA Onlineshop","article_modified_time":"2026-03-17T14:05:12+00:00","og_image":[{"width":1067,"height":1600,"url":"https:\/\/www.ancora-shop.de\/wp-content\/uploads\/2025\/07\/MIRA-PO-1.jpg","type":"image\/jpeg"}],"twitter_card":"summary_large_image","twitter_misc":{"Gesch\u00e4tzte Lesezeit":"1\u00a0Minute"},"schema":{"@context":"https:\/\/schema.org","@graph":[{"@type":"WebPage","@id":"https:\/\/www.ancora-shop.de\/produkt\/top-modell-mira-2\/","url":"https:\/\/www.ancora-shop.de\/produkt\/top-modell-mira-2\/","name":"Top Modell Mira - ANCORA Onlineshop","isPartOf":{"@id":"https:\/\/www.ancora-shop.de\/#website"},"primaryImageOfPage":{"@id":"https:\/\/www.ancora-shop.de\/produkt\/top-modell-mira-2\/#primaryimage"},"image":{"@id":"https:\/\/www.ancora-shop.de\/produkt\/top-modell-mira-2\/#primaryimage"},"thumbnailUrl":"https:\/\/www.ancora-shop.de\/wp-content\/uploads\/2025\/07\/MIRA-PO-1.jpg","datePublished":"2025-07-08T09:44:57+00:00","dateModified":"2026-03-17T14:05:12+00:00","breadcrumb":{"@id":"https:\/\/www.ancora-shop.de\/produkt\/top-modell-mira-2\/#breadcrumb"},"inLanguage":"de","potentialAction":[{"@type":"ReadAction","target":["https:\/\/www.ancora-shop.de\/produkt\/top-modell-mira-2\/"]}]},{"@type":"ImageObject","inLanguage":"de","@id":"https:\/\/www.ancora-shop.de\/produkt\/top-modell-mira-2\/#primaryimage","url":"https:\/\/www.ancora-shop.de\/wp-content\/uploads\/2025\/07\/MIRA-PO-1.jpg","contentUrl":"https:\/\/www.ancora-shop.de\/wp-content\/uploads\/2025\/07\/MIRA-PO-1.jpg","width":1067,"height":1600},{"@type":"BreadcrumbList","@id":"https:\/\/www.ancora-shop.de\/produkt\/top-modell-mira-2\/#breadcrumb","itemListElement":[{"@type":"ListItem","position":1,"name":"Startseite","item":"https:\/\/www.ancora-shop.de\/"},{"@type":"ListItem","position":2,"name":"Shop","item":"https:\/\/www.ancora-shop.de\/shop\/"},{"@type":"ListItem","position":3,"name":"Top Modell Mira"}]},{"@type":"WebSite","@id":"https:\/\/www.ancora-shop.de\/#website","url":"https:\/\/www.ancora-shop.de\/","name":"ANCORA Onlineshop","description":"","potentialAction":[{"@type":"SearchAction","target":{"@type":"EntryPoint","urlTemplate":"https:\/\/www.ancora-shop.de\/?s={search_term_string}"},"query-input":{"@type":"PropertyValueSpecification","valueRequired":true,"valueName":"search_term_string"}}],"inLanguage":"de"}]}},"_links":{"self":[{"href":"https:\/\/www.ancora-shop.de\/de\/wp-json\/wp\/v2\/product\/77306","targetHints":{"allow":["GET"]}}],"collection":[{"href":"https:\/\/www.ancora-shop.de\/de\/wp-json\/wp\/v2\/product"}],"about":[{"href":"https:\/\/www.ancora-shop.de\/de\/wp-json\/wp\/v2\/types\/product"}],"wp:featuredmedia":[{"embeddable":true,"href":"https:\/\/www.ancora-shop.de\/de\/wp-json\/wp\/v2\/media\/78238"}],"wp:attachment":[{"href":"https:\/\/www.ancora-shop.de\/de\/wp-json\/wp\/v2\/media?parent=77306"}],"wp:term":[{"taxonomy":"product_brand","embeddable":true,"href":"https:\/\/www.ancora-shop.de\/de\/wp-json\/wp\/v2\/product_brand?post=77306"},{"taxonomy":"product_cat","embeddable":true,"href":"https:\/\/www.ancora-shop.de\/de\/wp-json\/wp\/v2\/product_cat?post=77306"},{"taxonomy":"product_tag","embeddable":true,"href":"https:\/\/www.ancora-shop.de\/de\/wp-json\/wp\/v2\/product_tag?post=77306"}],"curies":[{"name":"wp","href":"https:\/\/api.w.org\/{rel}","templated":true}]}}