{"id":76966,"date":"2025-07-04T09:52:35","date_gmt":"2025-07-04T07:52:35","guid":{"rendered":"https:\/\/www.ancora-shop.de\/?post_type=product&#038;p=76966"},"modified":"2026-05-07T22:58:01","modified_gmt":"2026-05-07T20:58:01","slug":"hose-modell-lara-4","status":"publish","type":"product","link":"https:\/\/www.ancora-shop.de\/de\/produkt\/hose-modell-lara-4\/","title":{"rendered":"Hose Modell Lara"},"content":{"rendered":"<h2><strong>PRODUKTBESCHREIBUNG<\/strong><\/h2>\n<p><strong>INNOVATIONSOFFENSIVE! \u2026oder: DA GEHT DOCH NOCH MEHR!<\/strong><\/p>\n<ul>\n<li>Flexibilit\u00e4t sowie einen hohen Tragekomfort bieten unsere Hosen schon lange \u2013 hier z\u00fcnden wir den Turbo in Richtung Details<\/li>\n<li>Super bequeme Hose mit dreifach geteiltem Elastikbund<\/li>\n<li>Komfortabler Kordel-Tunnelzug mit Metall\u00f6sen<\/li>\n<li>Zwei schr\u00e4g gesetzte Taschen mit Rei\u00dfverschluss<\/li>\n<li>Die auf den Beinen mittig markanten Teilungsn\u00e4hte werden durch ein konisch geformtes Kniedetail mit zwei eingelegten F\u00e4ltchen unterbrochen<\/li>\n<li>Hinten halbrund geformte Passe mit darunter schr\u00e4g gesetzten Patten<\/li>\n<li>Ebenso wie vorne gibt es auch hinten im Kniebereich einen konisch geschnittenen Einsatz<\/li>\n<li>Komfortables, dehnbares Gewebe in weicher und glatter Haptik<\/li>\n<li>Label-Detail aus Metall<\/li>\n<li>Made in Italy<\/li>\n<\/ul>\n<p>&nbsp;<\/p>\n<p>Die Taschen findet Ihr im Shop unseres Kooperationspartners:\u00a0<a href=\"https:\/\/www.bolindersthlm.com\/\">https:\/\/www.bolindersthlm.com<\/a><\/p>\n<p>&nbsp;<\/p>","protected":false},"excerpt":{"rendered":"<p>PRODUKTBESCHREIBUNG INNOVATIONSOFFENSIVE! \u2026oder: DA GEHT DOCH NOCH MEHR! Flexibilit\u00e4t sowie einen hohen Tragekomfort bieten unsere Hosen schon lange \u2013 hier z\u00fcnden wir den Turbo in Richtung Details Super bequeme Hose mit dreifach geteiltem Elastikbund Komfortabler Kordel-Tunnelzug mit Metall\u00f6sen Zwei schr\u00e4g gesetzte Taschen mit Rei\u00dfverschluss Die auf den Beinen mittig markanten Teilungsn\u00e4hte werden durch ein konisch [&#8230;]\n","protected":false},"featured_media":57715,"template":"","meta":[],"product_brand":[],"product_cat":[36],"product_tag":[],"class_list":{"0":"post-76966","1":"product","2":"type-product","3":"status-publish","4":"has-post-thumbnail","6":"product_cat-hosen","8":"first","9":"instock","10":"sale","11":"taxable","12":"shipping-taxable","13":"purchasable","14":"product-type-variable","15":"has-default-attributes"},"supplier_id":null,"supplier_sku":"","barcode":null,"atum_controlled":true,"out_stock_date":null,"out_stock_threshold":null,"inheritable":true,"inbound_stock":0,"stock_on_hold":16,"sold_today":2,"sales_last_days":4,"reserved_stock":0,"customer_returns":0,"warehouse_damage":0,"lost_in_post":0,"other_logs":0,"out_stock_days":0,"lost_sales":0,"has_location":false,"update_date":"2026-05-07T20:58:04","atum_locations":[],"atum_stock_status":"instock","restock_status":false,"low_stock_amount":"","sales_update_date":"2026-01-12T09:48:28","calc_backorders":null,"yoast_head":"<!-- This site is optimized with the Yoast SEO plugin v27.6 - https:\/\/yoast.com\/product\/yoast-seo-wordpress\/ -->\n<title>Hose Modell Lara - ANCORA Onlineshop<\/title>\n<meta name=\"robots\" content=\"index, follow, max-snippet:-1, max-image-preview:large, max-video-preview:-1\" \/>\n<link rel=\"canonical\" href=\"https:\/\/www.ancora-shop.de\/de\/produkt\/hose-modell-lara-4\/\" \/>\n<meta property=\"og:locale\" content=\"de_DE\" \/>\n<meta property=\"og:type\" content=\"article\" \/>\n<meta property=\"og:title\" content=\"Hose Modell Lara - ANCORA Onlineshop\" \/>\n<meta property=\"og:description\" content=\"PRODUKTBESCHREIBUNG INNOVATIONSOFFENSIVE! \u2026oder: DA GEHT DOCH NOCH MEHR! Flexibilit\u00e4t sowie einen hohen Tragekomfort bieten unsere Hosen schon lange \u2013 hier z\u00fcnden wir den Turbo in Richtung Details Super bequeme Hose mit dreifach geteiltem Elastikbund Komfortabler Kordel-Tunnelzug mit Metall\u00f6sen Zwei schr\u00e4g gesetzte Taschen mit Rei\u00dfverschluss Die auf den Beinen mittig markanten Teilungsn\u00e4hte werden durch ein konisch [...]\" \/>\n<meta property=\"og:url\" content=\"https:\/\/www.ancora-shop.de\/de\/produkt\/hose-modell-lara-4\/\" \/>\n<meta property=\"og:site_name\" content=\"ANCORA Onlineshop\" \/>\n<meta property=\"article:modified_time\" content=\"2026-05-07T20:58:01+00:00\" \/>\n<meta property=\"og:image\" content=\"https:\/\/www.ancora-shop.de\/wp-content\/uploads\/2023\/06\/LARA-NE-1.jpg\" \/>\n\t<meta property=\"og:image:width\" content=\"1067\" \/>\n\t<meta property=\"og:image:height\" content=\"1600\" \/>\n\t<meta property=\"og:image:type\" content=\"image\/jpeg\" \/>\n<meta name=\"twitter:card\" content=\"summary_large_image\" \/>\n<meta name=\"twitter:label1\" content=\"Gesch\u00e4tzte Lesezeit\" \/>\n\t<meta name=\"twitter:data1\" content=\"1\u00a0Minute\" \/>\n<script type=\"application\/ld+json\" class=\"yoast-schema-graph\">{\"@context\":\"https:\\\/\\\/schema.org\",\"@graph\":[{\"@type\":\"WebPage\",\"@id\":\"https:\\\/\\\/www.ancora-shop.de\\\/produkt\\\/hose-modell-lara-4\\\/\",\"url\":\"https:\\\/\\\/www.ancora-shop.de\\\/produkt\\\/hose-modell-lara-4\\\/\",\"name\":\"Hose Modell Lara - ANCORA Onlineshop\",\"isPartOf\":{\"@id\":\"https:\\\/\\\/www.ancora-shop.de\\\/#website\"},\"primaryImageOfPage\":{\"@id\":\"https:\\\/\\\/www.ancora-shop.de\\\/produkt\\\/hose-modell-lara-4\\\/#primaryimage\"},\"image\":{\"@id\":\"https:\\\/\\\/www.ancora-shop.de\\\/produkt\\\/hose-modell-lara-4\\\/#primaryimage\"},\"thumbnailUrl\":\"https:\\\/\\\/www.ancora-shop.de\\\/wp-content\\\/uploads\\\/2023\\\/06\\\/LARA-NE-1.jpg\",\"datePublished\":\"2025-07-04T07:52:35+00:00\",\"dateModified\":\"2026-05-07T20:58:01+00:00\",\"breadcrumb\":{\"@id\":\"https:\\\/\\\/www.ancora-shop.de\\\/produkt\\\/hose-modell-lara-4\\\/#breadcrumb\"},\"inLanguage\":\"de\",\"potentialAction\":[{\"@type\":\"ReadAction\",\"target\":[\"https:\\\/\\\/www.ancora-shop.de\\\/produkt\\\/hose-modell-lara-4\\\/\"]}]},{\"@type\":\"ImageObject\",\"inLanguage\":\"de\",\"@id\":\"https:\\\/\\\/www.ancora-shop.de\\\/produkt\\\/hose-modell-lara-4\\\/#primaryimage\",\"url\":\"https:\\\/\\\/www.ancora-shop.de\\\/wp-content\\\/uploads\\\/2023\\\/06\\\/LARA-NE-1.jpg\",\"contentUrl\":\"https:\\\/\\\/www.ancora-shop.de\\\/wp-content\\\/uploads\\\/2023\\\/06\\\/LARA-NE-1.jpg\",\"width\":1067,\"height\":1600},{\"@type\":\"BreadcrumbList\",\"@id\":\"https:\\\/\\\/www.ancora-shop.de\\\/produkt\\\/hose-modell-lara-4\\\/#breadcrumb\",\"itemListElement\":[{\"@type\":\"ListItem\",\"position\":1,\"name\":\"Startseite\",\"item\":\"https:\\\/\\\/www.ancora-shop.de\\\/\"},{\"@type\":\"ListItem\",\"position\":2,\"name\":\"Shop\",\"item\":\"https:\\\/\\\/www.ancora-shop.de\\\/shop\\\/\"},{\"@type\":\"ListItem\",\"position\":3,\"name\":\"Hose Modell Lara\"}]},{\"@type\":\"WebSite\",\"@id\":\"https:\\\/\\\/www.ancora-shop.de\\\/#website\",\"url\":\"https:\\\/\\\/www.ancora-shop.de\\\/\",\"name\":\"ANCORA Onlineshop\",\"description\":\"\",\"potentialAction\":[{\"@type\":\"SearchAction\",\"target\":{\"@type\":\"EntryPoint\",\"urlTemplate\":\"https:\\\/\\\/www.ancora-shop.de\\\/?s={search_term_string}\"},\"query-input\":{\"@type\":\"PropertyValueSpecification\",\"valueRequired\":true,\"valueName\":\"search_term_string\"}}],\"inLanguage\":\"de\"}]}<\/script>\n<!-- \/ Yoast SEO plugin. -->","yoast_head_json":{"title":"Hose Modell Lara - ANCORA Onlineshop","robots":{"index":"index","follow":"follow","max-snippet":"max-snippet:-1","max-image-preview":"max-image-preview:large","max-video-preview":"max-video-preview:-1"},"canonical":"https:\/\/www.ancora-shop.de\/de\/produkt\/hose-modell-lara-4\/","og_locale":"de_DE","og_type":"article","og_title":"Hose Modell Lara - ANCORA Onlineshop","og_description":"PRODUKTBESCHREIBUNG INNOVATIONSOFFENSIVE! \u2026oder: DA GEHT DOCH NOCH MEHR! Flexibilit\u00e4t sowie einen hohen Tragekomfort bieten unsere Hosen schon lange \u2013 hier z\u00fcnden wir den Turbo in Richtung Details Super bequeme Hose mit dreifach geteiltem Elastikbund Komfortabler Kordel-Tunnelzug mit Metall\u00f6sen Zwei schr\u00e4g gesetzte Taschen mit Rei\u00dfverschluss Die auf den Beinen mittig markanten Teilungsn\u00e4hte werden durch ein konisch [...]","og_url":"https:\/\/www.ancora-shop.de\/de\/produkt\/hose-modell-lara-4\/","og_site_name":"ANCORA Onlineshop","article_modified_time":"2026-05-07T20:58:01+00:00","og_image":[{"width":1067,"height":1600,"url":"https:\/\/www.ancora-shop.de\/wp-content\/uploads\/2023\/06\/LARA-NE-1.jpg","type":"image\/jpeg"}],"twitter_card":"summary_large_image","twitter_misc":{"Gesch\u00e4tzte Lesezeit":"1\u00a0Minute"},"schema":{"@context":"https:\/\/schema.org","@graph":[{"@type":"WebPage","@id":"https:\/\/www.ancora-shop.de\/produkt\/hose-modell-lara-4\/","url":"https:\/\/www.ancora-shop.de\/produkt\/hose-modell-lara-4\/","name":"Hose Modell Lara - ANCORA Onlineshop","isPartOf":{"@id":"https:\/\/www.ancora-shop.de\/#website"},"primaryImageOfPage":{"@id":"https:\/\/www.ancora-shop.de\/produkt\/hose-modell-lara-4\/#primaryimage"},"image":{"@id":"https:\/\/www.ancora-shop.de\/produkt\/hose-modell-lara-4\/#primaryimage"},"thumbnailUrl":"https:\/\/www.ancora-shop.de\/wp-content\/uploads\/2023\/06\/LARA-NE-1.jpg","datePublished":"2025-07-04T07:52:35+00:00","dateModified":"2026-05-07T20:58:01+00:00","breadcrumb":{"@id":"https:\/\/www.ancora-shop.de\/produkt\/hose-modell-lara-4\/#breadcrumb"},"inLanguage":"de","potentialAction":[{"@type":"ReadAction","target":["https:\/\/www.ancora-shop.de\/produkt\/hose-modell-lara-4\/"]}]},{"@type":"ImageObject","inLanguage":"de","@id":"https:\/\/www.ancora-shop.de\/produkt\/hose-modell-lara-4\/#primaryimage","url":"https:\/\/www.ancora-shop.de\/wp-content\/uploads\/2023\/06\/LARA-NE-1.jpg","contentUrl":"https:\/\/www.ancora-shop.de\/wp-content\/uploads\/2023\/06\/LARA-NE-1.jpg","width":1067,"height":1600},{"@type":"BreadcrumbList","@id":"https:\/\/www.ancora-shop.de\/produkt\/hose-modell-lara-4\/#breadcrumb","itemListElement":[{"@type":"ListItem","position":1,"name":"Startseite","item":"https:\/\/www.ancora-shop.de\/"},{"@type":"ListItem","position":2,"name":"Shop","item":"https:\/\/www.ancora-shop.de\/shop\/"},{"@type":"ListItem","position":3,"name":"Hose Modell Lara"}]},{"@type":"WebSite","@id":"https:\/\/www.ancora-shop.de\/#website","url":"https:\/\/www.ancora-shop.de\/","name":"ANCORA Onlineshop","description":"","potentialAction":[{"@type":"SearchAction","target":{"@type":"EntryPoint","urlTemplate":"https:\/\/www.ancora-shop.de\/?s={search_term_string}"},"query-input":{"@type":"PropertyValueSpecification","valueRequired":true,"valueName":"search_term_string"}}],"inLanguage":"de"}]}},"_links":{"self":[{"href":"https:\/\/www.ancora-shop.de\/de\/wp-json\/wp\/v2\/product\/76966","targetHints":{"allow":["GET"]}}],"collection":[{"href":"https:\/\/www.ancora-shop.de\/de\/wp-json\/wp\/v2\/product"}],"about":[{"href":"https:\/\/www.ancora-shop.de\/de\/wp-json\/wp\/v2\/types\/product"}],"wp:featuredmedia":[{"embeddable":true,"href":"https:\/\/www.ancora-shop.de\/de\/wp-json\/wp\/v2\/media\/57715"}],"wp:attachment":[{"href":"https:\/\/www.ancora-shop.de\/de\/wp-json\/wp\/v2\/media?parent=76966"}],"wp:term":[{"taxonomy":"product_brand","embeddable":true,"href":"https:\/\/www.ancora-shop.de\/de\/wp-json\/wp\/v2\/product_brand?post=76966"},{"taxonomy":"product_cat","embeddable":true,"href":"https:\/\/www.ancora-shop.de\/de\/wp-json\/wp\/v2\/product_cat?post=76966"},{"taxonomy":"product_tag","embeddable":true,"href":"https:\/\/www.ancora-shop.de\/de\/wp-json\/wp\/v2\/product_tag?post=76966"}],"curies":[{"name":"wp","href":"https:\/\/api.w.org\/{rel}","templated":true}]}}