{"id":76644,"date":"2025-05-16T12:31:24","date_gmt":"2025-05-16T10:31:24","guid":{"rendered":"https:\/\/www.ancora-shop.de\/?post_type=product&#038;p=76644"},"modified":"2026-03-23T08:20:52","modified_gmt":"2026-03-23T07:20:52","slug":"hose-modell-silvie-5","status":"publish","type":"product","link":"https:\/\/www.ancora-shop.de\/de\/produkt\/hose-modell-silvie-5\/","title":{"rendered":"Hose Modell Silvie"},"content":{"rendered":"<h2><strong>PRODUKTBESCHREIBUNG<\/strong><\/h2>\n<p><strong>FUNKTION FASZINIERT \u2013 Diese Hose setzt ein stilvolles Statement<\/strong><\/p>\n<ul>\n<li>Casual, formal, urban, progressiv \u2013wir setzen auf Funktionalit\u00e4t und Komfort<\/li>\n<li>Lockerer Jogg-Style, bequem und schick zugleich<\/li>\n<li>Elastischer Bund mit integriertem Tunnelzugband und kleinen Metall-Abschl\u00fcssen am Ende des B\u00e4ndchens<\/li>\n<li>Hingucker sind die vorne seitlich 35 cm langen Metall-Reisverschl\u00fcsse mit zus\u00e4tzlich integrierten Eingriff-Taschen<\/li>\n<li>Metall-Label-Emblem vorne \u00fcber einem Reissverschluss<\/li>\n<li>Nach unten schmalere Schnittf\u00fchrung der Hosenbeine mit 10 cm breit gedoppeltem Abschlussbund, der variabel auch umgeschlagen werden kann<\/li>\n<li>Komfortables, dehnbares Gewebe mit geschmeidiger Oberfl\u00e4che, au\u00dfergew\u00f6hnlicher Formbest\u00e4ndigkeit und softem Tragekomfort<\/li>\n<li>Made in Italy<\/li>\n<\/ul>\n<p>&nbsp;<\/p>\n<p>Die Taschen findet Ihr im Shop unseres Kooperationspartners:\u00a0<a href=\"https:\/\/www.bolindersthlm.com\/\">https:\/\/www.bolindersthlm.com<\/a><\/p>\n<p>&nbsp;<\/p>\n<p>&nbsp;<\/p>\n<p>&nbsp;<\/p>\n<p>&nbsp;<\/p>","protected":false},"excerpt":{"rendered":"<p>PRODUKTBESCHREIBUNG FUNKTION FASZINIERT \u2013 Diese Hose setzt ein stilvolles Statement Casual, formal, urban, progressiv \u2013wir setzen auf Funktionalit\u00e4t und Komfort Lockerer Jogg-Style, bequem und schick zugleich Elastischer Bund mit integriertem Tunnelzugband und kleinen Metall-Abschl\u00fcssen am Ende des B\u00e4ndchens Hingucker sind die vorne seitlich 35 cm langen Metall-Reisverschl\u00fcsse mit zus\u00e4tzlich integrierten Eingriff-Taschen Metall-Label-Emblem vorne \u00fcber einem [&#8230;]\n","protected":false},"featured_media":74242,"template":"","meta":[],"product_brand":[],"product_cat":[253],"product_tag":[],"class_list":{"0":"post-76644","1":"product","2":"type-product","3":"status-publish","4":"has-post-thumbnail","6":"product_cat-sale-f-s","8":"first","9":"instock","10":"sale","11":"taxable","12":"shipping-taxable","13":"purchasable","14":"product-type-variable"},"supplier_id":null,"supplier_sku":"","barcode":null,"atum_controlled":true,"out_stock_date":null,"out_stock_threshold":null,"inheritable":true,"inbound_stock":0,"stock_on_hold":5,"sold_today":1,"sales_last_days":2,"reserved_stock":0,"customer_returns":0,"warehouse_damage":0,"lost_in_post":0,"other_logs":0,"out_stock_days":0,"lost_sales":0,"has_location":false,"update_date":"2026-04-10T13:32:56","atum_locations":[],"atum_stock_status":"instock","restock_status":false,"low_stock_amount":"","sales_update_date":"2025-12-08T10:24:44","calc_backorders":null,"yoast_head":"<!-- This site is optimized with the Yoast SEO plugin v27.6 - https:\/\/yoast.com\/product\/yoast-seo-wordpress\/ -->\n<title>Hose Modell Silvie - ANCORA Onlineshop<\/title>\n<meta name=\"robots\" content=\"index, follow, max-snippet:-1, max-image-preview:large, max-video-preview:-1\" \/>\n<link rel=\"canonical\" href=\"https:\/\/www.ancora-shop.de\/de\/produkt\/hose-modell-silvie-5\/\" \/>\n<meta property=\"og:locale\" content=\"de_DE\" \/>\n<meta property=\"og:type\" content=\"article\" \/>\n<meta property=\"og:title\" content=\"Hose Modell Silvie - ANCORA Onlineshop\" \/>\n<meta property=\"og:description\" content=\"PRODUKTBESCHREIBUNG FUNKTION FASZINIERT \u2013 Diese Hose setzt ein stilvolles Statement Casual, formal, urban, progressiv \u2013wir setzen auf Funktionalit\u00e4t und Komfort Lockerer Jogg-Style, bequem und schick zugleich Elastischer Bund mit integriertem Tunnelzugband und kleinen Metall-Abschl\u00fcssen am Ende des B\u00e4ndchens Hingucker sind die vorne seitlich 35 cm langen Metall-Reisverschl\u00fcsse mit zus\u00e4tzlich integrierten Eingriff-Taschen Metall-Label-Emblem vorne \u00fcber einem [...]\" \/>\n<meta property=\"og:url\" content=\"https:\/\/www.ancora-shop.de\/de\/produkt\/hose-modell-silvie-5\/\" \/>\n<meta property=\"og:site_name\" content=\"ANCORA Onlineshop\" \/>\n<meta property=\"article:modified_time\" content=\"2026-03-23T07:20:52+00:00\" \/>\n<meta property=\"og:image\" content=\"https:\/\/www.ancora-shop.de\/wp-content\/uploads\/2024\/12\/SILVIE-SE-3.jpg\" \/>\n\t<meta property=\"og:image:width\" content=\"1067\" \/>\n\t<meta property=\"og:image:height\" content=\"1600\" \/>\n\t<meta property=\"og:image:type\" content=\"image\/jpeg\" \/>\n<meta name=\"twitter:card\" content=\"summary_large_image\" \/>\n<meta name=\"twitter:label1\" content=\"Gesch\u00e4tzte Lesezeit\" \/>\n\t<meta name=\"twitter:data1\" content=\"1\u00a0Minute\" \/>\n<script type=\"application\/ld+json\" class=\"yoast-schema-graph\">{\"@context\":\"https:\\\/\\\/schema.org\",\"@graph\":[{\"@type\":\"WebPage\",\"@id\":\"https:\\\/\\\/www.ancora-shop.de\\\/produkt\\\/hose-modell-silvie-5\\\/\",\"url\":\"https:\\\/\\\/www.ancora-shop.de\\\/produkt\\\/hose-modell-silvie-5\\\/\",\"name\":\"Hose Modell Silvie - ANCORA Onlineshop\",\"isPartOf\":{\"@id\":\"https:\\\/\\\/www.ancora-shop.de\\\/#website\"},\"primaryImageOfPage\":{\"@id\":\"https:\\\/\\\/www.ancora-shop.de\\\/produkt\\\/hose-modell-silvie-5\\\/#primaryimage\"},\"image\":{\"@id\":\"https:\\\/\\\/www.ancora-shop.de\\\/produkt\\\/hose-modell-silvie-5\\\/#primaryimage\"},\"thumbnailUrl\":\"https:\\\/\\\/www.ancora-shop.de\\\/wp-content\\\/uploads\\\/2024\\\/12\\\/SILVIE-SE-3.jpg\",\"datePublished\":\"2025-05-16T10:31:24+00:00\",\"dateModified\":\"2026-03-23T07:20:52+00:00\",\"breadcrumb\":{\"@id\":\"https:\\\/\\\/www.ancora-shop.de\\\/produkt\\\/hose-modell-silvie-5\\\/#breadcrumb\"},\"inLanguage\":\"de\",\"potentialAction\":[{\"@type\":\"ReadAction\",\"target\":[\"https:\\\/\\\/www.ancora-shop.de\\\/produkt\\\/hose-modell-silvie-5\\\/\"]}]},{\"@type\":\"ImageObject\",\"inLanguage\":\"de\",\"@id\":\"https:\\\/\\\/www.ancora-shop.de\\\/produkt\\\/hose-modell-silvie-5\\\/#primaryimage\",\"url\":\"https:\\\/\\\/www.ancora-shop.de\\\/wp-content\\\/uploads\\\/2024\\\/12\\\/SILVIE-SE-3.jpg\",\"contentUrl\":\"https:\\\/\\\/www.ancora-shop.de\\\/wp-content\\\/uploads\\\/2024\\\/12\\\/SILVIE-SE-3.jpg\",\"width\":1067,\"height\":1600},{\"@type\":\"BreadcrumbList\",\"@id\":\"https:\\\/\\\/www.ancora-shop.de\\\/produkt\\\/hose-modell-silvie-5\\\/#breadcrumb\",\"itemListElement\":[{\"@type\":\"ListItem\",\"position\":1,\"name\":\"Startseite\",\"item\":\"https:\\\/\\\/www.ancora-shop.de\\\/\"},{\"@type\":\"ListItem\",\"position\":2,\"name\":\"Shop\",\"item\":\"https:\\\/\\\/www.ancora-shop.de\\\/shop\\\/\"},{\"@type\":\"ListItem\",\"position\":3,\"name\":\"Hose Modell Silvie\"}]},{\"@type\":\"WebSite\",\"@id\":\"https:\\\/\\\/www.ancora-shop.de\\\/#website\",\"url\":\"https:\\\/\\\/www.ancora-shop.de\\\/\",\"name\":\"ANCORA Onlineshop\",\"description\":\"\",\"potentialAction\":[{\"@type\":\"SearchAction\",\"target\":{\"@type\":\"EntryPoint\",\"urlTemplate\":\"https:\\\/\\\/www.ancora-shop.de\\\/?s={search_term_string}\"},\"query-input\":{\"@type\":\"PropertyValueSpecification\",\"valueRequired\":true,\"valueName\":\"search_term_string\"}}],\"inLanguage\":\"de\"}]}<\/script>\n<!-- \/ Yoast SEO plugin. -->","yoast_head_json":{"title":"Hose Modell Silvie - ANCORA Onlineshop","robots":{"index":"index","follow":"follow","max-snippet":"max-snippet:-1","max-image-preview":"max-image-preview:large","max-video-preview":"max-video-preview:-1"},"canonical":"https:\/\/www.ancora-shop.de\/de\/produkt\/hose-modell-silvie-5\/","og_locale":"de_DE","og_type":"article","og_title":"Hose Modell Silvie - ANCORA Onlineshop","og_description":"PRODUKTBESCHREIBUNG FUNKTION FASZINIERT \u2013 Diese Hose setzt ein stilvolles Statement Casual, formal, urban, progressiv \u2013wir setzen auf Funktionalit\u00e4t und Komfort Lockerer Jogg-Style, bequem und schick zugleich Elastischer Bund mit integriertem Tunnelzugband und kleinen Metall-Abschl\u00fcssen am Ende des B\u00e4ndchens Hingucker sind die vorne seitlich 35 cm langen Metall-Reisverschl\u00fcsse mit zus\u00e4tzlich integrierten Eingriff-Taschen Metall-Label-Emblem vorne \u00fcber einem [...]","og_url":"https:\/\/www.ancora-shop.de\/de\/produkt\/hose-modell-silvie-5\/","og_site_name":"ANCORA Onlineshop","article_modified_time":"2026-03-23T07:20:52+00:00","og_image":[{"width":1067,"height":1600,"url":"https:\/\/www.ancora-shop.de\/wp-content\/uploads\/2024\/12\/SILVIE-SE-3.jpg","type":"image\/jpeg"}],"twitter_card":"summary_large_image","twitter_misc":{"Gesch\u00e4tzte Lesezeit":"1\u00a0Minute"},"schema":{"@context":"https:\/\/schema.org","@graph":[{"@type":"WebPage","@id":"https:\/\/www.ancora-shop.de\/produkt\/hose-modell-silvie-5\/","url":"https:\/\/www.ancora-shop.de\/produkt\/hose-modell-silvie-5\/","name":"Hose Modell Silvie - ANCORA Onlineshop","isPartOf":{"@id":"https:\/\/www.ancora-shop.de\/#website"},"primaryImageOfPage":{"@id":"https:\/\/www.ancora-shop.de\/produkt\/hose-modell-silvie-5\/#primaryimage"},"image":{"@id":"https:\/\/www.ancora-shop.de\/produkt\/hose-modell-silvie-5\/#primaryimage"},"thumbnailUrl":"https:\/\/www.ancora-shop.de\/wp-content\/uploads\/2024\/12\/SILVIE-SE-3.jpg","datePublished":"2025-05-16T10:31:24+00:00","dateModified":"2026-03-23T07:20:52+00:00","breadcrumb":{"@id":"https:\/\/www.ancora-shop.de\/produkt\/hose-modell-silvie-5\/#breadcrumb"},"inLanguage":"de","potentialAction":[{"@type":"ReadAction","target":["https:\/\/www.ancora-shop.de\/produkt\/hose-modell-silvie-5\/"]}]},{"@type":"ImageObject","inLanguage":"de","@id":"https:\/\/www.ancora-shop.de\/produkt\/hose-modell-silvie-5\/#primaryimage","url":"https:\/\/www.ancora-shop.de\/wp-content\/uploads\/2024\/12\/SILVIE-SE-3.jpg","contentUrl":"https:\/\/www.ancora-shop.de\/wp-content\/uploads\/2024\/12\/SILVIE-SE-3.jpg","width":1067,"height":1600},{"@type":"BreadcrumbList","@id":"https:\/\/www.ancora-shop.de\/produkt\/hose-modell-silvie-5\/#breadcrumb","itemListElement":[{"@type":"ListItem","position":1,"name":"Startseite","item":"https:\/\/www.ancora-shop.de\/"},{"@type":"ListItem","position":2,"name":"Shop","item":"https:\/\/www.ancora-shop.de\/shop\/"},{"@type":"ListItem","position":3,"name":"Hose Modell Silvie"}]},{"@type":"WebSite","@id":"https:\/\/www.ancora-shop.de\/#website","url":"https:\/\/www.ancora-shop.de\/","name":"ANCORA Onlineshop","description":"","potentialAction":[{"@type":"SearchAction","target":{"@type":"EntryPoint","urlTemplate":"https:\/\/www.ancora-shop.de\/?s={search_term_string}"},"query-input":{"@type":"PropertyValueSpecification","valueRequired":true,"valueName":"search_term_string"}}],"inLanguage":"de"}]}},"_links":{"self":[{"href":"https:\/\/www.ancora-shop.de\/de\/wp-json\/wp\/v2\/product\/76644","targetHints":{"allow":["GET"]}}],"collection":[{"href":"https:\/\/www.ancora-shop.de\/de\/wp-json\/wp\/v2\/product"}],"about":[{"href":"https:\/\/www.ancora-shop.de\/de\/wp-json\/wp\/v2\/types\/product"}],"wp:featuredmedia":[{"embeddable":true,"href":"https:\/\/www.ancora-shop.de\/de\/wp-json\/wp\/v2\/media\/74242"}],"wp:attachment":[{"href":"https:\/\/www.ancora-shop.de\/de\/wp-json\/wp\/v2\/media?parent=76644"}],"wp:term":[{"taxonomy":"product_brand","embeddable":true,"href":"https:\/\/www.ancora-shop.de\/de\/wp-json\/wp\/v2\/product_brand?post=76644"},{"taxonomy":"product_cat","embeddable":true,"href":"https:\/\/www.ancora-shop.de\/de\/wp-json\/wp\/v2\/product_cat?post=76644"},{"taxonomy":"product_tag","embeddable":true,"href":"https:\/\/www.ancora-shop.de\/de\/wp-json\/wp\/v2\/product_tag?post=76644"}],"curies":[{"name":"wp","href":"https:\/\/api.w.org\/{rel}","templated":true}]}}