{"id":76096,"date":"2025-04-29T12:15:35","date_gmt":"2025-04-29T10:15:35","guid":{"rendered":"https:\/\/www.ancora-shop.de\/?post_type=product&#038;p=76096"},"modified":"2026-05-09T13:51:28","modified_gmt":"2026-05-09T11:51:28","slug":"rock-modell-laureen","status":"publish","type":"product","link":"https:\/\/www.ancora-shop.de\/de\/produkt\/rock-modell-laureen\/","title":{"rendered":"Rock Modell Laureen"},"content":{"rendered":"<ul>\n<li>Leicht, feminin und sommerlich \u2013 unser Rock aus feinem Seiden-Viskose-Mix bringt Leichtigkeit in jeden Look und l\u00e4sst sich ideal mit unseren dazu passenden Seidenblusen kombinieren<\/li>\n<li>Dreiviertel L\u00e4nge<\/li>\n<li>Schmale, figurumspielende Passform<\/li>\n<li>Vorne abgerundet und etwas k\u00fcrzer geschnitten<\/li>\n<li>Elastischer Bund (auf Gummizug) f\u00fcr optimalen Sitz<\/li>\n<li>Flie\u00dfender Fall und zarter Glanz<\/li>\n<li>Femininer Print in 2 Farbvarianten<\/li>\n<li>Ob zu Sandalen oder Heels \u2013 ein vielseitiger Begleiter f\u00fcr warme Tage<\/li>\n<li>Made in Italy<\/li>\n<\/ul>","protected":false},"excerpt":{"rendered":"<p>Leicht, feminin und sommerlich \u2013 unser Rock aus feinem Seiden-Viskose-Mix bringt Leichtigkeit in jeden Look und l\u00e4sst sich ideal mit unseren dazu passenden Seidenblusen kombinieren Dreiviertel L\u00e4nge Schmale, figurumspielende Passform Vorne abgerundet und etwas k\u00fcrzer geschnitten Elastischer Bund (auf Gummizug) f\u00fcr optimalen Sitz Flie\u00dfender Fall und zarter Glanz Femininer Print in 2 Farbvarianten Ob zu [&#8230;]\n","protected":false},"featured_media":76297,"template":"","meta":[],"product_brand":[],"product_cat":[253],"product_tag":[],"class_list":{"0":"post-76096","1":"product","2":"type-product","3":"status-publish","4":"has-post-thumbnail","6":"product_cat-sale-f-s","8":"first","9":"instock","10":"sale","11":"taxable","12":"shipping-taxable","13":"purchasable","14":"product-type-variable"},"supplier_id":null,"supplier_sku":"","barcode":null,"atum_controlled":true,"out_stock_date":null,"out_stock_threshold":null,"inheritable":true,"inbound_stock":0,"stock_on_hold":2,"sold_today":0,"sales_last_days":0,"reserved_stock":0,"customer_returns":0,"warehouse_damage":0,"lost_in_post":0,"other_logs":0,"out_stock_days":null,"lost_sales":0,"has_location":false,"update_date":"2026-05-09T11:51:33","atum_locations":[],"atum_stock_status":"instock","restock_status":false,"low_stock_amount":"","sales_update_date":"2025-06-12T08:10:22","calc_backorders":null,"yoast_head":"<!-- This site is optimized with the Yoast SEO plugin v27.6 - https:\/\/yoast.com\/product\/yoast-seo-wordpress\/ -->\n<title>Rock Modell Laureen - ANCORA Onlineshop<\/title>\n<meta name=\"robots\" content=\"index, follow, max-snippet:-1, max-image-preview:large, max-video-preview:-1\" \/>\n<link rel=\"canonical\" href=\"https:\/\/www.ancora-shop.de\/de\/produkt\/rock-modell-laureen\/\" \/>\n<meta property=\"og:locale\" content=\"de_DE\" \/>\n<meta property=\"og:type\" content=\"article\" \/>\n<meta property=\"og:title\" content=\"Rock Modell Laureen - ANCORA Onlineshop\" \/>\n<meta property=\"og:description\" content=\"Leicht, feminin und sommerlich \u2013 unser Rock aus feinem Seiden-Viskose-Mix bringt Leichtigkeit in jeden Look und l\u00e4sst sich ideal mit unseren dazu passenden Seidenblusen kombinieren Dreiviertel L\u00e4nge Schmale, figurumspielende Passform Vorne abgerundet und etwas k\u00fcrzer geschnitten Elastischer Bund (auf Gummizug) f\u00fcr optimalen Sitz Flie\u00dfender Fall und zarter Glanz Femininer Print in 2 Farbvarianten Ob zu [...]\" \/>\n<meta property=\"og:url\" content=\"https:\/\/www.ancora-shop.de\/de\/produkt\/rock-modell-laureen\/\" \/>\n<meta property=\"og:site_name\" content=\"ANCORA Onlineshop\" \/>\n<meta property=\"article:modified_time\" content=\"2026-05-09T11:51:28+00:00\" \/>\n<meta property=\"og:image\" content=\"https:\/\/www.ancora-shop.de\/wp-content\/uploads\/2025\/04\/LAUREEN-IZPI-1.jpg\" \/>\n\t<meta property=\"og:image:width\" content=\"907\" \/>\n\t<meta property=\"og:image:height\" content=\"1361\" \/>\n\t<meta property=\"og:image:type\" content=\"image\/jpeg\" \/>\n<meta name=\"twitter:card\" content=\"summary_large_image\" \/>\n<meta name=\"twitter:label1\" content=\"Gesch\u00e4tzte Lesezeit\" \/>\n\t<meta name=\"twitter:data1\" content=\"1\u00a0Minute\" \/>\n<script type=\"application\/ld+json\" class=\"yoast-schema-graph\">{\"@context\":\"https:\\\/\\\/schema.org\",\"@graph\":[{\"@type\":\"WebPage\",\"@id\":\"https:\\\/\\\/www.ancora-shop.de\\\/produkt\\\/rock-modell-laureen\\\/\",\"url\":\"https:\\\/\\\/www.ancora-shop.de\\\/produkt\\\/rock-modell-laureen\\\/\",\"name\":\"Rock Modell Laureen - ANCORA Onlineshop\",\"isPartOf\":{\"@id\":\"https:\\\/\\\/www.ancora-shop.de\\\/#website\"},\"primaryImageOfPage\":{\"@id\":\"https:\\\/\\\/www.ancora-shop.de\\\/produkt\\\/rock-modell-laureen\\\/#primaryimage\"},\"image\":{\"@id\":\"https:\\\/\\\/www.ancora-shop.de\\\/produkt\\\/rock-modell-laureen\\\/#primaryimage\"},\"thumbnailUrl\":\"https:\\\/\\\/www.ancora-shop.de\\\/wp-content\\\/uploads\\\/2025\\\/04\\\/LAUREEN-IZPI-1.jpg\",\"datePublished\":\"2025-04-29T10:15:35+00:00\",\"dateModified\":\"2026-05-09T11:51:28+00:00\",\"breadcrumb\":{\"@id\":\"https:\\\/\\\/www.ancora-shop.de\\\/produkt\\\/rock-modell-laureen\\\/#breadcrumb\"},\"inLanguage\":\"de\",\"potentialAction\":[{\"@type\":\"ReadAction\",\"target\":[\"https:\\\/\\\/www.ancora-shop.de\\\/produkt\\\/rock-modell-laureen\\\/\"]}]},{\"@type\":\"ImageObject\",\"inLanguage\":\"de\",\"@id\":\"https:\\\/\\\/www.ancora-shop.de\\\/produkt\\\/rock-modell-laureen\\\/#primaryimage\",\"url\":\"https:\\\/\\\/www.ancora-shop.de\\\/wp-content\\\/uploads\\\/2025\\\/04\\\/LAUREEN-IZPI-1.jpg\",\"contentUrl\":\"https:\\\/\\\/www.ancora-shop.de\\\/wp-content\\\/uploads\\\/2025\\\/04\\\/LAUREEN-IZPI-1.jpg\",\"width\":907,\"height\":1361},{\"@type\":\"BreadcrumbList\",\"@id\":\"https:\\\/\\\/www.ancora-shop.de\\\/produkt\\\/rock-modell-laureen\\\/#breadcrumb\",\"itemListElement\":[{\"@type\":\"ListItem\",\"position\":1,\"name\":\"Startseite\",\"item\":\"https:\\\/\\\/www.ancora-shop.de\\\/\"},{\"@type\":\"ListItem\",\"position\":2,\"name\":\"Shop\",\"item\":\"https:\\\/\\\/www.ancora-shop.de\\\/shop\\\/\"},{\"@type\":\"ListItem\",\"position\":3,\"name\":\"Rock Modell Laureen\"}]},{\"@type\":\"WebSite\",\"@id\":\"https:\\\/\\\/www.ancora-shop.de\\\/#website\",\"url\":\"https:\\\/\\\/www.ancora-shop.de\\\/\",\"name\":\"ANCORA Onlineshop\",\"description\":\"\",\"potentialAction\":[{\"@type\":\"SearchAction\",\"target\":{\"@type\":\"EntryPoint\",\"urlTemplate\":\"https:\\\/\\\/www.ancora-shop.de\\\/?s={search_term_string}\"},\"query-input\":{\"@type\":\"PropertyValueSpecification\",\"valueRequired\":true,\"valueName\":\"search_term_string\"}}],\"inLanguage\":\"de\"}]}<\/script>\n<!-- \/ Yoast SEO plugin. -->","yoast_head_json":{"title":"Rock Modell Laureen - ANCORA Onlineshop","robots":{"index":"index","follow":"follow","max-snippet":"max-snippet:-1","max-image-preview":"max-image-preview:large","max-video-preview":"max-video-preview:-1"},"canonical":"https:\/\/www.ancora-shop.de\/de\/produkt\/rock-modell-laureen\/","og_locale":"de_DE","og_type":"article","og_title":"Rock Modell Laureen - ANCORA Onlineshop","og_description":"Leicht, feminin und sommerlich \u2013 unser Rock aus feinem Seiden-Viskose-Mix bringt Leichtigkeit in jeden Look und l\u00e4sst sich ideal mit unseren dazu passenden Seidenblusen kombinieren Dreiviertel L\u00e4nge Schmale, figurumspielende Passform Vorne abgerundet und etwas k\u00fcrzer geschnitten Elastischer Bund (auf Gummizug) f\u00fcr optimalen Sitz Flie\u00dfender Fall und zarter Glanz Femininer Print in 2 Farbvarianten Ob zu [...]","og_url":"https:\/\/www.ancora-shop.de\/de\/produkt\/rock-modell-laureen\/","og_site_name":"ANCORA Onlineshop","article_modified_time":"2026-05-09T11:51:28+00:00","og_image":[{"width":907,"height":1361,"url":"https:\/\/www.ancora-shop.de\/wp-content\/uploads\/2025\/04\/LAUREEN-IZPI-1.jpg","type":"image\/jpeg"}],"twitter_card":"summary_large_image","twitter_misc":{"Gesch\u00e4tzte Lesezeit":"1\u00a0Minute"},"schema":{"@context":"https:\/\/schema.org","@graph":[{"@type":"WebPage","@id":"https:\/\/www.ancora-shop.de\/produkt\/rock-modell-laureen\/","url":"https:\/\/www.ancora-shop.de\/produkt\/rock-modell-laureen\/","name":"Rock Modell Laureen - ANCORA Onlineshop","isPartOf":{"@id":"https:\/\/www.ancora-shop.de\/#website"},"primaryImageOfPage":{"@id":"https:\/\/www.ancora-shop.de\/produkt\/rock-modell-laureen\/#primaryimage"},"image":{"@id":"https:\/\/www.ancora-shop.de\/produkt\/rock-modell-laureen\/#primaryimage"},"thumbnailUrl":"https:\/\/www.ancora-shop.de\/wp-content\/uploads\/2025\/04\/LAUREEN-IZPI-1.jpg","datePublished":"2025-04-29T10:15:35+00:00","dateModified":"2026-05-09T11:51:28+00:00","breadcrumb":{"@id":"https:\/\/www.ancora-shop.de\/produkt\/rock-modell-laureen\/#breadcrumb"},"inLanguage":"de","potentialAction":[{"@type":"ReadAction","target":["https:\/\/www.ancora-shop.de\/produkt\/rock-modell-laureen\/"]}]},{"@type":"ImageObject","inLanguage":"de","@id":"https:\/\/www.ancora-shop.de\/produkt\/rock-modell-laureen\/#primaryimage","url":"https:\/\/www.ancora-shop.de\/wp-content\/uploads\/2025\/04\/LAUREEN-IZPI-1.jpg","contentUrl":"https:\/\/www.ancora-shop.de\/wp-content\/uploads\/2025\/04\/LAUREEN-IZPI-1.jpg","width":907,"height":1361},{"@type":"BreadcrumbList","@id":"https:\/\/www.ancora-shop.de\/produkt\/rock-modell-laureen\/#breadcrumb","itemListElement":[{"@type":"ListItem","position":1,"name":"Startseite","item":"https:\/\/www.ancora-shop.de\/"},{"@type":"ListItem","position":2,"name":"Shop","item":"https:\/\/www.ancora-shop.de\/shop\/"},{"@type":"ListItem","position":3,"name":"Rock Modell Laureen"}]},{"@type":"WebSite","@id":"https:\/\/www.ancora-shop.de\/#website","url":"https:\/\/www.ancora-shop.de\/","name":"ANCORA Onlineshop","description":"","potentialAction":[{"@type":"SearchAction","target":{"@type":"EntryPoint","urlTemplate":"https:\/\/www.ancora-shop.de\/?s={search_term_string}"},"query-input":{"@type":"PropertyValueSpecification","valueRequired":true,"valueName":"search_term_string"}}],"inLanguage":"de"}]}},"_links":{"self":[{"href":"https:\/\/www.ancora-shop.de\/de\/wp-json\/wp\/v2\/product\/76096","targetHints":{"allow":["GET"]}}],"collection":[{"href":"https:\/\/www.ancora-shop.de\/de\/wp-json\/wp\/v2\/product"}],"about":[{"href":"https:\/\/www.ancora-shop.de\/de\/wp-json\/wp\/v2\/types\/product"}],"wp:featuredmedia":[{"embeddable":true,"href":"https:\/\/www.ancora-shop.de\/de\/wp-json\/wp\/v2\/media\/76297"}],"wp:attachment":[{"href":"https:\/\/www.ancora-shop.de\/de\/wp-json\/wp\/v2\/media?parent=76096"}],"wp:term":[{"taxonomy":"product_brand","embeddable":true,"href":"https:\/\/www.ancora-shop.de\/de\/wp-json\/wp\/v2\/product_brand?post=76096"},{"taxonomy":"product_cat","embeddable":true,"href":"https:\/\/www.ancora-shop.de\/de\/wp-json\/wp\/v2\/product_cat?post=76096"},{"taxonomy":"product_tag","embeddable":true,"href":"https:\/\/www.ancora-shop.de\/de\/wp-json\/wp\/v2\/product_tag?post=76096"}],"curies":[{"name":"wp","href":"https:\/\/api.w.org\/{rel}","templated":true}]}}