{"id":76089,"date":"2025-04-29T11:47:25","date_gmt":"2025-04-29T09:47:25","guid":{"rendered":"https:\/\/www.ancora-shop.de\/?post_type=product&#038;p=76089"},"modified":"2026-03-31T21:14:37","modified_gmt":"2026-03-31T19:14:37","slug":"bluse-modell-dakota","status":"publish","type":"product","link":"https:\/\/www.ancora-shop.de\/de\/produkt\/bluse-modell-dakota\/","title":{"rendered":"Bluse Modell Dakota"},"content":{"rendered":"<p><strong>\u00a0<\/strong><\/p>\n<ul>\n<li>Ein Traum in femininem Allover-Print \u2013 diese Bluse verzaubert mit verspielten Details und traumhaft vielf\u00e4ltigen Styling-M\u00f6glichkeiten<\/li>\n<li>Hochwertige Qualit\u00e4t aus feiner Seiden-Viskosemischung<\/li>\n<li>Gro\u00dfz\u00fcgig angesetzter Umschlag-Kragen<\/li>\n<li>Durch ein eingearbeitetes Seidenband auf dem Kragen individuell in der Weite regulierbarer Ausschnitt<\/li>\n<li>Lange Seidenstreifen am Ausschnitt zum Binden oder l\u00e4ssigen Knoten<\/li>\n<li>Lange, angeschnittene Scherpe am unteren Ende des Kragens, die locker geschlungen oder zur Schleife gebunden werden kann<\/li>\n<li>Druchgehende Knopfleiste auf der Vorderseite<\/li>\n<li>Lange \u00c4rmel ebenfalls mit Weitenregulierung am \u00c4rmelabschlu\u00df durch eingearbeitetes Seidenband<\/li>\n<li>B\u00e4nder an Ausschnitt und \u00c4rmeln vielseitig zu stylen \u2013 geknotet oder zur Schleife gebunden<\/li>\n<li>Locker fallende, leicht transparente Silhouette<\/li>\n<li>Ideal kombinierbar zu unserem passenden Seidenrock Modell LAUREEN oder unseren Hosen<\/li>\n<li>Made in Italy<\/li>\n<\/ul>","protected":false},"excerpt":{"rendered":"<p>\u00a0 Ein Traum in femininem Allover-Print \u2013 diese Bluse verzaubert mit verspielten Details und traumhaft vielf\u00e4ltigen Styling-M\u00f6glichkeiten Hochwertige Qualit\u00e4t aus feiner Seiden-Viskosemischung Gro\u00dfz\u00fcgig angesetzter Umschlag-Kragen Durch ein eingearbeitetes Seidenband auf dem Kragen individuell in der Weite regulierbarer Ausschnitt Lange Seidenstreifen am Ausschnitt zum Binden oder l\u00e4ssigen Knoten Lange, angeschnittene Scherpe am unteren Ende des Kragens, [&#8230;]\n","protected":false},"featured_media":76293,"template":"","meta":[],"product_brand":[],"product_cat":[253],"product_tag":[],"class_list":{"0":"post-76089","1":"product","2":"type-product","3":"status-publish","4":"has-post-thumbnail","6":"product_cat-sale-f-s","8":"first","9":"instock","10":"sale","11":"taxable","12":"shipping-taxable","13":"purchasable","14":"product-type-variable"},"supplier_id":null,"supplier_sku":"","barcode":null,"atum_controlled":true,"out_stock_date":null,"out_stock_threshold":null,"inheritable":true,"inbound_stock":0,"stock_on_hold":1,"sold_today":0,"sales_last_days":0,"reserved_stock":0,"customer_returns":0,"warehouse_damage":0,"lost_in_post":0,"other_logs":0,"out_stock_days":null,"lost_sales":0,"has_location":false,"update_date":"2026-04-28T10:40:55","atum_locations":[],"atum_stock_status":"instock","restock_status":false,"low_stock_amount":"","sales_update_date":"2025-06-12T08:10:22","calc_backorders":null,"yoast_head":"<!-- This site is optimized with the Yoast SEO plugin v27.6 - https:\/\/yoast.com\/product\/yoast-seo-wordpress\/ -->\n<title>Bluse Modell Dakota - ANCORA Onlineshop<\/title>\n<meta name=\"robots\" content=\"index, follow, max-snippet:-1, max-image-preview:large, max-video-preview:-1\" \/>\n<link rel=\"canonical\" href=\"https:\/\/www.ancora-shop.de\/de\/produkt\/bluse-modell-dakota\/\" \/>\n<meta property=\"og:locale\" content=\"de_DE\" \/>\n<meta property=\"og:type\" content=\"article\" \/>\n<meta property=\"og:title\" content=\"Bluse Modell Dakota - ANCORA Onlineshop\" \/>\n<meta property=\"og:description\" content=\"\u00a0 Ein Traum in femininem Allover-Print \u2013 diese Bluse verzaubert mit verspielten Details und traumhaft vielf\u00e4ltigen Styling-M\u00f6glichkeiten Hochwertige Qualit\u00e4t aus feiner Seiden-Viskosemischung Gro\u00dfz\u00fcgig angesetzter Umschlag-Kragen Durch ein eingearbeitetes Seidenband auf dem Kragen individuell in der Weite regulierbarer Ausschnitt Lange Seidenstreifen am Ausschnitt zum Binden oder l\u00e4ssigen Knoten Lange, angeschnittene Scherpe am unteren Ende des Kragens, [...]\" \/>\n<meta property=\"og:url\" content=\"https:\/\/www.ancora-shop.de\/de\/produkt\/bluse-modell-dakota\/\" \/>\n<meta property=\"og:site_name\" content=\"ANCORA Onlineshop\" \/>\n<meta property=\"article:modified_time\" content=\"2026-03-31T19:14:37+00:00\" \/>\n<meta property=\"og:image\" content=\"https:\/\/www.ancora-shop.de\/wp-content\/uploads\/2025\/04\/DAKOTA-IZPI-1.jpg\" \/>\n\t<meta property=\"og:image:width\" content=\"952\" \/>\n\t<meta property=\"og:image:height\" content=\"1427\" \/>\n\t<meta property=\"og:image:type\" content=\"image\/jpeg\" \/>\n<meta name=\"twitter:card\" content=\"summary_large_image\" \/>\n<meta name=\"twitter:label1\" content=\"Gesch\u00e4tzte Lesezeit\" \/>\n\t<meta name=\"twitter:data1\" content=\"1\u00a0Minute\" \/>\n<script type=\"application\/ld+json\" class=\"yoast-schema-graph\">{\"@context\":\"https:\\\/\\\/schema.org\",\"@graph\":[{\"@type\":\"WebPage\",\"@id\":\"https:\\\/\\\/www.ancora-shop.de\\\/produkt\\\/bluse-modell-dakota\\\/\",\"url\":\"https:\\\/\\\/www.ancora-shop.de\\\/produkt\\\/bluse-modell-dakota\\\/\",\"name\":\"Bluse Modell Dakota - ANCORA Onlineshop\",\"isPartOf\":{\"@id\":\"https:\\\/\\\/www.ancora-shop.de\\\/#website\"},\"primaryImageOfPage\":{\"@id\":\"https:\\\/\\\/www.ancora-shop.de\\\/produkt\\\/bluse-modell-dakota\\\/#primaryimage\"},\"image\":{\"@id\":\"https:\\\/\\\/www.ancora-shop.de\\\/produkt\\\/bluse-modell-dakota\\\/#primaryimage\"},\"thumbnailUrl\":\"https:\\\/\\\/www.ancora-shop.de\\\/wp-content\\\/uploads\\\/2025\\\/04\\\/DAKOTA-IZPI-1.jpg\",\"datePublished\":\"2025-04-29T09:47:25+00:00\",\"dateModified\":\"2026-03-31T19:14:37+00:00\",\"breadcrumb\":{\"@id\":\"https:\\\/\\\/www.ancora-shop.de\\\/produkt\\\/bluse-modell-dakota\\\/#breadcrumb\"},\"inLanguage\":\"de\",\"potentialAction\":[{\"@type\":\"ReadAction\",\"target\":[\"https:\\\/\\\/www.ancora-shop.de\\\/produkt\\\/bluse-modell-dakota\\\/\"]}]},{\"@type\":\"ImageObject\",\"inLanguage\":\"de\",\"@id\":\"https:\\\/\\\/www.ancora-shop.de\\\/produkt\\\/bluse-modell-dakota\\\/#primaryimage\",\"url\":\"https:\\\/\\\/www.ancora-shop.de\\\/wp-content\\\/uploads\\\/2025\\\/04\\\/DAKOTA-IZPI-1.jpg\",\"contentUrl\":\"https:\\\/\\\/www.ancora-shop.de\\\/wp-content\\\/uploads\\\/2025\\\/04\\\/DAKOTA-IZPI-1.jpg\",\"width\":952,\"height\":1427},{\"@type\":\"BreadcrumbList\",\"@id\":\"https:\\\/\\\/www.ancora-shop.de\\\/produkt\\\/bluse-modell-dakota\\\/#breadcrumb\",\"itemListElement\":[{\"@type\":\"ListItem\",\"position\":1,\"name\":\"Startseite\",\"item\":\"https:\\\/\\\/www.ancora-shop.de\\\/\"},{\"@type\":\"ListItem\",\"position\":2,\"name\":\"Shop\",\"item\":\"https:\\\/\\\/www.ancora-shop.de\\\/shop\\\/\"},{\"@type\":\"ListItem\",\"position\":3,\"name\":\"Bluse Modell Dakota\"}]},{\"@type\":\"WebSite\",\"@id\":\"https:\\\/\\\/www.ancora-shop.de\\\/#website\",\"url\":\"https:\\\/\\\/www.ancora-shop.de\\\/\",\"name\":\"ANCORA Onlineshop\",\"description\":\"\",\"potentialAction\":[{\"@type\":\"SearchAction\",\"target\":{\"@type\":\"EntryPoint\",\"urlTemplate\":\"https:\\\/\\\/www.ancora-shop.de\\\/?s={search_term_string}\"},\"query-input\":{\"@type\":\"PropertyValueSpecification\",\"valueRequired\":true,\"valueName\":\"search_term_string\"}}],\"inLanguage\":\"de\"}]}<\/script>\n<!-- \/ Yoast SEO plugin. -->","yoast_head_json":{"title":"Bluse Modell Dakota - ANCORA Onlineshop","robots":{"index":"index","follow":"follow","max-snippet":"max-snippet:-1","max-image-preview":"max-image-preview:large","max-video-preview":"max-video-preview:-1"},"canonical":"https:\/\/www.ancora-shop.de\/de\/produkt\/bluse-modell-dakota\/","og_locale":"de_DE","og_type":"article","og_title":"Bluse Modell Dakota - ANCORA Onlineshop","og_description":"\u00a0 Ein Traum in femininem Allover-Print \u2013 diese Bluse verzaubert mit verspielten Details und traumhaft vielf\u00e4ltigen Styling-M\u00f6glichkeiten Hochwertige Qualit\u00e4t aus feiner Seiden-Viskosemischung Gro\u00dfz\u00fcgig angesetzter Umschlag-Kragen Durch ein eingearbeitetes Seidenband auf dem Kragen individuell in der Weite regulierbarer Ausschnitt Lange Seidenstreifen am Ausschnitt zum Binden oder l\u00e4ssigen Knoten Lange, angeschnittene Scherpe am unteren Ende des Kragens, [...]","og_url":"https:\/\/www.ancora-shop.de\/de\/produkt\/bluse-modell-dakota\/","og_site_name":"ANCORA Onlineshop","article_modified_time":"2026-03-31T19:14:37+00:00","og_image":[{"width":952,"height":1427,"url":"https:\/\/www.ancora-shop.de\/wp-content\/uploads\/2025\/04\/DAKOTA-IZPI-1.jpg","type":"image\/jpeg"}],"twitter_card":"summary_large_image","twitter_misc":{"Gesch\u00e4tzte Lesezeit":"1\u00a0Minute"},"schema":{"@context":"https:\/\/schema.org","@graph":[{"@type":"WebPage","@id":"https:\/\/www.ancora-shop.de\/produkt\/bluse-modell-dakota\/","url":"https:\/\/www.ancora-shop.de\/produkt\/bluse-modell-dakota\/","name":"Bluse Modell Dakota - ANCORA Onlineshop","isPartOf":{"@id":"https:\/\/www.ancora-shop.de\/#website"},"primaryImageOfPage":{"@id":"https:\/\/www.ancora-shop.de\/produkt\/bluse-modell-dakota\/#primaryimage"},"image":{"@id":"https:\/\/www.ancora-shop.de\/produkt\/bluse-modell-dakota\/#primaryimage"},"thumbnailUrl":"https:\/\/www.ancora-shop.de\/wp-content\/uploads\/2025\/04\/DAKOTA-IZPI-1.jpg","datePublished":"2025-04-29T09:47:25+00:00","dateModified":"2026-03-31T19:14:37+00:00","breadcrumb":{"@id":"https:\/\/www.ancora-shop.de\/produkt\/bluse-modell-dakota\/#breadcrumb"},"inLanguage":"de","potentialAction":[{"@type":"ReadAction","target":["https:\/\/www.ancora-shop.de\/produkt\/bluse-modell-dakota\/"]}]},{"@type":"ImageObject","inLanguage":"de","@id":"https:\/\/www.ancora-shop.de\/produkt\/bluse-modell-dakota\/#primaryimage","url":"https:\/\/www.ancora-shop.de\/wp-content\/uploads\/2025\/04\/DAKOTA-IZPI-1.jpg","contentUrl":"https:\/\/www.ancora-shop.de\/wp-content\/uploads\/2025\/04\/DAKOTA-IZPI-1.jpg","width":952,"height":1427},{"@type":"BreadcrumbList","@id":"https:\/\/www.ancora-shop.de\/produkt\/bluse-modell-dakota\/#breadcrumb","itemListElement":[{"@type":"ListItem","position":1,"name":"Startseite","item":"https:\/\/www.ancora-shop.de\/"},{"@type":"ListItem","position":2,"name":"Shop","item":"https:\/\/www.ancora-shop.de\/shop\/"},{"@type":"ListItem","position":3,"name":"Bluse Modell Dakota"}]},{"@type":"WebSite","@id":"https:\/\/www.ancora-shop.de\/#website","url":"https:\/\/www.ancora-shop.de\/","name":"ANCORA Onlineshop","description":"","potentialAction":[{"@type":"SearchAction","target":{"@type":"EntryPoint","urlTemplate":"https:\/\/www.ancora-shop.de\/?s={search_term_string}"},"query-input":{"@type":"PropertyValueSpecification","valueRequired":true,"valueName":"search_term_string"}}],"inLanguage":"de"}]}},"_links":{"self":[{"href":"https:\/\/www.ancora-shop.de\/de\/wp-json\/wp\/v2\/product\/76089","targetHints":{"allow":["GET"]}}],"collection":[{"href":"https:\/\/www.ancora-shop.de\/de\/wp-json\/wp\/v2\/product"}],"about":[{"href":"https:\/\/www.ancora-shop.de\/de\/wp-json\/wp\/v2\/types\/product"}],"wp:featuredmedia":[{"embeddable":true,"href":"https:\/\/www.ancora-shop.de\/de\/wp-json\/wp\/v2\/media\/76293"}],"wp:attachment":[{"href":"https:\/\/www.ancora-shop.de\/de\/wp-json\/wp\/v2\/media?parent=76089"}],"wp:term":[{"taxonomy":"product_brand","embeddable":true,"href":"https:\/\/www.ancora-shop.de\/de\/wp-json\/wp\/v2\/product_brand?post=76089"},{"taxonomy":"product_cat","embeddable":true,"href":"https:\/\/www.ancora-shop.de\/de\/wp-json\/wp\/v2\/product_cat?post=76089"},{"taxonomy":"product_tag","embeddable":true,"href":"https:\/\/www.ancora-shop.de\/de\/wp-json\/wp\/v2\/product_tag?post=76089"}],"curies":[{"name":"wp","href":"https:\/\/api.w.org\/{rel}","templated":true}]}}