{"id":76072,"date":"2025-04-29T10:37:36","date_gmt":"2025-04-29T08:37:36","guid":{"rendered":"https:\/\/www.ancora-shop.de\/?post_type=product&#038;p=76072"},"modified":"2026-02-04T12:35:43","modified_gmt":"2026-02-04T11:35:43","slug":"bluse-modell-justine","status":"publish","type":"product","link":"https:\/\/www.ancora-shop.de\/de\/produkt\/bluse-modell-justine\/","title":{"rendered":"Bluse Modell Justine"},"content":{"rendered":"<p><strong>\u00a0<\/strong><\/p>\n<ul>\n<li>Ein Hauch von Sommer und Leichtigkeit \u2013 dieses luftige Seidenshirt begeistert mit seinem entspannten Schnitt und raffinierten Details<\/li>\n<li>Feine, hauchzarte Qualit\u00e4t aus Seiden-Viskose-Mix<\/li>\n<li>Luftiger Schnitt mit weitem Rundhalsausschnitt und schmal eingefasster Borde<\/li>\n<li>\u00dcberschnittene Schultern f\u00fcr einen entspannten Look<\/li>\n<li>\u00c4rmelabschl\u00fcsse mit eingezogenem Band in gleichem Design zur Weitenregulierung<\/li>\n<li>Unterer Abschlu\u00df ebenfalls mit durchgezogenen B\u00e4ndern individuell anpassbar<\/li>\n<li>Enden der B\u00e4nder locker heraush\u00e4ngend \u2013 k\u00f6nnen sowohl geknotet als auch zu Schleifen gebunden werden<\/li>\n<li>Oberteil locker und flie\u00dfend geschnitten f\u00fcr maximalen Tragekomfort<\/li>\n<li>Vielseitig tragbar: solo \u00fcber ein Top als elegante Erg\u00e4nzung zur Sommergarderobe oder auch als leichter \u00dcberwurf am Strand \u00fcber dem Bikini<\/li>\n<li>Zarter Print in zwei verschiedenen Farbgebungen mit floralem Motiv<\/li>\n<li>Ideal f\u00fcr feminine Casual-Looks, Urlaubstage oder sommerliche Events<\/li>\n<li>Made in Italy<\/li>\n<\/ul>","protected":false},"excerpt":{"rendered":"<p>\u00a0 Ein Hauch von Sommer und Leichtigkeit \u2013 dieses luftige Seidenshirt begeistert mit seinem entspannten Schnitt und raffinierten Details Feine, hauchzarte Qualit\u00e4t aus Seiden-Viskose-Mix Luftiger Schnitt mit weitem Rundhalsausschnitt und schmal eingefasster Borde \u00dcberschnittene Schultern f\u00fcr einen entspannten Look \u00c4rmelabschl\u00fcsse mit eingezogenem Band in gleichem Design zur Weitenregulierung Unterer Abschlu\u00df ebenfalls mit durchgezogenen B\u00e4ndern individuell [&#8230;]\n","protected":false},"featured_media":76270,"template":"","meta":[],"product_brand":[],"product_cat":[253],"product_tag":[],"class_list":{"0":"post-76072","1":"product","2":"type-product","3":"status-publish","4":"has-post-thumbnail","6":"product_cat-sale-f-s","8":"first","9":"instock","10":"sale","11":"taxable","12":"shipping-taxable","13":"purchasable","14":"product-type-variable"},"supplier_id":null,"supplier_sku":"","barcode":null,"atum_controlled":true,"out_stock_date":null,"out_stock_threshold":null,"inheritable":true,"inbound_stock":0,"stock_on_hold":3,"sold_today":0,"sales_last_days":0,"reserved_stock":0,"customer_returns":0,"warehouse_damage":0,"lost_in_post":0,"other_logs":0,"out_stock_days":null,"lost_sales":0,"has_location":false,"update_date":"2026-03-10T11:45:44","atum_locations":[],"atum_stock_status":"instock","restock_status":false,"low_stock_amount":"","sales_update_date":"2025-06-12T08:10:23","calc_backorders":null,"yoast_head":"<!-- This site is optimized with the Yoast SEO plugin v27.6 - https:\/\/yoast.com\/product\/yoast-seo-wordpress\/ -->\n<title>Bluse Modell Justine - ANCORA Onlineshop<\/title>\n<meta name=\"robots\" content=\"index, follow, max-snippet:-1, max-image-preview:large, max-video-preview:-1\" \/>\n<link rel=\"canonical\" href=\"https:\/\/www.ancora-shop.de\/de\/produkt\/bluse-modell-justine\/\" \/>\n<meta property=\"og:locale\" content=\"de_DE\" \/>\n<meta property=\"og:type\" content=\"article\" \/>\n<meta property=\"og:title\" content=\"Bluse Modell Justine - ANCORA Onlineshop\" \/>\n<meta property=\"og:description\" content=\"\u00a0 Ein Hauch von Sommer und Leichtigkeit \u2013 dieses luftige Seidenshirt begeistert mit seinem entspannten Schnitt und raffinierten Details Feine, hauchzarte Qualit\u00e4t aus Seiden-Viskose-Mix Luftiger Schnitt mit weitem Rundhalsausschnitt und schmal eingefasster Borde \u00dcberschnittene Schultern f\u00fcr einen entspannten Look \u00c4rmelabschl\u00fcsse mit eingezogenem Band in gleichem Design zur Weitenregulierung Unterer Abschlu\u00df ebenfalls mit durchgezogenen B\u00e4ndern individuell [...]\" \/>\n<meta property=\"og:url\" content=\"https:\/\/www.ancora-shop.de\/de\/produkt\/bluse-modell-justine\/\" \/>\n<meta property=\"og:site_name\" content=\"ANCORA Onlineshop\" \/>\n<meta property=\"article:modified_time\" content=\"2026-02-04T11:35:43+00:00\" \/>\n<meta property=\"og:image\" content=\"https:\/\/www.ancora-shop.de\/wp-content\/uploads\/2025\/04\/JUSTINE-IZPI-1.jpg\" \/>\n\t<meta property=\"og:image:width\" content=\"741\" \/>\n\t<meta property=\"og:image:height\" content=\"1111\" \/>\n\t<meta property=\"og:image:type\" content=\"image\/jpeg\" \/>\n<meta name=\"twitter:card\" content=\"summary_large_image\" \/>\n<meta name=\"twitter:label1\" content=\"Gesch\u00e4tzte Lesezeit\" \/>\n\t<meta name=\"twitter:data1\" content=\"1\u00a0Minute\" \/>\n<script type=\"application\/ld+json\" class=\"yoast-schema-graph\">{\"@context\":\"https:\\\/\\\/schema.org\",\"@graph\":[{\"@type\":\"WebPage\",\"@id\":\"https:\\\/\\\/www.ancora-shop.de\\\/produkt\\\/bluse-modell-justine\\\/\",\"url\":\"https:\\\/\\\/www.ancora-shop.de\\\/produkt\\\/bluse-modell-justine\\\/\",\"name\":\"Bluse Modell Justine - ANCORA Onlineshop\",\"isPartOf\":{\"@id\":\"https:\\\/\\\/www.ancora-shop.de\\\/#website\"},\"primaryImageOfPage\":{\"@id\":\"https:\\\/\\\/www.ancora-shop.de\\\/produkt\\\/bluse-modell-justine\\\/#primaryimage\"},\"image\":{\"@id\":\"https:\\\/\\\/www.ancora-shop.de\\\/produkt\\\/bluse-modell-justine\\\/#primaryimage\"},\"thumbnailUrl\":\"https:\\\/\\\/www.ancora-shop.de\\\/wp-content\\\/uploads\\\/2025\\\/04\\\/JUSTINE-IZPI-1.jpg\",\"datePublished\":\"2025-04-29T08:37:36+00:00\",\"dateModified\":\"2026-02-04T11:35:43+00:00\",\"breadcrumb\":{\"@id\":\"https:\\\/\\\/www.ancora-shop.de\\\/produkt\\\/bluse-modell-justine\\\/#breadcrumb\"},\"inLanguage\":\"de\",\"potentialAction\":[{\"@type\":\"ReadAction\",\"target\":[\"https:\\\/\\\/www.ancora-shop.de\\\/produkt\\\/bluse-modell-justine\\\/\"]}]},{\"@type\":\"ImageObject\",\"inLanguage\":\"de\",\"@id\":\"https:\\\/\\\/www.ancora-shop.de\\\/produkt\\\/bluse-modell-justine\\\/#primaryimage\",\"url\":\"https:\\\/\\\/www.ancora-shop.de\\\/wp-content\\\/uploads\\\/2025\\\/04\\\/JUSTINE-IZPI-1.jpg\",\"contentUrl\":\"https:\\\/\\\/www.ancora-shop.de\\\/wp-content\\\/uploads\\\/2025\\\/04\\\/JUSTINE-IZPI-1.jpg\",\"width\":741,\"height\":1111},{\"@type\":\"BreadcrumbList\",\"@id\":\"https:\\\/\\\/www.ancora-shop.de\\\/produkt\\\/bluse-modell-justine\\\/#breadcrumb\",\"itemListElement\":[{\"@type\":\"ListItem\",\"position\":1,\"name\":\"Startseite\",\"item\":\"https:\\\/\\\/www.ancora-shop.de\\\/\"},{\"@type\":\"ListItem\",\"position\":2,\"name\":\"Shop\",\"item\":\"https:\\\/\\\/www.ancora-shop.de\\\/shop\\\/\"},{\"@type\":\"ListItem\",\"position\":3,\"name\":\"Bluse Modell Justine\"}]},{\"@type\":\"WebSite\",\"@id\":\"https:\\\/\\\/www.ancora-shop.de\\\/#website\",\"url\":\"https:\\\/\\\/www.ancora-shop.de\\\/\",\"name\":\"ANCORA Onlineshop\",\"description\":\"\",\"potentialAction\":[{\"@type\":\"SearchAction\",\"target\":{\"@type\":\"EntryPoint\",\"urlTemplate\":\"https:\\\/\\\/www.ancora-shop.de\\\/?s={search_term_string}\"},\"query-input\":{\"@type\":\"PropertyValueSpecification\",\"valueRequired\":true,\"valueName\":\"search_term_string\"}}],\"inLanguage\":\"de\"}]}<\/script>\n<!-- \/ Yoast SEO plugin. -->","yoast_head_json":{"title":"Bluse Modell Justine - ANCORA Onlineshop","robots":{"index":"index","follow":"follow","max-snippet":"max-snippet:-1","max-image-preview":"max-image-preview:large","max-video-preview":"max-video-preview:-1"},"canonical":"https:\/\/www.ancora-shop.de\/de\/produkt\/bluse-modell-justine\/","og_locale":"de_DE","og_type":"article","og_title":"Bluse Modell Justine - ANCORA Onlineshop","og_description":"\u00a0 Ein Hauch von Sommer und Leichtigkeit \u2013 dieses luftige Seidenshirt begeistert mit seinem entspannten Schnitt und raffinierten Details Feine, hauchzarte Qualit\u00e4t aus Seiden-Viskose-Mix Luftiger Schnitt mit weitem Rundhalsausschnitt und schmal eingefasster Borde \u00dcberschnittene Schultern f\u00fcr einen entspannten Look \u00c4rmelabschl\u00fcsse mit eingezogenem Band in gleichem Design zur Weitenregulierung Unterer Abschlu\u00df ebenfalls mit durchgezogenen B\u00e4ndern individuell [...]","og_url":"https:\/\/www.ancora-shop.de\/de\/produkt\/bluse-modell-justine\/","og_site_name":"ANCORA Onlineshop","article_modified_time":"2026-02-04T11:35:43+00:00","og_image":[{"width":741,"height":1111,"url":"https:\/\/www.ancora-shop.de\/wp-content\/uploads\/2025\/04\/JUSTINE-IZPI-1.jpg","type":"image\/jpeg"}],"twitter_card":"summary_large_image","twitter_misc":{"Gesch\u00e4tzte Lesezeit":"1\u00a0Minute"},"schema":{"@context":"https:\/\/schema.org","@graph":[{"@type":"WebPage","@id":"https:\/\/www.ancora-shop.de\/produkt\/bluse-modell-justine\/","url":"https:\/\/www.ancora-shop.de\/produkt\/bluse-modell-justine\/","name":"Bluse Modell Justine - ANCORA Onlineshop","isPartOf":{"@id":"https:\/\/www.ancora-shop.de\/#website"},"primaryImageOfPage":{"@id":"https:\/\/www.ancora-shop.de\/produkt\/bluse-modell-justine\/#primaryimage"},"image":{"@id":"https:\/\/www.ancora-shop.de\/produkt\/bluse-modell-justine\/#primaryimage"},"thumbnailUrl":"https:\/\/www.ancora-shop.de\/wp-content\/uploads\/2025\/04\/JUSTINE-IZPI-1.jpg","datePublished":"2025-04-29T08:37:36+00:00","dateModified":"2026-02-04T11:35:43+00:00","breadcrumb":{"@id":"https:\/\/www.ancora-shop.de\/produkt\/bluse-modell-justine\/#breadcrumb"},"inLanguage":"de","potentialAction":[{"@type":"ReadAction","target":["https:\/\/www.ancora-shop.de\/produkt\/bluse-modell-justine\/"]}]},{"@type":"ImageObject","inLanguage":"de","@id":"https:\/\/www.ancora-shop.de\/produkt\/bluse-modell-justine\/#primaryimage","url":"https:\/\/www.ancora-shop.de\/wp-content\/uploads\/2025\/04\/JUSTINE-IZPI-1.jpg","contentUrl":"https:\/\/www.ancora-shop.de\/wp-content\/uploads\/2025\/04\/JUSTINE-IZPI-1.jpg","width":741,"height":1111},{"@type":"BreadcrumbList","@id":"https:\/\/www.ancora-shop.de\/produkt\/bluse-modell-justine\/#breadcrumb","itemListElement":[{"@type":"ListItem","position":1,"name":"Startseite","item":"https:\/\/www.ancora-shop.de\/"},{"@type":"ListItem","position":2,"name":"Shop","item":"https:\/\/www.ancora-shop.de\/shop\/"},{"@type":"ListItem","position":3,"name":"Bluse Modell Justine"}]},{"@type":"WebSite","@id":"https:\/\/www.ancora-shop.de\/#website","url":"https:\/\/www.ancora-shop.de\/","name":"ANCORA Onlineshop","description":"","potentialAction":[{"@type":"SearchAction","target":{"@type":"EntryPoint","urlTemplate":"https:\/\/www.ancora-shop.de\/?s={search_term_string}"},"query-input":{"@type":"PropertyValueSpecification","valueRequired":true,"valueName":"search_term_string"}}],"inLanguage":"de"}]}},"_links":{"self":[{"href":"https:\/\/www.ancora-shop.de\/de\/wp-json\/wp\/v2\/product\/76072","targetHints":{"allow":["GET"]}}],"collection":[{"href":"https:\/\/www.ancora-shop.de\/de\/wp-json\/wp\/v2\/product"}],"about":[{"href":"https:\/\/www.ancora-shop.de\/de\/wp-json\/wp\/v2\/types\/product"}],"wp:featuredmedia":[{"embeddable":true,"href":"https:\/\/www.ancora-shop.de\/de\/wp-json\/wp\/v2\/media\/76270"}],"wp:attachment":[{"href":"https:\/\/www.ancora-shop.de\/de\/wp-json\/wp\/v2\/media?parent=76072"}],"wp:term":[{"taxonomy":"product_brand","embeddable":true,"href":"https:\/\/www.ancora-shop.de\/de\/wp-json\/wp\/v2\/product_brand?post=76072"},{"taxonomy":"product_cat","embeddable":true,"href":"https:\/\/www.ancora-shop.de\/de\/wp-json\/wp\/v2\/product_cat?post=76072"},{"taxonomy":"product_tag","embeddable":true,"href":"https:\/\/www.ancora-shop.de\/de\/wp-json\/wp\/v2\/product_tag?post=76072"}],"curies":[{"name":"wp","href":"https:\/\/api.w.org\/{rel}","templated":true}]}}