{"id":75951,"date":"2025-04-28T15:07:45","date_gmt":"2025-04-28T13:07:45","guid":{"rendered":"https:\/\/www.ancora-shop.de\/?post_type=product&#038;p=75951"},"modified":"2026-05-10T07:15:04","modified_gmt":"2026-05-10T05:15:04","slug":"jacke-modell-lui","status":"publish","type":"product","link":"https:\/\/www.ancora-shop.de\/de\/produkt\/jacke-modell-lui\/","title":{"rendered":"Jacke Modell Lui"},"content":{"rendered":"<p><strong>\u00a0<\/strong><\/p>\n<ul>\n<li>Frischer Schwung f\u00fcr deine Sommergarderobe \u2013 diese sportlich-elegante Jacke in drei sommerlichen Farben begeistert mit Leichtigkeit, Komfort und stilvollen Details<\/li>\n<li>Hochwertiger Bi-Stretch-Techno-Stoff \u2013 angenehm leicht, hochelastisch und perfekt auch f\u00fcr sommerliche Temperaturen<\/li>\n<li>Femininer, sportlich leicht taillierter Schnitt f\u00fcr eine moderne Silhouette<\/li>\n<li>Schr\u00e4g gesetzter Rei\u00dfverschluss als modisches Statement<\/li>\n<li>Raffinierte asymmetrische Schnittf\u00fchrung im Vorderteil, die bei geschlossenem Rei\u00dfverschluss die Optik eines sanft flie\u00dfenden Wasserfall-Ausschnitts entstehen l\u00e4sst<\/li>\n<li>Schlanke, formsch\u00f6ne \u00c4rmel f\u00fcr eine elegante Linienf\u00fchrung<\/li>\n<li>Liebevoll gearbeitete Details wie die gesteppten Teilungsn\u00e4hte unterstreichen die hochwertige Verarbeitung<\/li>\n<li>Vielseitig kombinierbar: solo getragen oder l\u00e4ssig \u00fcber einem Top oder einer Bluse<\/li>\n<li>Harmoniert perfekt mit unseren drei farblich abgestimmten Hosen f\u00fcr vielseitige Looks<\/li>\n<li>Ideal f\u00fcr City-Touren, Reisen oder den stilvollen Everyday-Auftritt<\/li>\n<li>Made in Italy<\/li>\n<\/ul>","protected":false},"excerpt":{"rendered":"<p>\u00a0 Frischer Schwung f\u00fcr deine Sommergarderobe \u2013 diese sportlich-elegante Jacke in drei sommerlichen Farben begeistert mit Leichtigkeit, Komfort und stilvollen Details Hochwertiger Bi-Stretch-Techno-Stoff \u2013 angenehm leicht, hochelastisch und perfekt auch f\u00fcr sommerliche Temperaturen Femininer, sportlich leicht taillierter Schnitt f\u00fcr eine moderne Silhouette Schr\u00e4g gesetzter Rei\u00dfverschluss als modisches Statement Raffinierte asymmetrische Schnittf\u00fchrung im Vorderteil, die bei [&#8230;]\n","protected":false},"featured_media":76186,"template":"","meta":[],"product_brand":[],"product_cat":[253],"product_tag":[],"class_list":{"0":"post-75951","1":"product","2":"type-product","3":"status-publish","4":"has-post-thumbnail","6":"product_cat-sale-f-s","8":"first","9":"instock","10":"sale","11":"taxable","12":"shipping-taxable","13":"purchasable","14":"product-type-variable"},"supplier_id":null,"supplier_sku":"","barcode":null,"atum_controlled":true,"out_stock_date":null,"out_stock_threshold":null,"inheritable":true,"inbound_stock":0,"stock_on_hold":2,"sold_today":1,"sales_last_days":2,"reserved_stock":0,"customer_returns":0,"warehouse_damage":0,"lost_in_post":0,"other_logs":0,"out_stock_days":null,"lost_sales":0,"has_location":false,"update_date":"2026-04-10T13:42:26","atum_locations":[],"atum_stock_status":"instock","restock_status":false,"low_stock_amount":"","sales_update_date":"2025-06-12T08:10:26","calc_backorders":null,"yoast_head":"<!-- This site is optimized with the Yoast SEO plugin v27.6 - https:\/\/yoast.com\/product\/yoast-seo-wordpress\/ -->\n<title>Jacke Modell Lui - ANCORA Onlineshop<\/title>\n<meta name=\"robots\" content=\"index, follow, max-snippet:-1, max-image-preview:large, max-video-preview:-1\" \/>\n<link rel=\"canonical\" href=\"https:\/\/www.ancora-shop.de\/de\/produkt\/jacke-modell-lui\/\" \/>\n<meta property=\"og:locale\" content=\"de_DE\" \/>\n<meta property=\"og:type\" content=\"article\" \/>\n<meta property=\"og:title\" content=\"Jacke Modell Lui - ANCORA Onlineshop\" \/>\n<meta property=\"og:description\" content=\"\u00a0 Frischer Schwung f\u00fcr deine Sommergarderobe \u2013 diese sportlich-elegante Jacke in drei sommerlichen Farben begeistert mit Leichtigkeit, Komfort und stilvollen Details Hochwertiger Bi-Stretch-Techno-Stoff \u2013 angenehm leicht, hochelastisch und perfekt auch f\u00fcr sommerliche Temperaturen Femininer, sportlich leicht taillierter Schnitt f\u00fcr eine moderne Silhouette Schr\u00e4g gesetzter Rei\u00dfverschluss als modisches Statement Raffinierte asymmetrische Schnittf\u00fchrung im Vorderteil, die bei [...]\" \/>\n<meta property=\"og:url\" content=\"https:\/\/www.ancora-shop.de\/de\/produkt\/jacke-modell-lui\/\" \/>\n<meta property=\"og:site_name\" content=\"ANCORA Onlineshop\" \/>\n<meta property=\"article:modified_time\" content=\"2026-05-10T05:15:04+00:00\" \/>\n<meta property=\"og:image\" content=\"https:\/\/www.ancora-shop.de\/wp-content\/uploads\/2025\/04\/LUI-BL-1.jpg\" \/>\n\t<meta property=\"og:image:width\" content=\"935\" \/>\n\t<meta property=\"og:image:height\" content=\"1402\" \/>\n\t<meta property=\"og:image:type\" content=\"image\/jpeg\" \/>\n<meta name=\"twitter:card\" content=\"summary_large_image\" \/>\n<meta name=\"twitter:label1\" content=\"Gesch\u00e4tzte Lesezeit\" \/>\n\t<meta name=\"twitter:data1\" content=\"1\u00a0Minute\" \/>\n<script type=\"application\/ld+json\" class=\"yoast-schema-graph\">{\"@context\":\"https:\\\/\\\/schema.org\",\"@graph\":[{\"@type\":\"WebPage\",\"@id\":\"https:\\\/\\\/www.ancora-shop.de\\\/produkt\\\/jacke-modell-lui\\\/\",\"url\":\"https:\\\/\\\/www.ancora-shop.de\\\/produkt\\\/jacke-modell-lui\\\/\",\"name\":\"Jacke Modell Lui - ANCORA Onlineshop\",\"isPartOf\":{\"@id\":\"https:\\\/\\\/www.ancora-shop.de\\\/#website\"},\"primaryImageOfPage\":{\"@id\":\"https:\\\/\\\/www.ancora-shop.de\\\/produkt\\\/jacke-modell-lui\\\/#primaryimage\"},\"image\":{\"@id\":\"https:\\\/\\\/www.ancora-shop.de\\\/produkt\\\/jacke-modell-lui\\\/#primaryimage\"},\"thumbnailUrl\":\"https:\\\/\\\/www.ancora-shop.de\\\/wp-content\\\/uploads\\\/2025\\\/04\\\/LUI-BL-1.jpg\",\"datePublished\":\"2025-04-28T13:07:45+00:00\",\"dateModified\":\"2026-05-10T05:15:04+00:00\",\"breadcrumb\":{\"@id\":\"https:\\\/\\\/www.ancora-shop.de\\\/produkt\\\/jacke-modell-lui\\\/#breadcrumb\"},\"inLanguage\":\"de\",\"potentialAction\":[{\"@type\":\"ReadAction\",\"target\":[\"https:\\\/\\\/www.ancora-shop.de\\\/produkt\\\/jacke-modell-lui\\\/\"]}]},{\"@type\":\"ImageObject\",\"inLanguage\":\"de\",\"@id\":\"https:\\\/\\\/www.ancora-shop.de\\\/produkt\\\/jacke-modell-lui\\\/#primaryimage\",\"url\":\"https:\\\/\\\/www.ancora-shop.de\\\/wp-content\\\/uploads\\\/2025\\\/04\\\/LUI-BL-1.jpg\",\"contentUrl\":\"https:\\\/\\\/www.ancora-shop.de\\\/wp-content\\\/uploads\\\/2025\\\/04\\\/LUI-BL-1.jpg\",\"width\":935,\"height\":1402},{\"@type\":\"BreadcrumbList\",\"@id\":\"https:\\\/\\\/www.ancora-shop.de\\\/produkt\\\/jacke-modell-lui\\\/#breadcrumb\",\"itemListElement\":[{\"@type\":\"ListItem\",\"position\":1,\"name\":\"Startseite\",\"item\":\"https:\\\/\\\/www.ancora-shop.de\\\/\"},{\"@type\":\"ListItem\",\"position\":2,\"name\":\"Shop\",\"item\":\"https:\\\/\\\/www.ancora-shop.de\\\/shop\\\/\"},{\"@type\":\"ListItem\",\"position\":3,\"name\":\"Jacke Modell Lui\"}]},{\"@type\":\"WebSite\",\"@id\":\"https:\\\/\\\/www.ancora-shop.de\\\/#website\",\"url\":\"https:\\\/\\\/www.ancora-shop.de\\\/\",\"name\":\"ANCORA Onlineshop\",\"description\":\"\",\"potentialAction\":[{\"@type\":\"SearchAction\",\"target\":{\"@type\":\"EntryPoint\",\"urlTemplate\":\"https:\\\/\\\/www.ancora-shop.de\\\/?s={search_term_string}\"},\"query-input\":{\"@type\":\"PropertyValueSpecification\",\"valueRequired\":true,\"valueName\":\"search_term_string\"}}],\"inLanguage\":\"de\"}]}<\/script>\n<!-- \/ Yoast SEO plugin. -->","yoast_head_json":{"title":"Jacke Modell Lui - ANCORA Onlineshop","robots":{"index":"index","follow":"follow","max-snippet":"max-snippet:-1","max-image-preview":"max-image-preview:large","max-video-preview":"max-video-preview:-1"},"canonical":"https:\/\/www.ancora-shop.de\/de\/produkt\/jacke-modell-lui\/","og_locale":"de_DE","og_type":"article","og_title":"Jacke Modell Lui - ANCORA Onlineshop","og_description":"\u00a0 Frischer Schwung f\u00fcr deine Sommergarderobe \u2013 diese sportlich-elegante Jacke in drei sommerlichen Farben begeistert mit Leichtigkeit, Komfort und stilvollen Details Hochwertiger Bi-Stretch-Techno-Stoff \u2013 angenehm leicht, hochelastisch und perfekt auch f\u00fcr sommerliche Temperaturen Femininer, sportlich leicht taillierter Schnitt f\u00fcr eine moderne Silhouette Schr\u00e4g gesetzter Rei\u00dfverschluss als modisches Statement Raffinierte asymmetrische Schnittf\u00fchrung im Vorderteil, die bei [...]","og_url":"https:\/\/www.ancora-shop.de\/de\/produkt\/jacke-modell-lui\/","og_site_name":"ANCORA Onlineshop","article_modified_time":"2026-05-10T05:15:04+00:00","og_image":[{"width":935,"height":1402,"url":"https:\/\/www.ancora-shop.de\/wp-content\/uploads\/2025\/04\/LUI-BL-1.jpg","type":"image\/jpeg"}],"twitter_card":"summary_large_image","twitter_misc":{"Gesch\u00e4tzte Lesezeit":"1\u00a0Minute"},"schema":{"@context":"https:\/\/schema.org","@graph":[{"@type":"WebPage","@id":"https:\/\/www.ancora-shop.de\/produkt\/jacke-modell-lui\/","url":"https:\/\/www.ancora-shop.de\/produkt\/jacke-modell-lui\/","name":"Jacke Modell Lui - ANCORA Onlineshop","isPartOf":{"@id":"https:\/\/www.ancora-shop.de\/#website"},"primaryImageOfPage":{"@id":"https:\/\/www.ancora-shop.de\/produkt\/jacke-modell-lui\/#primaryimage"},"image":{"@id":"https:\/\/www.ancora-shop.de\/produkt\/jacke-modell-lui\/#primaryimage"},"thumbnailUrl":"https:\/\/www.ancora-shop.de\/wp-content\/uploads\/2025\/04\/LUI-BL-1.jpg","datePublished":"2025-04-28T13:07:45+00:00","dateModified":"2026-05-10T05:15:04+00:00","breadcrumb":{"@id":"https:\/\/www.ancora-shop.de\/produkt\/jacke-modell-lui\/#breadcrumb"},"inLanguage":"de","potentialAction":[{"@type":"ReadAction","target":["https:\/\/www.ancora-shop.de\/produkt\/jacke-modell-lui\/"]}]},{"@type":"ImageObject","inLanguage":"de","@id":"https:\/\/www.ancora-shop.de\/produkt\/jacke-modell-lui\/#primaryimage","url":"https:\/\/www.ancora-shop.de\/wp-content\/uploads\/2025\/04\/LUI-BL-1.jpg","contentUrl":"https:\/\/www.ancora-shop.de\/wp-content\/uploads\/2025\/04\/LUI-BL-1.jpg","width":935,"height":1402},{"@type":"BreadcrumbList","@id":"https:\/\/www.ancora-shop.de\/produkt\/jacke-modell-lui\/#breadcrumb","itemListElement":[{"@type":"ListItem","position":1,"name":"Startseite","item":"https:\/\/www.ancora-shop.de\/"},{"@type":"ListItem","position":2,"name":"Shop","item":"https:\/\/www.ancora-shop.de\/shop\/"},{"@type":"ListItem","position":3,"name":"Jacke Modell Lui"}]},{"@type":"WebSite","@id":"https:\/\/www.ancora-shop.de\/#website","url":"https:\/\/www.ancora-shop.de\/","name":"ANCORA Onlineshop","description":"","potentialAction":[{"@type":"SearchAction","target":{"@type":"EntryPoint","urlTemplate":"https:\/\/www.ancora-shop.de\/?s={search_term_string}"},"query-input":{"@type":"PropertyValueSpecification","valueRequired":true,"valueName":"search_term_string"}}],"inLanguage":"de"}]}},"_links":{"self":[{"href":"https:\/\/www.ancora-shop.de\/de\/wp-json\/wp\/v2\/product\/75951","targetHints":{"allow":["GET"]}}],"collection":[{"href":"https:\/\/www.ancora-shop.de\/de\/wp-json\/wp\/v2\/product"}],"about":[{"href":"https:\/\/www.ancora-shop.de\/de\/wp-json\/wp\/v2\/types\/product"}],"wp:featuredmedia":[{"embeddable":true,"href":"https:\/\/www.ancora-shop.de\/de\/wp-json\/wp\/v2\/media\/76186"}],"wp:attachment":[{"href":"https:\/\/www.ancora-shop.de\/de\/wp-json\/wp\/v2\/media?parent=75951"}],"wp:term":[{"taxonomy":"product_brand","embeddable":true,"href":"https:\/\/www.ancora-shop.de\/de\/wp-json\/wp\/v2\/product_brand?post=75951"},{"taxonomy":"product_cat","embeddable":true,"href":"https:\/\/www.ancora-shop.de\/de\/wp-json\/wp\/v2\/product_cat?post=75951"},{"taxonomy":"product_tag","embeddable":true,"href":"https:\/\/www.ancora-shop.de\/de\/wp-json\/wp\/v2\/product_tag?post=75951"}],"curies":[{"name":"wp","href":"https:\/\/api.w.org\/{rel}","templated":true}]}}