{"id":75722,"date":"2025-04-11T14:40:39","date_gmt":"2025-04-11T12:40:39","guid":{"rendered":"https:\/\/www.ancora-shop.de\/?post_type=product&#038;p=75722"},"modified":"2026-02-22T11:10:12","modified_gmt":"2026-02-22T10:10:12","slug":"kleid-modell-symphonie","status":"publish","type":"product","link":"https:\/\/www.ancora-shop.de\/de\/produkt\/kleid-modell-symphonie\/","title":{"rendered":"Kleid Modell Symphony"},"content":{"rendered":"<p><strong>\u00a0<\/strong><\/p>\n<ul>\n<li>Hemdblusenkleid SYMPHONY \u2013 sommerliche Leichtigkeit kombiniert mit modischem Statement<\/li>\n<li>Schmaler Stehkragen, der umgeschlagen zum V-Ausschnitt wird<\/li>\n<li>Sportlich &amp; feminin zugleich<\/li>\n<li>Durchgehende Knopfleiste<\/li>\n<li>Vorne schr\u00e4g gesetzte Teilungsnacht im Taillenbereich<\/li>\n<li>Integriertes Zugband zur individuellen Taillenbetonung<\/li>\n<li>Hinten leicht erh\u00f6hte Quernaht<\/li>\n<li>Seitliche Eingriff-Taschen<\/li>\n<li>3-4 \u00c4rmel mit Teilungsnaht in angesagter Ballonform und elastischem Abschlu\u00df<\/li>\n<li>Herrlich angenehm, leicht elastische Baumwoll-Qualit\u00e4t<\/li>\n<li>Auff\u00e4lliges, abstraktes Allover-Muster<\/li>\n<li>Erh\u00e4ltlich in drei stylischen Farbvarianten: Schwarz, Maliblue und Lemon<\/li>\n<li>Vielseitig kombinierbar \u2013 ideal f\u00fcr Alltag, B\u00fcro oder Freizeit<\/li>\n<li>Made in Italy<\/li>\n<\/ul>","protected":false},"excerpt":{"rendered":"<p>\u00a0 Hemdblusenkleid SYMPHONY \u2013 sommerliche Leichtigkeit kombiniert mit modischem Statement Schmaler Stehkragen, der umgeschlagen zum V-Ausschnitt wird Sportlich &amp; feminin zugleich Durchgehende Knopfleiste Vorne schr\u00e4g gesetzte Teilungsnacht im Taillenbereich Integriertes Zugband zur individuellen Taillenbetonung Hinten leicht erh\u00f6hte Quernaht Seitliche Eingriff-Taschen 3-4 \u00c4rmel mit Teilungsnaht in angesagter Ballonform und elastischem Abschlu\u00df Herrlich angenehm, leicht elastische Baumwoll-Qualit\u00e4t [&#8230;]\n","protected":false},"featured_media":75733,"template":"","meta":[],"product_brand":[],"product_cat":[253],"product_tag":[],"class_list":{"0":"post-75722","1":"product","2":"type-product","3":"status-publish","4":"has-post-thumbnail","6":"product_cat-sale-f-s","8":"first","9":"instock","10":"sale","11":"taxable","12":"shipping-taxable","13":"purchasable","14":"product-type-variable"},"supplier_id":null,"supplier_sku":"","barcode":null,"atum_controlled":true,"out_stock_date":null,"out_stock_threshold":null,"inheritable":true,"inbound_stock":0,"stock_on_hold":0,"sold_today":0,"sales_last_days":2,"reserved_stock":0,"customer_returns":0,"warehouse_damage":0,"lost_in_post":0,"other_logs":0,"out_stock_days":0,"lost_sales":0,"has_location":false,"update_date":"2026-03-06T12:43:06","atum_locations":[],"atum_stock_status":"instock","restock_status":false,"low_stock_amount":"","sales_update_date":"2025-06-12T08:10:31","calc_backorders":null,"yoast_head":"<!-- This site is optimized with the Yoast SEO plugin v27.6 - https:\/\/yoast.com\/product\/yoast-seo-wordpress\/ -->\n<title>Kleid Modell Symphony - ANCORA Onlineshop<\/title>\n<meta name=\"robots\" content=\"index, follow, max-snippet:-1, max-image-preview:large, max-video-preview:-1\" \/>\n<link rel=\"canonical\" href=\"https:\/\/www.ancora-shop.de\/de\/produkt\/kleid-modell-symphonie\/\" \/>\n<meta property=\"og:locale\" content=\"de_DE\" \/>\n<meta property=\"og:type\" content=\"article\" \/>\n<meta property=\"og:title\" content=\"Kleid Modell Symphony - ANCORA Onlineshop\" \/>\n<meta property=\"og:description\" content=\"\u00a0 Hemdblusenkleid SYMPHONY \u2013 sommerliche Leichtigkeit kombiniert mit modischem Statement Schmaler Stehkragen, der umgeschlagen zum V-Ausschnitt wird Sportlich &amp; feminin zugleich Durchgehende Knopfleiste Vorne schr\u00e4g gesetzte Teilungsnacht im Taillenbereich Integriertes Zugband zur individuellen Taillenbetonung Hinten leicht erh\u00f6hte Quernaht Seitliche Eingriff-Taschen 3-4 \u00c4rmel mit Teilungsnaht in angesagter Ballonform und elastischem Abschlu\u00df Herrlich angenehm, leicht elastische Baumwoll-Qualit\u00e4t [...]\" \/>\n<meta property=\"og:url\" content=\"https:\/\/www.ancora-shop.de\/de\/produkt\/kleid-modell-symphonie\/\" \/>\n<meta property=\"og:site_name\" content=\"ANCORA Onlineshop\" \/>\n<meta property=\"article:modified_time\" content=\"2026-02-22T10:10:12+00:00\" \/>\n<meta property=\"og:image\" content=\"https:\/\/www.ancora-shop.de\/wp-content\/uploads\/2025\/04\/SYMPHONY-AFLM-1.jpg\" \/>\n\t<meta property=\"og:image:width\" content=\"1067\" \/>\n\t<meta property=\"og:image:height\" content=\"1423\" \/>\n\t<meta property=\"og:image:type\" content=\"image\/jpeg\" \/>\n<meta name=\"twitter:card\" content=\"summary_large_image\" \/>\n<meta name=\"twitter:label1\" content=\"Gesch\u00e4tzte Lesezeit\" \/>\n\t<meta name=\"twitter:data1\" content=\"1\u00a0Minute\" \/>\n<script type=\"application\/ld+json\" class=\"yoast-schema-graph\">{\"@context\":\"https:\\\/\\\/schema.org\",\"@graph\":[{\"@type\":\"WebPage\",\"@id\":\"https:\\\/\\\/www.ancora-shop.de\\\/produkt\\\/kleid-modell-symphonie\\\/\",\"url\":\"https:\\\/\\\/www.ancora-shop.de\\\/produkt\\\/kleid-modell-symphonie\\\/\",\"name\":\"Kleid Modell Symphony - ANCORA Onlineshop\",\"isPartOf\":{\"@id\":\"https:\\\/\\\/www.ancora-shop.de\\\/#website\"},\"primaryImageOfPage\":{\"@id\":\"https:\\\/\\\/www.ancora-shop.de\\\/produkt\\\/kleid-modell-symphonie\\\/#primaryimage\"},\"image\":{\"@id\":\"https:\\\/\\\/www.ancora-shop.de\\\/produkt\\\/kleid-modell-symphonie\\\/#primaryimage\"},\"thumbnailUrl\":\"https:\\\/\\\/www.ancora-shop.de\\\/wp-content\\\/uploads\\\/2025\\\/04\\\/SYMPHONY-AFLM-1.jpg\",\"datePublished\":\"2025-04-11T12:40:39+00:00\",\"dateModified\":\"2026-02-22T10:10:12+00:00\",\"breadcrumb\":{\"@id\":\"https:\\\/\\\/www.ancora-shop.de\\\/produkt\\\/kleid-modell-symphonie\\\/#breadcrumb\"},\"inLanguage\":\"de\",\"potentialAction\":[{\"@type\":\"ReadAction\",\"target\":[\"https:\\\/\\\/www.ancora-shop.de\\\/produkt\\\/kleid-modell-symphonie\\\/\"]}]},{\"@type\":\"ImageObject\",\"inLanguage\":\"de\",\"@id\":\"https:\\\/\\\/www.ancora-shop.de\\\/produkt\\\/kleid-modell-symphonie\\\/#primaryimage\",\"url\":\"https:\\\/\\\/www.ancora-shop.de\\\/wp-content\\\/uploads\\\/2025\\\/04\\\/SYMPHONY-AFLM-1.jpg\",\"contentUrl\":\"https:\\\/\\\/www.ancora-shop.de\\\/wp-content\\\/uploads\\\/2025\\\/04\\\/SYMPHONY-AFLM-1.jpg\",\"width\":1067,\"height\":1423},{\"@type\":\"BreadcrumbList\",\"@id\":\"https:\\\/\\\/www.ancora-shop.de\\\/produkt\\\/kleid-modell-symphonie\\\/#breadcrumb\",\"itemListElement\":[{\"@type\":\"ListItem\",\"position\":1,\"name\":\"Startseite\",\"item\":\"https:\\\/\\\/www.ancora-shop.de\\\/\"},{\"@type\":\"ListItem\",\"position\":2,\"name\":\"Shop\",\"item\":\"https:\\\/\\\/www.ancora-shop.de\\\/shop\\\/\"},{\"@type\":\"ListItem\",\"position\":3,\"name\":\"Kleid Modell Symphony\"}]},{\"@type\":\"WebSite\",\"@id\":\"https:\\\/\\\/www.ancora-shop.de\\\/#website\",\"url\":\"https:\\\/\\\/www.ancora-shop.de\\\/\",\"name\":\"ANCORA Onlineshop\",\"description\":\"\",\"potentialAction\":[{\"@type\":\"SearchAction\",\"target\":{\"@type\":\"EntryPoint\",\"urlTemplate\":\"https:\\\/\\\/www.ancora-shop.de\\\/?s={search_term_string}\"},\"query-input\":{\"@type\":\"PropertyValueSpecification\",\"valueRequired\":true,\"valueName\":\"search_term_string\"}}],\"inLanguage\":\"de\"}]}<\/script>\n<!-- \/ Yoast SEO plugin. -->","yoast_head_json":{"title":"Kleid Modell Symphony - ANCORA Onlineshop","robots":{"index":"index","follow":"follow","max-snippet":"max-snippet:-1","max-image-preview":"max-image-preview:large","max-video-preview":"max-video-preview:-1"},"canonical":"https:\/\/www.ancora-shop.de\/de\/produkt\/kleid-modell-symphonie\/","og_locale":"de_DE","og_type":"article","og_title":"Kleid Modell Symphony - ANCORA Onlineshop","og_description":"\u00a0 Hemdblusenkleid SYMPHONY \u2013 sommerliche Leichtigkeit kombiniert mit modischem Statement Schmaler Stehkragen, der umgeschlagen zum V-Ausschnitt wird Sportlich &amp; feminin zugleich Durchgehende Knopfleiste Vorne schr\u00e4g gesetzte Teilungsnacht im Taillenbereich Integriertes Zugband zur individuellen Taillenbetonung Hinten leicht erh\u00f6hte Quernaht Seitliche Eingriff-Taschen 3-4 \u00c4rmel mit Teilungsnaht in angesagter Ballonform und elastischem Abschlu\u00df Herrlich angenehm, leicht elastische Baumwoll-Qualit\u00e4t [...]","og_url":"https:\/\/www.ancora-shop.de\/de\/produkt\/kleid-modell-symphonie\/","og_site_name":"ANCORA Onlineshop","article_modified_time":"2026-02-22T10:10:12+00:00","og_image":[{"width":1067,"height":1423,"url":"https:\/\/www.ancora-shop.de\/wp-content\/uploads\/2025\/04\/SYMPHONY-AFLM-1.jpg","type":"image\/jpeg"}],"twitter_card":"summary_large_image","twitter_misc":{"Gesch\u00e4tzte Lesezeit":"1\u00a0Minute"},"schema":{"@context":"https:\/\/schema.org","@graph":[{"@type":"WebPage","@id":"https:\/\/www.ancora-shop.de\/produkt\/kleid-modell-symphonie\/","url":"https:\/\/www.ancora-shop.de\/produkt\/kleid-modell-symphonie\/","name":"Kleid Modell Symphony - ANCORA Onlineshop","isPartOf":{"@id":"https:\/\/www.ancora-shop.de\/#website"},"primaryImageOfPage":{"@id":"https:\/\/www.ancora-shop.de\/produkt\/kleid-modell-symphonie\/#primaryimage"},"image":{"@id":"https:\/\/www.ancora-shop.de\/produkt\/kleid-modell-symphonie\/#primaryimage"},"thumbnailUrl":"https:\/\/www.ancora-shop.de\/wp-content\/uploads\/2025\/04\/SYMPHONY-AFLM-1.jpg","datePublished":"2025-04-11T12:40:39+00:00","dateModified":"2026-02-22T10:10:12+00:00","breadcrumb":{"@id":"https:\/\/www.ancora-shop.de\/produkt\/kleid-modell-symphonie\/#breadcrumb"},"inLanguage":"de","potentialAction":[{"@type":"ReadAction","target":["https:\/\/www.ancora-shop.de\/produkt\/kleid-modell-symphonie\/"]}]},{"@type":"ImageObject","inLanguage":"de","@id":"https:\/\/www.ancora-shop.de\/produkt\/kleid-modell-symphonie\/#primaryimage","url":"https:\/\/www.ancora-shop.de\/wp-content\/uploads\/2025\/04\/SYMPHONY-AFLM-1.jpg","contentUrl":"https:\/\/www.ancora-shop.de\/wp-content\/uploads\/2025\/04\/SYMPHONY-AFLM-1.jpg","width":1067,"height":1423},{"@type":"BreadcrumbList","@id":"https:\/\/www.ancora-shop.de\/produkt\/kleid-modell-symphonie\/#breadcrumb","itemListElement":[{"@type":"ListItem","position":1,"name":"Startseite","item":"https:\/\/www.ancora-shop.de\/"},{"@type":"ListItem","position":2,"name":"Shop","item":"https:\/\/www.ancora-shop.de\/shop\/"},{"@type":"ListItem","position":3,"name":"Kleid Modell Symphony"}]},{"@type":"WebSite","@id":"https:\/\/www.ancora-shop.de\/#website","url":"https:\/\/www.ancora-shop.de\/","name":"ANCORA Onlineshop","description":"","potentialAction":[{"@type":"SearchAction","target":{"@type":"EntryPoint","urlTemplate":"https:\/\/www.ancora-shop.de\/?s={search_term_string}"},"query-input":{"@type":"PropertyValueSpecification","valueRequired":true,"valueName":"search_term_string"}}],"inLanguage":"de"}]}},"_links":{"self":[{"href":"https:\/\/www.ancora-shop.de\/de\/wp-json\/wp\/v2\/product\/75722","targetHints":{"allow":["GET"]}}],"collection":[{"href":"https:\/\/www.ancora-shop.de\/de\/wp-json\/wp\/v2\/product"}],"about":[{"href":"https:\/\/www.ancora-shop.de\/de\/wp-json\/wp\/v2\/types\/product"}],"wp:featuredmedia":[{"embeddable":true,"href":"https:\/\/www.ancora-shop.de\/de\/wp-json\/wp\/v2\/media\/75733"}],"wp:attachment":[{"href":"https:\/\/www.ancora-shop.de\/de\/wp-json\/wp\/v2\/media?parent=75722"}],"wp:term":[{"taxonomy":"product_brand","embeddable":true,"href":"https:\/\/www.ancora-shop.de\/de\/wp-json\/wp\/v2\/product_brand?post=75722"},{"taxonomy":"product_cat","embeddable":true,"href":"https:\/\/www.ancora-shop.de\/de\/wp-json\/wp\/v2\/product_cat?post=75722"},{"taxonomy":"product_tag","embeddable":true,"href":"https:\/\/www.ancora-shop.de\/de\/wp-json\/wp\/v2\/product_tag?post=75722"}],"curies":[{"name":"wp","href":"https:\/\/api.w.org\/{rel}","templated":true}]}}