{"id":75667,"date":"2025-04-09T18:15:47","date_gmt":"2025-04-09T16:15:47","guid":{"rendered":"https:\/\/www.ancora-shop.de\/?post_type=product&#038;p=75667"},"modified":"2026-03-17T14:35:42","modified_gmt":"2026-03-17T13:35:42","slug":"blazer-modell-natalie","status":"publish","type":"product","link":"https:\/\/www.ancora-shop.de\/de\/produkt\/blazer-modell-natalie\/","title":{"rendered":"Blazer Modell Natalie"},"content":{"rendered":"<ul>\n<li>Klassisch geschnittener Blazer aus Viscose-Leinen-Mix, der durch seine nat\u00fcrliche Struktur und die soften Farben stilvolle Leichtigkeit ausstrahlt<\/li>\n<li>Reverskragen<\/li>\n<li>Mit einem Knopf zu schlie\u00dfen<\/li>\n<li>Gerade, leicht verl\u00e4ngerte Pa\u00dfform<\/li>\n<li>Gro\u00dfz\u00fcgige, aufgesetzte Taschen<\/li>\n<li>\u00c4rmel auch zum Krempeln \u2013 f\u00fcr einen l\u00e4ssigeren Look<\/li>\n<li>Weiche strukturierte Qualit\u00e4t aus Viscose und Leinen<\/li>\n<li>Erh\u00e4ltlich in zwei soften Naturt\u00f6nen passend zur Kollektion<\/li>\n<li>Vielseitig kombinierbar mit der Weste, dem Wickelrock und den verschiedenen Hosen-Modellen dieses Viscose-Leinen-Programms<\/li>\n<li>Made in Italy<\/li>\n<\/ul>","protected":false},"excerpt":{"rendered":"<p>Klassisch geschnittener Blazer aus Viscose-Leinen-Mix, der durch seine nat\u00fcrliche Struktur und die soften Farben stilvolle Leichtigkeit ausstrahlt Reverskragen Mit einem Knopf zu schlie\u00dfen Gerade, leicht verl\u00e4ngerte Pa\u00dfform Gro\u00dfz\u00fcgige, aufgesetzte Taschen \u00c4rmel auch zum Krempeln \u2013 f\u00fcr einen l\u00e4ssigeren Look Weiche strukturierte Qualit\u00e4t aus Viscose und Leinen Erh\u00e4ltlich in zwei soften Naturt\u00f6nen passend zur Kollektion Vielseitig [&#8230;]\n","protected":false},"featured_media":75717,"template":"","meta":[],"product_brand":[],"product_cat":[253],"product_tag":[],"class_list":{"0":"post-75667","1":"product","2":"type-product","3":"status-publish","4":"has-post-thumbnail","6":"product_cat-sale-f-s","8":"first","9":"instock","10":"sale","11":"taxable","12":"shipping-taxable","13":"purchasable","14":"product-type-variable"},"supplier_id":null,"supplier_sku":"","barcode":null,"atum_controlled":true,"out_stock_date":null,"out_stock_threshold":null,"inheritable":true,"inbound_stock":0,"stock_on_hold":2,"sold_today":0,"sales_last_days":0,"reserved_stock":0,"customer_returns":0,"warehouse_damage":0,"lost_in_post":0,"other_logs":0,"out_stock_days":0,"lost_sales":0,"has_location":false,"update_date":"2026-03-24T12:51:43","atum_locations":[],"atum_stock_status":"instock","restock_status":false,"low_stock_amount":"","sales_update_date":"2026-03-24T12:51:43","calc_backorders":null,"yoast_head":"<!-- This site is optimized with the Yoast SEO plugin v27.6 - https:\/\/yoast.com\/product\/yoast-seo-wordpress\/ -->\n<title>Blazer Modell Natalie - ANCORA Onlineshop<\/title>\n<meta name=\"robots\" content=\"index, follow, max-snippet:-1, max-image-preview:large, max-video-preview:-1\" \/>\n<link rel=\"canonical\" href=\"https:\/\/www.ancora-shop.de\/de\/produkt\/blazer-modell-natalie\/\" \/>\n<meta property=\"og:locale\" content=\"de_DE\" \/>\n<meta property=\"og:type\" content=\"article\" \/>\n<meta property=\"og:title\" content=\"Blazer Modell Natalie - ANCORA Onlineshop\" \/>\n<meta property=\"og:description\" content=\"Klassisch geschnittener Blazer aus Viscose-Leinen-Mix, der durch seine nat\u00fcrliche Struktur und die soften Farben stilvolle Leichtigkeit ausstrahlt Reverskragen Mit einem Knopf zu schlie\u00dfen Gerade, leicht verl\u00e4ngerte Pa\u00dfform Gro\u00dfz\u00fcgige, aufgesetzte Taschen \u00c4rmel auch zum Krempeln \u2013 f\u00fcr einen l\u00e4ssigeren Look Weiche strukturierte Qualit\u00e4t aus Viscose und Leinen Erh\u00e4ltlich in zwei soften Naturt\u00f6nen passend zur Kollektion Vielseitig [...]\" \/>\n<meta property=\"og:url\" content=\"https:\/\/www.ancora-shop.de\/de\/produkt\/blazer-modell-natalie\/\" \/>\n<meta property=\"og:site_name\" content=\"ANCORA Onlineshop\" \/>\n<meta property=\"article:modified_time\" content=\"2026-03-17T13:35:42+00:00\" \/>\n<meta property=\"og:image\" content=\"https:\/\/www.ancora-shop.de\/wp-content\/uploads\/2025\/04\/NATALIE-CM-2.jpg\" \/>\n\t<meta property=\"og:image:width\" content=\"1067\" \/>\n\t<meta property=\"og:image:height\" content=\"1423\" \/>\n\t<meta property=\"og:image:type\" content=\"image\/jpeg\" \/>\n<meta name=\"twitter:card\" content=\"summary_large_image\" \/>\n<meta name=\"twitter:label1\" content=\"Gesch\u00e4tzte Lesezeit\" \/>\n\t<meta name=\"twitter:data1\" content=\"1\u00a0Minute\" \/>\n<script type=\"application\/ld+json\" class=\"yoast-schema-graph\">{\"@context\":\"https:\\\/\\\/schema.org\",\"@graph\":[{\"@type\":\"WebPage\",\"@id\":\"https:\\\/\\\/www.ancora-shop.de\\\/produkt\\\/blazer-modell-natalie\\\/\",\"url\":\"https:\\\/\\\/www.ancora-shop.de\\\/produkt\\\/blazer-modell-natalie\\\/\",\"name\":\"Blazer Modell Natalie - ANCORA Onlineshop\",\"isPartOf\":{\"@id\":\"https:\\\/\\\/www.ancora-shop.de\\\/#website\"},\"primaryImageOfPage\":{\"@id\":\"https:\\\/\\\/www.ancora-shop.de\\\/produkt\\\/blazer-modell-natalie\\\/#primaryimage\"},\"image\":{\"@id\":\"https:\\\/\\\/www.ancora-shop.de\\\/produkt\\\/blazer-modell-natalie\\\/#primaryimage\"},\"thumbnailUrl\":\"https:\\\/\\\/www.ancora-shop.de\\\/wp-content\\\/uploads\\\/2025\\\/04\\\/NATALIE-CM-2.jpg\",\"datePublished\":\"2025-04-09T16:15:47+00:00\",\"dateModified\":\"2026-03-17T13:35:42+00:00\",\"breadcrumb\":{\"@id\":\"https:\\\/\\\/www.ancora-shop.de\\\/produkt\\\/blazer-modell-natalie\\\/#breadcrumb\"},\"inLanguage\":\"de\",\"potentialAction\":[{\"@type\":\"ReadAction\",\"target\":[\"https:\\\/\\\/www.ancora-shop.de\\\/produkt\\\/blazer-modell-natalie\\\/\"]}]},{\"@type\":\"ImageObject\",\"inLanguage\":\"de\",\"@id\":\"https:\\\/\\\/www.ancora-shop.de\\\/produkt\\\/blazer-modell-natalie\\\/#primaryimage\",\"url\":\"https:\\\/\\\/www.ancora-shop.de\\\/wp-content\\\/uploads\\\/2025\\\/04\\\/NATALIE-CM-2.jpg\",\"contentUrl\":\"https:\\\/\\\/www.ancora-shop.de\\\/wp-content\\\/uploads\\\/2025\\\/04\\\/NATALIE-CM-2.jpg\",\"width\":1067,\"height\":1423},{\"@type\":\"BreadcrumbList\",\"@id\":\"https:\\\/\\\/www.ancora-shop.de\\\/produkt\\\/blazer-modell-natalie\\\/#breadcrumb\",\"itemListElement\":[{\"@type\":\"ListItem\",\"position\":1,\"name\":\"Startseite\",\"item\":\"https:\\\/\\\/www.ancora-shop.de\\\/\"},{\"@type\":\"ListItem\",\"position\":2,\"name\":\"Shop\",\"item\":\"https:\\\/\\\/www.ancora-shop.de\\\/shop\\\/\"},{\"@type\":\"ListItem\",\"position\":3,\"name\":\"Blazer Modell Natalie\"}]},{\"@type\":\"WebSite\",\"@id\":\"https:\\\/\\\/www.ancora-shop.de\\\/#website\",\"url\":\"https:\\\/\\\/www.ancora-shop.de\\\/\",\"name\":\"ANCORA Onlineshop\",\"description\":\"\",\"potentialAction\":[{\"@type\":\"SearchAction\",\"target\":{\"@type\":\"EntryPoint\",\"urlTemplate\":\"https:\\\/\\\/www.ancora-shop.de\\\/?s={search_term_string}\"},\"query-input\":{\"@type\":\"PropertyValueSpecification\",\"valueRequired\":true,\"valueName\":\"search_term_string\"}}],\"inLanguage\":\"de\"}]}<\/script>\n<!-- \/ Yoast SEO plugin. -->","yoast_head_json":{"title":"Blazer Modell Natalie - ANCORA Onlineshop","robots":{"index":"index","follow":"follow","max-snippet":"max-snippet:-1","max-image-preview":"max-image-preview:large","max-video-preview":"max-video-preview:-1"},"canonical":"https:\/\/www.ancora-shop.de\/de\/produkt\/blazer-modell-natalie\/","og_locale":"de_DE","og_type":"article","og_title":"Blazer Modell Natalie - ANCORA Onlineshop","og_description":"Klassisch geschnittener Blazer aus Viscose-Leinen-Mix, der durch seine nat\u00fcrliche Struktur und die soften Farben stilvolle Leichtigkeit ausstrahlt Reverskragen Mit einem Knopf zu schlie\u00dfen Gerade, leicht verl\u00e4ngerte Pa\u00dfform Gro\u00dfz\u00fcgige, aufgesetzte Taschen \u00c4rmel auch zum Krempeln \u2013 f\u00fcr einen l\u00e4ssigeren Look Weiche strukturierte Qualit\u00e4t aus Viscose und Leinen Erh\u00e4ltlich in zwei soften Naturt\u00f6nen passend zur Kollektion Vielseitig [...]","og_url":"https:\/\/www.ancora-shop.de\/de\/produkt\/blazer-modell-natalie\/","og_site_name":"ANCORA Onlineshop","article_modified_time":"2026-03-17T13:35:42+00:00","og_image":[{"width":1067,"height":1423,"url":"https:\/\/www.ancora-shop.de\/wp-content\/uploads\/2025\/04\/NATALIE-CM-2.jpg","type":"image\/jpeg"}],"twitter_card":"summary_large_image","twitter_misc":{"Gesch\u00e4tzte Lesezeit":"1\u00a0Minute"},"schema":{"@context":"https:\/\/schema.org","@graph":[{"@type":"WebPage","@id":"https:\/\/www.ancora-shop.de\/produkt\/blazer-modell-natalie\/","url":"https:\/\/www.ancora-shop.de\/produkt\/blazer-modell-natalie\/","name":"Blazer Modell Natalie - ANCORA Onlineshop","isPartOf":{"@id":"https:\/\/www.ancora-shop.de\/#website"},"primaryImageOfPage":{"@id":"https:\/\/www.ancora-shop.de\/produkt\/blazer-modell-natalie\/#primaryimage"},"image":{"@id":"https:\/\/www.ancora-shop.de\/produkt\/blazer-modell-natalie\/#primaryimage"},"thumbnailUrl":"https:\/\/www.ancora-shop.de\/wp-content\/uploads\/2025\/04\/NATALIE-CM-2.jpg","datePublished":"2025-04-09T16:15:47+00:00","dateModified":"2026-03-17T13:35:42+00:00","breadcrumb":{"@id":"https:\/\/www.ancora-shop.de\/produkt\/blazer-modell-natalie\/#breadcrumb"},"inLanguage":"de","potentialAction":[{"@type":"ReadAction","target":["https:\/\/www.ancora-shop.de\/produkt\/blazer-modell-natalie\/"]}]},{"@type":"ImageObject","inLanguage":"de","@id":"https:\/\/www.ancora-shop.de\/produkt\/blazer-modell-natalie\/#primaryimage","url":"https:\/\/www.ancora-shop.de\/wp-content\/uploads\/2025\/04\/NATALIE-CM-2.jpg","contentUrl":"https:\/\/www.ancora-shop.de\/wp-content\/uploads\/2025\/04\/NATALIE-CM-2.jpg","width":1067,"height":1423},{"@type":"BreadcrumbList","@id":"https:\/\/www.ancora-shop.de\/produkt\/blazer-modell-natalie\/#breadcrumb","itemListElement":[{"@type":"ListItem","position":1,"name":"Startseite","item":"https:\/\/www.ancora-shop.de\/"},{"@type":"ListItem","position":2,"name":"Shop","item":"https:\/\/www.ancora-shop.de\/shop\/"},{"@type":"ListItem","position":3,"name":"Blazer Modell Natalie"}]},{"@type":"WebSite","@id":"https:\/\/www.ancora-shop.de\/#website","url":"https:\/\/www.ancora-shop.de\/","name":"ANCORA Onlineshop","description":"","potentialAction":[{"@type":"SearchAction","target":{"@type":"EntryPoint","urlTemplate":"https:\/\/www.ancora-shop.de\/?s={search_term_string}"},"query-input":{"@type":"PropertyValueSpecification","valueRequired":true,"valueName":"search_term_string"}}],"inLanguage":"de"}]}},"_links":{"self":[{"href":"https:\/\/www.ancora-shop.de\/de\/wp-json\/wp\/v2\/product\/75667","targetHints":{"allow":["GET"]}}],"collection":[{"href":"https:\/\/www.ancora-shop.de\/de\/wp-json\/wp\/v2\/product"}],"about":[{"href":"https:\/\/www.ancora-shop.de\/de\/wp-json\/wp\/v2\/types\/product"}],"wp:featuredmedia":[{"embeddable":true,"href":"https:\/\/www.ancora-shop.de\/de\/wp-json\/wp\/v2\/media\/75717"}],"wp:attachment":[{"href":"https:\/\/www.ancora-shop.de\/de\/wp-json\/wp\/v2\/media?parent=75667"}],"wp:term":[{"taxonomy":"product_brand","embeddable":true,"href":"https:\/\/www.ancora-shop.de\/de\/wp-json\/wp\/v2\/product_brand?post=75667"},{"taxonomy":"product_cat","embeddable":true,"href":"https:\/\/www.ancora-shop.de\/de\/wp-json\/wp\/v2\/product_cat?post=75667"},{"taxonomy":"product_tag","embeddable":true,"href":"https:\/\/www.ancora-shop.de\/de\/wp-json\/wp\/v2\/product_tag?post=75667"}],"curies":[{"name":"wp","href":"https:\/\/api.w.org\/{rel}","templated":true}]}}