{"id":75570,"date":"2025-04-09T13:46:03","date_gmt":"2025-04-09T11:46:03","guid":{"rendered":"https:\/\/www.ancora-shop.de\/?post_type=product&#038;p=75570"},"modified":"2026-01-04T17:08:06","modified_gmt":"2026-01-04T16:08:06","slug":"rock-modell-thea","status":"publish","type":"product","link":"https:\/\/www.ancora-shop.de\/de\/produkt\/rock-modell-thea\/","title":{"rendered":"Rock Modell Thea"},"content":{"rendered":"<p><strong>\u00a0<\/strong><\/p>\n<ul>\n<li>Sportlich und doch feminin: Dieser Wickel-Rock aus Viscose-Leinen besticht durch seine klare Form und die markante Tasche als Detail<\/li>\n<li>Wickeloptik mit asymmetrischem Seitenabschlu\u00df und Saumverlauf<\/li>\n<li>Breiter, glatter Bund f\u00fcr eine sch\u00f6ne Silhouette<\/li>\n<li>Gro\u00dfe aufgesetzte Klappentasche als Hingucker<\/li>\n<li>Hinten elastischer Bund f\u00fcr eine perfekte Passform<\/li>\n<li>Weicher Leinen-Viscose-Mix mit flie\u00dfendem Fall<\/li>\n<li>Aktuelle Midi-L\u00e4nge<\/li>\n<li>Ideal kombinierbar mit Bluse, Shirt, West oder Blazer der Kollektion<\/li>\n<li>Perfekter Mix aus Komfort und modernem Look<\/li>\n<li>Made in Italy<\/li>\n<\/ul>","protected":false},"excerpt":{"rendered":"<p>\u00a0 Sportlich und doch feminin: Dieser Wickel-Rock aus Viscose-Leinen besticht durch seine klare Form und die markante Tasche als Detail Wickeloptik mit asymmetrischem Seitenabschlu\u00df und Saumverlauf Breiter, glatter Bund f\u00fcr eine sch\u00f6ne Silhouette Gro\u00dfe aufgesetzte Klappentasche als Hingucker Hinten elastischer Bund f\u00fcr eine perfekte Passform Weicher Leinen-Viscose-Mix mit flie\u00dfendem Fall Aktuelle Midi-L\u00e4nge Ideal kombinierbar mit [&#8230;]\n","protected":false},"featured_media":75591,"template":"","meta":[],"product_brand":[],"product_cat":[253],"product_tag":[],"class_list":{"0":"post-75570","1":"product","2":"type-product","3":"status-publish","4":"has-post-thumbnail","6":"product_cat-sale-f-s","8":"first","9":"instock","10":"sale","11":"taxable","12":"shipping-taxable","13":"purchasable","14":"product-type-variable"},"supplier_id":null,"supplier_sku":"","barcode":null,"atum_controlled":true,"out_stock_date":null,"out_stock_threshold":null,"inheritable":true,"inbound_stock":0,"stock_on_hold":0,"sold_today":0,"sales_last_days":0,"reserved_stock":0,"customer_returns":0,"warehouse_damage":0,"lost_in_post":0,"other_logs":0,"out_stock_days":null,"lost_sales":0,"has_location":false,"update_date":"2026-02-24T11:14:08","atum_locations":[],"atum_stock_status":"instock","restock_status":false,"low_stock_amount":"","sales_update_date":"2025-06-12T08:10:33","calc_backorders":null,"yoast_head":"<!-- This site is optimized with the Yoast SEO plugin v27.6 - https:\/\/yoast.com\/product\/yoast-seo-wordpress\/ -->\n<title>Rock Modell Thea - ANCORA Onlineshop<\/title>\n<meta name=\"robots\" content=\"index, follow, max-snippet:-1, max-image-preview:large, max-video-preview:-1\" \/>\n<link rel=\"canonical\" href=\"https:\/\/www.ancora-shop.de\/de\/produkt\/rock-modell-thea\/\" \/>\n<meta property=\"og:locale\" content=\"de_DE\" \/>\n<meta property=\"og:type\" content=\"article\" \/>\n<meta property=\"og:title\" content=\"Rock Modell Thea - ANCORA Onlineshop\" \/>\n<meta property=\"og:description\" content=\"\u00a0 Sportlich und doch feminin: Dieser Wickel-Rock aus Viscose-Leinen besticht durch seine klare Form und die markante Tasche als Detail Wickeloptik mit asymmetrischem Seitenabschlu\u00df und Saumverlauf Breiter, glatter Bund f\u00fcr eine sch\u00f6ne Silhouette Gro\u00dfe aufgesetzte Klappentasche als Hingucker Hinten elastischer Bund f\u00fcr eine perfekte Passform Weicher Leinen-Viscose-Mix mit flie\u00dfendem Fall Aktuelle Midi-L\u00e4nge Ideal kombinierbar mit [...]\" \/>\n<meta property=\"og:url\" content=\"https:\/\/www.ancora-shop.de\/de\/produkt\/rock-modell-thea\/\" \/>\n<meta property=\"og:site_name\" content=\"ANCORA Onlineshop\" \/>\n<meta property=\"article:modified_time\" content=\"2026-01-04T16:08:06+00:00\" \/>\n<meta property=\"og:image\" content=\"https:\/\/www.ancora-shop.de\/wp-content\/uploads\/2025\/04\/THEA-CM-1.jpg\" \/>\n\t<meta property=\"og:image:width\" content=\"1067\" \/>\n\t<meta property=\"og:image:height\" content=\"1601\" \/>\n\t<meta property=\"og:image:type\" content=\"image\/jpeg\" \/>\n<meta name=\"twitter:card\" content=\"summary_large_image\" \/>\n<meta name=\"twitter:label1\" content=\"Gesch\u00e4tzte Lesezeit\" \/>\n\t<meta name=\"twitter:data1\" content=\"1\u00a0Minute\" \/>\n<script type=\"application\/ld+json\" class=\"yoast-schema-graph\">{\"@context\":\"https:\\\/\\\/schema.org\",\"@graph\":[{\"@type\":\"WebPage\",\"@id\":\"https:\\\/\\\/www.ancora-shop.de\\\/produkt\\\/rock-modell-thea\\\/\",\"url\":\"https:\\\/\\\/www.ancora-shop.de\\\/produkt\\\/rock-modell-thea\\\/\",\"name\":\"Rock Modell Thea - ANCORA Onlineshop\",\"isPartOf\":{\"@id\":\"https:\\\/\\\/www.ancora-shop.de\\\/#website\"},\"primaryImageOfPage\":{\"@id\":\"https:\\\/\\\/www.ancora-shop.de\\\/produkt\\\/rock-modell-thea\\\/#primaryimage\"},\"image\":{\"@id\":\"https:\\\/\\\/www.ancora-shop.de\\\/produkt\\\/rock-modell-thea\\\/#primaryimage\"},\"thumbnailUrl\":\"https:\\\/\\\/www.ancora-shop.de\\\/wp-content\\\/uploads\\\/2025\\\/04\\\/THEA-CM-1.jpg\",\"datePublished\":\"2025-04-09T11:46:03+00:00\",\"dateModified\":\"2026-01-04T16:08:06+00:00\",\"breadcrumb\":{\"@id\":\"https:\\\/\\\/www.ancora-shop.de\\\/produkt\\\/rock-modell-thea\\\/#breadcrumb\"},\"inLanguage\":\"de\",\"potentialAction\":[{\"@type\":\"ReadAction\",\"target\":[\"https:\\\/\\\/www.ancora-shop.de\\\/produkt\\\/rock-modell-thea\\\/\"]}]},{\"@type\":\"ImageObject\",\"inLanguage\":\"de\",\"@id\":\"https:\\\/\\\/www.ancora-shop.de\\\/produkt\\\/rock-modell-thea\\\/#primaryimage\",\"url\":\"https:\\\/\\\/www.ancora-shop.de\\\/wp-content\\\/uploads\\\/2025\\\/04\\\/THEA-CM-1.jpg\",\"contentUrl\":\"https:\\\/\\\/www.ancora-shop.de\\\/wp-content\\\/uploads\\\/2025\\\/04\\\/THEA-CM-1.jpg\",\"width\":1067,\"height\":1601},{\"@type\":\"BreadcrumbList\",\"@id\":\"https:\\\/\\\/www.ancora-shop.de\\\/produkt\\\/rock-modell-thea\\\/#breadcrumb\",\"itemListElement\":[{\"@type\":\"ListItem\",\"position\":1,\"name\":\"Startseite\",\"item\":\"https:\\\/\\\/www.ancora-shop.de\\\/\"},{\"@type\":\"ListItem\",\"position\":2,\"name\":\"Shop\",\"item\":\"https:\\\/\\\/www.ancora-shop.de\\\/shop\\\/\"},{\"@type\":\"ListItem\",\"position\":3,\"name\":\"Rock Modell Thea\"}]},{\"@type\":\"WebSite\",\"@id\":\"https:\\\/\\\/www.ancora-shop.de\\\/#website\",\"url\":\"https:\\\/\\\/www.ancora-shop.de\\\/\",\"name\":\"ANCORA Onlineshop\",\"description\":\"\",\"potentialAction\":[{\"@type\":\"SearchAction\",\"target\":{\"@type\":\"EntryPoint\",\"urlTemplate\":\"https:\\\/\\\/www.ancora-shop.de\\\/?s={search_term_string}\"},\"query-input\":{\"@type\":\"PropertyValueSpecification\",\"valueRequired\":true,\"valueName\":\"search_term_string\"}}],\"inLanguage\":\"de\"}]}<\/script>\n<!-- \/ Yoast SEO plugin. -->","yoast_head_json":{"title":"Rock Modell Thea - ANCORA Onlineshop","robots":{"index":"index","follow":"follow","max-snippet":"max-snippet:-1","max-image-preview":"max-image-preview:large","max-video-preview":"max-video-preview:-1"},"canonical":"https:\/\/www.ancora-shop.de\/de\/produkt\/rock-modell-thea\/","og_locale":"de_DE","og_type":"article","og_title":"Rock Modell Thea - ANCORA Onlineshop","og_description":"\u00a0 Sportlich und doch feminin: Dieser Wickel-Rock aus Viscose-Leinen besticht durch seine klare Form und die markante Tasche als Detail Wickeloptik mit asymmetrischem Seitenabschlu\u00df und Saumverlauf Breiter, glatter Bund f\u00fcr eine sch\u00f6ne Silhouette Gro\u00dfe aufgesetzte Klappentasche als Hingucker Hinten elastischer Bund f\u00fcr eine perfekte Passform Weicher Leinen-Viscose-Mix mit flie\u00dfendem Fall Aktuelle Midi-L\u00e4nge Ideal kombinierbar mit [...]","og_url":"https:\/\/www.ancora-shop.de\/de\/produkt\/rock-modell-thea\/","og_site_name":"ANCORA Onlineshop","article_modified_time":"2026-01-04T16:08:06+00:00","og_image":[{"width":1067,"height":1601,"url":"https:\/\/www.ancora-shop.de\/wp-content\/uploads\/2025\/04\/THEA-CM-1.jpg","type":"image\/jpeg"}],"twitter_card":"summary_large_image","twitter_misc":{"Gesch\u00e4tzte Lesezeit":"1\u00a0Minute"},"schema":{"@context":"https:\/\/schema.org","@graph":[{"@type":"WebPage","@id":"https:\/\/www.ancora-shop.de\/produkt\/rock-modell-thea\/","url":"https:\/\/www.ancora-shop.de\/produkt\/rock-modell-thea\/","name":"Rock Modell Thea - ANCORA Onlineshop","isPartOf":{"@id":"https:\/\/www.ancora-shop.de\/#website"},"primaryImageOfPage":{"@id":"https:\/\/www.ancora-shop.de\/produkt\/rock-modell-thea\/#primaryimage"},"image":{"@id":"https:\/\/www.ancora-shop.de\/produkt\/rock-modell-thea\/#primaryimage"},"thumbnailUrl":"https:\/\/www.ancora-shop.de\/wp-content\/uploads\/2025\/04\/THEA-CM-1.jpg","datePublished":"2025-04-09T11:46:03+00:00","dateModified":"2026-01-04T16:08:06+00:00","breadcrumb":{"@id":"https:\/\/www.ancora-shop.de\/produkt\/rock-modell-thea\/#breadcrumb"},"inLanguage":"de","potentialAction":[{"@type":"ReadAction","target":["https:\/\/www.ancora-shop.de\/produkt\/rock-modell-thea\/"]}]},{"@type":"ImageObject","inLanguage":"de","@id":"https:\/\/www.ancora-shop.de\/produkt\/rock-modell-thea\/#primaryimage","url":"https:\/\/www.ancora-shop.de\/wp-content\/uploads\/2025\/04\/THEA-CM-1.jpg","contentUrl":"https:\/\/www.ancora-shop.de\/wp-content\/uploads\/2025\/04\/THEA-CM-1.jpg","width":1067,"height":1601},{"@type":"BreadcrumbList","@id":"https:\/\/www.ancora-shop.de\/produkt\/rock-modell-thea\/#breadcrumb","itemListElement":[{"@type":"ListItem","position":1,"name":"Startseite","item":"https:\/\/www.ancora-shop.de\/"},{"@type":"ListItem","position":2,"name":"Shop","item":"https:\/\/www.ancora-shop.de\/shop\/"},{"@type":"ListItem","position":3,"name":"Rock Modell Thea"}]},{"@type":"WebSite","@id":"https:\/\/www.ancora-shop.de\/#website","url":"https:\/\/www.ancora-shop.de\/","name":"ANCORA Onlineshop","description":"","potentialAction":[{"@type":"SearchAction","target":{"@type":"EntryPoint","urlTemplate":"https:\/\/www.ancora-shop.de\/?s={search_term_string}"},"query-input":{"@type":"PropertyValueSpecification","valueRequired":true,"valueName":"search_term_string"}}],"inLanguage":"de"}]}},"_links":{"self":[{"href":"https:\/\/www.ancora-shop.de\/de\/wp-json\/wp\/v2\/product\/75570","targetHints":{"allow":["GET"]}}],"collection":[{"href":"https:\/\/www.ancora-shop.de\/de\/wp-json\/wp\/v2\/product"}],"about":[{"href":"https:\/\/www.ancora-shop.de\/de\/wp-json\/wp\/v2\/types\/product"}],"wp:featuredmedia":[{"embeddable":true,"href":"https:\/\/www.ancora-shop.de\/de\/wp-json\/wp\/v2\/media\/75591"}],"wp:attachment":[{"href":"https:\/\/www.ancora-shop.de\/de\/wp-json\/wp\/v2\/media?parent=75570"}],"wp:term":[{"taxonomy":"product_brand","embeddable":true,"href":"https:\/\/www.ancora-shop.de\/de\/wp-json\/wp\/v2\/product_brand?post=75570"},{"taxonomy":"product_cat","embeddable":true,"href":"https:\/\/www.ancora-shop.de\/de\/wp-json\/wp\/v2\/product_cat?post=75570"},{"taxonomy":"product_tag","embeddable":true,"href":"https:\/\/www.ancora-shop.de\/de\/wp-json\/wp\/v2\/product_tag?post=75570"}],"curies":[{"name":"wp","href":"https:\/\/api.w.org\/{rel}","templated":true}]}}