{"id":75358,"date":"2025-04-08T15:50:02","date_gmt":"2025-04-08T13:50:02","guid":{"rendered":"https:\/\/www.ancora-shop.de\/?post_type=product&#038;p=75358"},"modified":"2026-03-17T14:21:22","modified_gmt":"2026-03-17T13:21:22","slug":"blusenjacke-modell-liss","status":"publish","type":"product","link":"https:\/\/www.ancora-shop.de\/de\/produkt\/blusenjacke-modell-liss\/","title":{"rendered":"Blusenjacke Modell Liss"},"content":{"rendered":"<p><strong>\u00a0<\/strong><\/p>\n<ul>\n<li>L\u00e4ssig, leicht, stilvoll \u2013 diese Blusenjacke \u00fcberzeugt durch ihren reduzierten Schnitt und dezenten Details<\/li>\n<li>Weit geschnitten mit \u00fcberschnittenen Schultern<\/li>\n<li>Verk\u00fcrzte L\u00e4nge f\u00fcr eine moderne Silhouette<\/li>\n<li>Weich fallender Viscosestoff mit dezentem Glanz<\/li>\n<li>Matt schattierte Kn\u00f6pfe entlang der Front<\/li>\n<li>Aufgesetzte Brusttasche als sportives Detail<\/li>\n<li>Locker eingelegte Mittelfalte im R\u00fccken f\u00fcr sch\u00f6ne Bewegung<\/li>\n<li>Halb-Arml\u00e4nge in lockerer Form<\/li>\n<li>Ideal kombinierbar mit passender Hose oder dem Wickelrock in gleichem Material dieses besonderen Viscose-Leinen-Programms<\/li>\n<li>Made in Italy<\/li>\n<\/ul>","protected":false},"excerpt":{"rendered":"<p>\u00a0 L\u00e4ssig, leicht, stilvoll \u2013 diese Blusenjacke \u00fcberzeugt durch ihren reduzierten Schnitt und dezenten Details Weit geschnitten mit \u00fcberschnittenen Schultern Verk\u00fcrzte L\u00e4nge f\u00fcr eine moderne Silhouette Weich fallender Viscosestoff mit dezentem Glanz Matt schattierte Kn\u00f6pfe entlang der Front Aufgesetzte Brusttasche als sportives Detail Locker eingelegte Mittelfalte im R\u00fccken f\u00fcr sch\u00f6ne Bewegung Halb-Arml\u00e4nge in lockerer Form [&#8230;]\n","protected":false},"featured_media":75365,"template":"","meta":[],"product_brand":[],"product_cat":[253],"product_tag":[],"class_list":{"0":"post-75358","1":"product","2":"type-product","3":"status-publish","4":"has-post-thumbnail","6":"product_cat-sale-f-s","8":"first","9":"instock","10":"sale","11":"taxable","12":"shipping-taxable","13":"purchasable","14":"product-type-variable"},"supplier_id":null,"supplier_sku":"","barcode":null,"atum_controlled":true,"out_stock_date":null,"out_stock_threshold":null,"inheritable":true,"inbound_stock":0,"stock_on_hold":0,"sold_today":0,"sales_last_days":1,"reserved_stock":0,"customer_returns":0,"warehouse_damage":0,"lost_in_post":0,"other_logs":0,"out_stock_days":null,"lost_sales":0,"has_location":false,"update_date":"2026-03-17T13:21:23","atum_locations":[],"atum_stock_status":"instock","restock_status":false,"low_stock_amount":"","sales_update_date":"2025-05-06T12:41:58","calc_backorders":null,"yoast_head":"<!-- This site is optimized with the Yoast SEO plugin v27.6 - https:\/\/yoast.com\/product\/yoast-seo-wordpress\/ -->\n<title>Blusenjacke Modell Liss - ANCORA Onlineshop<\/title>\n<meta name=\"robots\" content=\"index, follow, max-snippet:-1, max-image-preview:large, max-video-preview:-1\" \/>\n<link rel=\"canonical\" href=\"https:\/\/www.ancora-shop.de\/de\/produkt\/blusenjacke-modell-liss\/\" \/>\n<meta property=\"og:locale\" content=\"de_DE\" \/>\n<meta property=\"og:type\" content=\"article\" \/>\n<meta property=\"og:title\" content=\"Blusenjacke Modell Liss - ANCORA Onlineshop\" \/>\n<meta property=\"og:description\" content=\"\u00a0 L\u00e4ssig, leicht, stilvoll \u2013 diese Blusenjacke \u00fcberzeugt durch ihren reduzierten Schnitt und dezenten Details Weit geschnitten mit \u00fcberschnittenen Schultern Verk\u00fcrzte L\u00e4nge f\u00fcr eine moderne Silhouette Weich fallender Viscosestoff mit dezentem Glanz Matt schattierte Kn\u00f6pfe entlang der Front Aufgesetzte Brusttasche als sportives Detail Locker eingelegte Mittelfalte im R\u00fccken f\u00fcr sch\u00f6ne Bewegung Halb-Arml\u00e4nge in lockerer Form [...]\" \/>\n<meta property=\"og:url\" content=\"https:\/\/www.ancora-shop.de\/de\/produkt\/blusenjacke-modell-liss\/\" \/>\n<meta property=\"og:site_name\" content=\"ANCORA Onlineshop\" \/>\n<meta property=\"article:modified_time\" content=\"2026-03-17T13:21:22+00:00\" \/>\n<meta property=\"og:image\" content=\"https:\/\/www.ancora-shop.de\/wp-content\/uploads\/2025\/04\/LISS-CM-1.jpg\" \/>\n\t<meta property=\"og:image:width\" content=\"1067\" \/>\n\t<meta property=\"og:image:height\" content=\"1601\" \/>\n\t<meta property=\"og:image:type\" content=\"image\/jpeg\" \/>\n<meta name=\"twitter:card\" content=\"summary_large_image\" \/>\n<meta name=\"twitter:label1\" content=\"Gesch\u00e4tzte Lesezeit\" \/>\n\t<meta name=\"twitter:data1\" content=\"1\u00a0Minute\" \/>\n<script type=\"application\/ld+json\" class=\"yoast-schema-graph\">{\"@context\":\"https:\\\/\\\/schema.org\",\"@graph\":[{\"@type\":\"WebPage\",\"@id\":\"https:\\\/\\\/www.ancora-shop.de\\\/produkt\\\/blusenjacke-modell-liss\\\/\",\"url\":\"https:\\\/\\\/www.ancora-shop.de\\\/produkt\\\/blusenjacke-modell-liss\\\/\",\"name\":\"Blusenjacke Modell Liss - ANCORA Onlineshop\",\"isPartOf\":{\"@id\":\"https:\\\/\\\/www.ancora-shop.de\\\/#website\"},\"primaryImageOfPage\":{\"@id\":\"https:\\\/\\\/www.ancora-shop.de\\\/produkt\\\/blusenjacke-modell-liss\\\/#primaryimage\"},\"image\":{\"@id\":\"https:\\\/\\\/www.ancora-shop.de\\\/produkt\\\/blusenjacke-modell-liss\\\/#primaryimage\"},\"thumbnailUrl\":\"https:\\\/\\\/www.ancora-shop.de\\\/wp-content\\\/uploads\\\/2025\\\/04\\\/LISS-CM-1.jpg\",\"datePublished\":\"2025-04-08T13:50:02+00:00\",\"dateModified\":\"2026-03-17T13:21:22+00:00\",\"breadcrumb\":{\"@id\":\"https:\\\/\\\/www.ancora-shop.de\\\/produkt\\\/blusenjacke-modell-liss\\\/#breadcrumb\"},\"inLanguage\":\"de\",\"potentialAction\":[{\"@type\":\"ReadAction\",\"target\":[\"https:\\\/\\\/www.ancora-shop.de\\\/produkt\\\/blusenjacke-modell-liss\\\/\"]}]},{\"@type\":\"ImageObject\",\"inLanguage\":\"de\",\"@id\":\"https:\\\/\\\/www.ancora-shop.de\\\/produkt\\\/blusenjacke-modell-liss\\\/#primaryimage\",\"url\":\"https:\\\/\\\/www.ancora-shop.de\\\/wp-content\\\/uploads\\\/2025\\\/04\\\/LISS-CM-1.jpg\",\"contentUrl\":\"https:\\\/\\\/www.ancora-shop.de\\\/wp-content\\\/uploads\\\/2025\\\/04\\\/LISS-CM-1.jpg\",\"width\":1067,\"height\":1601},{\"@type\":\"BreadcrumbList\",\"@id\":\"https:\\\/\\\/www.ancora-shop.de\\\/produkt\\\/blusenjacke-modell-liss\\\/#breadcrumb\",\"itemListElement\":[{\"@type\":\"ListItem\",\"position\":1,\"name\":\"Startseite\",\"item\":\"https:\\\/\\\/www.ancora-shop.de\\\/\"},{\"@type\":\"ListItem\",\"position\":2,\"name\":\"Shop\",\"item\":\"https:\\\/\\\/www.ancora-shop.de\\\/shop\\\/\"},{\"@type\":\"ListItem\",\"position\":3,\"name\":\"Blusenjacke Modell Liss\"}]},{\"@type\":\"WebSite\",\"@id\":\"https:\\\/\\\/www.ancora-shop.de\\\/#website\",\"url\":\"https:\\\/\\\/www.ancora-shop.de\\\/\",\"name\":\"ANCORA Onlineshop\",\"description\":\"\",\"potentialAction\":[{\"@type\":\"SearchAction\",\"target\":{\"@type\":\"EntryPoint\",\"urlTemplate\":\"https:\\\/\\\/www.ancora-shop.de\\\/?s={search_term_string}\"},\"query-input\":{\"@type\":\"PropertyValueSpecification\",\"valueRequired\":true,\"valueName\":\"search_term_string\"}}],\"inLanguage\":\"de\"}]}<\/script>\n<!-- \/ Yoast SEO plugin. -->","yoast_head_json":{"title":"Blusenjacke Modell Liss - ANCORA Onlineshop","robots":{"index":"index","follow":"follow","max-snippet":"max-snippet:-1","max-image-preview":"max-image-preview:large","max-video-preview":"max-video-preview:-1"},"canonical":"https:\/\/www.ancora-shop.de\/de\/produkt\/blusenjacke-modell-liss\/","og_locale":"de_DE","og_type":"article","og_title":"Blusenjacke Modell Liss - ANCORA Onlineshop","og_description":"\u00a0 L\u00e4ssig, leicht, stilvoll \u2013 diese Blusenjacke \u00fcberzeugt durch ihren reduzierten Schnitt und dezenten Details Weit geschnitten mit \u00fcberschnittenen Schultern Verk\u00fcrzte L\u00e4nge f\u00fcr eine moderne Silhouette Weich fallender Viscosestoff mit dezentem Glanz Matt schattierte Kn\u00f6pfe entlang der Front Aufgesetzte Brusttasche als sportives Detail Locker eingelegte Mittelfalte im R\u00fccken f\u00fcr sch\u00f6ne Bewegung Halb-Arml\u00e4nge in lockerer Form [...]","og_url":"https:\/\/www.ancora-shop.de\/de\/produkt\/blusenjacke-modell-liss\/","og_site_name":"ANCORA Onlineshop","article_modified_time":"2026-03-17T13:21:22+00:00","og_image":[{"width":1067,"height":1601,"url":"https:\/\/www.ancora-shop.de\/wp-content\/uploads\/2025\/04\/LISS-CM-1.jpg","type":"image\/jpeg"}],"twitter_card":"summary_large_image","twitter_misc":{"Gesch\u00e4tzte Lesezeit":"1\u00a0Minute"},"schema":{"@context":"https:\/\/schema.org","@graph":[{"@type":"WebPage","@id":"https:\/\/www.ancora-shop.de\/produkt\/blusenjacke-modell-liss\/","url":"https:\/\/www.ancora-shop.de\/produkt\/blusenjacke-modell-liss\/","name":"Blusenjacke Modell Liss - ANCORA Onlineshop","isPartOf":{"@id":"https:\/\/www.ancora-shop.de\/#website"},"primaryImageOfPage":{"@id":"https:\/\/www.ancora-shop.de\/produkt\/blusenjacke-modell-liss\/#primaryimage"},"image":{"@id":"https:\/\/www.ancora-shop.de\/produkt\/blusenjacke-modell-liss\/#primaryimage"},"thumbnailUrl":"https:\/\/www.ancora-shop.de\/wp-content\/uploads\/2025\/04\/LISS-CM-1.jpg","datePublished":"2025-04-08T13:50:02+00:00","dateModified":"2026-03-17T13:21:22+00:00","breadcrumb":{"@id":"https:\/\/www.ancora-shop.de\/produkt\/blusenjacke-modell-liss\/#breadcrumb"},"inLanguage":"de","potentialAction":[{"@type":"ReadAction","target":["https:\/\/www.ancora-shop.de\/produkt\/blusenjacke-modell-liss\/"]}]},{"@type":"ImageObject","inLanguage":"de","@id":"https:\/\/www.ancora-shop.de\/produkt\/blusenjacke-modell-liss\/#primaryimage","url":"https:\/\/www.ancora-shop.de\/wp-content\/uploads\/2025\/04\/LISS-CM-1.jpg","contentUrl":"https:\/\/www.ancora-shop.de\/wp-content\/uploads\/2025\/04\/LISS-CM-1.jpg","width":1067,"height":1601},{"@type":"BreadcrumbList","@id":"https:\/\/www.ancora-shop.de\/produkt\/blusenjacke-modell-liss\/#breadcrumb","itemListElement":[{"@type":"ListItem","position":1,"name":"Startseite","item":"https:\/\/www.ancora-shop.de\/"},{"@type":"ListItem","position":2,"name":"Shop","item":"https:\/\/www.ancora-shop.de\/shop\/"},{"@type":"ListItem","position":3,"name":"Blusenjacke Modell Liss"}]},{"@type":"WebSite","@id":"https:\/\/www.ancora-shop.de\/#website","url":"https:\/\/www.ancora-shop.de\/","name":"ANCORA Onlineshop","description":"","potentialAction":[{"@type":"SearchAction","target":{"@type":"EntryPoint","urlTemplate":"https:\/\/www.ancora-shop.de\/?s={search_term_string}"},"query-input":{"@type":"PropertyValueSpecification","valueRequired":true,"valueName":"search_term_string"}}],"inLanguage":"de"}]}},"_links":{"self":[{"href":"https:\/\/www.ancora-shop.de\/de\/wp-json\/wp\/v2\/product\/75358","targetHints":{"allow":["GET"]}}],"collection":[{"href":"https:\/\/www.ancora-shop.de\/de\/wp-json\/wp\/v2\/product"}],"about":[{"href":"https:\/\/www.ancora-shop.de\/de\/wp-json\/wp\/v2\/types\/product"}],"wp:featuredmedia":[{"embeddable":true,"href":"https:\/\/www.ancora-shop.de\/de\/wp-json\/wp\/v2\/media\/75365"}],"wp:attachment":[{"href":"https:\/\/www.ancora-shop.de\/de\/wp-json\/wp\/v2\/media?parent=75358"}],"wp:term":[{"taxonomy":"product_brand","embeddable":true,"href":"https:\/\/www.ancora-shop.de\/de\/wp-json\/wp\/v2\/product_brand?post=75358"},{"taxonomy":"product_cat","embeddable":true,"href":"https:\/\/www.ancora-shop.de\/de\/wp-json\/wp\/v2\/product_cat?post=75358"},{"taxonomy":"product_tag","embeddable":true,"href":"https:\/\/www.ancora-shop.de\/de\/wp-json\/wp\/v2\/product_tag?post=75358"}],"curies":[{"name":"wp","href":"https:\/\/api.w.org\/{rel}","templated":true}]}}