{"id":75278,"date":"2025-04-08T13:56:16","date_gmt":"2025-04-08T11:56:16","guid":{"rendered":"https:\/\/www.ancora-shop.de\/?post_type=product&#038;p=75278"},"modified":"2026-03-21T11:15:05","modified_gmt":"2026-03-21T10:15:05","slug":"shirt-modell-gunda","status":"publish","type":"product","link":"https:\/\/www.ancora-shop.de\/de\/produkt\/shirt-modell-gunda\/","title":{"rendered":"Shirt Modell Gunda"},"content":{"rendered":"<ul>\n<li>Ein feminines Everyday-Shirt mit lockerem Schnitt und floralem Print \u2013 leicht, luftig und ideal f\u00fcr den Sommer. Der florale Druck auf naturfarbenem Grund passt perfekt zu unserem Viskose-Leinen-Programm<\/li>\n<li>DURCHDACHT IN SCHNITT UND L\u00c4NGE: Das Shirt wurde pro Doppelgr\u00f6\u00dfe um 5 cm verl\u00e4ngert \u2013 so sitzt es auch bei etwas mehr Figur im H\u00fcftbereich wunderbar. Die lockere Weite liegt im oberen Bereich um Brust und Taille und verj\u00fcngt sich sanft nach unten. Das sorgt f\u00fcr einen sch\u00f6nen Fall ohne aufzutragen und daf\u00fcr, dass das Shirt angenehm auf der H\u00fcfte bleibt.<\/li>\n<li>Weiches, angenehmes Viskose-Jersey-Material<\/li>\n<li>Florales Allover-Muster in zarten T\u00f6nen auf naturfarbenem Grund<\/li>\n<li>\u00dcberschnittene Schultern f\u00fcr einen entspannten Look<\/li>\n<li>Femininer sommerlicher Rundhalsausschnitt<\/li>\n<li>Besondere Silhouette mit komfortabler L\u00e4nge<\/li>\n<li>Figurumschmeichelnder, moderner Sitz durch verj\u00fcngte Saumlinie<\/li>\n<li>Pro Doppelgr\u00f6\u00dfe 5 cm l\u00e4nger geschnitten<\/li>\n<li>Vielseitig kombinierbar<\/li>\n<li>Made in Italy<\/li>\n<\/ul>","protected":false},"excerpt":{"rendered":"<p>Ein feminines Everyday-Shirt mit lockerem Schnitt und floralem Print \u2013 leicht, luftig und ideal f\u00fcr den Sommer. Der florale Druck auf naturfarbenem Grund passt perfekt zu unserem Viskose-Leinen-Programm DURCHDACHT IN SCHNITT UND L\u00c4NGE: Das Shirt wurde pro Doppelgr\u00f6\u00dfe um 5 cm verl\u00e4ngert \u2013 so sitzt es auch bei etwas mehr Figur im H\u00fcftbereich wunderbar. Die [&#8230;]\n","protected":false},"featured_media":75551,"template":"","meta":[],"product_brand":[],"product_cat":[253],"product_tag":[],"class_list":{"0":"post-75278","1":"product","2":"type-product","3":"status-publish","4":"has-post-thumbnail","6":"product_cat-sale-f-s","8":"first","9":"instock","10":"sale","11":"taxable","12":"shipping-taxable","13":"purchasable","14":"product-type-variable"},"supplier_id":null,"supplier_sku":"","barcode":null,"atum_controlled":true,"out_stock_date":null,"out_stock_threshold":null,"inheritable":true,"inbound_stock":0,"stock_on_hold":1,"sold_today":0,"sales_last_days":2,"reserved_stock":0,"customer_returns":0,"warehouse_damage":0,"lost_in_post":0,"other_logs":0,"out_stock_days":null,"lost_sales":0,"has_location":false,"update_date":"2026-03-26T13:52:44","atum_locations":[],"atum_stock_status":"instock","restock_status":false,"low_stock_amount":"","sales_update_date":"2025-05-06T12:42:00","calc_backorders":null,"yoast_head":"<!-- This site is optimized with the Yoast SEO plugin v27.6 - https:\/\/yoast.com\/product\/yoast-seo-wordpress\/ -->\n<title>Shirt Modell Gunda - ANCORA Onlineshop<\/title>\n<meta name=\"robots\" content=\"index, follow, max-snippet:-1, max-image-preview:large, max-video-preview:-1\" \/>\n<link rel=\"canonical\" href=\"https:\/\/www.ancora-shop.de\/de\/produkt\/shirt-modell-gunda\/\" \/>\n<meta property=\"og:locale\" content=\"de_DE\" \/>\n<meta property=\"og:type\" content=\"article\" \/>\n<meta property=\"og:title\" content=\"Shirt Modell Gunda - ANCORA Onlineshop\" \/>\n<meta property=\"og:description\" content=\"Ein feminines Everyday-Shirt mit lockerem Schnitt und floralem Print \u2013 leicht, luftig und ideal f\u00fcr den Sommer. Der florale Druck auf naturfarbenem Grund passt perfekt zu unserem Viskose-Leinen-Programm DURCHDACHT IN SCHNITT UND L\u00c4NGE: Das Shirt wurde pro Doppelgr\u00f6\u00dfe um 5 cm verl\u00e4ngert \u2013 so sitzt es auch bei etwas mehr Figur im H\u00fcftbereich wunderbar. Die [...]\" \/>\n<meta property=\"og:url\" content=\"https:\/\/www.ancora-shop.de\/de\/produkt\/shirt-modell-gunda\/\" \/>\n<meta property=\"og:site_name\" content=\"ANCORA Onlineshop\" \/>\n<meta property=\"article:modified_time\" content=\"2026-03-21T10:15:05+00:00\" \/>\n<meta property=\"og:image\" content=\"https:\/\/www.ancora-shop.de\/wp-content\/uploads\/2025\/04\/GUNDA-WF-1.jpg\" \/>\n\t<meta property=\"og:image:width\" content=\"1067\" \/>\n\t<meta property=\"og:image:height\" content=\"1601\" \/>\n\t<meta property=\"og:image:type\" content=\"image\/jpeg\" \/>\n<meta name=\"twitter:card\" content=\"summary_large_image\" \/>\n<meta name=\"twitter:label1\" content=\"Gesch\u00e4tzte Lesezeit\" \/>\n\t<meta name=\"twitter:data1\" content=\"1\u00a0Minute\" \/>\n<script type=\"application\/ld+json\" class=\"yoast-schema-graph\">{\"@context\":\"https:\\\/\\\/schema.org\",\"@graph\":[{\"@type\":\"WebPage\",\"@id\":\"https:\\\/\\\/www.ancora-shop.de\\\/produkt\\\/shirt-modell-gunda\\\/\",\"url\":\"https:\\\/\\\/www.ancora-shop.de\\\/produkt\\\/shirt-modell-gunda\\\/\",\"name\":\"Shirt Modell Gunda - ANCORA Onlineshop\",\"isPartOf\":{\"@id\":\"https:\\\/\\\/www.ancora-shop.de\\\/#website\"},\"primaryImageOfPage\":{\"@id\":\"https:\\\/\\\/www.ancora-shop.de\\\/produkt\\\/shirt-modell-gunda\\\/#primaryimage\"},\"image\":{\"@id\":\"https:\\\/\\\/www.ancora-shop.de\\\/produkt\\\/shirt-modell-gunda\\\/#primaryimage\"},\"thumbnailUrl\":\"https:\\\/\\\/www.ancora-shop.de\\\/wp-content\\\/uploads\\\/2025\\\/04\\\/GUNDA-WF-1.jpg\",\"datePublished\":\"2025-04-08T11:56:16+00:00\",\"dateModified\":\"2026-03-21T10:15:05+00:00\",\"breadcrumb\":{\"@id\":\"https:\\\/\\\/www.ancora-shop.de\\\/produkt\\\/shirt-modell-gunda\\\/#breadcrumb\"},\"inLanguage\":\"de\",\"potentialAction\":[{\"@type\":\"ReadAction\",\"target\":[\"https:\\\/\\\/www.ancora-shop.de\\\/produkt\\\/shirt-modell-gunda\\\/\"]}]},{\"@type\":\"ImageObject\",\"inLanguage\":\"de\",\"@id\":\"https:\\\/\\\/www.ancora-shop.de\\\/produkt\\\/shirt-modell-gunda\\\/#primaryimage\",\"url\":\"https:\\\/\\\/www.ancora-shop.de\\\/wp-content\\\/uploads\\\/2025\\\/04\\\/GUNDA-WF-1.jpg\",\"contentUrl\":\"https:\\\/\\\/www.ancora-shop.de\\\/wp-content\\\/uploads\\\/2025\\\/04\\\/GUNDA-WF-1.jpg\",\"width\":1067,\"height\":1601},{\"@type\":\"BreadcrumbList\",\"@id\":\"https:\\\/\\\/www.ancora-shop.de\\\/produkt\\\/shirt-modell-gunda\\\/#breadcrumb\",\"itemListElement\":[{\"@type\":\"ListItem\",\"position\":1,\"name\":\"Startseite\",\"item\":\"https:\\\/\\\/www.ancora-shop.de\\\/\"},{\"@type\":\"ListItem\",\"position\":2,\"name\":\"Shop\",\"item\":\"https:\\\/\\\/www.ancora-shop.de\\\/shop\\\/\"},{\"@type\":\"ListItem\",\"position\":3,\"name\":\"Shirt Modell Gunda\"}]},{\"@type\":\"WebSite\",\"@id\":\"https:\\\/\\\/www.ancora-shop.de\\\/#website\",\"url\":\"https:\\\/\\\/www.ancora-shop.de\\\/\",\"name\":\"ANCORA Onlineshop\",\"description\":\"\",\"potentialAction\":[{\"@type\":\"SearchAction\",\"target\":{\"@type\":\"EntryPoint\",\"urlTemplate\":\"https:\\\/\\\/www.ancora-shop.de\\\/?s={search_term_string}\"},\"query-input\":{\"@type\":\"PropertyValueSpecification\",\"valueRequired\":true,\"valueName\":\"search_term_string\"}}],\"inLanguage\":\"de\"}]}<\/script>\n<!-- \/ Yoast SEO plugin. -->","yoast_head_json":{"title":"Shirt Modell Gunda - ANCORA Onlineshop","robots":{"index":"index","follow":"follow","max-snippet":"max-snippet:-1","max-image-preview":"max-image-preview:large","max-video-preview":"max-video-preview:-1"},"canonical":"https:\/\/www.ancora-shop.de\/de\/produkt\/shirt-modell-gunda\/","og_locale":"de_DE","og_type":"article","og_title":"Shirt Modell Gunda - ANCORA Onlineshop","og_description":"Ein feminines Everyday-Shirt mit lockerem Schnitt und floralem Print \u2013 leicht, luftig und ideal f\u00fcr den Sommer. Der florale Druck auf naturfarbenem Grund passt perfekt zu unserem Viskose-Leinen-Programm DURCHDACHT IN SCHNITT UND L\u00c4NGE: Das Shirt wurde pro Doppelgr\u00f6\u00dfe um 5 cm verl\u00e4ngert \u2013 so sitzt es auch bei etwas mehr Figur im H\u00fcftbereich wunderbar. Die [...]","og_url":"https:\/\/www.ancora-shop.de\/de\/produkt\/shirt-modell-gunda\/","og_site_name":"ANCORA Onlineshop","article_modified_time":"2026-03-21T10:15:05+00:00","og_image":[{"width":1067,"height":1601,"url":"https:\/\/www.ancora-shop.de\/wp-content\/uploads\/2025\/04\/GUNDA-WF-1.jpg","type":"image\/jpeg"}],"twitter_card":"summary_large_image","twitter_misc":{"Gesch\u00e4tzte Lesezeit":"1\u00a0Minute"},"schema":{"@context":"https:\/\/schema.org","@graph":[{"@type":"WebPage","@id":"https:\/\/www.ancora-shop.de\/produkt\/shirt-modell-gunda\/","url":"https:\/\/www.ancora-shop.de\/produkt\/shirt-modell-gunda\/","name":"Shirt Modell Gunda - ANCORA Onlineshop","isPartOf":{"@id":"https:\/\/www.ancora-shop.de\/#website"},"primaryImageOfPage":{"@id":"https:\/\/www.ancora-shop.de\/produkt\/shirt-modell-gunda\/#primaryimage"},"image":{"@id":"https:\/\/www.ancora-shop.de\/produkt\/shirt-modell-gunda\/#primaryimage"},"thumbnailUrl":"https:\/\/www.ancora-shop.de\/wp-content\/uploads\/2025\/04\/GUNDA-WF-1.jpg","datePublished":"2025-04-08T11:56:16+00:00","dateModified":"2026-03-21T10:15:05+00:00","breadcrumb":{"@id":"https:\/\/www.ancora-shop.de\/produkt\/shirt-modell-gunda\/#breadcrumb"},"inLanguage":"de","potentialAction":[{"@type":"ReadAction","target":["https:\/\/www.ancora-shop.de\/produkt\/shirt-modell-gunda\/"]}]},{"@type":"ImageObject","inLanguage":"de","@id":"https:\/\/www.ancora-shop.de\/produkt\/shirt-modell-gunda\/#primaryimage","url":"https:\/\/www.ancora-shop.de\/wp-content\/uploads\/2025\/04\/GUNDA-WF-1.jpg","contentUrl":"https:\/\/www.ancora-shop.de\/wp-content\/uploads\/2025\/04\/GUNDA-WF-1.jpg","width":1067,"height":1601},{"@type":"BreadcrumbList","@id":"https:\/\/www.ancora-shop.de\/produkt\/shirt-modell-gunda\/#breadcrumb","itemListElement":[{"@type":"ListItem","position":1,"name":"Startseite","item":"https:\/\/www.ancora-shop.de\/"},{"@type":"ListItem","position":2,"name":"Shop","item":"https:\/\/www.ancora-shop.de\/shop\/"},{"@type":"ListItem","position":3,"name":"Shirt Modell Gunda"}]},{"@type":"WebSite","@id":"https:\/\/www.ancora-shop.de\/#website","url":"https:\/\/www.ancora-shop.de\/","name":"ANCORA Onlineshop","description":"","potentialAction":[{"@type":"SearchAction","target":{"@type":"EntryPoint","urlTemplate":"https:\/\/www.ancora-shop.de\/?s={search_term_string}"},"query-input":{"@type":"PropertyValueSpecification","valueRequired":true,"valueName":"search_term_string"}}],"inLanguage":"de"}]}},"_links":{"self":[{"href":"https:\/\/www.ancora-shop.de\/de\/wp-json\/wp\/v2\/product\/75278","targetHints":{"allow":["GET"]}}],"collection":[{"href":"https:\/\/www.ancora-shop.de\/de\/wp-json\/wp\/v2\/product"}],"about":[{"href":"https:\/\/www.ancora-shop.de\/de\/wp-json\/wp\/v2\/types\/product"}],"wp:featuredmedia":[{"embeddable":true,"href":"https:\/\/www.ancora-shop.de\/de\/wp-json\/wp\/v2\/media\/75551"}],"wp:attachment":[{"href":"https:\/\/www.ancora-shop.de\/de\/wp-json\/wp\/v2\/media?parent=75278"}],"wp:term":[{"taxonomy":"product_brand","embeddable":true,"href":"https:\/\/www.ancora-shop.de\/de\/wp-json\/wp\/v2\/product_brand?post=75278"},{"taxonomy":"product_cat","embeddable":true,"href":"https:\/\/www.ancora-shop.de\/de\/wp-json\/wp\/v2\/product_cat?post=75278"},{"taxonomy":"product_tag","embeddable":true,"href":"https:\/\/www.ancora-shop.de\/de\/wp-json\/wp\/v2\/product_tag?post=75278"}],"curies":[{"name":"wp","href":"https:\/\/api.w.org\/{rel}","templated":true}]}}