{"id":74761,"date":"2025-03-05T15:49:41","date_gmt":"2025-03-05T14:49:41","guid":{"rendered":"https:\/\/www.ancora-shop.de\/?post_type=product&#038;p=74761"},"modified":"2026-03-21T14:06:18","modified_gmt":"2026-03-21T13:06:18","slug":"top-modell-mira-druck","status":"publish","type":"product","link":"https:\/\/www.ancora-shop.de\/de\/produkt\/top-modell-mira-druck\/","title":{"rendered":"Top Modell Mira Druck"},"content":{"rendered":"<h2><strong>PRODUKTBESCHREIBUNG<\/strong><\/h2>\n<ul>\n<li>Unser Lieblings-Top MIRA jetzt auch im angesagten Fashion-Print \u201eBOTANIC\u201c<\/li>\n<li>Gerader Schnitt in seidig flie\u00dfender Viscose-Glanz-Qualit\u00e4t<\/li>\n<li>Perfekter Sitz durch schr\u00e4gen Fadenlauf<\/li>\n<li>Mit schmaler Borde eingefasster Ausschnitt<\/li>\n<li>Verstellbare Spagettitr\u00e4ger<\/li>\n<li>Eng gekettelt sowie leicht gewellter Saumabschlu\u00df<\/li>\n<li>Ideal f\u00fcr besondere Anl\u00e4sse oder f\u00fcr stilvolle Alltagslooks<\/li>\n<li>Pflegeleicht und langlebig bei richtiger Behandlung<\/li>\n<li>Made in Italy<\/li>\n<\/ul>\n<p class=\"p1\">Die Taschen findet Ihr im Shop unseres Kooperationspartners: <a href=\"https:\/\/www.bolindersthlm.com\/\"><span class=\"s1\">https:\/\/www.bolindersthlm.com<\/span><\/a><\/p>\n<p>&nbsp;<\/p>","protected":false},"excerpt":{"rendered":"<p>PRODUKTBESCHREIBUNG Unser Lieblings-Top MIRA jetzt auch im angesagten Fashion-Print \u201eBOTANIC\u201c Gerader Schnitt in seidig flie\u00dfender Viscose-Glanz-Qualit\u00e4t Perfekter Sitz durch schr\u00e4gen Fadenlauf Mit schmaler Borde eingefasster Ausschnitt Verstellbare Spagettitr\u00e4ger Eng gekettelt sowie leicht gewellter Saumabschlu\u00df Ideal f\u00fcr besondere Anl\u00e4sse oder f\u00fcr stilvolle Alltagslooks Pflegeleicht und langlebig bei richtiger Behandlung Made in Italy Die Taschen findet Ihr [&#8230;]\n","protected":false},"featured_media":74806,"template":"","meta":[],"product_brand":[],"product_cat":[253],"product_tag":[],"class_list":{"0":"post-74761","1":"product","2":"type-product","3":"status-publish","4":"has-post-thumbnail","6":"product_cat-sale-f-s","8":"first","9":"instock","10":"sale","11":"taxable","12":"shipping-taxable","13":"purchasable","14":"product-type-variable"},"supplier_id":null,"supplier_sku":"","barcode":null,"atum_controlled":true,"out_stock_date":null,"out_stock_threshold":null,"inheritable":true,"inbound_stock":0,"stock_on_hold":0,"sold_today":0,"sales_last_days":0,"reserved_stock":0,"customer_returns":0,"warehouse_damage":0,"lost_in_post":0,"other_logs":0,"out_stock_days":null,"lost_sales":0,"has_location":false,"update_date":"2026-04-10T13:38:27","atum_locations":[],"atum_stock_status":"instock","restock_status":false,"low_stock_amount":"","sales_update_date":"2025-05-06T12:42:00","calc_backorders":null,"yoast_head":"<!-- This site is optimized with the Yoast SEO plugin v27.6 - https:\/\/yoast.com\/product\/yoast-seo-wordpress\/ -->\n<title>Top Modell Mira Druck - ANCORA Onlineshop<\/title>\n<meta name=\"robots\" content=\"index, follow, max-snippet:-1, max-image-preview:large, max-video-preview:-1\" \/>\n<link rel=\"canonical\" href=\"https:\/\/www.ancora-shop.de\/de\/produkt\/top-modell-mira-druck\/\" \/>\n<meta property=\"og:locale\" content=\"de_DE\" \/>\n<meta property=\"og:type\" content=\"article\" \/>\n<meta property=\"og:title\" content=\"Top Modell Mira Druck - ANCORA Onlineshop\" \/>\n<meta property=\"og:description\" content=\"PRODUKTBESCHREIBUNG Unser Lieblings-Top MIRA jetzt auch im angesagten Fashion-Print \u201eBOTANIC\u201c Gerader Schnitt in seidig flie\u00dfender Viscose-Glanz-Qualit\u00e4t Perfekter Sitz durch schr\u00e4gen Fadenlauf Mit schmaler Borde eingefasster Ausschnitt Verstellbare Spagettitr\u00e4ger Eng gekettelt sowie leicht gewellter Saumabschlu\u00df Ideal f\u00fcr besondere Anl\u00e4sse oder f\u00fcr stilvolle Alltagslooks Pflegeleicht und langlebig bei richtiger Behandlung Made in Italy Die Taschen findet Ihr [...]\" \/>\n<meta property=\"og:url\" content=\"https:\/\/www.ancora-shop.de\/de\/produkt\/top-modell-mira-druck\/\" \/>\n<meta property=\"og:site_name\" content=\"ANCORA Onlineshop\" \/>\n<meta property=\"article:modified_time\" content=\"2026-03-21T13:06:18+00:00\" \/>\n<meta property=\"og:image\" content=\"https:\/\/www.ancora-shop.de\/wp-content\/uploads\/2025\/03\/MIRA-BTNE-1.jpg\" \/>\n\t<meta property=\"og:image:width\" content=\"1067\" \/>\n\t<meta property=\"og:image:height\" content=\"1581\" \/>\n\t<meta property=\"og:image:type\" content=\"image\/jpeg\" \/>\n<meta name=\"twitter:card\" content=\"summary_large_image\" \/>\n<meta name=\"twitter:label1\" content=\"Gesch\u00e4tzte Lesezeit\" \/>\n\t<meta name=\"twitter:data1\" content=\"1\u00a0Minute\" \/>\n<script type=\"application\/ld+json\" class=\"yoast-schema-graph\">{\"@context\":\"https:\\\/\\\/schema.org\",\"@graph\":[{\"@type\":\"WebPage\",\"@id\":\"https:\\\/\\\/www.ancora-shop.de\\\/produkt\\\/top-modell-mira-druck\\\/\",\"url\":\"https:\\\/\\\/www.ancora-shop.de\\\/produkt\\\/top-modell-mira-druck\\\/\",\"name\":\"Top Modell Mira Druck - ANCORA Onlineshop\",\"isPartOf\":{\"@id\":\"https:\\\/\\\/www.ancora-shop.de\\\/#website\"},\"primaryImageOfPage\":{\"@id\":\"https:\\\/\\\/www.ancora-shop.de\\\/produkt\\\/top-modell-mira-druck\\\/#primaryimage\"},\"image\":{\"@id\":\"https:\\\/\\\/www.ancora-shop.de\\\/produkt\\\/top-modell-mira-druck\\\/#primaryimage\"},\"thumbnailUrl\":\"https:\\\/\\\/www.ancora-shop.de\\\/wp-content\\\/uploads\\\/2025\\\/03\\\/MIRA-BTNE-1.jpg\",\"datePublished\":\"2025-03-05T14:49:41+00:00\",\"dateModified\":\"2026-03-21T13:06:18+00:00\",\"breadcrumb\":{\"@id\":\"https:\\\/\\\/www.ancora-shop.de\\\/produkt\\\/top-modell-mira-druck\\\/#breadcrumb\"},\"inLanguage\":\"de\",\"potentialAction\":[{\"@type\":\"ReadAction\",\"target\":[\"https:\\\/\\\/www.ancora-shop.de\\\/produkt\\\/top-modell-mira-druck\\\/\"]}]},{\"@type\":\"ImageObject\",\"inLanguage\":\"de\",\"@id\":\"https:\\\/\\\/www.ancora-shop.de\\\/produkt\\\/top-modell-mira-druck\\\/#primaryimage\",\"url\":\"https:\\\/\\\/www.ancora-shop.de\\\/wp-content\\\/uploads\\\/2025\\\/03\\\/MIRA-BTNE-1.jpg\",\"contentUrl\":\"https:\\\/\\\/www.ancora-shop.de\\\/wp-content\\\/uploads\\\/2025\\\/03\\\/MIRA-BTNE-1.jpg\",\"width\":1067,\"height\":1581},{\"@type\":\"BreadcrumbList\",\"@id\":\"https:\\\/\\\/www.ancora-shop.de\\\/produkt\\\/top-modell-mira-druck\\\/#breadcrumb\",\"itemListElement\":[{\"@type\":\"ListItem\",\"position\":1,\"name\":\"Startseite\",\"item\":\"https:\\\/\\\/www.ancora-shop.de\\\/\"},{\"@type\":\"ListItem\",\"position\":2,\"name\":\"Shop\",\"item\":\"https:\\\/\\\/www.ancora-shop.de\\\/shop\\\/\"},{\"@type\":\"ListItem\",\"position\":3,\"name\":\"Top Modell Mira Druck\"}]},{\"@type\":\"WebSite\",\"@id\":\"https:\\\/\\\/www.ancora-shop.de\\\/#website\",\"url\":\"https:\\\/\\\/www.ancora-shop.de\\\/\",\"name\":\"ANCORA Onlineshop\",\"description\":\"\",\"potentialAction\":[{\"@type\":\"SearchAction\",\"target\":{\"@type\":\"EntryPoint\",\"urlTemplate\":\"https:\\\/\\\/www.ancora-shop.de\\\/?s={search_term_string}\"},\"query-input\":{\"@type\":\"PropertyValueSpecification\",\"valueRequired\":true,\"valueName\":\"search_term_string\"}}],\"inLanguage\":\"de\"}]}<\/script>\n<!-- \/ Yoast SEO plugin. -->","yoast_head_json":{"title":"Top Modell Mira Druck - ANCORA Onlineshop","robots":{"index":"index","follow":"follow","max-snippet":"max-snippet:-1","max-image-preview":"max-image-preview:large","max-video-preview":"max-video-preview:-1"},"canonical":"https:\/\/www.ancora-shop.de\/de\/produkt\/top-modell-mira-druck\/","og_locale":"de_DE","og_type":"article","og_title":"Top Modell Mira Druck - ANCORA Onlineshop","og_description":"PRODUKTBESCHREIBUNG Unser Lieblings-Top MIRA jetzt auch im angesagten Fashion-Print \u201eBOTANIC\u201c Gerader Schnitt in seidig flie\u00dfender Viscose-Glanz-Qualit\u00e4t Perfekter Sitz durch schr\u00e4gen Fadenlauf Mit schmaler Borde eingefasster Ausschnitt Verstellbare Spagettitr\u00e4ger Eng gekettelt sowie leicht gewellter Saumabschlu\u00df Ideal f\u00fcr besondere Anl\u00e4sse oder f\u00fcr stilvolle Alltagslooks Pflegeleicht und langlebig bei richtiger Behandlung Made in Italy Die Taschen findet Ihr [...]","og_url":"https:\/\/www.ancora-shop.de\/de\/produkt\/top-modell-mira-druck\/","og_site_name":"ANCORA Onlineshop","article_modified_time":"2026-03-21T13:06:18+00:00","og_image":[{"width":1067,"height":1581,"url":"https:\/\/www.ancora-shop.de\/wp-content\/uploads\/2025\/03\/MIRA-BTNE-1.jpg","type":"image\/jpeg"}],"twitter_card":"summary_large_image","twitter_misc":{"Gesch\u00e4tzte Lesezeit":"1\u00a0Minute"},"schema":{"@context":"https:\/\/schema.org","@graph":[{"@type":"WebPage","@id":"https:\/\/www.ancora-shop.de\/produkt\/top-modell-mira-druck\/","url":"https:\/\/www.ancora-shop.de\/produkt\/top-modell-mira-druck\/","name":"Top Modell Mira Druck - ANCORA Onlineshop","isPartOf":{"@id":"https:\/\/www.ancora-shop.de\/#website"},"primaryImageOfPage":{"@id":"https:\/\/www.ancora-shop.de\/produkt\/top-modell-mira-druck\/#primaryimage"},"image":{"@id":"https:\/\/www.ancora-shop.de\/produkt\/top-modell-mira-druck\/#primaryimage"},"thumbnailUrl":"https:\/\/www.ancora-shop.de\/wp-content\/uploads\/2025\/03\/MIRA-BTNE-1.jpg","datePublished":"2025-03-05T14:49:41+00:00","dateModified":"2026-03-21T13:06:18+00:00","breadcrumb":{"@id":"https:\/\/www.ancora-shop.de\/produkt\/top-modell-mira-druck\/#breadcrumb"},"inLanguage":"de","potentialAction":[{"@type":"ReadAction","target":["https:\/\/www.ancora-shop.de\/produkt\/top-modell-mira-druck\/"]}]},{"@type":"ImageObject","inLanguage":"de","@id":"https:\/\/www.ancora-shop.de\/produkt\/top-modell-mira-druck\/#primaryimage","url":"https:\/\/www.ancora-shop.de\/wp-content\/uploads\/2025\/03\/MIRA-BTNE-1.jpg","contentUrl":"https:\/\/www.ancora-shop.de\/wp-content\/uploads\/2025\/03\/MIRA-BTNE-1.jpg","width":1067,"height":1581},{"@type":"BreadcrumbList","@id":"https:\/\/www.ancora-shop.de\/produkt\/top-modell-mira-druck\/#breadcrumb","itemListElement":[{"@type":"ListItem","position":1,"name":"Startseite","item":"https:\/\/www.ancora-shop.de\/"},{"@type":"ListItem","position":2,"name":"Shop","item":"https:\/\/www.ancora-shop.de\/shop\/"},{"@type":"ListItem","position":3,"name":"Top Modell Mira Druck"}]},{"@type":"WebSite","@id":"https:\/\/www.ancora-shop.de\/#website","url":"https:\/\/www.ancora-shop.de\/","name":"ANCORA Onlineshop","description":"","potentialAction":[{"@type":"SearchAction","target":{"@type":"EntryPoint","urlTemplate":"https:\/\/www.ancora-shop.de\/?s={search_term_string}"},"query-input":{"@type":"PropertyValueSpecification","valueRequired":true,"valueName":"search_term_string"}}],"inLanguage":"de"}]}},"_links":{"self":[{"href":"https:\/\/www.ancora-shop.de\/de\/wp-json\/wp\/v2\/product\/74761","targetHints":{"allow":["GET"]}}],"collection":[{"href":"https:\/\/www.ancora-shop.de\/de\/wp-json\/wp\/v2\/product"}],"about":[{"href":"https:\/\/www.ancora-shop.de\/de\/wp-json\/wp\/v2\/types\/product"}],"wp:featuredmedia":[{"embeddable":true,"href":"https:\/\/www.ancora-shop.de\/de\/wp-json\/wp\/v2\/media\/74806"}],"wp:attachment":[{"href":"https:\/\/www.ancora-shop.de\/de\/wp-json\/wp\/v2\/media?parent=74761"}],"wp:term":[{"taxonomy":"product_brand","embeddable":true,"href":"https:\/\/www.ancora-shop.de\/de\/wp-json\/wp\/v2\/product_brand?post=74761"},{"taxonomy":"product_cat","embeddable":true,"href":"https:\/\/www.ancora-shop.de\/de\/wp-json\/wp\/v2\/product_cat?post=74761"},{"taxonomy":"product_tag","embeddable":true,"href":"https:\/\/www.ancora-shop.de\/de\/wp-json\/wp\/v2\/product_tag?post=74761"}],"curies":[{"name":"wp","href":"https:\/\/api.w.org\/{rel}","templated":true}]}}