{"id":73287,"date":"2025-01-23T12:55:45","date_gmt":"2025-01-23T11:55:45","guid":{"rendered":"https:\/\/www.ancora-shop.de\/?post_type=product&#038;p=73287"},"modified":"2026-03-17T13:58:15","modified_gmt":"2026-03-17T12:58:15","slug":"jacke-modell-adina","status":"publish","type":"product","link":"https:\/\/www.ancora-shop.de\/de\/produkt\/jacke-modell-adina\/","title":{"rendered":"Jacke Modell Adina"},"content":{"rendered":"<h2><strong>PRODUKTBESCHREIBUNG<\/strong><\/h2>\n<ul>\n<li>Jersey-Blazer mit femininen Details<\/li>\n<li>Leicht taillierte Form<\/li>\n<li>Rundum durchgehender Kanten-Volant<\/li>\n<li>Saubere Innen-Verarbeitung durch schmal aufgesetzte Borde<\/li>\n<li>Mit 3 Kn\u00f6pfen zu schlie\u00dfen<\/li>\n<li>Formgebende Teilungsn\u00e4hte<\/li>\n<li>Seitlich eingesetzte Taschen<\/li>\n<li>Langarm<\/li>\n<li>Hochwertig und bequemes Jersey-Stretch-Material<\/li>\n<li>Label-Detail aus Metall<\/li>\n<li>Made in Italy<\/li>\n<\/ul>\n<p class=\"p1\">Die Taschen findet Ihr im Shop unseres Kooperationspartners: <a href=\"https:\/\/www.bolindersthlm.com\/\"><span class=\"s1\">https:\/\/www.bolindersthlm.com<\/span><\/a><\/p>\n<p>&nbsp;<\/p>\n<p>&nbsp;<\/p>","protected":false},"excerpt":{"rendered":"<p>PRODUKTBESCHREIBUNG Jersey-Blazer mit femininen Details Leicht taillierte Form Rundum durchgehender Kanten-Volant Saubere Innen-Verarbeitung durch schmal aufgesetzte Borde Mit 3 Kn\u00f6pfen zu schlie\u00dfen Formgebende Teilungsn\u00e4hte Seitlich eingesetzte Taschen Langarm Hochwertig und bequemes Jersey-Stretch-Material Label-Detail aus Metall Made in Italy Die Taschen findet Ihr im Shop unseres Kooperationspartners: https:\/\/www.bolindersthlm.com &nbsp; &nbsp;<\/p>","protected":false},"featured_media":73903,"template":"","meta":[],"product_brand":[],"product_cat":[253],"product_tag":[],"class_list":{"0":"post-73287","1":"product","2":"type-product","3":"status-publish","4":"has-post-thumbnail","6":"product_cat-sale-f-s","8":"first","9":"instock","10":"sale","11":"taxable","12":"shipping-taxable","13":"purchasable","14":"product-type-variable","15":"has-default-attributes"},"supplier_id":null,"supplier_sku":"","barcode":null,"atum_controlled":true,"out_stock_date":null,"out_stock_threshold":null,"inheritable":true,"inbound_stock":0,"stock_on_hold":1,"sold_today":0,"sales_last_days":0,"reserved_stock":0,"customer_returns":0,"warehouse_damage":0,"lost_in_post":0,"other_logs":0,"out_stock_days":null,"lost_sales":0,"has_location":false,"update_date":"2026-03-17T12:58:18","atum_locations":[],"atum_stock_status":"instock","restock_status":false,"low_stock_amount":"","sales_update_date":"2025-04-08T11:42:59","calc_backorders":null,"yoast_head":"<!-- This site is optimized with the Yoast SEO plugin v27.6 - https:\/\/yoast.com\/product\/yoast-seo-wordpress\/ -->\n<title>Jacke Modell Adina - ANCORA Onlineshop<\/title>\n<meta name=\"robots\" content=\"index, follow, max-snippet:-1, max-image-preview:large, max-video-preview:-1\" \/>\n<link rel=\"canonical\" href=\"https:\/\/www.ancora-shop.de\/de\/produkt\/jacke-modell-adina\/\" \/>\n<meta property=\"og:locale\" content=\"de_DE\" \/>\n<meta property=\"og:type\" content=\"article\" \/>\n<meta property=\"og:title\" content=\"Jacke Modell Adina - ANCORA Onlineshop\" \/>\n<meta property=\"og:description\" content=\"PRODUKTBESCHREIBUNG Jersey-Blazer mit femininen Details Leicht taillierte Form Rundum durchgehender Kanten-Volant Saubere Innen-Verarbeitung durch schmal aufgesetzte Borde Mit 3 Kn\u00f6pfen zu schlie\u00dfen Formgebende Teilungsn\u00e4hte Seitlich eingesetzte Taschen Langarm Hochwertig und bequemes Jersey-Stretch-Material Label-Detail aus Metall Made in Italy Die Taschen findet Ihr im Shop unseres Kooperationspartners: https:\/\/www.bolindersthlm.com &nbsp; &nbsp;\" \/>\n<meta property=\"og:url\" content=\"https:\/\/www.ancora-shop.de\/de\/produkt\/jacke-modell-adina\/\" \/>\n<meta property=\"og:site_name\" content=\"ANCORA Onlineshop\" \/>\n<meta property=\"article:modified_time\" content=\"2026-03-17T12:58:15+00:00\" \/>\n<meta property=\"og:image\" content=\"https:\/\/www.ancora-shop.de\/wp-content\/uploads\/2025\/01\/ADINA-CD-1.jpg\" \/>\n\t<meta property=\"og:image:width\" content=\"1067\" \/>\n\t<meta property=\"og:image:height\" content=\"1600\" \/>\n\t<meta property=\"og:image:type\" content=\"image\/jpeg\" \/>\n<meta name=\"twitter:card\" content=\"summary_large_image\" \/>\n<meta name=\"twitter:label1\" content=\"Gesch\u00e4tzte Lesezeit\" \/>\n\t<meta name=\"twitter:data1\" content=\"1\u00a0Minute\" \/>\n<script type=\"application\/ld+json\" class=\"yoast-schema-graph\">{\"@context\":\"https:\\\/\\\/schema.org\",\"@graph\":[{\"@type\":\"WebPage\",\"@id\":\"https:\\\/\\\/www.ancora-shop.de\\\/produkt\\\/jacke-modell-adina\\\/\",\"url\":\"https:\\\/\\\/www.ancora-shop.de\\\/produkt\\\/jacke-modell-adina\\\/\",\"name\":\"Jacke Modell Adina - ANCORA Onlineshop\",\"isPartOf\":{\"@id\":\"https:\\\/\\\/www.ancora-shop.de\\\/#website\"},\"primaryImageOfPage\":{\"@id\":\"https:\\\/\\\/www.ancora-shop.de\\\/produkt\\\/jacke-modell-adina\\\/#primaryimage\"},\"image\":{\"@id\":\"https:\\\/\\\/www.ancora-shop.de\\\/produkt\\\/jacke-modell-adina\\\/#primaryimage\"},\"thumbnailUrl\":\"https:\\\/\\\/www.ancora-shop.de\\\/wp-content\\\/uploads\\\/2025\\\/01\\\/ADINA-CD-1.jpg\",\"datePublished\":\"2025-01-23T11:55:45+00:00\",\"dateModified\":\"2026-03-17T12:58:15+00:00\",\"breadcrumb\":{\"@id\":\"https:\\\/\\\/www.ancora-shop.de\\\/produkt\\\/jacke-modell-adina\\\/#breadcrumb\"},\"inLanguage\":\"de\",\"potentialAction\":[{\"@type\":\"ReadAction\",\"target\":[\"https:\\\/\\\/www.ancora-shop.de\\\/produkt\\\/jacke-modell-adina\\\/\"]}]},{\"@type\":\"ImageObject\",\"inLanguage\":\"de\",\"@id\":\"https:\\\/\\\/www.ancora-shop.de\\\/produkt\\\/jacke-modell-adina\\\/#primaryimage\",\"url\":\"https:\\\/\\\/www.ancora-shop.de\\\/wp-content\\\/uploads\\\/2025\\\/01\\\/ADINA-CD-1.jpg\",\"contentUrl\":\"https:\\\/\\\/www.ancora-shop.de\\\/wp-content\\\/uploads\\\/2025\\\/01\\\/ADINA-CD-1.jpg\",\"width\":1067,\"height\":1600},{\"@type\":\"BreadcrumbList\",\"@id\":\"https:\\\/\\\/www.ancora-shop.de\\\/produkt\\\/jacke-modell-adina\\\/#breadcrumb\",\"itemListElement\":[{\"@type\":\"ListItem\",\"position\":1,\"name\":\"Startseite\",\"item\":\"https:\\\/\\\/www.ancora-shop.de\\\/\"},{\"@type\":\"ListItem\",\"position\":2,\"name\":\"Shop\",\"item\":\"https:\\\/\\\/www.ancora-shop.de\\\/shop\\\/\"},{\"@type\":\"ListItem\",\"position\":3,\"name\":\"Jacke Modell Adina\"}]},{\"@type\":\"WebSite\",\"@id\":\"https:\\\/\\\/www.ancora-shop.de\\\/#website\",\"url\":\"https:\\\/\\\/www.ancora-shop.de\\\/\",\"name\":\"ANCORA Onlineshop\",\"description\":\"\",\"potentialAction\":[{\"@type\":\"SearchAction\",\"target\":{\"@type\":\"EntryPoint\",\"urlTemplate\":\"https:\\\/\\\/www.ancora-shop.de\\\/?s={search_term_string}\"},\"query-input\":{\"@type\":\"PropertyValueSpecification\",\"valueRequired\":true,\"valueName\":\"search_term_string\"}}],\"inLanguage\":\"de\"}]}<\/script>\n<!-- \/ Yoast SEO plugin. -->","yoast_head_json":{"title":"Jacke Modell Adina - ANCORA Onlineshop","robots":{"index":"index","follow":"follow","max-snippet":"max-snippet:-1","max-image-preview":"max-image-preview:large","max-video-preview":"max-video-preview:-1"},"canonical":"https:\/\/www.ancora-shop.de\/de\/produkt\/jacke-modell-adina\/","og_locale":"de_DE","og_type":"article","og_title":"Jacke Modell Adina - ANCORA Onlineshop","og_description":"PRODUKTBESCHREIBUNG Jersey-Blazer mit femininen Details Leicht taillierte Form Rundum durchgehender Kanten-Volant Saubere Innen-Verarbeitung durch schmal aufgesetzte Borde Mit 3 Kn\u00f6pfen zu schlie\u00dfen Formgebende Teilungsn\u00e4hte Seitlich eingesetzte Taschen Langarm Hochwertig und bequemes Jersey-Stretch-Material Label-Detail aus Metall Made in Italy Die Taschen findet Ihr im Shop unseres Kooperationspartners: https:\/\/www.bolindersthlm.com &nbsp; &nbsp;","og_url":"https:\/\/www.ancora-shop.de\/de\/produkt\/jacke-modell-adina\/","og_site_name":"ANCORA Onlineshop","article_modified_time":"2026-03-17T12:58:15+00:00","og_image":[{"width":1067,"height":1600,"url":"https:\/\/www.ancora-shop.de\/wp-content\/uploads\/2025\/01\/ADINA-CD-1.jpg","type":"image\/jpeg"}],"twitter_card":"summary_large_image","twitter_misc":{"Gesch\u00e4tzte Lesezeit":"1\u00a0Minute"},"schema":{"@context":"https:\/\/schema.org","@graph":[{"@type":"WebPage","@id":"https:\/\/www.ancora-shop.de\/produkt\/jacke-modell-adina\/","url":"https:\/\/www.ancora-shop.de\/produkt\/jacke-modell-adina\/","name":"Jacke Modell Adina - ANCORA Onlineshop","isPartOf":{"@id":"https:\/\/www.ancora-shop.de\/#website"},"primaryImageOfPage":{"@id":"https:\/\/www.ancora-shop.de\/produkt\/jacke-modell-adina\/#primaryimage"},"image":{"@id":"https:\/\/www.ancora-shop.de\/produkt\/jacke-modell-adina\/#primaryimage"},"thumbnailUrl":"https:\/\/www.ancora-shop.de\/wp-content\/uploads\/2025\/01\/ADINA-CD-1.jpg","datePublished":"2025-01-23T11:55:45+00:00","dateModified":"2026-03-17T12:58:15+00:00","breadcrumb":{"@id":"https:\/\/www.ancora-shop.de\/produkt\/jacke-modell-adina\/#breadcrumb"},"inLanguage":"de","potentialAction":[{"@type":"ReadAction","target":["https:\/\/www.ancora-shop.de\/produkt\/jacke-modell-adina\/"]}]},{"@type":"ImageObject","inLanguage":"de","@id":"https:\/\/www.ancora-shop.de\/produkt\/jacke-modell-adina\/#primaryimage","url":"https:\/\/www.ancora-shop.de\/wp-content\/uploads\/2025\/01\/ADINA-CD-1.jpg","contentUrl":"https:\/\/www.ancora-shop.de\/wp-content\/uploads\/2025\/01\/ADINA-CD-1.jpg","width":1067,"height":1600},{"@type":"BreadcrumbList","@id":"https:\/\/www.ancora-shop.de\/produkt\/jacke-modell-adina\/#breadcrumb","itemListElement":[{"@type":"ListItem","position":1,"name":"Startseite","item":"https:\/\/www.ancora-shop.de\/"},{"@type":"ListItem","position":2,"name":"Shop","item":"https:\/\/www.ancora-shop.de\/shop\/"},{"@type":"ListItem","position":3,"name":"Jacke Modell Adina"}]},{"@type":"WebSite","@id":"https:\/\/www.ancora-shop.de\/#website","url":"https:\/\/www.ancora-shop.de\/","name":"ANCORA Onlineshop","description":"","potentialAction":[{"@type":"SearchAction","target":{"@type":"EntryPoint","urlTemplate":"https:\/\/www.ancora-shop.de\/?s={search_term_string}"},"query-input":{"@type":"PropertyValueSpecification","valueRequired":true,"valueName":"search_term_string"}}],"inLanguage":"de"}]}},"_links":{"self":[{"href":"https:\/\/www.ancora-shop.de\/de\/wp-json\/wp\/v2\/product\/73287","targetHints":{"allow":["GET"]}}],"collection":[{"href":"https:\/\/www.ancora-shop.de\/de\/wp-json\/wp\/v2\/product"}],"about":[{"href":"https:\/\/www.ancora-shop.de\/de\/wp-json\/wp\/v2\/types\/product"}],"wp:featuredmedia":[{"embeddable":true,"href":"https:\/\/www.ancora-shop.de\/de\/wp-json\/wp\/v2\/media\/73903"}],"wp:attachment":[{"href":"https:\/\/www.ancora-shop.de\/de\/wp-json\/wp\/v2\/media?parent=73287"}],"wp:term":[{"taxonomy":"product_brand","embeddable":true,"href":"https:\/\/www.ancora-shop.de\/de\/wp-json\/wp\/v2\/product_brand?post=73287"},{"taxonomy":"product_cat","embeddable":true,"href":"https:\/\/www.ancora-shop.de\/de\/wp-json\/wp\/v2\/product_cat?post=73287"},{"taxonomy":"product_tag","embeddable":true,"href":"https:\/\/www.ancora-shop.de\/de\/wp-json\/wp\/v2\/product_tag?post=73287"}],"curies":[{"name":"wp","href":"https:\/\/api.w.org\/{rel}","templated":true}]}}