{"id":72989,"date":"2025-01-22T18:09:04","date_gmt":"2025-01-22T17:09:04","guid":{"rendered":"https:\/\/www.ancora-shop.de\/?post_type=product&#038;p=72989"},"modified":"2026-04-16T11:02:37","modified_gmt":"2026-04-16T09:02:37","slug":"bluse-modell-cara","status":"publish","type":"product","link":"https:\/\/www.ancora-shop.de\/de\/produkt\/bluse-modell-cara\/","title":{"rendered":"Bluse Modell Cara"},"content":{"rendered":"<ul>\n<li>Diese feminine Volantbluse in mittelschwerer Glanz-Viscose wirst du lieben!<\/li>\n<li>V-Ausschnitt mit durchg\u00e4ngigem Volantbesatz<\/li>\n<li>Bindeband an der Spitze des V-Ausschnitts<\/li>\n<li>Formgebende Abn\u00e4her in Brusth\u00f6he<\/li>\n<li>Die diagonal gesetzten Teilungsn\u00e4hte vorne sorgen f\u00fcr eine schmeichelnde Silhouette<\/li>\n<li>Lange \u00c4rmel<\/li>\n<li>\u00c4rmelabschlu\u00df mit seitlichem Cutout und Bindeb\u00e4ndern<\/li>\n<li>Nach hinten abgerundeter Saumabschlu\u00df<\/li>\n<li>Made in Italy<\/li>\n<\/ul>\n<p class=\"p1\">Die Taschen findet Ihr im Shop unseres Kooperationspartners: <a href=\"https:\/\/www.bolindersthlm.com\/\"><span class=\"s1\">https:\/\/www.bolindersthlm.com<\/span><\/a><\/p>","protected":false},"excerpt":{"rendered":"<p>Diese feminine Volantbluse in mittelschwerer Glanz-Viscose wirst du lieben! V-Ausschnitt mit durchg\u00e4ngigem Volantbesatz Bindeband an der Spitze des V-Ausschnitts Formgebende Abn\u00e4her in Brusth\u00f6he Die diagonal gesetzten Teilungsn\u00e4hte vorne sorgen f\u00fcr eine schmeichelnde Silhouette Lange \u00c4rmel \u00c4rmelabschlu\u00df mit seitlichem Cutout und Bindeb\u00e4ndern Nach hinten abgerundeter Saumabschlu\u00df Made in Italy Die Taschen findet Ihr im Shop unseres [&#8230;]\n","protected":false},"featured_media":74141,"template":"","meta":[],"product_brand":[],"product_cat":[253],"product_tag":[],"class_list":{"0":"post-72989","1":"product","2":"type-product","3":"status-publish","4":"has-post-thumbnail","6":"product_cat-sale-f-s","8":"first","9":"instock","10":"sale","11":"taxable","12":"shipping-taxable","13":"purchasable","14":"product-type-variable"},"supplier_id":null,"supplier_sku":"","barcode":null,"atum_controlled":true,"out_stock_date":null,"out_stock_threshold":null,"inheritable":true,"inbound_stock":0,"stock_on_hold":4,"sold_today":1,"sales_last_days":2,"reserved_stock":0,"customer_returns":0,"warehouse_damage":0,"lost_in_post":0,"other_logs":0,"out_stock_days":null,"lost_sales":0,"has_location":false,"update_date":"2026-03-19T12:22:03","atum_locations":[],"atum_stock_status":"instock","restock_status":false,"low_stock_amount":"","sales_update_date":"2025-03-03T13:51:27","calc_backorders":null,"yoast_head":"<!-- This site is optimized with the Yoast SEO plugin v27.6 - https:\/\/yoast.com\/product\/yoast-seo-wordpress\/ -->\n<title>Bluse Modell Cara - ANCORA Onlineshop<\/title>\n<meta name=\"robots\" content=\"index, follow, max-snippet:-1, max-image-preview:large, max-video-preview:-1\" \/>\n<link rel=\"canonical\" href=\"https:\/\/www.ancora-shop.de\/de\/produkt\/bluse-modell-cara\/\" \/>\n<meta property=\"og:locale\" content=\"de_DE\" \/>\n<meta property=\"og:type\" content=\"article\" \/>\n<meta property=\"og:title\" content=\"Bluse Modell Cara - ANCORA Onlineshop\" \/>\n<meta property=\"og:description\" content=\"Diese feminine Volantbluse in mittelschwerer Glanz-Viscose wirst du lieben! V-Ausschnitt mit durchg\u00e4ngigem Volantbesatz Bindeband an der Spitze des V-Ausschnitts Formgebende Abn\u00e4her in Brusth\u00f6he Die diagonal gesetzten Teilungsn\u00e4hte vorne sorgen f\u00fcr eine schmeichelnde Silhouette Lange \u00c4rmel \u00c4rmelabschlu\u00df mit seitlichem Cutout und Bindeb\u00e4ndern Nach hinten abgerundeter Saumabschlu\u00df Made in Italy Die Taschen findet Ihr im Shop unseres [...]\" \/>\n<meta property=\"og:url\" content=\"https:\/\/www.ancora-shop.de\/de\/produkt\/bluse-modell-cara\/\" \/>\n<meta property=\"og:site_name\" content=\"ANCORA Onlineshop\" \/>\n<meta property=\"article:modified_time\" content=\"2026-04-16T09:02:37+00:00\" \/>\n<meta property=\"og:image\" content=\"https:\/\/www.ancora-shop.de\/wp-content\/uploads\/2025\/01\/CARA-SGKW-1.jpg\" \/>\n\t<meta property=\"og:image:width\" content=\"1067\" \/>\n\t<meta property=\"og:image:height\" content=\"1582\" \/>\n\t<meta property=\"og:image:type\" content=\"image\/jpeg\" \/>\n<meta name=\"twitter:card\" content=\"summary_large_image\" \/>\n<meta name=\"twitter:label1\" content=\"Gesch\u00e4tzte Lesezeit\" \/>\n\t<meta name=\"twitter:data1\" content=\"1\u00a0Minute\" \/>\n<script type=\"application\/ld+json\" class=\"yoast-schema-graph\">{\"@context\":\"https:\\\/\\\/schema.org\",\"@graph\":[{\"@type\":\"WebPage\",\"@id\":\"https:\\\/\\\/www.ancora-shop.de\\\/produkt\\\/bluse-modell-cara\\\/\",\"url\":\"https:\\\/\\\/www.ancora-shop.de\\\/produkt\\\/bluse-modell-cara\\\/\",\"name\":\"Bluse Modell Cara - ANCORA Onlineshop\",\"isPartOf\":{\"@id\":\"https:\\\/\\\/www.ancora-shop.de\\\/#website\"},\"primaryImageOfPage\":{\"@id\":\"https:\\\/\\\/www.ancora-shop.de\\\/produkt\\\/bluse-modell-cara\\\/#primaryimage\"},\"image\":{\"@id\":\"https:\\\/\\\/www.ancora-shop.de\\\/produkt\\\/bluse-modell-cara\\\/#primaryimage\"},\"thumbnailUrl\":\"https:\\\/\\\/www.ancora-shop.de\\\/wp-content\\\/uploads\\\/2025\\\/01\\\/CARA-SGKW-1.jpg\",\"datePublished\":\"2025-01-22T17:09:04+00:00\",\"dateModified\":\"2026-04-16T09:02:37+00:00\",\"breadcrumb\":{\"@id\":\"https:\\\/\\\/www.ancora-shop.de\\\/produkt\\\/bluse-modell-cara\\\/#breadcrumb\"},\"inLanguage\":\"de\",\"potentialAction\":[{\"@type\":\"ReadAction\",\"target\":[\"https:\\\/\\\/www.ancora-shop.de\\\/produkt\\\/bluse-modell-cara\\\/\"]}]},{\"@type\":\"ImageObject\",\"inLanguage\":\"de\",\"@id\":\"https:\\\/\\\/www.ancora-shop.de\\\/produkt\\\/bluse-modell-cara\\\/#primaryimage\",\"url\":\"https:\\\/\\\/www.ancora-shop.de\\\/wp-content\\\/uploads\\\/2025\\\/01\\\/CARA-SGKW-1.jpg\",\"contentUrl\":\"https:\\\/\\\/www.ancora-shop.de\\\/wp-content\\\/uploads\\\/2025\\\/01\\\/CARA-SGKW-1.jpg\",\"width\":1067,\"height\":1582},{\"@type\":\"BreadcrumbList\",\"@id\":\"https:\\\/\\\/www.ancora-shop.de\\\/produkt\\\/bluse-modell-cara\\\/#breadcrumb\",\"itemListElement\":[{\"@type\":\"ListItem\",\"position\":1,\"name\":\"Startseite\",\"item\":\"https:\\\/\\\/www.ancora-shop.de\\\/\"},{\"@type\":\"ListItem\",\"position\":2,\"name\":\"Shop\",\"item\":\"https:\\\/\\\/www.ancora-shop.de\\\/shop\\\/\"},{\"@type\":\"ListItem\",\"position\":3,\"name\":\"Bluse Modell Cara\"}]},{\"@type\":\"WebSite\",\"@id\":\"https:\\\/\\\/www.ancora-shop.de\\\/#website\",\"url\":\"https:\\\/\\\/www.ancora-shop.de\\\/\",\"name\":\"ANCORA Onlineshop\",\"description\":\"\",\"potentialAction\":[{\"@type\":\"SearchAction\",\"target\":{\"@type\":\"EntryPoint\",\"urlTemplate\":\"https:\\\/\\\/www.ancora-shop.de\\\/?s={search_term_string}\"},\"query-input\":{\"@type\":\"PropertyValueSpecification\",\"valueRequired\":true,\"valueName\":\"search_term_string\"}}],\"inLanguage\":\"de\"}]}<\/script>\n<!-- \/ Yoast SEO plugin. -->","yoast_head_json":{"title":"Bluse Modell Cara - ANCORA Onlineshop","robots":{"index":"index","follow":"follow","max-snippet":"max-snippet:-1","max-image-preview":"max-image-preview:large","max-video-preview":"max-video-preview:-1"},"canonical":"https:\/\/www.ancora-shop.de\/de\/produkt\/bluse-modell-cara\/","og_locale":"de_DE","og_type":"article","og_title":"Bluse Modell Cara - ANCORA Onlineshop","og_description":"Diese feminine Volantbluse in mittelschwerer Glanz-Viscose wirst du lieben! V-Ausschnitt mit durchg\u00e4ngigem Volantbesatz Bindeband an der Spitze des V-Ausschnitts Formgebende Abn\u00e4her in Brusth\u00f6he Die diagonal gesetzten Teilungsn\u00e4hte vorne sorgen f\u00fcr eine schmeichelnde Silhouette Lange \u00c4rmel \u00c4rmelabschlu\u00df mit seitlichem Cutout und Bindeb\u00e4ndern Nach hinten abgerundeter Saumabschlu\u00df Made in Italy Die Taschen findet Ihr im Shop unseres [...]","og_url":"https:\/\/www.ancora-shop.de\/de\/produkt\/bluse-modell-cara\/","og_site_name":"ANCORA Onlineshop","article_modified_time":"2026-04-16T09:02:37+00:00","og_image":[{"width":1067,"height":1582,"url":"https:\/\/www.ancora-shop.de\/wp-content\/uploads\/2025\/01\/CARA-SGKW-1.jpg","type":"image\/jpeg"}],"twitter_card":"summary_large_image","twitter_misc":{"Gesch\u00e4tzte Lesezeit":"1\u00a0Minute"},"schema":{"@context":"https:\/\/schema.org","@graph":[{"@type":"WebPage","@id":"https:\/\/www.ancora-shop.de\/produkt\/bluse-modell-cara\/","url":"https:\/\/www.ancora-shop.de\/produkt\/bluse-modell-cara\/","name":"Bluse Modell Cara - ANCORA Onlineshop","isPartOf":{"@id":"https:\/\/www.ancora-shop.de\/#website"},"primaryImageOfPage":{"@id":"https:\/\/www.ancora-shop.de\/produkt\/bluse-modell-cara\/#primaryimage"},"image":{"@id":"https:\/\/www.ancora-shop.de\/produkt\/bluse-modell-cara\/#primaryimage"},"thumbnailUrl":"https:\/\/www.ancora-shop.de\/wp-content\/uploads\/2025\/01\/CARA-SGKW-1.jpg","datePublished":"2025-01-22T17:09:04+00:00","dateModified":"2026-04-16T09:02:37+00:00","breadcrumb":{"@id":"https:\/\/www.ancora-shop.de\/produkt\/bluse-modell-cara\/#breadcrumb"},"inLanguage":"de","potentialAction":[{"@type":"ReadAction","target":["https:\/\/www.ancora-shop.de\/produkt\/bluse-modell-cara\/"]}]},{"@type":"ImageObject","inLanguage":"de","@id":"https:\/\/www.ancora-shop.de\/produkt\/bluse-modell-cara\/#primaryimage","url":"https:\/\/www.ancora-shop.de\/wp-content\/uploads\/2025\/01\/CARA-SGKW-1.jpg","contentUrl":"https:\/\/www.ancora-shop.de\/wp-content\/uploads\/2025\/01\/CARA-SGKW-1.jpg","width":1067,"height":1582},{"@type":"BreadcrumbList","@id":"https:\/\/www.ancora-shop.de\/produkt\/bluse-modell-cara\/#breadcrumb","itemListElement":[{"@type":"ListItem","position":1,"name":"Startseite","item":"https:\/\/www.ancora-shop.de\/"},{"@type":"ListItem","position":2,"name":"Shop","item":"https:\/\/www.ancora-shop.de\/shop\/"},{"@type":"ListItem","position":3,"name":"Bluse Modell Cara"}]},{"@type":"WebSite","@id":"https:\/\/www.ancora-shop.de\/#website","url":"https:\/\/www.ancora-shop.de\/","name":"ANCORA Onlineshop","description":"","potentialAction":[{"@type":"SearchAction","target":{"@type":"EntryPoint","urlTemplate":"https:\/\/www.ancora-shop.de\/?s={search_term_string}"},"query-input":{"@type":"PropertyValueSpecification","valueRequired":true,"valueName":"search_term_string"}}],"inLanguage":"de"}]}},"_links":{"self":[{"href":"https:\/\/www.ancora-shop.de\/de\/wp-json\/wp\/v2\/product\/72989","targetHints":{"allow":["GET"]}}],"collection":[{"href":"https:\/\/www.ancora-shop.de\/de\/wp-json\/wp\/v2\/product"}],"about":[{"href":"https:\/\/www.ancora-shop.de\/de\/wp-json\/wp\/v2\/types\/product"}],"wp:featuredmedia":[{"embeddable":true,"href":"https:\/\/www.ancora-shop.de\/de\/wp-json\/wp\/v2\/media\/74141"}],"wp:attachment":[{"href":"https:\/\/www.ancora-shop.de\/de\/wp-json\/wp\/v2\/media?parent=72989"}],"wp:term":[{"taxonomy":"product_brand","embeddable":true,"href":"https:\/\/www.ancora-shop.de\/de\/wp-json\/wp\/v2\/product_brand?post=72989"},{"taxonomy":"product_cat","embeddable":true,"href":"https:\/\/www.ancora-shop.de\/de\/wp-json\/wp\/v2\/product_cat?post=72989"},{"taxonomy":"product_tag","embeddable":true,"href":"https:\/\/www.ancora-shop.de\/de\/wp-json\/wp\/v2\/product_tag?post=72989"}],"curies":[{"name":"wp","href":"https:\/\/api.w.org\/{rel}","templated":true}]}}