{"id":72865,"date":"2025-01-22T12:22:35","date_gmt":"2025-01-22T11:22:35","guid":{"rendered":"https:\/\/www.ancora-shop.de\/?post_type=product&#038;p=72865"},"modified":"2026-05-10T07:15:01","modified_gmt":"2026-05-10T05:15:01","slug":"shirt-modell-eline","status":"publish","type":"product","link":"https:\/\/www.ancora-shop.de\/de\/produkt\/shirt-modell-eline\/","title":{"rendered":"Shirt Modell Eline"},"content":{"rendered":"<ul>\n<li>Entdecke unser NEUES Glanz-Viscose-Bi-Stretch MATERIAL: ein hochwertiger Stoff mit dezentem Schimmer und optimaler Bewegungsfreiheit, absolut pflegeleicht und knitterarm<\/li>\n<li>Gerade figurnahe Passform<\/li>\n<li>Seitlich halsferner Ausschnitt<\/li>\n<li>Die eingelegten F\u00e4ltchen an einer Schulter und der gegen\u00fcber liegenden Seite ergeben einen diagonalen Drapierungseffekt<\/li>\n<li>Lange \u00c4rmel<\/li>\n<li>Ein Design, das dieses Oberteil von anderen abhebt<\/li>\n<li>Perfekte Passform, die Eleganz und Komfort verbindet<\/li>\n<li>Made in Italy<\/li>\n<\/ul>\n<p class=\"p1\" style=\"margin: 0cm;\"><span style=\"font-size: 9.0pt; font-family: 'Helvetica Neue'; color: black;\">Die Taschen findet Ihr im Shop unseres Kooperationspartners:<span class=\"apple-converted-space\">\u00a0<\/span><\/span><a href=\"https:\/\/www.bolindersthlm.com\/\"><span class=\"s1\"><span style=\"font-size: 9.0pt; font-family: 'Helvetica Neue'; color: #dca10d; text-decoration: none; text-underline: none;\">https:\/\/www.bolindersthlm.com<\/span><\/span><\/a><\/p>\n<p>&nbsp;<\/p>","protected":false},"excerpt":{"rendered":"<p>Entdecke unser NEUES Glanz-Viscose-Bi-Stretch MATERIAL: ein hochwertiger Stoff mit dezentem Schimmer und optimaler Bewegungsfreiheit, absolut pflegeleicht und knitterarm Gerade figurnahe Passform Seitlich halsferner Ausschnitt Die eingelegten F\u00e4ltchen an einer Schulter und der gegen\u00fcber liegenden Seite ergeben einen diagonalen Drapierungseffekt Lange \u00c4rmel Ein Design, das dieses Oberteil von anderen abhebt Perfekte Passform, die Eleganz und Komfort [&#8230;]\n","protected":false},"featured_media":0,"template":"","meta":[],"product_brand":[],"product_cat":[253],"product_tag":[],"class_list":{"0":"post-72865","1":"product","2":"type-product","3":"status-publish","5":"product_cat-sale-f-s","7":"first","8":"instock","9":"sale","10":"taxable","11":"shipping-taxable","12":"purchasable","13":"product-type-variable"},"supplier_id":null,"supplier_sku":"","barcode":null,"atum_controlled":true,"out_stock_date":null,"out_stock_threshold":null,"inheritable":true,"inbound_stock":null,"stock_on_hold":0,"sold_today":0,"sales_last_days":2,"reserved_stock":null,"customer_returns":null,"warehouse_damage":null,"lost_in_post":null,"other_logs":null,"out_stock_days":0,"lost_sales":0,"has_location":false,"update_date":"2026-04-10T13:42:26","atum_locations":[],"atum_stock_status":"instock","restock_status":false,"low_stock_amount":"","sales_update_date":"2026-03-26T12:55:17","calc_backorders":null,"yoast_head":"<!-- This site is optimized with the Yoast SEO plugin v27.6 - https:\/\/yoast.com\/product\/yoast-seo-wordpress\/ -->\n<title>Shirt Modell Eline - ANCORA Onlineshop<\/title>\n<meta name=\"robots\" content=\"index, follow, max-snippet:-1, max-image-preview:large, max-video-preview:-1\" \/>\n<link rel=\"canonical\" href=\"https:\/\/www.ancora-shop.de\/de\/produkt\/shirt-modell-eline\/\" \/>\n<meta property=\"og:locale\" content=\"de_DE\" \/>\n<meta property=\"og:type\" content=\"article\" \/>\n<meta property=\"og:title\" content=\"Shirt Modell Eline - ANCORA Onlineshop\" \/>\n<meta property=\"og:description\" content=\"Entdecke unser NEUES Glanz-Viscose-Bi-Stretch MATERIAL: ein hochwertiger Stoff mit dezentem Schimmer und optimaler Bewegungsfreiheit, absolut pflegeleicht und knitterarm Gerade figurnahe Passform Seitlich halsferner Ausschnitt Die eingelegten F\u00e4ltchen an einer Schulter und der gegen\u00fcber liegenden Seite ergeben einen diagonalen Drapierungseffekt Lange \u00c4rmel Ein Design, das dieses Oberteil von anderen abhebt Perfekte Passform, die Eleganz und Komfort [...]\" \/>\n<meta property=\"og:url\" content=\"https:\/\/www.ancora-shop.de\/de\/produkt\/shirt-modell-eline\/\" \/>\n<meta property=\"og:site_name\" content=\"ANCORA Onlineshop\" \/>\n<meta property=\"article:modified_time\" content=\"2026-05-10T05:15:01+00:00\" \/>\n<meta property=\"og:image\" content=\"https:\/\/www.ancora-shop.de\/wp-content\/uploads\/2025\/01\/ELINE-NE-1.jpg\" \/>\n\t<meta property=\"og:image:width\" content=\"1067\" \/>\n\t<meta property=\"og:image:height\" content=\"1600\" \/>\n\t<meta property=\"og:image:type\" content=\"image\/jpeg\" \/>\n<meta name=\"twitter:card\" content=\"summary_large_image\" \/>\n<meta name=\"twitter:label1\" content=\"Gesch\u00e4tzte Lesezeit\" \/>\n\t<meta name=\"twitter:data1\" content=\"1\u00a0Minute\" \/>\n<script type=\"application\/ld+json\" class=\"yoast-schema-graph\">{\"@context\":\"https:\\\/\\\/schema.org\",\"@graph\":[{\"@type\":\"WebPage\",\"@id\":\"https:\\\/\\\/www.ancora-shop.de\\\/produkt\\\/shirt-modell-eline\\\/\",\"url\":\"https:\\\/\\\/www.ancora-shop.de\\\/produkt\\\/shirt-modell-eline\\\/\",\"name\":\"Shirt Modell Eline - ANCORA Onlineshop\",\"isPartOf\":{\"@id\":\"https:\\\/\\\/www.ancora-shop.de\\\/#website\"},\"datePublished\":\"2025-01-22T11:22:35+00:00\",\"dateModified\":\"2026-05-10T05:15:01+00:00\",\"breadcrumb\":{\"@id\":\"https:\\\/\\\/www.ancora-shop.de\\\/produkt\\\/shirt-modell-eline\\\/#breadcrumb\"},\"inLanguage\":\"de\",\"potentialAction\":[{\"@type\":\"ReadAction\",\"target\":[\"https:\\\/\\\/www.ancora-shop.de\\\/produkt\\\/shirt-modell-eline\\\/\"]}]},{\"@type\":\"BreadcrumbList\",\"@id\":\"https:\\\/\\\/www.ancora-shop.de\\\/produkt\\\/shirt-modell-eline\\\/#breadcrumb\",\"itemListElement\":[{\"@type\":\"ListItem\",\"position\":1,\"name\":\"Startseite\",\"item\":\"https:\\\/\\\/www.ancora-shop.de\\\/\"},{\"@type\":\"ListItem\",\"position\":2,\"name\":\"Shop\",\"item\":\"https:\\\/\\\/www.ancora-shop.de\\\/shop\\\/\"},{\"@type\":\"ListItem\",\"position\":3,\"name\":\"Shirt Modell Eline\"}]},{\"@type\":\"WebSite\",\"@id\":\"https:\\\/\\\/www.ancora-shop.de\\\/#website\",\"url\":\"https:\\\/\\\/www.ancora-shop.de\\\/\",\"name\":\"ANCORA Onlineshop\",\"description\":\"\",\"potentialAction\":[{\"@type\":\"SearchAction\",\"target\":{\"@type\":\"EntryPoint\",\"urlTemplate\":\"https:\\\/\\\/www.ancora-shop.de\\\/?s={search_term_string}\"},\"query-input\":{\"@type\":\"PropertyValueSpecification\",\"valueRequired\":true,\"valueName\":\"search_term_string\"}}],\"inLanguage\":\"de\"}]}<\/script>\n<!-- \/ Yoast SEO plugin. -->","yoast_head_json":{"title":"Shirt Modell Eline - ANCORA Onlineshop","robots":{"index":"index","follow":"follow","max-snippet":"max-snippet:-1","max-image-preview":"max-image-preview:large","max-video-preview":"max-video-preview:-1"},"canonical":"https:\/\/www.ancora-shop.de\/de\/produkt\/shirt-modell-eline\/","og_locale":"de_DE","og_type":"article","og_title":"Shirt Modell Eline - ANCORA Onlineshop","og_description":"Entdecke unser NEUES Glanz-Viscose-Bi-Stretch MATERIAL: ein hochwertiger Stoff mit dezentem Schimmer und optimaler Bewegungsfreiheit, absolut pflegeleicht und knitterarm Gerade figurnahe Passform Seitlich halsferner Ausschnitt Die eingelegten F\u00e4ltchen an einer Schulter und der gegen\u00fcber liegenden Seite ergeben einen diagonalen Drapierungseffekt Lange \u00c4rmel Ein Design, das dieses Oberteil von anderen abhebt Perfekte Passform, die Eleganz und Komfort [...]","og_url":"https:\/\/www.ancora-shop.de\/de\/produkt\/shirt-modell-eline\/","og_site_name":"ANCORA Onlineshop","article_modified_time":"2026-05-10T05:15:01+00:00","og_image":[{"width":1067,"height":1600,"url":"https:\/\/www.ancora-shop.de\/wp-content\/uploads\/2025\/01\/ELINE-NE-1.jpg","type":"image\/jpeg"}],"twitter_card":"summary_large_image","twitter_misc":{"Gesch\u00e4tzte Lesezeit":"1\u00a0Minute"},"schema":{"@context":"https:\/\/schema.org","@graph":[{"@type":"WebPage","@id":"https:\/\/www.ancora-shop.de\/produkt\/shirt-modell-eline\/","url":"https:\/\/www.ancora-shop.de\/produkt\/shirt-modell-eline\/","name":"Shirt Modell Eline - ANCORA Onlineshop","isPartOf":{"@id":"https:\/\/www.ancora-shop.de\/#website"},"datePublished":"2025-01-22T11:22:35+00:00","dateModified":"2026-05-10T05:15:01+00:00","breadcrumb":{"@id":"https:\/\/www.ancora-shop.de\/produkt\/shirt-modell-eline\/#breadcrumb"},"inLanguage":"de","potentialAction":[{"@type":"ReadAction","target":["https:\/\/www.ancora-shop.de\/produkt\/shirt-modell-eline\/"]}]},{"@type":"BreadcrumbList","@id":"https:\/\/www.ancora-shop.de\/produkt\/shirt-modell-eline\/#breadcrumb","itemListElement":[{"@type":"ListItem","position":1,"name":"Startseite","item":"https:\/\/www.ancora-shop.de\/"},{"@type":"ListItem","position":2,"name":"Shop","item":"https:\/\/www.ancora-shop.de\/shop\/"},{"@type":"ListItem","position":3,"name":"Shirt Modell Eline"}]},{"@type":"WebSite","@id":"https:\/\/www.ancora-shop.de\/#website","url":"https:\/\/www.ancora-shop.de\/","name":"ANCORA Onlineshop","description":"","potentialAction":[{"@type":"SearchAction","target":{"@type":"EntryPoint","urlTemplate":"https:\/\/www.ancora-shop.de\/?s={search_term_string}"},"query-input":{"@type":"PropertyValueSpecification","valueRequired":true,"valueName":"search_term_string"}}],"inLanguage":"de"}]}},"_links":{"self":[{"href":"https:\/\/www.ancora-shop.de\/de\/wp-json\/wp\/v2\/product\/72865","targetHints":{"allow":["GET"]}}],"collection":[{"href":"https:\/\/www.ancora-shop.de\/de\/wp-json\/wp\/v2\/product"}],"about":[{"href":"https:\/\/www.ancora-shop.de\/de\/wp-json\/wp\/v2\/types\/product"}],"wp:attachment":[{"href":"https:\/\/www.ancora-shop.de\/de\/wp-json\/wp\/v2\/media?parent=72865"}],"wp:term":[{"taxonomy":"product_brand","embeddable":true,"href":"https:\/\/www.ancora-shop.de\/de\/wp-json\/wp\/v2\/product_brand?post=72865"},{"taxonomy":"product_cat","embeddable":true,"href":"https:\/\/www.ancora-shop.de\/de\/wp-json\/wp\/v2\/product_cat?post=72865"},{"taxonomy":"product_tag","embeddable":true,"href":"https:\/\/www.ancora-shop.de\/de\/wp-json\/wp\/v2\/product_tag?post=72865"}],"curies":[{"name":"wp","href":"https:\/\/api.w.org\/{rel}","templated":true}]}}