{"id":71882,"date":"2024-12-12T13:07:28","date_gmt":"2024-12-12T12:07:28","guid":{"rendered":"https:\/\/www.ancora-shop.de\/?post_type=product&#038;p=71882"},"modified":"2026-03-25T21:26:12","modified_gmt":"2026-03-25T20:26:12","slug":"hose-modell-miley-2","status":"publish","type":"product","link":"https:\/\/www.ancora-shop.de\/de\/produkt\/hose-modell-miley-2\/","title":{"rendered":"Hose Modell Miley"},"content":{"rendered":"<p><strong>PRODUKTBESCHREIBUNG<\/strong><\/p>\n<ul>\n<li>Lockerer Cargo-Jogg-Style<\/li>\n<li>Hohe Leibh\u00f6he<\/li>\n<li>Elastischer Taillenbund<\/li>\n<li>Tunnelzugband &amp; Abschlu\u00dfkappen in Silber<\/li>\n<li>Seitliche Eingrifftaschen<\/li>\n<li>Vertikal sowie schr\u00e4g gesetzte Teilungsn\u00e4hte<\/li>\n<li>Klappen-Taschen auf der Front<\/li>\n<li>Metall-Labeldetail<\/li>\n<li>Ges\u00e4\u00dftaschen unter der hinteren Passe<\/li>\n<li>Hochwertige Bi-Stretch-Techno-Ware<\/li>\n<li>Made in Italy<\/li>\n<\/ul>\n<p class=\"p1\" style=\"margin: 0cm;\"><span style=\"font-size: 9.0pt; font-family: 'Helvetica Neue'; color: black;\">Die Taschen findet Ihr im Shop unseres Kooperationspartners:<span class=\"apple-converted-space\">\u00a0<\/span><\/span><a href=\"https:\/\/www.bolindersthlm.com\/\"><span class=\"s1\"><span style=\"font-size: 9.0pt; font-family: 'Helvetica Neue'; color: #dca10d; text-decoration: none; text-underline: none;\">https:\/\/www.bolindersthlm.com<\/span><\/span><\/a><\/p>\n<p class=\"p1\" style=\"margin: 0cm;\"><span style=\"font-size: 9.0pt; font-family: 'Helvetica Neue'; color: black;\">Der Schmuck ist erh\u00e4ltlich bei unserem Kooperationspartner:<span class=\"apple-converted-space\">\u00a0<\/span><\/span><a href=\"https:\/\/www.konplott.com\/stores\/KOELN4\"><span class=\"s1\"><span style=\"font-size: 9.0pt; font-family: 'Helvetica Neue'; color: #dca10d; text-decoration: none; text-underline: none;\">https:\/\/www.konplott.com\/stores\/KOELN4<\/span><\/span><\/a><\/p>","protected":false},"excerpt":{"rendered":"<p>PRODUKTBESCHREIBUNG Lockerer Cargo-Jogg-Style Hohe Leibh\u00f6he Elastischer Taillenbund Tunnelzugband &amp; Abschlu\u00dfkappen in Silber Seitliche Eingrifftaschen Vertikal sowie schr\u00e4g gesetzte Teilungsn\u00e4hte Klappen-Taschen auf der Front Metall-Labeldetail Ges\u00e4\u00dftaschen unter der hinteren Passe Hochwertige Bi-Stretch-Techno-Ware Made in Italy Die Taschen findet Ihr im Shop unseres Kooperationspartners:\u00a0https:\/\/www.bolindersthlm.com Der Schmuck ist erh\u00e4ltlich bei unserem Kooperationspartner:\u00a0https:\/\/www.konplott.com\/stores\/KOELN4<\/p>","protected":false},"featured_media":68735,"template":"","meta":[],"product_brand":[],"product_cat":[87],"product_tag":[],"class_list":{"0":"post-71882","1":"product","2":"type-product","3":"status-publish","4":"has-post-thumbnail","6":"product_cat-sale-h-w","8":"first","9":"instock","10":"sale","11":"taxable","12":"shipping-taxable","13":"purchasable","14":"product-type-variable"},"supplier_id":null,"supplier_sku":"","barcode":null,"atum_controlled":true,"out_stock_date":null,"out_stock_threshold":null,"inheritable":true,"inbound_stock":0,"stock_on_hold":0,"sold_today":0,"sales_last_days":1,"reserved_stock":0,"customer_returns":0,"warehouse_damage":0,"lost_in_post":0,"other_logs":0,"out_stock_days":0,"lost_sales":0,"has_location":false,"update_date":"2026-04-16T08:59:30","atum_locations":[],"atum_stock_status":"instock","restock_status":false,"low_stock_amount":"","sales_update_date":"2026-02-24T11:51:38","calc_backorders":null,"yoast_head":"<!-- This site is optimized with the Yoast SEO plugin v27.6 - https:\/\/yoast.com\/product\/yoast-seo-wordpress\/ -->\n<title>Hose Modell Miley - ANCORA Onlineshop<\/title>\n<meta name=\"robots\" content=\"index, follow, max-snippet:-1, max-image-preview:large, max-video-preview:-1\" \/>\n<link rel=\"canonical\" href=\"https:\/\/www.ancora-shop.de\/de\/produkt\/hose-modell-miley-2\/\" \/>\n<meta property=\"og:locale\" content=\"de_DE\" \/>\n<meta property=\"og:type\" content=\"article\" \/>\n<meta property=\"og:title\" content=\"Hose Modell Miley - ANCORA Onlineshop\" \/>\n<meta property=\"og:description\" content=\"PRODUKTBESCHREIBUNG Lockerer Cargo-Jogg-Style Hohe Leibh\u00f6he Elastischer Taillenbund Tunnelzugband &amp; Abschlu\u00dfkappen in Silber Seitliche Eingrifftaschen Vertikal sowie schr\u00e4g gesetzte Teilungsn\u00e4hte Klappen-Taschen auf der Front Metall-Labeldetail Ges\u00e4\u00dftaschen unter der hinteren Passe Hochwertige Bi-Stretch-Techno-Ware Made in Italy Die Taschen findet Ihr im Shop unseres Kooperationspartners:\u00a0https:\/\/www.bolindersthlm.com Der Schmuck ist erh\u00e4ltlich bei unserem Kooperationspartner:\u00a0https:\/\/www.konplott.com\/stores\/KOELN4\" \/>\n<meta property=\"og:url\" content=\"https:\/\/www.ancora-shop.de\/de\/produkt\/hose-modell-miley-2\/\" \/>\n<meta property=\"og:site_name\" content=\"ANCORA Onlineshop\" \/>\n<meta property=\"article:modified_time\" content=\"2026-03-25T20:26:12+00:00\" \/>\n<meta property=\"og:image\" content=\"https:\/\/www.ancora-shop.de\/wp-content\/uploads\/2024\/08\/MILEY-ST-1.jpg\" \/>\n\t<meta property=\"og:image:width\" content=\"1067\" \/>\n\t<meta property=\"og:image:height\" content=\"1600\" \/>\n\t<meta property=\"og:image:type\" content=\"image\/jpeg\" \/>\n<meta name=\"twitter:card\" content=\"summary_large_image\" \/>\n<meta name=\"twitter:label1\" content=\"Gesch\u00e4tzte Lesezeit\" \/>\n\t<meta name=\"twitter:data1\" content=\"1\u00a0Minute\" \/>\n<script type=\"application\/ld+json\" class=\"yoast-schema-graph\">{\"@context\":\"https:\\\/\\\/schema.org\",\"@graph\":[{\"@type\":\"WebPage\",\"@id\":\"https:\\\/\\\/www.ancora-shop.de\\\/produkt\\\/hose-modell-miley-2\\\/\",\"url\":\"https:\\\/\\\/www.ancora-shop.de\\\/produkt\\\/hose-modell-miley-2\\\/\",\"name\":\"Hose Modell Miley - ANCORA Onlineshop\",\"isPartOf\":{\"@id\":\"https:\\\/\\\/www.ancora-shop.de\\\/#website\"},\"primaryImageOfPage\":{\"@id\":\"https:\\\/\\\/www.ancora-shop.de\\\/produkt\\\/hose-modell-miley-2\\\/#primaryimage\"},\"image\":{\"@id\":\"https:\\\/\\\/www.ancora-shop.de\\\/produkt\\\/hose-modell-miley-2\\\/#primaryimage\"},\"thumbnailUrl\":\"https:\\\/\\\/www.ancora-shop.de\\\/wp-content\\\/uploads\\\/2024\\\/08\\\/MILEY-ST-1.jpg\",\"datePublished\":\"2024-12-12T12:07:28+00:00\",\"dateModified\":\"2026-03-25T20:26:12+00:00\",\"breadcrumb\":{\"@id\":\"https:\\\/\\\/www.ancora-shop.de\\\/produkt\\\/hose-modell-miley-2\\\/#breadcrumb\"},\"inLanguage\":\"de\",\"potentialAction\":[{\"@type\":\"ReadAction\",\"target\":[\"https:\\\/\\\/www.ancora-shop.de\\\/produkt\\\/hose-modell-miley-2\\\/\"]}]},{\"@type\":\"ImageObject\",\"inLanguage\":\"de\",\"@id\":\"https:\\\/\\\/www.ancora-shop.de\\\/produkt\\\/hose-modell-miley-2\\\/#primaryimage\",\"url\":\"https:\\\/\\\/www.ancora-shop.de\\\/wp-content\\\/uploads\\\/2024\\\/08\\\/MILEY-ST-1.jpg\",\"contentUrl\":\"https:\\\/\\\/www.ancora-shop.de\\\/wp-content\\\/uploads\\\/2024\\\/08\\\/MILEY-ST-1.jpg\",\"width\":1067,\"height\":1600},{\"@type\":\"BreadcrumbList\",\"@id\":\"https:\\\/\\\/www.ancora-shop.de\\\/produkt\\\/hose-modell-miley-2\\\/#breadcrumb\",\"itemListElement\":[{\"@type\":\"ListItem\",\"position\":1,\"name\":\"Startseite\",\"item\":\"https:\\\/\\\/www.ancora-shop.de\\\/\"},{\"@type\":\"ListItem\",\"position\":2,\"name\":\"Shop\",\"item\":\"https:\\\/\\\/www.ancora-shop.de\\\/shop\\\/\"},{\"@type\":\"ListItem\",\"position\":3,\"name\":\"Hose Modell Miley\"}]},{\"@type\":\"WebSite\",\"@id\":\"https:\\\/\\\/www.ancora-shop.de\\\/#website\",\"url\":\"https:\\\/\\\/www.ancora-shop.de\\\/\",\"name\":\"ANCORA Onlineshop\",\"description\":\"\",\"potentialAction\":[{\"@type\":\"SearchAction\",\"target\":{\"@type\":\"EntryPoint\",\"urlTemplate\":\"https:\\\/\\\/www.ancora-shop.de\\\/?s={search_term_string}\"},\"query-input\":{\"@type\":\"PropertyValueSpecification\",\"valueRequired\":true,\"valueName\":\"search_term_string\"}}],\"inLanguage\":\"de\"}]}<\/script>\n<!-- \/ Yoast SEO plugin. -->","yoast_head_json":{"title":"Hose Modell Miley - ANCORA Onlineshop","robots":{"index":"index","follow":"follow","max-snippet":"max-snippet:-1","max-image-preview":"max-image-preview:large","max-video-preview":"max-video-preview:-1"},"canonical":"https:\/\/www.ancora-shop.de\/de\/produkt\/hose-modell-miley-2\/","og_locale":"de_DE","og_type":"article","og_title":"Hose Modell Miley - ANCORA Onlineshop","og_description":"PRODUKTBESCHREIBUNG Lockerer Cargo-Jogg-Style Hohe Leibh\u00f6he Elastischer Taillenbund Tunnelzugband &amp; Abschlu\u00dfkappen in Silber Seitliche Eingrifftaschen Vertikal sowie schr\u00e4g gesetzte Teilungsn\u00e4hte Klappen-Taschen auf der Front Metall-Labeldetail Ges\u00e4\u00dftaschen unter der hinteren Passe Hochwertige Bi-Stretch-Techno-Ware Made in Italy Die Taschen findet Ihr im Shop unseres Kooperationspartners:\u00a0https:\/\/www.bolindersthlm.com Der Schmuck ist erh\u00e4ltlich bei unserem Kooperationspartner:\u00a0https:\/\/www.konplott.com\/stores\/KOELN4","og_url":"https:\/\/www.ancora-shop.de\/de\/produkt\/hose-modell-miley-2\/","og_site_name":"ANCORA Onlineshop","article_modified_time":"2026-03-25T20:26:12+00:00","og_image":[{"width":1067,"height":1600,"url":"https:\/\/www.ancora-shop.de\/wp-content\/uploads\/2024\/08\/MILEY-ST-1.jpg","type":"image\/jpeg"}],"twitter_card":"summary_large_image","twitter_misc":{"Gesch\u00e4tzte Lesezeit":"1\u00a0Minute"},"schema":{"@context":"https:\/\/schema.org","@graph":[{"@type":"WebPage","@id":"https:\/\/www.ancora-shop.de\/produkt\/hose-modell-miley-2\/","url":"https:\/\/www.ancora-shop.de\/produkt\/hose-modell-miley-2\/","name":"Hose Modell Miley - ANCORA Onlineshop","isPartOf":{"@id":"https:\/\/www.ancora-shop.de\/#website"},"primaryImageOfPage":{"@id":"https:\/\/www.ancora-shop.de\/produkt\/hose-modell-miley-2\/#primaryimage"},"image":{"@id":"https:\/\/www.ancora-shop.de\/produkt\/hose-modell-miley-2\/#primaryimage"},"thumbnailUrl":"https:\/\/www.ancora-shop.de\/wp-content\/uploads\/2024\/08\/MILEY-ST-1.jpg","datePublished":"2024-12-12T12:07:28+00:00","dateModified":"2026-03-25T20:26:12+00:00","breadcrumb":{"@id":"https:\/\/www.ancora-shop.de\/produkt\/hose-modell-miley-2\/#breadcrumb"},"inLanguage":"de","potentialAction":[{"@type":"ReadAction","target":["https:\/\/www.ancora-shop.de\/produkt\/hose-modell-miley-2\/"]}]},{"@type":"ImageObject","inLanguage":"de","@id":"https:\/\/www.ancora-shop.de\/produkt\/hose-modell-miley-2\/#primaryimage","url":"https:\/\/www.ancora-shop.de\/wp-content\/uploads\/2024\/08\/MILEY-ST-1.jpg","contentUrl":"https:\/\/www.ancora-shop.de\/wp-content\/uploads\/2024\/08\/MILEY-ST-1.jpg","width":1067,"height":1600},{"@type":"BreadcrumbList","@id":"https:\/\/www.ancora-shop.de\/produkt\/hose-modell-miley-2\/#breadcrumb","itemListElement":[{"@type":"ListItem","position":1,"name":"Startseite","item":"https:\/\/www.ancora-shop.de\/"},{"@type":"ListItem","position":2,"name":"Shop","item":"https:\/\/www.ancora-shop.de\/shop\/"},{"@type":"ListItem","position":3,"name":"Hose Modell Miley"}]},{"@type":"WebSite","@id":"https:\/\/www.ancora-shop.de\/#website","url":"https:\/\/www.ancora-shop.de\/","name":"ANCORA Onlineshop","description":"","potentialAction":[{"@type":"SearchAction","target":{"@type":"EntryPoint","urlTemplate":"https:\/\/www.ancora-shop.de\/?s={search_term_string}"},"query-input":{"@type":"PropertyValueSpecification","valueRequired":true,"valueName":"search_term_string"}}],"inLanguage":"de"}]}},"_links":{"self":[{"href":"https:\/\/www.ancora-shop.de\/de\/wp-json\/wp\/v2\/product\/71882","targetHints":{"allow":["GET"]}}],"collection":[{"href":"https:\/\/www.ancora-shop.de\/de\/wp-json\/wp\/v2\/product"}],"about":[{"href":"https:\/\/www.ancora-shop.de\/de\/wp-json\/wp\/v2\/types\/product"}],"wp:featuredmedia":[{"embeddable":true,"href":"https:\/\/www.ancora-shop.de\/de\/wp-json\/wp\/v2\/media\/68735"}],"wp:attachment":[{"href":"https:\/\/www.ancora-shop.de\/de\/wp-json\/wp\/v2\/media?parent=71882"}],"wp:term":[{"taxonomy":"product_brand","embeddable":true,"href":"https:\/\/www.ancora-shop.de\/de\/wp-json\/wp\/v2\/product_brand?post=71882"},{"taxonomy":"product_cat","embeddable":true,"href":"https:\/\/www.ancora-shop.de\/de\/wp-json\/wp\/v2\/product_cat?post=71882"},{"taxonomy":"product_tag","embeddable":true,"href":"https:\/\/www.ancora-shop.de\/de\/wp-json\/wp\/v2\/product_tag?post=71882"}],"curies":[{"name":"wp","href":"https:\/\/api.w.org\/{rel}","templated":true}]}}