{"id":59703,"date":"2023-11-29T09:35:42","date_gmt":"2023-11-29T08:35:42","guid":{"rendered":"https:\/\/www.ancora-shop.de\/?post_type=product&#038;p=59703"},"modified":"2026-05-08T08:22:07","modified_gmt":"2026-05-08T06:22:07","slug":"hose-modell-sara-4","status":"publish","type":"product","link":"https:\/\/www.ancora-shop.de\/de\/produkt\/hose-modell-sara-4\/","title":{"rendered":"Hose Modell Sara"},"content":{"rendered":"<h2><strong>PRODUKTBESCHREIBUNG<\/strong><\/h2>\n<p>&nbsp;<\/p>\n<p><strong>GIVE ME FIVE, DARLING!<\/strong><\/p>\n<ul>\n<li>Puristisches Design &#8211; klassische Details!<\/li>\n<li>Mit dieser Hose immer wieder Begeisterung locken und saisonale Trends m\u00fchelos \u00fcberstehen!<\/li>\n<li>Feminin-sportiv<\/li>\n<li>5-Pocket Style \u2013 typische Eingriffstaschen und Ges\u00e4\u00dftaschen<\/li>\n<li>Liebe zum Detail &#8211; Rei\u00dfverschlussm\u00fcnzfach in der vorderen Tasche<\/li>\n<li>Verk\u00fcrzte Hosenbeinform, Kn\u00f6chell\u00e4nge \u2013 Highlight die abgerundeten, geschlitzten Beinabschl\u00fcsse<\/li>\n<li>Geschlossen wird diese mit einem Knopf und Rei\u00dfverschluss<\/li>\n<li>M\u00e4\u00dfig gerade geschnitten<\/li>\n<li>Label-Detail aus Metall<\/li>\n<li>Komfortables, dehnbares Gewebe mit matt kompakter Oberfl\u00e4che in mittelschwerer Qualit\u00e4t, au\u00dfergew\u00f6hnlicher Formbest\u00e4ndigkeit und softem Tragekomfort<\/li>\n<\/ul>\n<ul>\n<li>Made in Italy<\/li>\n<\/ul>\n<p>&nbsp;<\/p>\n<p>Die Taschen findet Ihr im Shop unseres Kooperationspartners:\u00a0<a href=\"https:\/\/www.bolindersthlm.com\/\">https:\/\/www.bolindersthlm.com<\/a><\/p>\n<p>Der Schmuck ist erh\u00e4ltlich bei unserem Kooperationspartner:\u00a0<a href=\"https:\/\/www.konplott.com\/stores\/KOELN4\">https:\/\/www.konplott.com\/stores\/KOELN4<\/a><\/p>","protected":false},"excerpt":{"rendered":"<p>PRODUKTBESCHREIBUNG &nbsp; GIVE ME FIVE, DARLING! Puristisches Design &#8211; klassische Details! Mit dieser Hose immer wieder Begeisterung locken und saisonale Trends m\u00fchelos \u00fcberstehen! Feminin-sportiv 5-Pocket Style \u2013 typische Eingriffstaschen und Ges\u00e4\u00dftaschen Liebe zum Detail &#8211; Rei\u00dfverschlussm\u00fcnzfach in der vorderen Tasche Verk\u00fcrzte Hosenbeinform, Kn\u00f6chell\u00e4nge \u2013 Highlight die abgerundeten, geschlitzten Beinabschl\u00fcsse Geschlossen wird diese mit einem Knopf [&#8230;]\n","protected":false},"featured_media":63734,"template":"","meta":[],"product_brand":[],"product_cat":[36],"product_tag":[],"class_list":{"0":"post-59703","1":"product","2":"type-product","3":"status-publish","4":"has-post-thumbnail","6":"product_cat-hosen","8":"first","9":"instock","10":"taxable","11":"shipping-taxable","12":"purchasable","13":"product-type-variable","14":"has-default-attributes"},"supplier_id":null,"supplier_sku":"","barcode":null,"atum_controlled":true,"out_stock_date":null,"out_stock_threshold":null,"inheritable":true,"inbound_stock":0,"stock_on_hold":60,"sold_today":6,"sales_last_days":13,"reserved_stock":0,"customer_returns":0,"warehouse_damage":0,"lost_in_post":0,"other_logs":0,"out_stock_days":0,"lost_sales":0,"has_location":false,"update_date":"2026-05-08T06:22:10","atum_locations":[],"atum_stock_status":"instock","restock_status":false,"low_stock_amount":"","sales_update_date":"2024-07-16T14:13:31","calc_backorders":null,"yoast_head":"<!-- This site is optimized with the Yoast SEO plugin v27.6 - https:\/\/yoast.com\/product\/yoast-seo-wordpress\/ -->\n<title>Hose Modell Sara - ANCORA Onlineshop<\/title>\n<meta name=\"robots\" content=\"index, follow, max-snippet:-1, max-image-preview:large, max-video-preview:-1\" \/>\n<link rel=\"canonical\" href=\"https:\/\/www.ancora-shop.de\/de\/produkt\/hose-modell-sara-4\/\" \/>\n<meta property=\"og:locale\" content=\"de_DE\" \/>\n<meta property=\"og:type\" content=\"article\" \/>\n<meta property=\"og:title\" content=\"Hose Modell Sara - ANCORA Onlineshop\" \/>\n<meta property=\"og:description\" content=\"PRODUKTBESCHREIBUNG &nbsp; GIVE ME FIVE, DARLING! Puristisches Design &#8211; klassische Details! Mit dieser Hose immer wieder Begeisterung locken und saisonale Trends m\u00fchelos \u00fcberstehen! Feminin-sportiv 5-Pocket Style \u2013 typische Eingriffstaschen und Ges\u00e4\u00dftaschen Liebe zum Detail &#8211; Rei\u00dfverschlussm\u00fcnzfach in der vorderen Tasche Verk\u00fcrzte Hosenbeinform, Kn\u00f6chell\u00e4nge \u2013 Highlight die abgerundeten, geschlitzten Beinabschl\u00fcsse Geschlossen wird diese mit einem Knopf [...]\" \/>\n<meta property=\"og:url\" content=\"https:\/\/www.ancora-shop.de\/de\/produkt\/hose-modell-sara-4\/\" \/>\n<meta property=\"og:site_name\" content=\"ANCORA Onlineshop\" \/>\n<meta property=\"article:modified_time\" content=\"2026-05-08T06:22:07+00:00\" \/>\n<meta property=\"og:image\" content=\"https:\/\/www.ancora-shop.de\/wp-content\/uploads\/2024\/03\/SARA-NB-1.jpg\" \/>\n\t<meta property=\"og:image:width\" content=\"1067\" \/>\n\t<meta property=\"og:image:height\" content=\"1600\" \/>\n\t<meta property=\"og:image:type\" content=\"image\/jpeg\" \/>\n<meta name=\"twitter:card\" content=\"summary_large_image\" \/>\n<meta name=\"twitter:label1\" content=\"Gesch\u00e4tzte Lesezeit\" \/>\n\t<meta name=\"twitter:data1\" content=\"1\u00a0Minute\" \/>\n<script type=\"application\/ld+json\" class=\"yoast-schema-graph\">{\"@context\":\"https:\\\/\\\/schema.org\",\"@graph\":[{\"@type\":\"WebPage\",\"@id\":\"https:\\\/\\\/www.ancora-shop.de\\\/produkt\\\/hose-modell-sara-4\\\/\",\"url\":\"https:\\\/\\\/www.ancora-shop.de\\\/produkt\\\/hose-modell-sara-4\\\/\",\"name\":\"Hose Modell Sara - ANCORA Onlineshop\",\"isPartOf\":{\"@id\":\"https:\\\/\\\/www.ancora-shop.de\\\/#website\"},\"primaryImageOfPage\":{\"@id\":\"https:\\\/\\\/www.ancora-shop.de\\\/produkt\\\/hose-modell-sara-4\\\/#primaryimage\"},\"image\":{\"@id\":\"https:\\\/\\\/www.ancora-shop.de\\\/produkt\\\/hose-modell-sara-4\\\/#primaryimage\"},\"thumbnailUrl\":\"https:\\\/\\\/www.ancora-shop.de\\\/wp-content\\\/uploads\\\/2024\\\/03\\\/SARA-NB-1.jpg\",\"datePublished\":\"2023-11-29T08:35:42+00:00\",\"dateModified\":\"2026-05-08T06:22:07+00:00\",\"breadcrumb\":{\"@id\":\"https:\\\/\\\/www.ancora-shop.de\\\/produkt\\\/hose-modell-sara-4\\\/#breadcrumb\"},\"inLanguage\":\"de\",\"potentialAction\":[{\"@type\":\"ReadAction\",\"target\":[\"https:\\\/\\\/www.ancora-shop.de\\\/produkt\\\/hose-modell-sara-4\\\/\"]}]},{\"@type\":\"ImageObject\",\"inLanguage\":\"de\",\"@id\":\"https:\\\/\\\/www.ancora-shop.de\\\/produkt\\\/hose-modell-sara-4\\\/#primaryimage\",\"url\":\"https:\\\/\\\/www.ancora-shop.de\\\/wp-content\\\/uploads\\\/2024\\\/03\\\/SARA-NB-1.jpg\",\"contentUrl\":\"https:\\\/\\\/www.ancora-shop.de\\\/wp-content\\\/uploads\\\/2024\\\/03\\\/SARA-NB-1.jpg\",\"width\":1067,\"height\":1600},{\"@type\":\"BreadcrumbList\",\"@id\":\"https:\\\/\\\/www.ancora-shop.de\\\/produkt\\\/hose-modell-sara-4\\\/#breadcrumb\",\"itemListElement\":[{\"@type\":\"ListItem\",\"position\":1,\"name\":\"Startseite\",\"item\":\"https:\\\/\\\/www.ancora-shop.de\\\/\"},{\"@type\":\"ListItem\",\"position\":2,\"name\":\"Shop\",\"item\":\"https:\\\/\\\/www.ancora-shop.de\\\/shop\\\/\"},{\"@type\":\"ListItem\",\"position\":3,\"name\":\"Hose Modell Sara\"}]},{\"@type\":\"WebSite\",\"@id\":\"https:\\\/\\\/www.ancora-shop.de\\\/#website\",\"url\":\"https:\\\/\\\/www.ancora-shop.de\\\/\",\"name\":\"ANCORA Onlineshop\",\"description\":\"\",\"potentialAction\":[{\"@type\":\"SearchAction\",\"target\":{\"@type\":\"EntryPoint\",\"urlTemplate\":\"https:\\\/\\\/www.ancora-shop.de\\\/?s={search_term_string}\"},\"query-input\":{\"@type\":\"PropertyValueSpecification\",\"valueRequired\":true,\"valueName\":\"search_term_string\"}}],\"inLanguage\":\"de\"}]}<\/script>\n<!-- \/ Yoast SEO plugin. -->","yoast_head_json":{"title":"Hose Modell Sara - ANCORA Onlineshop","robots":{"index":"index","follow":"follow","max-snippet":"max-snippet:-1","max-image-preview":"max-image-preview:large","max-video-preview":"max-video-preview:-1"},"canonical":"https:\/\/www.ancora-shop.de\/de\/produkt\/hose-modell-sara-4\/","og_locale":"de_DE","og_type":"article","og_title":"Hose Modell Sara - ANCORA Onlineshop","og_description":"PRODUKTBESCHREIBUNG &nbsp; GIVE ME FIVE, DARLING! Puristisches Design &#8211; klassische Details! Mit dieser Hose immer wieder Begeisterung locken und saisonale Trends m\u00fchelos \u00fcberstehen! Feminin-sportiv 5-Pocket Style \u2013 typische Eingriffstaschen und Ges\u00e4\u00dftaschen Liebe zum Detail &#8211; Rei\u00dfverschlussm\u00fcnzfach in der vorderen Tasche Verk\u00fcrzte Hosenbeinform, Kn\u00f6chell\u00e4nge \u2013 Highlight die abgerundeten, geschlitzten Beinabschl\u00fcsse Geschlossen wird diese mit einem Knopf [...]","og_url":"https:\/\/www.ancora-shop.de\/de\/produkt\/hose-modell-sara-4\/","og_site_name":"ANCORA Onlineshop","article_modified_time":"2026-05-08T06:22:07+00:00","og_image":[{"width":1067,"height":1600,"url":"https:\/\/www.ancora-shop.de\/wp-content\/uploads\/2024\/03\/SARA-NB-1.jpg","type":"image\/jpeg"}],"twitter_card":"summary_large_image","twitter_misc":{"Gesch\u00e4tzte Lesezeit":"1\u00a0Minute"},"schema":{"@context":"https:\/\/schema.org","@graph":[{"@type":"WebPage","@id":"https:\/\/www.ancora-shop.de\/produkt\/hose-modell-sara-4\/","url":"https:\/\/www.ancora-shop.de\/produkt\/hose-modell-sara-4\/","name":"Hose Modell Sara - ANCORA Onlineshop","isPartOf":{"@id":"https:\/\/www.ancora-shop.de\/#website"},"primaryImageOfPage":{"@id":"https:\/\/www.ancora-shop.de\/produkt\/hose-modell-sara-4\/#primaryimage"},"image":{"@id":"https:\/\/www.ancora-shop.de\/produkt\/hose-modell-sara-4\/#primaryimage"},"thumbnailUrl":"https:\/\/www.ancora-shop.de\/wp-content\/uploads\/2024\/03\/SARA-NB-1.jpg","datePublished":"2023-11-29T08:35:42+00:00","dateModified":"2026-05-08T06:22:07+00:00","breadcrumb":{"@id":"https:\/\/www.ancora-shop.de\/produkt\/hose-modell-sara-4\/#breadcrumb"},"inLanguage":"de","potentialAction":[{"@type":"ReadAction","target":["https:\/\/www.ancora-shop.de\/produkt\/hose-modell-sara-4\/"]}]},{"@type":"ImageObject","inLanguage":"de","@id":"https:\/\/www.ancora-shop.de\/produkt\/hose-modell-sara-4\/#primaryimage","url":"https:\/\/www.ancora-shop.de\/wp-content\/uploads\/2024\/03\/SARA-NB-1.jpg","contentUrl":"https:\/\/www.ancora-shop.de\/wp-content\/uploads\/2024\/03\/SARA-NB-1.jpg","width":1067,"height":1600},{"@type":"BreadcrumbList","@id":"https:\/\/www.ancora-shop.de\/produkt\/hose-modell-sara-4\/#breadcrumb","itemListElement":[{"@type":"ListItem","position":1,"name":"Startseite","item":"https:\/\/www.ancora-shop.de\/"},{"@type":"ListItem","position":2,"name":"Shop","item":"https:\/\/www.ancora-shop.de\/shop\/"},{"@type":"ListItem","position":3,"name":"Hose Modell Sara"}]},{"@type":"WebSite","@id":"https:\/\/www.ancora-shop.de\/#website","url":"https:\/\/www.ancora-shop.de\/","name":"ANCORA Onlineshop","description":"","potentialAction":[{"@type":"SearchAction","target":{"@type":"EntryPoint","urlTemplate":"https:\/\/www.ancora-shop.de\/?s={search_term_string}"},"query-input":{"@type":"PropertyValueSpecification","valueRequired":true,"valueName":"search_term_string"}}],"inLanguage":"de"}]}},"_links":{"self":[{"href":"https:\/\/www.ancora-shop.de\/de\/wp-json\/wp\/v2\/product\/59703","targetHints":{"allow":["GET"]}}],"collection":[{"href":"https:\/\/www.ancora-shop.de\/de\/wp-json\/wp\/v2\/product"}],"about":[{"href":"https:\/\/www.ancora-shop.de\/de\/wp-json\/wp\/v2\/types\/product"}],"wp:featuredmedia":[{"embeddable":true,"href":"https:\/\/www.ancora-shop.de\/de\/wp-json\/wp\/v2\/media\/63734"}],"wp:attachment":[{"href":"https:\/\/www.ancora-shop.de\/de\/wp-json\/wp\/v2\/media?parent=59703"}],"wp:term":[{"taxonomy":"product_brand","embeddable":true,"href":"https:\/\/www.ancora-shop.de\/de\/wp-json\/wp\/v2\/product_brand?post=59703"},{"taxonomy":"product_cat","embeddable":true,"href":"https:\/\/www.ancora-shop.de\/de\/wp-json\/wp\/v2\/product_cat?post=59703"},{"taxonomy":"product_tag","embeddable":true,"href":"https:\/\/www.ancora-shop.de\/de\/wp-json\/wp\/v2\/product_tag?post=59703"}],"curies":[{"name":"wp","href":"https:\/\/api.w.org\/{rel}","templated":true}]}}