{"id":56785,"date":"2023-08-09T12:31:30","date_gmt":"2023-08-09T10:31:30","guid":{"rendered":"https:\/\/www.ancora-shop.de\/?post_type=product&#038;p=56785"},"modified":"2025-11-21T09:38:04","modified_gmt":"2025-11-21T08:38:04","slug":"blazer-modell-sharon","status":"publish","type":"product","link":"https:\/\/www.ancora-shop.de\/de\/produkt\/blazer-modell-sharon\/","title":{"rendered":"Blazer Modell Sharon"},"content":{"rendered":"<h2><strong>PRODUKTBESCHREIBUNG<\/strong><\/h2>\n<ul>\n<li>Modisch geschnittener Boucl\u00e9 Blazer<\/li>\n<li>Verk\u00fcrzter, kastenf\u00f6rmiger Schnitt<\/li>\n<li>Kragen und Revers mit dekorativen Fransendetails<\/li>\n<li>Zweireiher mit Vier-Knopf-Silhouette<\/li>\n<li>Seitlich gesetzte Eingrifftaschen<\/li>\n<li>Schlitz mit Zwei Kn\u00f6pfen an den \u00c4rmelenden<\/li>\n<li>Glattes Innenfutter<\/li>\n<\/ul>\n<p class=\"p1\">Die Taschen findet Ihr im Shop unseres Kooperationspartners: <a href=\"https:\/\/www.bolindersthlm.com\/\"><span class=\"s1\">https:\/\/www.bolindersthlm.com<\/span><\/a><\/p>\n<p class=\"p1\">Der Schmuck ist erh\u00e4ltlich bei unserem Kooperationspartner: <a href=\"https:\/\/www.konplott.com\/stores\/KOELN4\"><span class=\"s1\">https:\/\/www.konplott.com\/stores\/KOELN4<\/span><\/a><\/p>\n<p>&nbsp;<\/p>","protected":false},"excerpt":{"rendered":"<p>PRODUKTBESCHREIBUNG Modisch geschnittener Boucl\u00e9 Blazer Verk\u00fcrzter, kastenf\u00f6rmiger Schnitt Kragen und Revers mit dekorativen Fransendetails Zweireiher mit Vier-Knopf-Silhouette Seitlich gesetzte Eingrifftaschen Schlitz mit Zwei Kn\u00f6pfen an den \u00c4rmelenden Glattes Innenfutter Die Taschen findet Ihr im Shop unseres Kooperationspartners: https:\/\/www.bolindersthlm.com Der Schmuck ist erh\u00e4ltlich bei unserem Kooperationspartner: https:\/\/www.konplott.com\/stores\/KOELN4 &nbsp;<\/p>","protected":false},"featured_media":57956,"template":"","meta":[],"product_brand":[],"product_cat":[87],"product_tag":[],"class_list":{"0":"post-56785","1":"product","2":"type-product","3":"status-publish","4":"has-post-thumbnail","6":"product_cat-sale-h-w","8":"first","9":"instock","10":"sale","11":"taxable","12":"shipping-taxable","13":"purchasable","14":"product-type-variable"},"supplier_id":null,"supplier_sku":"","barcode":null,"atum_controlled":true,"out_stock_date":null,"out_stock_threshold":null,"inheritable":true,"inbound_stock":0,"stock_on_hold":3,"sold_today":0,"sales_last_days":3,"reserved_stock":0,"customer_returns":0,"warehouse_damage":0,"lost_in_post":0,"other_logs":0,"out_stock_days":null,"lost_sales":0,"has_location":false,"update_date":"2025-11-21T08:38:06","atum_locations":[],"atum_stock_status":"instock","restock_status":false,"low_stock_amount":"","sales_update_date":"2023-11-29T07:16:56","calc_backorders":null,"yoast_head":"<!-- This site is optimized with the Yoast SEO plugin v27.6 - https:\/\/yoast.com\/product\/yoast-seo-wordpress\/ -->\n<title>Blazer Modell Sharon - ANCORA Onlineshop<\/title>\n<meta name=\"robots\" content=\"index, follow, max-snippet:-1, max-image-preview:large, max-video-preview:-1\" \/>\n<link rel=\"canonical\" href=\"https:\/\/www.ancora-shop.de\/de\/produkt\/blazer-modell-sharon\/\" \/>\n<meta property=\"og:locale\" content=\"de_DE\" \/>\n<meta property=\"og:type\" content=\"article\" \/>\n<meta property=\"og:title\" content=\"Blazer Modell Sharon - ANCORA Onlineshop\" \/>\n<meta property=\"og:description\" content=\"PRODUKTBESCHREIBUNG Modisch geschnittener Boucl\u00e9 Blazer Verk\u00fcrzter, kastenf\u00f6rmiger Schnitt Kragen und Revers mit dekorativen Fransendetails Zweireiher mit Vier-Knopf-Silhouette Seitlich gesetzte Eingrifftaschen Schlitz mit Zwei Kn\u00f6pfen an den \u00c4rmelenden Glattes Innenfutter Die Taschen findet Ihr im Shop unseres Kooperationspartners: https:\/\/www.bolindersthlm.com Der Schmuck ist erh\u00e4ltlich bei unserem Kooperationspartner: https:\/\/www.konplott.com\/stores\/KOELN4 &nbsp;\" \/>\n<meta property=\"og:url\" content=\"https:\/\/www.ancora-shop.de\/de\/produkt\/blazer-modell-sharon\/\" \/>\n<meta property=\"og:site_name\" content=\"ANCORA Onlineshop\" \/>\n<meta property=\"article:modified_time\" content=\"2025-11-21T08:38:04+00:00\" \/>\n<meta property=\"og:image\" content=\"https:\/\/www.ancora-shop.de\/wp-content\/uploads\/2023\/08\/SHARON-VE-1.jpg\" \/>\n\t<meta property=\"og:image:width\" content=\"1067\" \/>\n\t<meta property=\"og:image:height\" content=\"1600\" \/>\n\t<meta property=\"og:image:type\" content=\"image\/jpeg\" \/>\n<meta name=\"twitter:card\" content=\"summary_large_image\" \/>\n<meta name=\"twitter:label1\" content=\"Gesch\u00e4tzte Lesezeit\" \/>\n\t<meta name=\"twitter:data1\" content=\"1\u00a0Minute\" \/>\n<script type=\"application\/ld+json\" class=\"yoast-schema-graph\">{\"@context\":\"https:\\\/\\\/schema.org\",\"@graph\":[{\"@type\":\"WebPage\",\"@id\":\"https:\\\/\\\/www.ancora-shop.de\\\/produkt\\\/blazer-modell-sharon\\\/\",\"url\":\"https:\\\/\\\/www.ancora-shop.de\\\/produkt\\\/blazer-modell-sharon\\\/\",\"name\":\"Blazer Modell Sharon - ANCORA Onlineshop\",\"isPartOf\":{\"@id\":\"https:\\\/\\\/www.ancora-shop.de\\\/#website\"},\"primaryImageOfPage\":{\"@id\":\"https:\\\/\\\/www.ancora-shop.de\\\/produkt\\\/blazer-modell-sharon\\\/#primaryimage\"},\"image\":{\"@id\":\"https:\\\/\\\/www.ancora-shop.de\\\/produkt\\\/blazer-modell-sharon\\\/#primaryimage\"},\"thumbnailUrl\":\"https:\\\/\\\/www.ancora-shop.de\\\/wp-content\\\/uploads\\\/2023\\\/08\\\/SHARON-VE-1.jpg\",\"datePublished\":\"2023-08-09T10:31:30+00:00\",\"dateModified\":\"2025-11-21T08:38:04+00:00\",\"breadcrumb\":{\"@id\":\"https:\\\/\\\/www.ancora-shop.de\\\/produkt\\\/blazer-modell-sharon\\\/#breadcrumb\"},\"inLanguage\":\"de\",\"potentialAction\":[{\"@type\":\"ReadAction\",\"target\":[\"https:\\\/\\\/www.ancora-shop.de\\\/produkt\\\/blazer-modell-sharon\\\/\"]}]},{\"@type\":\"ImageObject\",\"inLanguage\":\"de\",\"@id\":\"https:\\\/\\\/www.ancora-shop.de\\\/produkt\\\/blazer-modell-sharon\\\/#primaryimage\",\"url\":\"https:\\\/\\\/www.ancora-shop.de\\\/wp-content\\\/uploads\\\/2023\\\/08\\\/SHARON-VE-1.jpg\",\"contentUrl\":\"https:\\\/\\\/www.ancora-shop.de\\\/wp-content\\\/uploads\\\/2023\\\/08\\\/SHARON-VE-1.jpg\",\"width\":1067,\"height\":1600},{\"@type\":\"BreadcrumbList\",\"@id\":\"https:\\\/\\\/www.ancora-shop.de\\\/produkt\\\/blazer-modell-sharon\\\/#breadcrumb\",\"itemListElement\":[{\"@type\":\"ListItem\",\"position\":1,\"name\":\"Startseite\",\"item\":\"https:\\\/\\\/www.ancora-shop.de\\\/\"},{\"@type\":\"ListItem\",\"position\":2,\"name\":\"Shop\",\"item\":\"https:\\\/\\\/www.ancora-shop.de\\\/shop\\\/\"},{\"@type\":\"ListItem\",\"position\":3,\"name\":\"Blazer Modell Sharon\"}]},{\"@type\":\"WebSite\",\"@id\":\"https:\\\/\\\/www.ancora-shop.de\\\/#website\",\"url\":\"https:\\\/\\\/www.ancora-shop.de\\\/\",\"name\":\"ANCORA Onlineshop\",\"description\":\"\",\"potentialAction\":[{\"@type\":\"SearchAction\",\"target\":{\"@type\":\"EntryPoint\",\"urlTemplate\":\"https:\\\/\\\/www.ancora-shop.de\\\/?s={search_term_string}\"},\"query-input\":{\"@type\":\"PropertyValueSpecification\",\"valueRequired\":true,\"valueName\":\"search_term_string\"}}],\"inLanguage\":\"de\"}]}<\/script>\n<!-- \/ Yoast SEO plugin. -->","yoast_head_json":{"title":"Blazer Modell Sharon - ANCORA Onlineshop","robots":{"index":"index","follow":"follow","max-snippet":"max-snippet:-1","max-image-preview":"max-image-preview:large","max-video-preview":"max-video-preview:-1"},"canonical":"https:\/\/www.ancora-shop.de\/de\/produkt\/blazer-modell-sharon\/","og_locale":"de_DE","og_type":"article","og_title":"Blazer Modell Sharon - ANCORA Onlineshop","og_description":"PRODUKTBESCHREIBUNG Modisch geschnittener Boucl\u00e9 Blazer Verk\u00fcrzter, kastenf\u00f6rmiger Schnitt Kragen und Revers mit dekorativen Fransendetails Zweireiher mit Vier-Knopf-Silhouette Seitlich gesetzte Eingrifftaschen Schlitz mit Zwei Kn\u00f6pfen an den \u00c4rmelenden Glattes Innenfutter Die Taschen findet Ihr im Shop unseres Kooperationspartners: https:\/\/www.bolindersthlm.com Der Schmuck ist erh\u00e4ltlich bei unserem Kooperationspartner: https:\/\/www.konplott.com\/stores\/KOELN4 &nbsp;","og_url":"https:\/\/www.ancora-shop.de\/de\/produkt\/blazer-modell-sharon\/","og_site_name":"ANCORA Onlineshop","article_modified_time":"2025-11-21T08:38:04+00:00","og_image":[{"width":1067,"height":1600,"url":"https:\/\/www.ancora-shop.de\/wp-content\/uploads\/2023\/08\/SHARON-VE-1.jpg","type":"image\/jpeg"}],"twitter_card":"summary_large_image","twitter_misc":{"Gesch\u00e4tzte Lesezeit":"1\u00a0Minute"},"schema":{"@context":"https:\/\/schema.org","@graph":[{"@type":"WebPage","@id":"https:\/\/www.ancora-shop.de\/produkt\/blazer-modell-sharon\/","url":"https:\/\/www.ancora-shop.de\/produkt\/blazer-modell-sharon\/","name":"Blazer Modell Sharon - ANCORA Onlineshop","isPartOf":{"@id":"https:\/\/www.ancora-shop.de\/#website"},"primaryImageOfPage":{"@id":"https:\/\/www.ancora-shop.de\/produkt\/blazer-modell-sharon\/#primaryimage"},"image":{"@id":"https:\/\/www.ancora-shop.de\/produkt\/blazer-modell-sharon\/#primaryimage"},"thumbnailUrl":"https:\/\/www.ancora-shop.de\/wp-content\/uploads\/2023\/08\/SHARON-VE-1.jpg","datePublished":"2023-08-09T10:31:30+00:00","dateModified":"2025-11-21T08:38:04+00:00","breadcrumb":{"@id":"https:\/\/www.ancora-shop.de\/produkt\/blazer-modell-sharon\/#breadcrumb"},"inLanguage":"de","potentialAction":[{"@type":"ReadAction","target":["https:\/\/www.ancora-shop.de\/produkt\/blazer-modell-sharon\/"]}]},{"@type":"ImageObject","inLanguage":"de","@id":"https:\/\/www.ancora-shop.de\/produkt\/blazer-modell-sharon\/#primaryimage","url":"https:\/\/www.ancora-shop.de\/wp-content\/uploads\/2023\/08\/SHARON-VE-1.jpg","contentUrl":"https:\/\/www.ancora-shop.de\/wp-content\/uploads\/2023\/08\/SHARON-VE-1.jpg","width":1067,"height":1600},{"@type":"BreadcrumbList","@id":"https:\/\/www.ancora-shop.de\/produkt\/blazer-modell-sharon\/#breadcrumb","itemListElement":[{"@type":"ListItem","position":1,"name":"Startseite","item":"https:\/\/www.ancora-shop.de\/"},{"@type":"ListItem","position":2,"name":"Shop","item":"https:\/\/www.ancora-shop.de\/shop\/"},{"@type":"ListItem","position":3,"name":"Blazer Modell Sharon"}]},{"@type":"WebSite","@id":"https:\/\/www.ancora-shop.de\/#website","url":"https:\/\/www.ancora-shop.de\/","name":"ANCORA Onlineshop","description":"","potentialAction":[{"@type":"SearchAction","target":{"@type":"EntryPoint","urlTemplate":"https:\/\/www.ancora-shop.de\/?s={search_term_string}"},"query-input":{"@type":"PropertyValueSpecification","valueRequired":true,"valueName":"search_term_string"}}],"inLanguage":"de"}]}},"_links":{"self":[{"href":"https:\/\/www.ancora-shop.de\/de\/wp-json\/wp\/v2\/product\/56785","targetHints":{"allow":["GET"]}}],"collection":[{"href":"https:\/\/www.ancora-shop.de\/de\/wp-json\/wp\/v2\/product"}],"about":[{"href":"https:\/\/www.ancora-shop.de\/de\/wp-json\/wp\/v2\/types\/product"}],"wp:featuredmedia":[{"embeddable":true,"href":"https:\/\/www.ancora-shop.de\/de\/wp-json\/wp\/v2\/media\/57956"}],"wp:attachment":[{"href":"https:\/\/www.ancora-shop.de\/de\/wp-json\/wp\/v2\/media?parent=56785"}],"wp:term":[{"taxonomy":"product_brand","embeddable":true,"href":"https:\/\/www.ancora-shop.de\/de\/wp-json\/wp\/v2\/product_brand?post=56785"},{"taxonomy":"product_cat","embeddable":true,"href":"https:\/\/www.ancora-shop.de\/de\/wp-json\/wp\/v2\/product_cat?post=56785"},{"taxonomy":"product_tag","embeddable":true,"href":"https:\/\/www.ancora-shop.de\/de\/wp-json\/wp\/v2\/product_tag?post=56785"}],"curies":[{"name":"wp","href":"https:\/\/api.w.org\/{rel}","templated":true}]}}