{"id":55303,"date":"2023-06-22T12:15:45","date_gmt":"2023-06-22T10:15:45","guid":{"rendered":"https:\/\/www.ancora-shop.de\/?post_type=product&#038;p=55303"},"modified":"2026-01-27T12:39:17","modified_gmt":"2026-01-27T11:39:17","slug":"hose-modell-jodie","status":"publish","type":"product","link":"https:\/\/www.ancora-shop.de\/de\/produkt\/hose-modell-jodie\/","title":{"rendered":"Hose Modell Jodie"},"content":{"rendered":"<h2><strong>PRODUKTBESCHREIBUNG<\/strong><\/h2>\n<p><strong>STYLISCHER MINIMALISMUS \u2013 MAXIMALE WIRKUNG!<\/strong><\/p>\n<ul>\n<li>Neu! &#8230;und ganz einfach: Die Bequemlichkeit und der Komfort, den man im Homeoffice hat, soll bleiben und trotzdem will man angezogener und smart wirken!<\/li>\n<li>Hose im Jogger- Style in elastisch weicher Techno-Ware<\/li>\n<li>Entscheiden Sie, ob die Hose lieber etwas legerer und weiter ausfallen soll und w\u00e4hlen Sie dann eine Nummer gr\u00f6\u00dfer<\/li>\n<li>Elastischer Bund ohne Verschluss mit Tunnelzugb\u00e4ndchen<\/li>\n<li>Seitlich leicht nach vorne versetzt vertikale Eingriff-Taschen<\/li>\n<li>Metall-Label-Emblem vorne an der Hosentasche<\/li>\n<li>Nach unten hin verj\u00fcngte Schnittf\u00fchrung<\/li>\n<li>Hosenbeinl\u00e4nge durch Umschlagen beliebig variabel<\/li>\n<li>Made in Italy<\/li>\n<\/ul>\n<p>&nbsp;<\/p>\n<p>Die Taschen findet Ihr im Shop unseres Kooperationspartners:\u00a0<a href=\"https:\/\/www.bolindersthlm.com\/\">https:\/\/www.bolindersthlm.com<\/a><\/p>\n<p>Der Schmuck ist erh\u00e4ltlich bei unserem Kooperationspartner:\u00a0<a href=\"https:\/\/www.konplott.com\/stores\/KOELN4\">https:\/\/www.konplott.com\/stores\/KOELN4<\/a><\/p>","protected":false},"excerpt":{"rendered":"<p>PRODUKTBESCHREIBUNG STYLISCHER MINIMALISMUS \u2013 MAXIMALE WIRKUNG! Neu! &#8230;und ganz einfach: Die Bequemlichkeit und der Komfort, den man im Homeoffice hat, soll bleiben und trotzdem will man angezogener und smart wirken! Hose im Jogger- Style in elastisch weicher Techno-Ware Entscheiden Sie, ob die Hose lieber etwas legerer und weiter ausfallen soll und w\u00e4hlen Sie dann eine [&#8230;]\n","protected":false},"featured_media":58016,"template":"","meta":[],"product_brand":[],"product_cat":[87],"product_tag":[],"class_list":{"0":"post-55303","1":"product","2":"type-product","3":"status-publish","4":"has-post-thumbnail","6":"product_cat-sale-h-w","8":"first","9":"instock","10":"sale","11":"taxable","12":"shipping-taxable","13":"purchasable","14":"product-type-variable","15":"has-default-attributes"},"supplier_id":null,"supplier_sku":"","barcode":null,"atum_controlled":true,"out_stock_date":null,"out_stock_threshold":null,"inheritable":true,"inbound_stock":0,"stock_on_hold":1,"sold_today":1,"sales_last_days":7,"reserved_stock":0,"customer_returns":0,"warehouse_damage":0,"lost_in_post":0,"other_logs":0,"out_stock_days":0,"lost_sales":0,"has_location":false,"update_date":"2026-02-10T13:39:34","atum_locations":[],"atum_stock_status":"instock","restock_status":false,"low_stock_amount":"","sales_update_date":"2026-02-10T13:39:34","calc_backorders":null,"yoast_head":"<!-- This site is optimized with the Yoast SEO plugin v27.6 - https:\/\/yoast.com\/product\/yoast-seo-wordpress\/ -->\n<title>Hose Modell Jodie - ANCORA Onlineshop<\/title>\n<meta name=\"robots\" content=\"index, follow, max-snippet:-1, max-image-preview:large, max-video-preview:-1\" \/>\n<link rel=\"canonical\" href=\"https:\/\/www.ancora-shop.de\/de\/produkt\/hose-modell-jodie\/\" \/>\n<meta property=\"og:locale\" content=\"de_DE\" \/>\n<meta property=\"og:type\" content=\"article\" \/>\n<meta property=\"og:title\" content=\"Hose Modell Jodie - ANCORA Onlineshop\" \/>\n<meta property=\"og:description\" content=\"PRODUKTBESCHREIBUNG STYLISCHER MINIMALISMUS \u2013 MAXIMALE WIRKUNG! Neu! &#8230;und ganz einfach: Die Bequemlichkeit und der Komfort, den man im Homeoffice hat, soll bleiben und trotzdem will man angezogener und smart wirken! Hose im Jogger- Style in elastisch weicher Techno-Ware Entscheiden Sie, ob die Hose lieber etwas legerer und weiter ausfallen soll und w\u00e4hlen Sie dann eine [...]\" \/>\n<meta property=\"og:url\" content=\"https:\/\/www.ancora-shop.de\/de\/produkt\/hose-modell-jodie\/\" \/>\n<meta property=\"og:site_name\" content=\"ANCORA Onlineshop\" \/>\n<meta property=\"article:modified_time\" content=\"2026-01-27T11:39:17+00:00\" \/>\n<meta property=\"og:image\" content=\"https:\/\/www.ancora-shop.de\/wp-content\/uploads\/2023\/06\/JODIE-GL-1.jpg\" \/>\n\t<meta property=\"og:image:width\" content=\"1067\" \/>\n\t<meta property=\"og:image:height\" content=\"1600\" \/>\n\t<meta property=\"og:image:type\" content=\"image\/jpeg\" \/>\n<meta name=\"twitter:card\" content=\"summary_large_image\" \/>\n<meta name=\"twitter:label1\" content=\"Gesch\u00e4tzte Lesezeit\" \/>\n\t<meta name=\"twitter:data1\" content=\"1\u00a0Minute\" \/>\n<script type=\"application\/ld+json\" class=\"yoast-schema-graph\">{\"@context\":\"https:\\\/\\\/schema.org\",\"@graph\":[{\"@type\":\"WebPage\",\"@id\":\"https:\\\/\\\/www.ancora-shop.de\\\/produkt\\\/hose-modell-jodie\\\/\",\"url\":\"https:\\\/\\\/www.ancora-shop.de\\\/produkt\\\/hose-modell-jodie\\\/\",\"name\":\"Hose Modell Jodie - ANCORA Onlineshop\",\"isPartOf\":{\"@id\":\"https:\\\/\\\/www.ancora-shop.de\\\/#website\"},\"primaryImageOfPage\":{\"@id\":\"https:\\\/\\\/www.ancora-shop.de\\\/produkt\\\/hose-modell-jodie\\\/#primaryimage\"},\"image\":{\"@id\":\"https:\\\/\\\/www.ancora-shop.de\\\/produkt\\\/hose-modell-jodie\\\/#primaryimage\"},\"thumbnailUrl\":\"https:\\\/\\\/www.ancora-shop.de\\\/wp-content\\\/uploads\\\/2023\\\/06\\\/JODIE-GL-1.jpg\",\"datePublished\":\"2023-06-22T10:15:45+00:00\",\"dateModified\":\"2026-01-27T11:39:17+00:00\",\"breadcrumb\":{\"@id\":\"https:\\\/\\\/www.ancora-shop.de\\\/produkt\\\/hose-modell-jodie\\\/#breadcrumb\"},\"inLanguage\":\"de\",\"potentialAction\":[{\"@type\":\"ReadAction\",\"target\":[\"https:\\\/\\\/www.ancora-shop.de\\\/produkt\\\/hose-modell-jodie\\\/\"]}]},{\"@type\":\"ImageObject\",\"inLanguage\":\"de\",\"@id\":\"https:\\\/\\\/www.ancora-shop.de\\\/produkt\\\/hose-modell-jodie\\\/#primaryimage\",\"url\":\"https:\\\/\\\/www.ancora-shop.de\\\/wp-content\\\/uploads\\\/2023\\\/06\\\/JODIE-GL-1.jpg\",\"contentUrl\":\"https:\\\/\\\/www.ancora-shop.de\\\/wp-content\\\/uploads\\\/2023\\\/06\\\/JODIE-GL-1.jpg\",\"width\":1067,\"height\":1600},{\"@type\":\"BreadcrumbList\",\"@id\":\"https:\\\/\\\/www.ancora-shop.de\\\/produkt\\\/hose-modell-jodie\\\/#breadcrumb\",\"itemListElement\":[{\"@type\":\"ListItem\",\"position\":1,\"name\":\"Startseite\",\"item\":\"https:\\\/\\\/www.ancora-shop.de\\\/\"},{\"@type\":\"ListItem\",\"position\":2,\"name\":\"Shop\",\"item\":\"https:\\\/\\\/www.ancora-shop.de\\\/shop\\\/\"},{\"@type\":\"ListItem\",\"position\":3,\"name\":\"Hose Modell Jodie\"}]},{\"@type\":\"WebSite\",\"@id\":\"https:\\\/\\\/www.ancora-shop.de\\\/#website\",\"url\":\"https:\\\/\\\/www.ancora-shop.de\\\/\",\"name\":\"ANCORA Onlineshop\",\"description\":\"\",\"potentialAction\":[{\"@type\":\"SearchAction\",\"target\":{\"@type\":\"EntryPoint\",\"urlTemplate\":\"https:\\\/\\\/www.ancora-shop.de\\\/?s={search_term_string}\"},\"query-input\":{\"@type\":\"PropertyValueSpecification\",\"valueRequired\":true,\"valueName\":\"search_term_string\"}}],\"inLanguage\":\"de\"}]}<\/script>\n<!-- \/ Yoast SEO plugin. -->","yoast_head_json":{"title":"Hose Modell Jodie - ANCORA Onlineshop","robots":{"index":"index","follow":"follow","max-snippet":"max-snippet:-1","max-image-preview":"max-image-preview:large","max-video-preview":"max-video-preview:-1"},"canonical":"https:\/\/www.ancora-shop.de\/de\/produkt\/hose-modell-jodie\/","og_locale":"de_DE","og_type":"article","og_title":"Hose Modell Jodie - ANCORA Onlineshop","og_description":"PRODUKTBESCHREIBUNG STYLISCHER MINIMALISMUS \u2013 MAXIMALE WIRKUNG! Neu! &#8230;und ganz einfach: Die Bequemlichkeit und der Komfort, den man im Homeoffice hat, soll bleiben und trotzdem will man angezogener und smart wirken! Hose im Jogger- Style in elastisch weicher Techno-Ware Entscheiden Sie, ob die Hose lieber etwas legerer und weiter ausfallen soll und w\u00e4hlen Sie dann eine [...]","og_url":"https:\/\/www.ancora-shop.de\/de\/produkt\/hose-modell-jodie\/","og_site_name":"ANCORA Onlineshop","article_modified_time":"2026-01-27T11:39:17+00:00","og_image":[{"width":1067,"height":1600,"url":"https:\/\/www.ancora-shop.de\/wp-content\/uploads\/2023\/06\/JODIE-GL-1.jpg","type":"image\/jpeg"}],"twitter_card":"summary_large_image","twitter_misc":{"Gesch\u00e4tzte Lesezeit":"1\u00a0Minute"},"schema":{"@context":"https:\/\/schema.org","@graph":[{"@type":"WebPage","@id":"https:\/\/www.ancora-shop.de\/produkt\/hose-modell-jodie\/","url":"https:\/\/www.ancora-shop.de\/produkt\/hose-modell-jodie\/","name":"Hose Modell Jodie - ANCORA Onlineshop","isPartOf":{"@id":"https:\/\/www.ancora-shop.de\/#website"},"primaryImageOfPage":{"@id":"https:\/\/www.ancora-shop.de\/produkt\/hose-modell-jodie\/#primaryimage"},"image":{"@id":"https:\/\/www.ancora-shop.de\/produkt\/hose-modell-jodie\/#primaryimage"},"thumbnailUrl":"https:\/\/www.ancora-shop.de\/wp-content\/uploads\/2023\/06\/JODIE-GL-1.jpg","datePublished":"2023-06-22T10:15:45+00:00","dateModified":"2026-01-27T11:39:17+00:00","breadcrumb":{"@id":"https:\/\/www.ancora-shop.de\/produkt\/hose-modell-jodie\/#breadcrumb"},"inLanguage":"de","potentialAction":[{"@type":"ReadAction","target":["https:\/\/www.ancora-shop.de\/produkt\/hose-modell-jodie\/"]}]},{"@type":"ImageObject","inLanguage":"de","@id":"https:\/\/www.ancora-shop.de\/produkt\/hose-modell-jodie\/#primaryimage","url":"https:\/\/www.ancora-shop.de\/wp-content\/uploads\/2023\/06\/JODIE-GL-1.jpg","contentUrl":"https:\/\/www.ancora-shop.de\/wp-content\/uploads\/2023\/06\/JODIE-GL-1.jpg","width":1067,"height":1600},{"@type":"BreadcrumbList","@id":"https:\/\/www.ancora-shop.de\/produkt\/hose-modell-jodie\/#breadcrumb","itemListElement":[{"@type":"ListItem","position":1,"name":"Startseite","item":"https:\/\/www.ancora-shop.de\/"},{"@type":"ListItem","position":2,"name":"Shop","item":"https:\/\/www.ancora-shop.de\/shop\/"},{"@type":"ListItem","position":3,"name":"Hose Modell Jodie"}]},{"@type":"WebSite","@id":"https:\/\/www.ancora-shop.de\/#website","url":"https:\/\/www.ancora-shop.de\/","name":"ANCORA Onlineshop","description":"","potentialAction":[{"@type":"SearchAction","target":{"@type":"EntryPoint","urlTemplate":"https:\/\/www.ancora-shop.de\/?s={search_term_string}"},"query-input":{"@type":"PropertyValueSpecification","valueRequired":true,"valueName":"search_term_string"}}],"inLanguage":"de"}]}},"_links":{"self":[{"href":"https:\/\/www.ancora-shop.de\/de\/wp-json\/wp\/v2\/product\/55303","targetHints":{"allow":["GET"]}}],"collection":[{"href":"https:\/\/www.ancora-shop.de\/de\/wp-json\/wp\/v2\/product"}],"about":[{"href":"https:\/\/www.ancora-shop.de\/de\/wp-json\/wp\/v2\/types\/product"}],"wp:featuredmedia":[{"embeddable":true,"href":"https:\/\/www.ancora-shop.de\/de\/wp-json\/wp\/v2\/media\/58016"}],"wp:attachment":[{"href":"https:\/\/www.ancora-shop.de\/de\/wp-json\/wp\/v2\/media?parent=55303"}],"wp:term":[{"taxonomy":"product_brand","embeddable":true,"href":"https:\/\/www.ancora-shop.de\/de\/wp-json\/wp\/v2\/product_brand?post=55303"},{"taxonomy":"product_cat","embeddable":true,"href":"https:\/\/www.ancora-shop.de\/de\/wp-json\/wp\/v2\/product_cat?post=55303"},{"taxonomy":"product_tag","embeddable":true,"href":"https:\/\/www.ancora-shop.de\/de\/wp-json\/wp\/v2\/product_tag?post=55303"}],"curies":[{"name":"wp","href":"https:\/\/api.w.org\/{rel}","templated":true}]}}