{"id":55008,"date":"2023-06-20T14:21:37","date_gmt":"2023-06-20T12:21:37","guid":{"rendered":"https:\/\/www.ancora-shop.de\/?post_type=product&#038;p=55008"},"modified":"2026-02-17T13:46:17","modified_gmt":"2026-02-17T12:46:17","slug":"hose-modell-chrissy-3","status":"publish","type":"product","link":"https:\/\/www.ancora-shop.de\/de\/produkt\/hose-modell-chrissy-3\/","title":{"rendered":"Hose Modell Chrissy"},"content":{"rendered":"<h2><strong>PRODUKTBESCHREIBUNG<\/strong><\/h2>\n<ul>\n<li>Hose im lockerem Jogg-Style<\/li>\n<li>Hochwertige Bi-Stretch-Techno-Ware<\/li>\n<li>Elastisch drei-geteilter Bund mit integriertem Tunnelzugband<\/li>\n<li>Kleine Metall-Abschl\u00fcssen am Ende des Zugbandes<\/li>\n<li>Vorne seitlich 35 cm lange Metall-Reisverschl\u00fcsse<\/li>\n<li>Zus\u00e4tzlich integrierte Eingriff-Taschen<\/li>\n<li>Metall-Label-Emblem vorne \u00fcber dem linken Rei\u00dfverschluss<\/li>\n<li>Nach unten schmalere Schnittf\u00fchrung der Hosenbeine<\/li>\n<li>Komfortables, in beide Richtungen dehnbares Gewebe mit glatter Oberfl\u00e4che<\/li>\n<li>Au\u00dfergew\u00f6hnliche Formbest\u00e4ndigkeit<\/li>\n<li>Softer Tragekomfort &#8211; bequem und schick zugleich<\/li>\n<li>Made in Italy<\/li>\n<\/ul>\n<p>&nbsp;<\/p>\n<p>Die Taschen findet Ihr im Shop unseres Kooperationspartners:\u00a0<a href=\"https:\/\/www.bolindersthlm.com\/\">https:\/\/www.bolindersthlm.com<\/a><\/p>\n<p>Der Schmuck ist erh\u00e4ltlich bei unserem Kooperationspartner:\u00a0<a href=\"https:\/\/www.konplott.com\/stores\/KOELN4\">https:\/\/www.konplott.com\/stores\/KOELN4<\/a><\/p>\n<p>&nbsp;<\/p>\n<p>&nbsp;<\/p>\n<p>&nbsp;<\/p>\n<p>&nbsp;<\/p>","protected":false},"excerpt":{"rendered":"<p>PRODUKTBESCHREIBUNG Hose im lockerem Jogg-Style Hochwertige Bi-Stretch-Techno-Ware Elastisch drei-geteilter Bund mit integriertem Tunnelzugband Kleine Metall-Abschl\u00fcssen am Ende des Zugbandes Vorne seitlich 35 cm lange Metall-Reisverschl\u00fcsse Zus\u00e4tzlich integrierte Eingriff-Taschen Metall-Label-Emblem vorne \u00fcber dem linken Rei\u00dfverschluss Nach unten schmalere Schnittf\u00fchrung der Hosenbeine Komfortables, in beide Richtungen dehnbares Gewebe mit glatter Oberfl\u00e4che Au\u00dfergew\u00f6hnliche Formbest\u00e4ndigkeit Softer Tragekomfort &#8211; bequem [&#8230;]\n","protected":false},"featured_media":57858,"template":"","meta":[],"product_brand":[],"product_cat":[87],"product_tag":[],"class_list":{"0":"post-55008","1":"product","2":"type-product","3":"status-publish","4":"has-post-thumbnail","6":"product_cat-sale-h-w","8":"first","9":"instock","10":"sale","11":"taxable","12":"shipping-taxable","13":"purchasable","14":"product-type-variable"},"supplier_id":null,"supplier_sku":"","barcode":null,"atum_controlled":true,"out_stock_date":null,"out_stock_threshold":null,"inheritable":true,"inbound_stock":0,"stock_on_hold":7,"sold_today":1,"sales_last_days":6,"reserved_stock":0,"customer_returns":0,"warehouse_damage":0,"lost_in_post":0,"other_logs":0,"out_stock_days":0,"lost_sales":0,"has_location":false,"update_date":"2026-02-17T12:46:18","atum_locations":[],"atum_stock_status":"instock","restock_status":false,"low_stock_amount":"","sales_update_date":"2025-12-08T10:09:40","calc_backorders":null,"yoast_head":"<!-- This site is optimized with the Yoast SEO plugin v27.6 - https:\/\/yoast.com\/product\/yoast-seo-wordpress\/ -->\n<title>Hose Modell Chrissy - ANCORA Onlineshop<\/title>\n<meta name=\"robots\" content=\"index, follow, max-snippet:-1, max-image-preview:large, max-video-preview:-1\" \/>\n<link rel=\"canonical\" href=\"https:\/\/www.ancora-shop.de\/de\/produkt\/hose-modell-chrissy-3\/\" \/>\n<meta property=\"og:locale\" content=\"de_DE\" \/>\n<meta property=\"og:type\" content=\"article\" \/>\n<meta property=\"og:title\" content=\"Hose Modell Chrissy - ANCORA Onlineshop\" \/>\n<meta property=\"og:description\" content=\"PRODUKTBESCHREIBUNG Hose im lockerem Jogg-Style Hochwertige Bi-Stretch-Techno-Ware Elastisch drei-geteilter Bund mit integriertem Tunnelzugband Kleine Metall-Abschl\u00fcssen am Ende des Zugbandes Vorne seitlich 35 cm lange Metall-Reisverschl\u00fcsse Zus\u00e4tzlich integrierte Eingriff-Taschen Metall-Label-Emblem vorne \u00fcber dem linken Rei\u00dfverschluss Nach unten schmalere Schnittf\u00fchrung der Hosenbeine Komfortables, in beide Richtungen dehnbares Gewebe mit glatter Oberfl\u00e4che Au\u00dfergew\u00f6hnliche Formbest\u00e4ndigkeit Softer Tragekomfort &#8211; bequem [...]\" \/>\n<meta property=\"og:url\" content=\"https:\/\/www.ancora-shop.de\/de\/produkt\/hose-modell-chrissy-3\/\" \/>\n<meta property=\"og:site_name\" content=\"ANCORA Onlineshop\" \/>\n<meta property=\"article:modified_time\" content=\"2026-02-17T12:46:17+00:00\" \/>\n<meta property=\"og:image\" content=\"https:\/\/www.ancora-shop.de\/wp-content\/uploads\/2023\/06\/CHRISSY-GL-2.jpg\" \/>\n\t<meta property=\"og:image:width\" content=\"1067\" \/>\n\t<meta property=\"og:image:height\" content=\"1600\" \/>\n\t<meta property=\"og:image:type\" content=\"image\/jpeg\" \/>\n<meta name=\"twitter:card\" content=\"summary_large_image\" \/>\n<meta name=\"twitter:label1\" content=\"Gesch\u00e4tzte Lesezeit\" \/>\n\t<meta name=\"twitter:data1\" content=\"1\u00a0Minute\" \/>\n<script type=\"application\/ld+json\" class=\"yoast-schema-graph\">{\"@context\":\"https:\\\/\\\/schema.org\",\"@graph\":[{\"@type\":\"WebPage\",\"@id\":\"https:\\\/\\\/www.ancora-shop.de\\\/produkt\\\/hose-modell-chrissy-3\\\/\",\"url\":\"https:\\\/\\\/www.ancora-shop.de\\\/produkt\\\/hose-modell-chrissy-3\\\/\",\"name\":\"Hose Modell Chrissy - ANCORA Onlineshop\",\"isPartOf\":{\"@id\":\"https:\\\/\\\/www.ancora-shop.de\\\/#website\"},\"primaryImageOfPage\":{\"@id\":\"https:\\\/\\\/www.ancora-shop.de\\\/produkt\\\/hose-modell-chrissy-3\\\/#primaryimage\"},\"image\":{\"@id\":\"https:\\\/\\\/www.ancora-shop.de\\\/produkt\\\/hose-modell-chrissy-3\\\/#primaryimage\"},\"thumbnailUrl\":\"https:\\\/\\\/www.ancora-shop.de\\\/wp-content\\\/uploads\\\/2023\\\/06\\\/CHRISSY-GL-2.jpg\",\"datePublished\":\"2023-06-20T12:21:37+00:00\",\"dateModified\":\"2026-02-17T12:46:17+00:00\",\"breadcrumb\":{\"@id\":\"https:\\\/\\\/www.ancora-shop.de\\\/produkt\\\/hose-modell-chrissy-3\\\/#breadcrumb\"},\"inLanguage\":\"de\",\"potentialAction\":[{\"@type\":\"ReadAction\",\"target\":[\"https:\\\/\\\/www.ancora-shop.de\\\/produkt\\\/hose-modell-chrissy-3\\\/\"]}]},{\"@type\":\"ImageObject\",\"inLanguage\":\"de\",\"@id\":\"https:\\\/\\\/www.ancora-shop.de\\\/produkt\\\/hose-modell-chrissy-3\\\/#primaryimage\",\"url\":\"https:\\\/\\\/www.ancora-shop.de\\\/wp-content\\\/uploads\\\/2023\\\/06\\\/CHRISSY-GL-2.jpg\",\"contentUrl\":\"https:\\\/\\\/www.ancora-shop.de\\\/wp-content\\\/uploads\\\/2023\\\/06\\\/CHRISSY-GL-2.jpg\",\"width\":1067,\"height\":1600},{\"@type\":\"BreadcrumbList\",\"@id\":\"https:\\\/\\\/www.ancora-shop.de\\\/produkt\\\/hose-modell-chrissy-3\\\/#breadcrumb\",\"itemListElement\":[{\"@type\":\"ListItem\",\"position\":1,\"name\":\"Startseite\",\"item\":\"https:\\\/\\\/www.ancora-shop.de\\\/\"},{\"@type\":\"ListItem\",\"position\":2,\"name\":\"Shop\",\"item\":\"https:\\\/\\\/www.ancora-shop.de\\\/shop\\\/\"},{\"@type\":\"ListItem\",\"position\":3,\"name\":\"Hose Modell Chrissy\"}]},{\"@type\":\"WebSite\",\"@id\":\"https:\\\/\\\/www.ancora-shop.de\\\/#website\",\"url\":\"https:\\\/\\\/www.ancora-shop.de\\\/\",\"name\":\"ANCORA Onlineshop\",\"description\":\"\",\"potentialAction\":[{\"@type\":\"SearchAction\",\"target\":{\"@type\":\"EntryPoint\",\"urlTemplate\":\"https:\\\/\\\/www.ancora-shop.de\\\/?s={search_term_string}\"},\"query-input\":{\"@type\":\"PropertyValueSpecification\",\"valueRequired\":true,\"valueName\":\"search_term_string\"}}],\"inLanguage\":\"de\"}]}<\/script>\n<!-- \/ Yoast SEO plugin. -->","yoast_head_json":{"title":"Hose Modell Chrissy - ANCORA Onlineshop","robots":{"index":"index","follow":"follow","max-snippet":"max-snippet:-1","max-image-preview":"max-image-preview:large","max-video-preview":"max-video-preview:-1"},"canonical":"https:\/\/www.ancora-shop.de\/de\/produkt\/hose-modell-chrissy-3\/","og_locale":"de_DE","og_type":"article","og_title":"Hose Modell Chrissy - ANCORA Onlineshop","og_description":"PRODUKTBESCHREIBUNG Hose im lockerem Jogg-Style Hochwertige Bi-Stretch-Techno-Ware Elastisch drei-geteilter Bund mit integriertem Tunnelzugband Kleine Metall-Abschl\u00fcssen am Ende des Zugbandes Vorne seitlich 35 cm lange Metall-Reisverschl\u00fcsse Zus\u00e4tzlich integrierte Eingriff-Taschen Metall-Label-Emblem vorne \u00fcber dem linken Rei\u00dfverschluss Nach unten schmalere Schnittf\u00fchrung der Hosenbeine Komfortables, in beide Richtungen dehnbares Gewebe mit glatter Oberfl\u00e4che Au\u00dfergew\u00f6hnliche Formbest\u00e4ndigkeit Softer Tragekomfort &#8211; bequem [...]","og_url":"https:\/\/www.ancora-shop.de\/de\/produkt\/hose-modell-chrissy-3\/","og_site_name":"ANCORA Onlineshop","article_modified_time":"2026-02-17T12:46:17+00:00","og_image":[{"width":1067,"height":1600,"url":"https:\/\/www.ancora-shop.de\/wp-content\/uploads\/2023\/06\/CHRISSY-GL-2.jpg","type":"image\/jpeg"}],"twitter_card":"summary_large_image","twitter_misc":{"Gesch\u00e4tzte Lesezeit":"1\u00a0Minute"},"schema":{"@context":"https:\/\/schema.org","@graph":[{"@type":"WebPage","@id":"https:\/\/www.ancora-shop.de\/produkt\/hose-modell-chrissy-3\/","url":"https:\/\/www.ancora-shop.de\/produkt\/hose-modell-chrissy-3\/","name":"Hose Modell Chrissy - ANCORA Onlineshop","isPartOf":{"@id":"https:\/\/www.ancora-shop.de\/#website"},"primaryImageOfPage":{"@id":"https:\/\/www.ancora-shop.de\/produkt\/hose-modell-chrissy-3\/#primaryimage"},"image":{"@id":"https:\/\/www.ancora-shop.de\/produkt\/hose-modell-chrissy-3\/#primaryimage"},"thumbnailUrl":"https:\/\/www.ancora-shop.de\/wp-content\/uploads\/2023\/06\/CHRISSY-GL-2.jpg","datePublished":"2023-06-20T12:21:37+00:00","dateModified":"2026-02-17T12:46:17+00:00","breadcrumb":{"@id":"https:\/\/www.ancora-shop.de\/produkt\/hose-modell-chrissy-3\/#breadcrumb"},"inLanguage":"de","potentialAction":[{"@type":"ReadAction","target":["https:\/\/www.ancora-shop.de\/produkt\/hose-modell-chrissy-3\/"]}]},{"@type":"ImageObject","inLanguage":"de","@id":"https:\/\/www.ancora-shop.de\/produkt\/hose-modell-chrissy-3\/#primaryimage","url":"https:\/\/www.ancora-shop.de\/wp-content\/uploads\/2023\/06\/CHRISSY-GL-2.jpg","contentUrl":"https:\/\/www.ancora-shop.de\/wp-content\/uploads\/2023\/06\/CHRISSY-GL-2.jpg","width":1067,"height":1600},{"@type":"BreadcrumbList","@id":"https:\/\/www.ancora-shop.de\/produkt\/hose-modell-chrissy-3\/#breadcrumb","itemListElement":[{"@type":"ListItem","position":1,"name":"Startseite","item":"https:\/\/www.ancora-shop.de\/"},{"@type":"ListItem","position":2,"name":"Shop","item":"https:\/\/www.ancora-shop.de\/shop\/"},{"@type":"ListItem","position":3,"name":"Hose Modell Chrissy"}]},{"@type":"WebSite","@id":"https:\/\/www.ancora-shop.de\/#website","url":"https:\/\/www.ancora-shop.de\/","name":"ANCORA Onlineshop","description":"","potentialAction":[{"@type":"SearchAction","target":{"@type":"EntryPoint","urlTemplate":"https:\/\/www.ancora-shop.de\/?s={search_term_string}"},"query-input":{"@type":"PropertyValueSpecification","valueRequired":true,"valueName":"search_term_string"}}],"inLanguage":"de"}]}},"_links":{"self":[{"href":"https:\/\/www.ancora-shop.de\/de\/wp-json\/wp\/v2\/product\/55008","targetHints":{"allow":["GET"]}}],"collection":[{"href":"https:\/\/www.ancora-shop.de\/de\/wp-json\/wp\/v2\/product"}],"about":[{"href":"https:\/\/www.ancora-shop.de\/de\/wp-json\/wp\/v2\/types\/product"}],"wp:featuredmedia":[{"embeddable":true,"href":"https:\/\/www.ancora-shop.de\/de\/wp-json\/wp\/v2\/media\/57858"}],"wp:attachment":[{"href":"https:\/\/www.ancora-shop.de\/de\/wp-json\/wp\/v2\/media?parent=55008"}],"wp:term":[{"taxonomy":"product_brand","embeddable":true,"href":"https:\/\/www.ancora-shop.de\/de\/wp-json\/wp\/v2\/product_brand?post=55008"},{"taxonomy":"product_cat","embeddable":true,"href":"https:\/\/www.ancora-shop.de\/de\/wp-json\/wp\/v2\/product_cat?post=55008"},{"taxonomy":"product_tag","embeddable":true,"href":"https:\/\/www.ancora-shop.de\/de\/wp-json\/wp\/v2\/product_tag?post=55008"}],"curies":[{"name":"wp","href":"https:\/\/api.w.org\/{rel}","templated":true}]}}