{"id":52618,"date":"2023-04-19T12:53:22","date_gmt":"2023-04-19T10:53:22","guid":{"rendered":"https:\/\/www.ancora-shop.de\/?post_type=product&#038;p=52618"},"modified":"2026-04-06T19:36:27","modified_gmt":"2026-04-06T17:36:27","slug":"bluse-modell-claire","status":"publish","type":"product","link":"https:\/\/www.ancora-shop.de\/de\/produkt\/bluse-modell-claire\/","title":{"rendered":"Bluse Modell Claire"},"content":{"rendered":"<h2><strong>PRODUKTBESCHREIBUNG<\/strong><\/h2>\n<ul>\n<li>Kastig im Over-Style geschnittene Bluse<\/li>\n<li>Eingefasst halsferner V-Ausschnitt<\/li>\n<li>Das \u00fcber Kreuz gearbeitete B\u00e4ndchen bietet variables Spiel<\/li>\n<li>Unterhalb der Passe vorne und hinten leicht geraffte N\u00e4hte<\/li>\n<li>Hinten ebenfalls weiter V-Ausschnitt<\/li>\n<li>In F\u00e4ltchen gelegt und gedoppelter \u00c4rmel<\/li>\n<li>Angenehm weich fallende Baumwollqualit\u00e4t<\/li>\n<li>Made in Italy<\/li>\n<\/ul>\n<p>&nbsp;<\/p>\n<p>&nbsp;<\/p>\n<p>&nbsp;<\/p>\n<p>&nbsp;<\/p>","protected":false},"excerpt":{"rendered":"<p>PRODUKTBESCHREIBUNG Kastig im Over-Style geschnittene Bluse Eingefasst halsferner V-Ausschnitt Das \u00fcber Kreuz gearbeitete B\u00e4ndchen bietet variables Spiel Unterhalb der Passe vorne und hinten leicht geraffte N\u00e4hte Hinten ebenfalls weiter V-Ausschnitt In F\u00e4ltchen gelegt und gedoppelter \u00c4rmel Angenehm weich fallende Baumwollqualit\u00e4t Made in Italy &nbsp; &nbsp; &nbsp; &nbsp;<\/p>","protected":false},"featured_media":53617,"template":"","meta":[],"product_brand":[],"product_cat":[253],"product_tag":[],"class_list":{"0":"post-52618","1":"product","2":"type-product","3":"status-publish","4":"has-post-thumbnail","6":"product_cat-sale-f-s","8":"first","9":"instock","10":"sale","11":"taxable","12":"shipping-taxable","13":"purchasable","14":"product-type-variable"},"supplier_id":null,"supplier_sku":"","barcode":null,"atum_controlled":true,"out_stock_date":null,"out_stock_threshold":null,"inheritable":true,"inbound_stock":0,"stock_on_hold":1,"sold_today":0,"sales_last_days":0,"reserved_stock":0,"customer_returns":0,"warehouse_damage":0,"lost_in_post":0,"other_logs":0,"out_stock_days":null,"lost_sales":0,"has_location":false,"update_date":"2026-04-06T17:36:31","atum_locations":[],"atum_stock_status":"instock","restock_status":false,"low_stock_amount":"","sales_update_date":"2024-01-11T09:48:58","calc_backorders":null,"yoast_head":"<!-- This site is optimized with the Yoast SEO plugin v27.6 - https:\/\/yoast.com\/product\/yoast-seo-wordpress\/ -->\n<title>Bluse Modell Claire - ANCORA Onlineshop<\/title>\n<meta name=\"robots\" content=\"index, follow, max-snippet:-1, max-image-preview:large, max-video-preview:-1\" \/>\n<link rel=\"canonical\" href=\"https:\/\/www.ancora-shop.de\/de\/produkt\/bluse-modell-claire\/\" \/>\n<meta property=\"og:locale\" content=\"de_DE\" \/>\n<meta property=\"og:type\" content=\"article\" \/>\n<meta property=\"og:title\" content=\"Bluse Modell Claire - ANCORA Onlineshop\" \/>\n<meta property=\"og:description\" content=\"PRODUKTBESCHREIBUNG Kastig im Over-Style geschnittene Bluse Eingefasst halsferner V-Ausschnitt Das \u00fcber Kreuz gearbeitete B\u00e4ndchen bietet variables Spiel Unterhalb der Passe vorne und hinten leicht geraffte N\u00e4hte Hinten ebenfalls weiter V-Ausschnitt In F\u00e4ltchen gelegt und gedoppelter \u00c4rmel Angenehm weich fallende Baumwollqualit\u00e4t Made in Italy &nbsp; &nbsp; &nbsp; &nbsp;\" \/>\n<meta property=\"og:url\" content=\"https:\/\/www.ancora-shop.de\/de\/produkt\/bluse-modell-claire\/\" \/>\n<meta property=\"og:site_name\" content=\"ANCORA Onlineshop\" \/>\n<meta property=\"article:modified_time\" content=\"2026-04-06T17:36:27+00:00\" \/>\n<meta property=\"og:image\" content=\"https:\/\/www.ancora-shop.de\/wp-content\/uploads\/2023\/04\/CLAIRE-CI-1-1.jpg\" \/>\n\t<meta property=\"og:image:width\" content=\"1067\" \/>\n\t<meta property=\"og:image:height\" content=\"1600\" \/>\n\t<meta property=\"og:image:type\" content=\"image\/jpeg\" \/>\n<meta name=\"twitter:card\" content=\"summary_large_image\" \/>\n<meta name=\"twitter:label1\" content=\"Gesch\u00e4tzte Lesezeit\" \/>\n\t<meta name=\"twitter:data1\" content=\"1\u00a0Minute\" \/>\n<script type=\"application\/ld+json\" class=\"yoast-schema-graph\">{\"@context\":\"https:\\\/\\\/schema.org\",\"@graph\":[{\"@type\":\"WebPage\",\"@id\":\"https:\\\/\\\/www.ancora-shop.de\\\/produkt\\\/bluse-modell-claire\\\/\",\"url\":\"https:\\\/\\\/www.ancora-shop.de\\\/produkt\\\/bluse-modell-claire\\\/\",\"name\":\"Bluse Modell Claire - ANCORA Onlineshop\",\"isPartOf\":{\"@id\":\"https:\\\/\\\/www.ancora-shop.de\\\/#website\"},\"primaryImageOfPage\":{\"@id\":\"https:\\\/\\\/www.ancora-shop.de\\\/produkt\\\/bluse-modell-claire\\\/#primaryimage\"},\"image\":{\"@id\":\"https:\\\/\\\/www.ancora-shop.de\\\/produkt\\\/bluse-modell-claire\\\/#primaryimage\"},\"thumbnailUrl\":\"https:\\\/\\\/www.ancora-shop.de\\\/wp-content\\\/uploads\\\/2023\\\/04\\\/CLAIRE-CI-1-1.jpg\",\"datePublished\":\"2023-04-19T10:53:22+00:00\",\"dateModified\":\"2026-04-06T17:36:27+00:00\",\"breadcrumb\":{\"@id\":\"https:\\\/\\\/www.ancora-shop.de\\\/produkt\\\/bluse-modell-claire\\\/#breadcrumb\"},\"inLanguage\":\"de\",\"potentialAction\":[{\"@type\":\"ReadAction\",\"target\":[\"https:\\\/\\\/www.ancora-shop.de\\\/produkt\\\/bluse-modell-claire\\\/\"]}]},{\"@type\":\"ImageObject\",\"inLanguage\":\"de\",\"@id\":\"https:\\\/\\\/www.ancora-shop.de\\\/produkt\\\/bluse-modell-claire\\\/#primaryimage\",\"url\":\"https:\\\/\\\/www.ancora-shop.de\\\/wp-content\\\/uploads\\\/2023\\\/04\\\/CLAIRE-CI-1-1.jpg\",\"contentUrl\":\"https:\\\/\\\/www.ancora-shop.de\\\/wp-content\\\/uploads\\\/2023\\\/04\\\/CLAIRE-CI-1-1.jpg\",\"width\":1067,\"height\":1600},{\"@type\":\"BreadcrumbList\",\"@id\":\"https:\\\/\\\/www.ancora-shop.de\\\/produkt\\\/bluse-modell-claire\\\/#breadcrumb\",\"itemListElement\":[{\"@type\":\"ListItem\",\"position\":1,\"name\":\"Startseite\",\"item\":\"https:\\\/\\\/www.ancora-shop.de\\\/\"},{\"@type\":\"ListItem\",\"position\":2,\"name\":\"Shop\",\"item\":\"https:\\\/\\\/www.ancora-shop.de\\\/shop\\\/\"},{\"@type\":\"ListItem\",\"position\":3,\"name\":\"Bluse Modell Claire\"}]},{\"@type\":\"WebSite\",\"@id\":\"https:\\\/\\\/www.ancora-shop.de\\\/#website\",\"url\":\"https:\\\/\\\/www.ancora-shop.de\\\/\",\"name\":\"ANCORA Onlineshop\",\"description\":\"\",\"potentialAction\":[{\"@type\":\"SearchAction\",\"target\":{\"@type\":\"EntryPoint\",\"urlTemplate\":\"https:\\\/\\\/www.ancora-shop.de\\\/?s={search_term_string}\"},\"query-input\":{\"@type\":\"PropertyValueSpecification\",\"valueRequired\":true,\"valueName\":\"search_term_string\"}}],\"inLanguage\":\"de\"}]}<\/script>\n<!-- \/ Yoast SEO plugin. -->","yoast_head_json":{"title":"Bluse Modell Claire - ANCORA Onlineshop","robots":{"index":"index","follow":"follow","max-snippet":"max-snippet:-1","max-image-preview":"max-image-preview:large","max-video-preview":"max-video-preview:-1"},"canonical":"https:\/\/www.ancora-shop.de\/de\/produkt\/bluse-modell-claire\/","og_locale":"de_DE","og_type":"article","og_title":"Bluse Modell Claire - ANCORA Onlineshop","og_description":"PRODUKTBESCHREIBUNG Kastig im Over-Style geschnittene Bluse Eingefasst halsferner V-Ausschnitt Das \u00fcber Kreuz gearbeitete B\u00e4ndchen bietet variables Spiel Unterhalb der Passe vorne und hinten leicht geraffte N\u00e4hte Hinten ebenfalls weiter V-Ausschnitt In F\u00e4ltchen gelegt und gedoppelter \u00c4rmel Angenehm weich fallende Baumwollqualit\u00e4t Made in Italy &nbsp; &nbsp; &nbsp; &nbsp;","og_url":"https:\/\/www.ancora-shop.de\/de\/produkt\/bluse-modell-claire\/","og_site_name":"ANCORA Onlineshop","article_modified_time":"2026-04-06T17:36:27+00:00","og_image":[{"width":1067,"height":1600,"url":"https:\/\/www.ancora-shop.de\/wp-content\/uploads\/2023\/04\/CLAIRE-CI-1-1.jpg","type":"image\/jpeg"}],"twitter_card":"summary_large_image","twitter_misc":{"Gesch\u00e4tzte Lesezeit":"1\u00a0Minute"},"schema":{"@context":"https:\/\/schema.org","@graph":[{"@type":"WebPage","@id":"https:\/\/www.ancora-shop.de\/produkt\/bluse-modell-claire\/","url":"https:\/\/www.ancora-shop.de\/produkt\/bluse-modell-claire\/","name":"Bluse Modell Claire - ANCORA Onlineshop","isPartOf":{"@id":"https:\/\/www.ancora-shop.de\/#website"},"primaryImageOfPage":{"@id":"https:\/\/www.ancora-shop.de\/produkt\/bluse-modell-claire\/#primaryimage"},"image":{"@id":"https:\/\/www.ancora-shop.de\/produkt\/bluse-modell-claire\/#primaryimage"},"thumbnailUrl":"https:\/\/www.ancora-shop.de\/wp-content\/uploads\/2023\/04\/CLAIRE-CI-1-1.jpg","datePublished":"2023-04-19T10:53:22+00:00","dateModified":"2026-04-06T17:36:27+00:00","breadcrumb":{"@id":"https:\/\/www.ancora-shop.de\/produkt\/bluse-modell-claire\/#breadcrumb"},"inLanguage":"de","potentialAction":[{"@type":"ReadAction","target":["https:\/\/www.ancora-shop.de\/produkt\/bluse-modell-claire\/"]}]},{"@type":"ImageObject","inLanguage":"de","@id":"https:\/\/www.ancora-shop.de\/produkt\/bluse-modell-claire\/#primaryimage","url":"https:\/\/www.ancora-shop.de\/wp-content\/uploads\/2023\/04\/CLAIRE-CI-1-1.jpg","contentUrl":"https:\/\/www.ancora-shop.de\/wp-content\/uploads\/2023\/04\/CLAIRE-CI-1-1.jpg","width":1067,"height":1600},{"@type":"BreadcrumbList","@id":"https:\/\/www.ancora-shop.de\/produkt\/bluse-modell-claire\/#breadcrumb","itemListElement":[{"@type":"ListItem","position":1,"name":"Startseite","item":"https:\/\/www.ancora-shop.de\/"},{"@type":"ListItem","position":2,"name":"Shop","item":"https:\/\/www.ancora-shop.de\/shop\/"},{"@type":"ListItem","position":3,"name":"Bluse Modell Claire"}]},{"@type":"WebSite","@id":"https:\/\/www.ancora-shop.de\/#website","url":"https:\/\/www.ancora-shop.de\/","name":"ANCORA Onlineshop","description":"","potentialAction":[{"@type":"SearchAction","target":{"@type":"EntryPoint","urlTemplate":"https:\/\/www.ancora-shop.de\/?s={search_term_string}"},"query-input":{"@type":"PropertyValueSpecification","valueRequired":true,"valueName":"search_term_string"}}],"inLanguage":"de"}]}},"_links":{"self":[{"href":"https:\/\/www.ancora-shop.de\/de\/wp-json\/wp\/v2\/product\/52618","targetHints":{"allow":["GET"]}}],"collection":[{"href":"https:\/\/www.ancora-shop.de\/de\/wp-json\/wp\/v2\/product"}],"about":[{"href":"https:\/\/www.ancora-shop.de\/de\/wp-json\/wp\/v2\/types\/product"}],"wp:featuredmedia":[{"embeddable":true,"href":"https:\/\/www.ancora-shop.de\/de\/wp-json\/wp\/v2\/media\/53617"}],"wp:attachment":[{"href":"https:\/\/www.ancora-shop.de\/de\/wp-json\/wp\/v2\/media?parent=52618"}],"wp:term":[{"taxonomy":"product_brand","embeddable":true,"href":"https:\/\/www.ancora-shop.de\/de\/wp-json\/wp\/v2\/product_brand?post=52618"},{"taxonomy":"product_cat","embeddable":true,"href":"https:\/\/www.ancora-shop.de\/de\/wp-json\/wp\/v2\/product_cat?post=52618"},{"taxonomy":"product_tag","embeddable":true,"href":"https:\/\/www.ancora-shop.de\/de\/wp-json\/wp\/v2\/product_tag?post=52618"}],"curies":[{"name":"wp","href":"https:\/\/api.w.org\/{rel}","templated":true}]}}